{"id":23334,"date":"2022-02-04T12:33:12","date_gmt":"2022-02-04T10:36:15","guid":{"rendered":"https:\/\/petitekingdom.com\/shop\/uncategorized\/roza-mazo-meitenu-legingi-ar-stripam\/"},"modified":"2022-02-04T12:37:19","modified_gmt":"2022-02-04T10:37:19","slug":"roza-mazo-meitenu-legingi-ar-stripam","status":"publish","type":"product","link":"https:\/\/petitekingdom.com\/lv\/veikals\/roza-mazo-meitenu-legingi-ar-stripam\/","title":{"rendered":"Roz\u0101 mazo meite\u0146u legingi ar str\u012bp\u0101m"},"content":{"rendered":"","protected":false},"excerpt":{"rendered":"<p>Sv\u012btras ienes\u012bs pozit\u012bvu noska\u0146u jebkur\u0101 dien\u0101. \u0160ie Steiff legingi ir lieliski piem\u0113roti ikdienai. Tie ir izgatavoti no m\u012bksta elast\u012bga auduma, lai nodro\u0161in\u0101tu izcilu komfortu. Ide\u0101li piem\u0113rota, m\u012bksta, elast\u012bga jostasvieta un elast\u012bg\u0101s apak\u0161malas \u013cauj akt\u012bv\u0101jiem mazu\u013ciem sp\u0113l\u0113ties un r\u0101pties apk\u0101rt, nej\u016btoties ierobe\u017eotiem. Klasisk\u0101s sv\u012btras var kombin\u0113t ar sv\u0101rkiem vai kleit\u0101m. Iz\u0161\u016btais Steiff l\u0101c\u012b\u0161a mot\u012bvs uzraudz\u012bs j\u016bsu mazo. Lai dz\u012bvespriec\u012bga nes\u0101\u0161ana!<\/p>\n<ul>\n<li>Mazg\u0101t ve\u013casma\u0161\u012bn\u0101 40*C<\/li>\n<li>Elast\u012bga gumija jostastviet\u0101<\/li>\n<li>95% Kokvilna 5% Likra<\/li>\n<\/ul>\n","protected":false},"featured_media":23329,"template":"","meta":{"_acf_changed":false},"product_cat":[1180,1663,1665,1208,1185,1241,1655],"product_tag":[],"product-material":[],"product-type":[],"designers":[1624],"class_list":{"0":"post-23334","1":"product","2":"type-product","3":"status-publish","4":"has-post-thumbnail","6":"product_cat-zidainu-apgerbs","7":"product_cat-jaundzimuso-drebites","8":"product_cat-zidainu-drebes","9":"product_cat-zidaina-purins","10":"product_cat-bikses-zidainiem","11":"product_cat-zidainu-legingi","12":"product_cat-jaunumi","13":"designers-steiff-lv","15":"first","16":"instock","17":"sale","18":"taxable","19":"shipping-taxable","20":"purchasable","21":"product-type-variable"},"acf":[],"yoast_head":"<!-- This site is optimized with the Yoast SEO Premium plugin v23.7 (Yoast SEO v23.7) - https:\/\/yoast.com\/wordpress\/plugins\/seo\/ -->\n<title>Roz\u0101 mazo meite\u0146u legingi ar str\u012bp\u0101m &#8226; Petite Kingdom<\/title>\n<meta name=\"description\" content=\"Sv\u012btras ienes\u012bs pozit\u012bvu noska\u0146u jebkur\u0101 dien\u0101. \u0160ie Steiff legingi ir lieliski piem\u0113roti ikdienai. Ra\u017eoti no m\u012bksta elast\u012bga auduma.\" \/>\n<meta name=\"robots\" content=\"index, follow, max-snippet:-1, max-image-preview:large, max-video-preview:-1\" \/>\n<link rel=\"canonical\" href=\"https:\/\/petitekingdom.com\/lv\/veikals\/roza-mazo-meitenu-legingi-ar-stripam\/\" \/>\n<meta property=\"og:locale\" content=\"lv_LV\" \/>\n<meta property=\"og:type\" content=\"article\" \/>\n<meta property=\"og:title\" content=\"Roz\u0101 mazo meite\u0146u legingi ar str\u012bp\u0101m\" \/>\n<meta property=\"og:description\" content=\"Sv\u012btras ienes\u012bs pozit\u012bvu noska\u0146u jebkur\u0101 dien\u0101. \u0160ie Steiff legingi ir lieliski piem\u0113roti ikdienai. Tie ir izgatavoti no m\u012bksta elast\u012bga auduma, lai nodro\u0161in\u0101tu izcilu komfortu. Ide\u0101li piem\u0113rota, m\u012bksta, elast\u012bga jostasvieta un elast\u012bg\u0101s apak\u0161malas \u013cauj akt\u012bv\u0101jiem mazu\u013ciem sp\u0113l\u0113ties un r\u0101pties apk\u0101rt, nej\u016btoties ierobe\u017eotiem. Klasisk\u0101s sv\u012btras var kombin\u0113t ar sv\u0101rkiem vai kleit\u0101m. Iz\u0161\u016btais Steiff l\u0101c\u012b\u0161a mot\u012bvs uzraudz\u012bs j\u016bsu mazo. Lai dz\u012bvespriec\u012bga nes\u0101\u0161ana!   Mazg\u0101t ve\u013casma\u0161\u012bn\u0101 40*C  Elast\u012bga gumija jostastviet\u0101  95% Kokvilna 5% Likra\" \/>\n<meta property=\"og:url\" content=\"https:\/\/petitekingdom.com\/lv\/veikals\/roza-mazo-meitenu-legingi-ar-stripam\/\" \/>\n<meta property=\"og:site_name\" content=\"Petite Kingdom\" \/>\n<meta property=\"article:publisher\" content=\"https:\/\/www.facebook.com\/Petite-Kingdom-114272640862559\" \/>\n<meta property=\"article:modified_time\" content=\"2022-02-04T10:37:19+00:00\" \/>\n<meta property=\"og:image\" content=\"https:\/\/petitekingdom.com\/wp-content\/uploads\/2022\/02\/pink-girls-leggings-with-stripes-steiff.jpg\" \/>\n\t<meta property=\"og:image:width\" content=\"1920\" \/>\n\t<meta property=\"og:image:height\" content=\"1920\" \/>\n\t<meta property=\"og:image:type\" content=\"image\/jpeg\" \/>\n<meta name=\"twitter:card\" content=\"summary_large_image\" \/>\n<script type=\"application\/ld+json\" class=\"yoast-schema-graph\">{\"@context\":\"https:\/\/schema.org\",\"@graph\":[{\"@type\":\"WebPage\",\"@id\":\"https:\/\/petitekingdom.com\/lv\/veikals\/roza-mazo-meitenu-legingi-ar-stripam\/\",\"url\":\"https:\/\/petitekingdom.com\/lv\/veikals\/roza-mazo-meitenu-legingi-ar-stripam\/\",\"name\":\"Roz\u0101 mazo meite\u0146u legingi ar str\u012bp\u0101m &#8226; Petite Kingdom\",\"isPartOf\":{\"@id\":\"https:\/\/petitekingdom.com\/#website\"},\"primaryImageOfPage\":{\"@id\":\"https:\/\/petitekingdom.com\/lv\/veikals\/roza-mazo-meitenu-legingi-ar-stripam\/#primaryimage\"},\"image\":{\"@id\":\"https:\/\/petitekingdom.com\/lv\/veikals\/roza-mazo-meitenu-legingi-ar-stripam\/#primaryimage\"},\"thumbnailUrl\":\"https:\/\/petitekingdom.com\/wp-content\/uploads\/2022\/02\/pink-girls-leggings-with-stripes-steiff.jpg\",\"datePublished\":\"2022-02-04T10:36:15+00:00\",\"dateModified\":\"2022-02-04T10:37:19+00:00\",\"description\":\"Sv\u012btras ienes\u012bs pozit\u012bvu noska\u0146u jebkur\u0101 dien\u0101. \u0160ie Steiff legingi ir lieliski piem\u0113roti ikdienai. Ra\u017eoti no m\u012bksta elast\u012bga auduma.\",\"breadcrumb\":{\"@id\":\"https:\/\/petitekingdom.com\/lv\/veikals\/roza-mazo-meitenu-legingi-ar-stripam\/#breadcrumb\"},\"inLanguage\":\"lv-LV\",\"potentialAction\":[{\"@type\":\"ReadAction\",\"target\":[\"https:\/\/petitekingdom.com\/lv\/veikals\/roza-mazo-meitenu-legingi-ar-stripam\/\"]}]},{\"@type\":\"ImageObject\",\"inLanguage\":\"lv-LV\",\"@id\":\"https:\/\/petitekingdom.com\/lv\/veikals\/roza-mazo-meitenu-legingi-ar-stripam\/#primaryimage\",\"url\":\"https:\/\/petitekingdom.com\/wp-content\/uploads\/2022\/02\/pink-girls-leggings-with-stripes-steiff.jpg\",\"contentUrl\":\"https:\/\/petitekingdom.com\/wp-content\/uploads\/2022\/02\/pink-girls-leggings-with-stripes-steiff.jpg\",\"width\":1920,\"height\":1920,\"caption\":\"Roz\u0101 mazo meite\u0146u legingi ar str\u012bp\u0101m - Steiff\"},{\"@type\":\"BreadcrumbList\",\"@id\":\"https:\/\/petitekingdom.com\/lv\/veikals\/roza-mazo-meitenu-legingi-ar-stripam\/#breadcrumb\",\"itemListElement\":[{\"@type\":\"ListItem\",\"position\":1,\"name\":\"Home\",\"item\":\"https:\/\/petitekingdom.com\/lv\/\"},{\"@type\":\"ListItem\",\"position\":2,\"name\":\"Veikals\",\"item\":\"https:\/\/petitekingdom.com\/lv\/veikals\/\"},{\"@type\":\"ListItem\",\"position\":3,\"name\":\"Roz\u0101 mazo meite\u0146u legingi ar str\u012bp\u0101m\"}]},{\"@type\":\"WebSite\",\"@id\":\"https:\/\/petitekingdom.com\/#website\",\"url\":\"https:\/\/petitekingdom.com\/\",\"name\":\"Petite Kingdom\",\"description\":\"B\u0113rnu izt\u0113lei nav robe\u017eu\",\"publisher\":{\"@id\":\"https:\/\/petitekingdom.com\/#organization\"},\"potentialAction\":[{\"@type\":\"SearchAction\",\"target\":{\"@type\":\"EntryPoint\",\"urlTemplate\":\"https:\/\/petitekingdom.com\/?s={search_term_string}\"},\"query-input\":{\"@type\":\"PropertyValueSpecification\",\"valueRequired\":true,\"valueName\":\"search_term_string\"}}],\"inLanguage\":\"lv-LV\"},{\"@type\":\"Organization\",\"@id\":\"https:\/\/petitekingdom.com\/#organization\",\"name\":\"Petite Kingdom\",\"url\":\"https:\/\/petitekingdom.com\/\",\"logo\":{\"@type\":\"ImageObject\",\"inLanguage\":\"lv-LV\",\"@id\":\"https:\/\/petitekingdom.com\/#\/schema\/logo\/image\/\",\"url\":\"https:\/\/petitekingdom.com\/wp-content\/uploads\/2021\/04\/PT_logo_blackPNG.png\",\"contentUrl\":\"https:\/\/petitekingdom.com\/wp-content\/uploads\/2021\/04\/PT_logo_blackPNG.png\",\"width\":1158,\"height\":500,\"caption\":\"Petite Kingdom\"},\"image\":{\"@id\":\"https:\/\/petitekingdom.com\/#\/schema\/logo\/image\/\"},\"sameAs\":[\"https:\/\/www.facebook.com\/Petite-Kingdom-114272640862559\",\"https:\/\/www.instagram.com\/petite_kingdom\/\"]}]}<\/script>\n<!-- \/ Yoast SEO Premium plugin. -->","yoast_head_json":{"title":"Roz\u0101 mazo meite\u0146u legingi ar str\u012bp\u0101m &#8226; Petite Kingdom","description":"Sv\u012btras ienes\u012bs pozit\u012bvu noska\u0146u jebkur\u0101 dien\u0101. \u0160ie Steiff legingi ir lieliski piem\u0113roti ikdienai. Ra\u017eoti no m\u012bksta elast\u012bga auduma.","robots":{"index":"index","follow":"follow","max-snippet":"max-snippet:-1","max-image-preview":"max-image-preview:large","max-video-preview":"max-video-preview:-1"},"canonical":"https:\/\/petitekingdom.com\/lv\/veikals\/roza-mazo-meitenu-legingi-ar-stripam\/","og_locale":"lv_LV","og_type":"article","og_title":"Roz\u0101 mazo meite\u0146u legingi ar str\u012bp\u0101m","og_description":"Sv\u012btras ienes\u012bs pozit\u012bvu noska\u0146u jebkur\u0101 dien\u0101. \u0160ie Steiff legingi ir lieliski piem\u0113roti ikdienai. Tie ir izgatavoti no m\u012bksta elast\u012bga auduma, lai nodro\u0161in\u0101tu izcilu komfortu. Ide\u0101li piem\u0113rota, m\u012bksta, elast\u012bga jostasvieta un elast\u012bg\u0101s apak\u0161malas \u013cauj akt\u012bv\u0101jiem mazu\u013ciem sp\u0113l\u0113ties un r\u0101pties apk\u0101rt, nej\u016btoties ierobe\u017eotiem. Klasisk\u0101s sv\u012btras var kombin\u0113t ar sv\u0101rkiem vai kleit\u0101m. Iz\u0161\u016btais Steiff l\u0101c\u012b\u0161a mot\u012bvs uzraudz\u012bs j\u016bsu mazo. Lai dz\u012bvespriec\u012bga nes\u0101\u0161ana!   Mazg\u0101t ve\u013casma\u0161\u012bn\u0101 40*C  Elast\u012bga gumija jostastviet\u0101  95% Kokvilna 5% Likra","og_url":"https:\/\/petitekingdom.com\/lv\/veikals\/roza-mazo-meitenu-legingi-ar-stripam\/","og_site_name":"Petite Kingdom","article_publisher":"https:\/\/www.facebook.com\/Petite-Kingdom-114272640862559","article_modified_time":"2022-02-04T10:37:19+00:00","og_image":[{"width":1920,"height":1920,"url":"https:\/\/petitekingdom.com\/wp-content\/uploads\/2022\/02\/pink-girls-leggings-with-stripes-steiff.jpg","type":"image\/jpeg"}],"twitter_card":"summary_large_image","schema":{"@context":"https:\/\/schema.org","@graph":[{"@type":"WebPage","@id":"https:\/\/petitekingdom.com\/lv\/veikals\/roza-mazo-meitenu-legingi-ar-stripam\/","url":"https:\/\/petitekingdom.com\/lv\/veikals\/roza-mazo-meitenu-legingi-ar-stripam\/","name":"Roz\u0101 mazo meite\u0146u legingi ar str\u012bp\u0101m &#8226; Petite Kingdom","isPartOf":{"@id":"https:\/\/petitekingdom.com\/#website"},"primaryImageOfPage":{"@id":"https:\/\/petitekingdom.com\/lv\/veikals\/roza-mazo-meitenu-legingi-ar-stripam\/#primaryimage"},"image":{"@id":"https:\/\/petitekingdom.com\/lv\/veikals\/roza-mazo-meitenu-legingi-ar-stripam\/#primaryimage"},"thumbnailUrl":"https:\/\/petitekingdom.com\/wp-content\/uploads\/2022\/02\/pink-girls-leggings-with-stripes-steiff.jpg","datePublished":"2022-02-04T10:36:15+00:00","dateModified":"2022-02-04T10:37:19+00:00","description":"Sv\u012btras ienes\u012bs pozit\u012bvu noska\u0146u jebkur\u0101 dien\u0101. \u0160ie Steiff legingi ir lieliski piem\u0113roti ikdienai. Ra\u017eoti no m\u012bksta elast\u012bga auduma.","breadcrumb":{"@id":"https:\/\/petitekingdom.com\/lv\/veikals\/roza-mazo-meitenu-legingi-ar-stripam\/#breadcrumb"},"inLanguage":"lv-LV","potentialAction":[{"@type":"ReadAction","target":["https:\/\/petitekingdom.com\/lv\/veikals\/roza-mazo-meitenu-legingi-ar-stripam\/"]}]},{"@type":"ImageObject","inLanguage":"lv-LV","@id":"https:\/\/petitekingdom.com\/lv\/veikals\/roza-mazo-meitenu-legingi-ar-stripam\/#primaryimage","url":"https:\/\/petitekingdom.com\/wp-content\/uploads\/2022\/02\/pink-girls-leggings-with-stripes-steiff.jpg","contentUrl":"https:\/\/petitekingdom.com\/wp-content\/uploads\/2022\/02\/pink-girls-leggings-with-stripes-steiff.jpg","width":1920,"height":1920,"caption":"Roz\u0101 mazo meite\u0146u legingi ar str\u012bp\u0101m - Steiff"},{"@type":"BreadcrumbList","@id":"https:\/\/petitekingdom.com\/lv\/veikals\/roza-mazo-meitenu-legingi-ar-stripam\/#breadcrumb","itemListElement":[{"@type":"ListItem","position":1,"name":"Home","item":"https:\/\/petitekingdom.com\/lv\/"},{"@type":"ListItem","position":2,"name":"Veikals","item":"https:\/\/petitekingdom.com\/lv\/veikals\/"},{"@type":"ListItem","position":3,"name":"Roz\u0101 mazo meite\u0146u legingi ar str\u012bp\u0101m"}]},{"@type":"WebSite","@id":"https:\/\/petitekingdom.com\/#website","url":"https:\/\/petitekingdom.com\/","name":"Petite Kingdom","description":"B\u0113rnu izt\u0113lei nav robe\u017eu","publisher":{"@id":"https:\/\/petitekingdom.com\/#organization"},"potentialAction":[{"@type":"SearchAction","target":{"@type":"EntryPoint","urlTemplate":"https:\/\/petitekingdom.com\/?s={search_term_string}"},"query-input":{"@type":"PropertyValueSpecification","valueRequired":true,"valueName":"search_term_string"}}],"inLanguage":"lv-LV"},{"@type":"Organization","@id":"https:\/\/petitekingdom.com\/#organization","name":"Petite Kingdom","url":"https:\/\/petitekingdom.com\/","logo":{"@type":"ImageObject","inLanguage":"lv-LV","@id":"https:\/\/petitekingdom.com\/#\/schema\/logo\/image\/","url":"https:\/\/petitekingdom.com\/wp-content\/uploads\/2021\/04\/PT_logo_blackPNG.png","contentUrl":"https:\/\/petitekingdom.com\/wp-content\/uploads\/2021\/04\/PT_logo_blackPNG.png","width":1158,"height":500,"caption":"Petite Kingdom"},"image":{"@id":"https:\/\/petitekingdom.com\/#\/schema\/logo\/image\/"},"sameAs":["https:\/\/www.facebook.com\/Petite-Kingdom-114272640862559","https:\/\/www.instagram.com\/petite_kingdom\/"]}]}},"_links":{"self":[{"href":"https:\/\/petitekingdom.com\/lv\/wp-json\/wp\/v2\/product\/23334"}],"collection":[{"href":"https:\/\/petitekingdom.com\/lv\/wp-json\/wp\/v2\/product"}],"about":[{"href":"https:\/\/petitekingdom.com\/lv\/wp-json\/wp\/v2\/types\/product"}],"wp:featuredmedia":[{"embeddable":true,"href":"https:\/\/petitekingdom.com\/lv\/wp-json\/wp\/v2\/media\/23329"}],"wp:attachment":[{"href":"https:\/\/petitekingdom.com\/lv\/wp-json\/wp\/v2\/media?parent=23334"}],"wp:term":[{"taxonomy":"product_cat","embeddable":true,"href":"https:\/\/petitekingdom.com\/lv\/wp-json\/wp\/v2\/product_cat?post=23334"},{"taxonomy":"product_tag","embeddable":true,"href":"https:\/\/petitekingdom.com\/lv\/wp-json\/wp\/v2\/product_tag?post=23334"},{"taxonomy":"product-material","embeddable":true,"href":"https:\/\/petitekingdom.com\/lv\/wp-json\/wp\/v2\/product-material?post=23334"},{"taxonomy":"product-type","embeddable":true,"href":"https:\/\/petitekingdom.com\/lv\/wp-json\/wp\/v2\/product-type?post=23334"},{"taxonomy":"designers","embeddable":true,"href":"https:\/\/petitekingdom.com\/lv\/wp-json\/wp\/v2\/designers?post=23334"}],"curies":[{"name":"wp","href":"https:\/\/api.w.org\/{rel}","templated":true}]}}