{"id":23273,"date":"2022-02-04T11:48:13","date_gmt":"2022-02-04T09:52:47","guid":{"rendered":"https:\/\/petitekingdom.com\/shop\/uncategorized\/ziedu-rapulitis-meitenem-ar-baltu-apkakliti\/"},"modified":"2023-01-02T23:03:45","modified_gmt":"2023-01-02T21:03:45","slug":"ziedu-rapulitis-meitenem-ar-baltu-apkakliti","status":"publish","type":"product","link":"https:\/\/petitekingdom.com\/lv\/veikals\/ziedu-rapulitis-meitenem-ar-baltu-apkakliti\/","title":{"rendered":"Ziedu R\u0101pul\u012btis meiten\u0113m ar baltu apkakl\u012bti"},"content":{"rendered":"","protected":false},"excerpt":{"rendered":"<p>Steiff \u0113rtais r\u0101pul\u012btis ir lieliski piem\u0113rots mazajiem, kam pat\u012bk izp\u0113t\u012bt pasauli un palaikam aizmigt! \u0160is baltais r\u0101pul\u012btis ir izgatavots no kokvilnas auduma ar 5% elast\u0101nu, un tas nodro\u0161in\u0101s j\u016bsu b\u0113rnam \u0113rtumu un siltumu l\u012bdz pat k\u0101ju pirkstu galiem! Tam ir garas piedurknes, me\u017e\u0123\u012b\u0146u apkakle un gudr\u0101s spiedpogas pamperu nomain\u012b\u0161anai. Aizmugures un k\u0101ju spiedpogas atvieglo \u0123\u0113rb\u0161anos, savuk\u0101rt maz\u0101 l\u0101c\u012b\u0161a aplik\u0101cija pie\u0161\u0137ir uzburtajai ziedu p\u013cavai pievilc\u012bgu izskatu. Laipni l\u016bdzam pasaul\u0113!<\/p>\n<ul>\n<li><span id=\"CHECKBOXGROUP-1-0-0-1-46-0\" class=\"boolean\"><\/span>Mazg\u0101t ve\u013casma\u0161\u012bn\u0101 40*C<\/li>\n<li><span id=\"CHECKBOXGROUP-1-0-0-1-48-0\" class=\"boolean\"><\/span>Spiedpogas<\/li>\n<li>95% Kokvilna 5% Likra<\/li>\n<\/ul>\n","protected":false},"featured_media":23266,"template":"","meta":{"_acf_changed":false},"product_cat":[1180,1663,1665,1181,1209,1208,1655,1605,1674],"product_tag":[],"product-material":[],"product-type":[],"designers":[1624],"class_list":{"0":"post-23273","1":"product","2":"type-product","3":"status-publish","4":"has-post-thumbnail","6":"product_cat-zidainu-apgerbs","7":"product_cat-jaundzimuso-drebites","8":"product_cat-zidainu-drebes","9":"product_cat-rapulisi-bodiji","10":"product_cat-zidainu-rapulisi","11":"product_cat-zidaina-purins","12":"product_cat-jaunumi","13":"product_cat-izpardosana","14":"product_cat-sezonas-izpardosana","15":"designers-steiff-lv","17":"first","18":"instock","19":"sale","20":"taxable","21":"shipping-taxable","22":"purchasable","23":"product-type-variable"},"acf":[],"yoast_head":"<!-- This site is optimized with the Yoast SEO Premium plugin v23.7 (Yoast SEO v23.7) - https:\/\/yoast.com\/wordpress\/plugins\/seo\/ -->\n<title>Ziedu R\u0101pul\u012btis meiten\u0113m ar baltu apkakl\u012bti &#8226; Petite Kingdom<\/title>\n<meta name=\"description\" content=\"teiff \u0113rtais r\u0101pul\u012btis ir lieliski piem\u0113rots mazajiem, kam pat\u012bk izp\u0113t\u012bt pasauli un palaikam aizmigt! \u0160is r\u0101pul\u012btis ir izgatavots no kokvilnas.\" \/>\n<meta name=\"robots\" content=\"index, follow, max-snippet:-1, max-image-preview:large, max-video-preview:-1\" \/>\n<link rel=\"canonical\" href=\"https:\/\/petitekingdom.com\/lv\/veikals\/ziedu-rapulitis-meitenem-ar-baltu-apkakliti\/\" \/>\n<meta property=\"og:locale\" content=\"lv_LV\" \/>\n<meta property=\"og:type\" content=\"article\" \/>\n<meta property=\"og:title\" content=\"Ziedu R\u0101pul\u012btis meiten\u0113m ar baltu apkakl\u012bti\" \/>\n<meta property=\"og:description\" content=\"Steiff \u0113rtais r\u0101pul\u012btis ir lieliski piem\u0113rots mazajiem, kam pat\u012bk izp\u0113t\u012bt pasauli un palaikam aizmigt! \u0160is baltais r\u0101pul\u012btis ir izgatavots no kokvilnas auduma ar 5% elast\u0101nu, un tas nodro\u0161in\u0101s j\u016bsu b\u0113rnam \u0113rtumu un siltumu l\u012bdz pat k\u0101ju pirkstu galiem! Tam ir garas piedurknes, me\u017e\u0123\u012b\u0146u apkakle un gudr\u0101s spiedpogas pamperu nomain\u012b\u0161anai. Aizmugures un k\u0101ju spiedpogas atvieglo \u0123\u0113rb\u0161anos, savuk\u0101rt maz\u0101 l\u0101c\u012b\u0161a aplik\u0101cija pie\u0161\u0137ir uzburtajai ziedu p\u013cavai pievilc\u012bgu izskatu. Laipni l\u016bdzam pasaul\u0113!   Mazg\u0101t ve\u013casma\u0161\u012bn\u0101 40*C  Spiedpogas  95% Kokvilna 5% Likra\" \/>\n<meta property=\"og:url\" content=\"https:\/\/petitekingdom.com\/lv\/veikals\/ziedu-rapulitis-meitenem-ar-baltu-apkakliti\/\" \/>\n<meta property=\"og:site_name\" content=\"Petite Kingdom\" \/>\n<meta property=\"article:publisher\" content=\"https:\/\/www.facebook.com\/Petite-Kingdom-114272640862559\" \/>\n<meta property=\"article:modified_time\" content=\"2023-01-02T21:03:45+00:00\" \/>\n<meta property=\"og:image\" content=\"https:\/\/petitekingdom.com\/wp-content\/uploads\/2022\/02\/flower-baby-romper-long-sleeve-with-white-collar-steiff.jpg\" \/>\n\t<meta property=\"og:image:width\" content=\"1920\" \/>\n\t<meta property=\"og:image:height\" content=\"1920\" \/>\n\t<meta property=\"og:image:type\" content=\"image\/jpeg\" \/>\n<meta name=\"twitter:card\" content=\"summary_large_image\" \/>\n<script type=\"application\/ld+json\" class=\"yoast-schema-graph\">{\"@context\":\"https:\/\/schema.org\",\"@graph\":[{\"@type\":\"WebPage\",\"@id\":\"https:\/\/petitekingdom.com\/lv\/veikals\/ziedu-rapulitis-meitenem-ar-baltu-apkakliti\/\",\"url\":\"https:\/\/petitekingdom.com\/lv\/veikals\/ziedu-rapulitis-meitenem-ar-baltu-apkakliti\/\",\"name\":\"Ziedu R\u0101pul\u012btis meiten\u0113m ar baltu apkakl\u012bti &#8226; Petite Kingdom\",\"isPartOf\":{\"@id\":\"https:\/\/petitekingdom.com\/#website\"},\"primaryImageOfPage\":{\"@id\":\"https:\/\/petitekingdom.com\/lv\/veikals\/ziedu-rapulitis-meitenem-ar-baltu-apkakliti\/#primaryimage\"},\"image\":{\"@id\":\"https:\/\/petitekingdom.com\/lv\/veikals\/ziedu-rapulitis-meitenem-ar-baltu-apkakliti\/#primaryimage\"},\"thumbnailUrl\":\"https:\/\/petitekingdom.com\/wp-content\/uploads\/2022\/02\/flower-baby-romper-long-sleeve-with-white-collar-steiff.jpg\",\"datePublished\":\"2022-02-04T09:52:47+00:00\",\"dateModified\":\"2023-01-02T21:03:45+00:00\",\"description\":\"teiff \u0113rtais r\u0101pul\u012btis ir lieliski piem\u0113rots mazajiem, kam pat\u012bk izp\u0113t\u012bt pasauli un palaikam aizmigt! \u0160is r\u0101pul\u012btis ir izgatavots no kokvilnas.\",\"breadcrumb\":{\"@id\":\"https:\/\/petitekingdom.com\/lv\/veikals\/ziedu-rapulitis-meitenem-ar-baltu-apkakliti\/#breadcrumb\"},\"inLanguage\":\"lv-LV\",\"potentialAction\":[{\"@type\":\"ReadAction\",\"target\":[\"https:\/\/petitekingdom.com\/lv\/veikals\/ziedu-rapulitis-meitenem-ar-baltu-apkakliti\/\"]}]},{\"@type\":\"ImageObject\",\"inLanguage\":\"lv-LV\",\"@id\":\"https:\/\/petitekingdom.com\/lv\/veikals\/ziedu-rapulitis-meitenem-ar-baltu-apkakliti\/#primaryimage\",\"url\":\"https:\/\/petitekingdom.com\/wp-content\/uploads\/2022\/02\/flower-baby-romper-long-sleeve-with-white-collar-steiff.jpg\",\"contentUrl\":\"https:\/\/petitekingdom.com\/wp-content\/uploads\/2022\/02\/flower-baby-romper-long-sleeve-with-white-collar-steiff.jpg\",\"width\":1920,\"height\":1920,\"caption\":\"Ziedu R\u0101pul\u012btis meiten\u0113m ar baltu apkakl\u012bti - Steiff\"},{\"@type\":\"BreadcrumbList\",\"@id\":\"https:\/\/petitekingdom.com\/lv\/veikals\/ziedu-rapulitis-meitenem-ar-baltu-apkakliti\/#breadcrumb\",\"itemListElement\":[{\"@type\":\"ListItem\",\"position\":1,\"name\":\"Home\",\"item\":\"https:\/\/petitekingdom.com\/lv\/\"},{\"@type\":\"ListItem\",\"position\":2,\"name\":\"Veikals\",\"item\":\"https:\/\/petitekingdom.com\/lv\/veikals\/\"},{\"@type\":\"ListItem\",\"position\":3,\"name\":\"Ziedu R\u0101pul\u012btis meiten\u0113m ar baltu apkakl\u012bti\"}]},{\"@type\":\"WebSite\",\"@id\":\"https:\/\/petitekingdom.com\/#website\",\"url\":\"https:\/\/petitekingdom.com\/\",\"name\":\"Petite Kingdom\",\"description\":\"B\u0113rnu izt\u0113lei nav robe\u017eu\",\"publisher\":{\"@id\":\"https:\/\/petitekingdom.com\/#organization\"},\"potentialAction\":[{\"@type\":\"SearchAction\",\"target\":{\"@type\":\"EntryPoint\",\"urlTemplate\":\"https:\/\/petitekingdom.com\/?s={search_term_string}\"},\"query-input\":{\"@type\":\"PropertyValueSpecification\",\"valueRequired\":true,\"valueName\":\"search_term_string\"}}],\"inLanguage\":\"lv-LV\"},{\"@type\":\"Organization\",\"@id\":\"https:\/\/petitekingdom.com\/#organization\",\"name\":\"Petite Kingdom\",\"url\":\"https:\/\/petitekingdom.com\/\",\"logo\":{\"@type\":\"ImageObject\",\"inLanguage\":\"lv-LV\",\"@id\":\"https:\/\/petitekingdom.com\/#\/schema\/logo\/image\/\",\"url\":\"https:\/\/petitekingdom.com\/wp-content\/uploads\/2021\/04\/PT_logo_blackPNG.png\",\"contentUrl\":\"https:\/\/petitekingdom.com\/wp-content\/uploads\/2021\/04\/PT_logo_blackPNG.png\",\"width\":1158,\"height\":500,\"caption\":\"Petite Kingdom\"},\"image\":{\"@id\":\"https:\/\/petitekingdom.com\/#\/schema\/logo\/image\/\"},\"sameAs\":[\"https:\/\/www.facebook.com\/Petite-Kingdom-114272640862559\",\"https:\/\/www.instagram.com\/petite_kingdom\/\"]}]}<\/script>\n<!-- \/ Yoast SEO Premium plugin. -->","yoast_head_json":{"title":"Ziedu R\u0101pul\u012btis meiten\u0113m ar baltu apkakl\u012bti &#8226; Petite Kingdom","description":"teiff \u0113rtais r\u0101pul\u012btis ir lieliski piem\u0113rots mazajiem, kam pat\u012bk izp\u0113t\u012bt pasauli un palaikam aizmigt! \u0160is r\u0101pul\u012btis ir izgatavots no kokvilnas.","robots":{"index":"index","follow":"follow","max-snippet":"max-snippet:-1","max-image-preview":"max-image-preview:large","max-video-preview":"max-video-preview:-1"},"canonical":"https:\/\/petitekingdom.com\/lv\/veikals\/ziedu-rapulitis-meitenem-ar-baltu-apkakliti\/","og_locale":"lv_LV","og_type":"article","og_title":"Ziedu R\u0101pul\u012btis meiten\u0113m ar baltu apkakl\u012bti","og_description":"Steiff \u0113rtais r\u0101pul\u012btis ir lieliski piem\u0113rots mazajiem, kam pat\u012bk izp\u0113t\u012bt pasauli un palaikam aizmigt! \u0160is baltais r\u0101pul\u012btis ir izgatavots no kokvilnas auduma ar 5% elast\u0101nu, un tas nodro\u0161in\u0101s j\u016bsu b\u0113rnam \u0113rtumu un siltumu l\u012bdz pat k\u0101ju pirkstu galiem! Tam ir garas piedurknes, me\u017e\u0123\u012b\u0146u apkakle un gudr\u0101s spiedpogas pamperu nomain\u012b\u0161anai. Aizmugures un k\u0101ju spiedpogas atvieglo \u0123\u0113rb\u0161anos, savuk\u0101rt maz\u0101 l\u0101c\u012b\u0161a aplik\u0101cija pie\u0161\u0137ir uzburtajai ziedu p\u013cavai pievilc\u012bgu izskatu. Laipni l\u016bdzam pasaul\u0113!   Mazg\u0101t ve\u013casma\u0161\u012bn\u0101 40*C  Spiedpogas  95% Kokvilna 5% Likra","og_url":"https:\/\/petitekingdom.com\/lv\/veikals\/ziedu-rapulitis-meitenem-ar-baltu-apkakliti\/","og_site_name":"Petite Kingdom","article_publisher":"https:\/\/www.facebook.com\/Petite-Kingdom-114272640862559","article_modified_time":"2023-01-02T21:03:45+00:00","og_image":[{"width":1920,"height":1920,"url":"https:\/\/petitekingdom.com\/wp-content\/uploads\/2022\/02\/flower-baby-romper-long-sleeve-with-white-collar-steiff.jpg","type":"image\/jpeg"}],"twitter_card":"summary_large_image","schema":{"@context":"https:\/\/schema.org","@graph":[{"@type":"WebPage","@id":"https:\/\/petitekingdom.com\/lv\/veikals\/ziedu-rapulitis-meitenem-ar-baltu-apkakliti\/","url":"https:\/\/petitekingdom.com\/lv\/veikals\/ziedu-rapulitis-meitenem-ar-baltu-apkakliti\/","name":"Ziedu R\u0101pul\u012btis meiten\u0113m ar baltu apkakl\u012bti &#8226; Petite Kingdom","isPartOf":{"@id":"https:\/\/petitekingdom.com\/#website"},"primaryImageOfPage":{"@id":"https:\/\/petitekingdom.com\/lv\/veikals\/ziedu-rapulitis-meitenem-ar-baltu-apkakliti\/#primaryimage"},"image":{"@id":"https:\/\/petitekingdom.com\/lv\/veikals\/ziedu-rapulitis-meitenem-ar-baltu-apkakliti\/#primaryimage"},"thumbnailUrl":"https:\/\/petitekingdom.com\/wp-content\/uploads\/2022\/02\/flower-baby-romper-long-sleeve-with-white-collar-steiff.jpg","datePublished":"2022-02-04T09:52:47+00:00","dateModified":"2023-01-02T21:03:45+00:00","description":"teiff \u0113rtais r\u0101pul\u012btis ir lieliski piem\u0113rots mazajiem, kam pat\u012bk izp\u0113t\u012bt pasauli un palaikam aizmigt! \u0160is r\u0101pul\u012btis ir izgatavots no kokvilnas.","breadcrumb":{"@id":"https:\/\/petitekingdom.com\/lv\/veikals\/ziedu-rapulitis-meitenem-ar-baltu-apkakliti\/#breadcrumb"},"inLanguage":"lv-LV","potentialAction":[{"@type":"ReadAction","target":["https:\/\/petitekingdom.com\/lv\/veikals\/ziedu-rapulitis-meitenem-ar-baltu-apkakliti\/"]}]},{"@type":"ImageObject","inLanguage":"lv-LV","@id":"https:\/\/petitekingdom.com\/lv\/veikals\/ziedu-rapulitis-meitenem-ar-baltu-apkakliti\/#primaryimage","url":"https:\/\/petitekingdom.com\/wp-content\/uploads\/2022\/02\/flower-baby-romper-long-sleeve-with-white-collar-steiff.jpg","contentUrl":"https:\/\/petitekingdom.com\/wp-content\/uploads\/2022\/02\/flower-baby-romper-long-sleeve-with-white-collar-steiff.jpg","width":1920,"height":1920,"caption":"Ziedu R\u0101pul\u012btis meiten\u0113m ar baltu apkakl\u012bti - Steiff"},{"@type":"BreadcrumbList","@id":"https:\/\/petitekingdom.com\/lv\/veikals\/ziedu-rapulitis-meitenem-ar-baltu-apkakliti\/#breadcrumb","itemListElement":[{"@type":"ListItem","position":1,"name":"Home","item":"https:\/\/petitekingdom.com\/lv\/"},{"@type":"ListItem","position":2,"name":"Veikals","item":"https:\/\/petitekingdom.com\/lv\/veikals\/"},{"@type":"ListItem","position":3,"name":"Ziedu R\u0101pul\u012btis meiten\u0113m ar baltu apkakl\u012bti"}]},{"@type":"WebSite","@id":"https:\/\/petitekingdom.com\/#website","url":"https:\/\/petitekingdom.com\/","name":"Petite Kingdom","description":"B\u0113rnu izt\u0113lei nav robe\u017eu","publisher":{"@id":"https:\/\/petitekingdom.com\/#organization"},"potentialAction":[{"@type":"SearchAction","target":{"@type":"EntryPoint","urlTemplate":"https:\/\/petitekingdom.com\/?s={search_term_string}"},"query-input":{"@type":"PropertyValueSpecification","valueRequired":true,"valueName":"search_term_string"}}],"inLanguage":"lv-LV"},{"@type":"Organization","@id":"https:\/\/petitekingdom.com\/#organization","name":"Petite Kingdom","url":"https:\/\/petitekingdom.com\/","logo":{"@type":"ImageObject","inLanguage":"lv-LV","@id":"https:\/\/petitekingdom.com\/#\/schema\/logo\/image\/","url":"https:\/\/petitekingdom.com\/wp-content\/uploads\/2021\/04\/PT_logo_blackPNG.png","contentUrl":"https:\/\/petitekingdom.com\/wp-content\/uploads\/2021\/04\/PT_logo_blackPNG.png","width":1158,"height":500,"caption":"Petite Kingdom"},"image":{"@id":"https:\/\/petitekingdom.com\/#\/schema\/logo\/image\/"},"sameAs":["https:\/\/www.facebook.com\/Petite-Kingdom-114272640862559","https:\/\/www.instagram.com\/petite_kingdom\/"]}]}},"_links":{"self":[{"href":"https:\/\/petitekingdom.com\/lv\/wp-json\/wp\/v2\/product\/23273"}],"collection":[{"href":"https:\/\/petitekingdom.com\/lv\/wp-json\/wp\/v2\/product"}],"about":[{"href":"https:\/\/petitekingdom.com\/lv\/wp-json\/wp\/v2\/types\/product"}],"wp:featuredmedia":[{"embeddable":true,"href":"https:\/\/petitekingdom.com\/lv\/wp-json\/wp\/v2\/media\/23266"}],"wp:attachment":[{"href":"https:\/\/petitekingdom.com\/lv\/wp-json\/wp\/v2\/media?parent=23273"}],"wp:term":[{"taxonomy":"product_cat","embeddable":true,"href":"https:\/\/petitekingdom.com\/lv\/wp-json\/wp\/v2\/product_cat?post=23273"},{"taxonomy":"product_tag","embeddable":true,"href":"https:\/\/petitekingdom.com\/lv\/wp-json\/wp\/v2\/product_tag?post=23273"},{"taxonomy":"product-material","embeddable":true,"href":"https:\/\/petitekingdom.com\/lv\/wp-json\/wp\/v2\/product-material?post=23273"},{"taxonomy":"product-type","embeddable":true,"href":"https:\/\/petitekingdom.com\/lv\/wp-json\/wp\/v2\/product-type?post=23273"},{"taxonomy":"designers","embeddable":true,"href":"https:\/\/petitekingdom.com\/lv\/wp-json\/wp\/v2\/designers?post=23273"}],"curies":[{"name":"wp","href":"https:\/\/api.w.org\/{rel}","templated":true}]}}