{"id":23241,"date":"2022-02-04T10:53:30","date_gmt":"2022-02-04T08:58:47","guid":{"rendered":"https:\/\/petitekingdom.com\/shop\/uncategorized\/roza-ziedu-komplekts-rapulitis-ar-garroku-kreklinu\/"},"modified":"2023-01-02T23:03:41","modified_gmt":"2023-01-02T21:03:41","slug":"roza-ziedu-komplekts-rapulitis-ar-garroku-kreklinu","status":"publish","type":"product","link":"https:\/\/petitekingdom.com\/lv\/veikals\/roza-ziedu-komplekts-rapulitis-ar-garroku-kreklinu\/","title":{"rendered":"Roz\u0101 ziedu komplekts R\u0101pul\u012btis ar Garroku Krekli\u0146u"},"content":{"rendered":"","protected":false},"excerpt":{"rendered":"<p>\u0160is z\u012bmola Steiff komplekts, kur\u0101 ietilpst tops ar gar\u0101m piedurkn\u0113m un r\u0101pul\u012btis z\u012bdainim ir lieliska izv\u0113le bezbail\u012bgiem jauniem p\u0113tniekiem. Tas ir izgatavots no viegla, m\u012bksta auduma, lai nodro\u0161in\u0101tu izcilu komfortu, savuk\u0101rt snied\u012btes pie pleca atvieglo \u0123\u0113rb\u0161anos. Br\u012bvs piegriezums \u013cauj j\u016bsu b\u0113rnam zin\u0101tk\u0101ri p\u0101rvietoties, nej\u016btoties ierobe\u017eotam. Klasisk\u0101 roz\u0101 kr\u0101sa ir piem\u0113rota \u012bpa\u0161iem gad\u012bjumiem, k\u0101 ar\u012b ikdienas valk\u0101\u0161anai. Vol\u0101ni uz pogas pl\u0101ksn\u012btes ir \u012bsts akcents. P\u016bkains Steiff l\u0101c\u012b\u0161a mot\u012bvs nodro\u0161in\u0101s j\u016bsu mazajai komp\u0101niju, lai kur vi\u0146a dotos.<\/p>\n<ul>\n<li>30\u00b0 C Saudz\u012bgais mazg\u0101\u0161anas re\u017e\u012bms<\/li>\n<li>Komplekt\u0101 ietilpst tops un r\u0101pul\u012btis<\/li>\n<li>Spiedpogas<\/li>\n<li>95% Kokvilna 5% Likra<\/li>\n<\/ul>\n","protected":false},"featured_media":23232,"template":"","meta":{"_acf_changed":false},"product_brand":[],"product_cat":[1181,1674,1663,1655,1207,1268,1254,1209,1180,1665],"product_tag":[],"product-material":[],"product-type":[],"designers":[1624],"class_list":{"0":"post-23241","1":"product","2":"type-product","3":"status-publish","4":"has-post-thumbnail","6":"product_cat-rapulisi-bodiji","7":"product_cat-sezonas-izpardosana","8":"product_cat-jaundzimuso-drebites","9":"product_cat-jaunumi","10":"product_cat-zidainu-komplekti","11":"product_cat-zidainu-kreklini","12":"product_cat-kreklini-bluzes-zidainiem","13":"product_cat-zidainu-rapulisi","14":"product_cat-zidainu-apgerbs","15":"product_cat-zidainu-drebes","16":"designers-steiff-lv","18":"first","19":"instock","20":"sale","21":"taxable","22":"shipping-taxable","23":"purchasable","24":"product-type-variable"},"acf":[],"yoast_head":"<!-- This site is optimized with the Yoast SEO Premium plugin v23.7 (Yoast SEO v27.5) - https:\/\/yoast.com\/product\/yoast-seo-premium-wordpress\/ -->\n<title>Roz\u0101 ziedu komplekts R\u0101pul\u012btis ar Garroku Krekli\u0146u &#8226; Petite Kingdom<\/title>\n<meta name=\"description\" content=\"\u0160is z\u012bmola Steiff komplekts, kur\u0101 ietilpst tops ar gar\u0101m piedurkn\u0113m un r\u0101pul\u012btis z\u012bdainim ir lieliska izv\u0113le bezbail\u012bgiem jauniem p\u0113tniekiem.\" \/>\n<meta name=\"robots\" content=\"index, follow, max-snippet:-1, max-image-preview:large, max-video-preview:-1\" \/>\n<link rel=\"canonical\" href=\"https:\/\/petitekingdom.com\/shop\/floral-set-romper-and-long-sleeve-top\/\" \/>\n<meta property=\"og:locale\" content=\"lv_LV\" \/>\n<meta property=\"og:type\" content=\"article\" \/>\n<meta property=\"og:title\" content=\"Roz\u0101 ziedu komplekts R\u0101pul\u012btis ar Garroku Krekli\u0146u\" \/>\n<meta property=\"og:description\" content=\"\u0160is z\u012bmola Steiff komplekts, kur\u0101 ietilpst tops ar gar\u0101m piedurkn\u0113m un r\u0101pul\u012btis z\u012bdainim ir lieliska izv\u0113le bezbail\u012bgiem jauniem p\u0113tniekiem. Tas ir izgatavots no viegla, m\u012bksta auduma, lai nodro\u0161in\u0101tu izcilu komfortu, savuk\u0101rt snied\u012btes pie pleca atvieglo \u0123\u0113rb\u0161anos. Br\u012bvs piegriezums \u013cauj j\u016bsu b\u0113rnam zin\u0101tk\u0101ri p\u0101rvietoties, nej\u016btoties ierobe\u017eotam. Klasisk\u0101 roz\u0101 kr\u0101sa ir piem\u0113rota \u012bpa\u0161iem gad\u012bjumiem, k\u0101 ar\u012b ikdienas valk\u0101\u0161anai. Vol\u0101ni uz pogas pl\u0101ksn\u012btes ir \u012bsts akcents. P\u016bkains Steiff l\u0101c\u012b\u0161a mot\u012bvs nodro\u0161in\u0101s j\u016bsu mazajai komp\u0101niju, lai kur vi\u0146a dotos.   30\u00b0 C Saudz\u012bgais mazg\u0101\u0161anas re\u017e\u012bms  Komplekt\u0101 ietilpst tops un r\u0101pul\u012btis  Spiedpogas  95% Kokvilna 5% Likra\" \/>\n<meta property=\"og:url\" content=\"https:\/\/petitekingdom.com\/shop\/floral-set-romper-and-long-sleeve-top\/\" \/>\n<meta property=\"og:site_name\" content=\"Petite Kingdom\" \/>\n<meta property=\"article:publisher\" content=\"https:\/\/www.facebook.com\/Petite-Kingdom-114272640862559\" \/>\n<meta property=\"article:modified_time\" content=\"2023-01-02T21:03:41+00:00\" \/>\n<meta property=\"og:image\" content=\"https:\/\/petitekingdom.com\/wp-content\/uploads\/2022\/02\/floral-set-romper-and-long-sleeve-top-steiff.jpg\" \/>\n\t<meta property=\"og:image:width\" content=\"1920\" \/>\n\t<meta property=\"og:image:height\" content=\"1920\" \/>\n\t<meta property=\"og:image:type\" content=\"image\/jpeg\" \/>\n<meta name=\"twitter:card\" content=\"summary_large_image\" \/>\n<script type=\"application\/ld+json\" class=\"yoast-schema-graph\">{\"@context\":\"https:\\\/\\\/schema.org\",\"@graph\":[{\"@type\":\"WebPage\",\"@id\":\"https:\\\/\\\/petitekingdom.com\\\/shop\\\/floral-set-romper-and-long-sleeve-top\\\/\",\"url\":\"https:\\\/\\\/petitekingdom.com\\\/shop\\\/floral-set-romper-and-long-sleeve-top\\\/\",\"name\":\"Roz\u0101 ziedu komplekts R\u0101pul\u012btis ar Garroku Krekli\u0146u &#8226; Petite Kingdom\",\"isPartOf\":{\"@id\":\"https:\\\/\\\/petitekingdom.com\\\/#website\"},\"primaryImageOfPage\":{\"@id\":\"https:\\\/\\\/petitekingdom.com\\\/shop\\\/floral-set-romper-and-long-sleeve-top\\\/#primaryimage\"},\"image\":{\"@id\":\"https:\\\/\\\/petitekingdom.com\\\/shop\\\/floral-set-romper-and-long-sleeve-top\\\/#primaryimage\"},\"thumbnailUrl\":\"https:\\\/\\\/petitekingdom.com\\\/wp-content\\\/uploads\\\/2022\\\/02\\\/floral-set-romper-and-long-sleeve-top-steiff.jpg\",\"datePublished\":\"2022-02-04T08:58:47+00:00\",\"dateModified\":\"2023-01-02T21:03:41+00:00\",\"description\":\"\u0160is z\u012bmola Steiff komplekts, kur\u0101 ietilpst tops ar gar\u0101m piedurkn\u0113m un r\u0101pul\u012btis z\u012bdainim ir lieliska izv\u0113le bezbail\u012bgiem jauniem p\u0113tniekiem.\",\"breadcrumb\":{\"@id\":\"https:\\\/\\\/petitekingdom.com\\\/shop\\\/floral-set-romper-and-long-sleeve-top\\\/#breadcrumb\"},\"inLanguage\":\"lv-LV\",\"potentialAction\":[{\"@type\":\"ReadAction\",\"target\":[\"https:\\\/\\\/petitekingdom.com\\\/shop\\\/floral-set-romper-and-long-sleeve-top\\\/\"]}]},{\"@type\":\"ImageObject\",\"inLanguage\":\"lv-LV\",\"@id\":\"https:\\\/\\\/petitekingdom.com\\\/shop\\\/floral-set-romper-and-long-sleeve-top\\\/#primaryimage\",\"url\":\"https:\\\/\\\/petitekingdom.com\\\/wp-content\\\/uploads\\\/2022\\\/02\\\/floral-set-romper-and-long-sleeve-top-steiff.jpg\",\"contentUrl\":\"https:\\\/\\\/petitekingdom.com\\\/wp-content\\\/uploads\\\/2022\\\/02\\\/floral-set-romper-and-long-sleeve-top-steiff.jpg\",\"width\":1920,\"height\":1920,\"caption\":\"Roz\u0101 ziedu komplekts R\u0101pul\u012btis ar Garroku Krekli\u0146u - Steiff\"},{\"@type\":\"BreadcrumbList\",\"@id\":\"https:\\\/\\\/petitekingdom.com\\\/shop\\\/floral-set-romper-and-long-sleeve-top\\\/#breadcrumb\",\"itemListElement\":[{\"@type\":\"ListItem\",\"position\":1,\"name\":\"Home\",\"item\":\"https:\\\/\\\/petitekingdom.com\\\/lv\\\/\"},{\"@type\":\"ListItem\",\"position\":2,\"name\":\"Veikals\",\"item\":\"https:\\\/\\\/petitekingdom.com\\\/lv\\\/veikals\\\/\"},{\"@type\":\"ListItem\",\"position\":3,\"name\":\"Roz\u0101 ziedu komplekts R\u0101pul\u012btis ar Garroku Krekli\u0146u\"}]},{\"@type\":\"WebSite\",\"@id\":\"https:\\\/\\\/petitekingdom.com\\\/#website\",\"url\":\"https:\\\/\\\/petitekingdom.com\\\/\",\"name\":\"Petite Kingdom\",\"description\":\"B\u0113rnu izt\u0113lei nav robe\u017eu\",\"publisher\":{\"@id\":\"https:\\\/\\\/petitekingdom.com\\\/#organization\"},\"potentialAction\":[{\"@type\":\"SearchAction\",\"target\":{\"@type\":\"EntryPoint\",\"urlTemplate\":\"https:\\\/\\\/petitekingdom.com\\\/?s={search_term_string}\"},\"query-input\":{\"@type\":\"PropertyValueSpecification\",\"valueRequired\":true,\"valueName\":\"search_term_string\"}}],\"inLanguage\":\"lv-LV\"},{\"@type\":\"Organization\",\"@id\":\"https:\\\/\\\/petitekingdom.com\\\/#organization\",\"name\":\"Petite Kingdom\",\"url\":\"https:\\\/\\\/petitekingdom.com\\\/\",\"logo\":{\"@type\":\"ImageObject\",\"inLanguage\":\"lv-LV\",\"@id\":\"https:\\\/\\\/petitekingdom.com\\\/#\\\/schema\\\/logo\\\/image\\\/\",\"url\":\"https:\\\/\\\/petitekingdom.com\\\/wp-content\\\/uploads\\\/2021\\\/04\\\/PT_logo_blackPNG.png\",\"contentUrl\":\"https:\\\/\\\/petitekingdom.com\\\/wp-content\\\/uploads\\\/2021\\\/04\\\/PT_logo_blackPNG.png\",\"width\":1158,\"height\":500,\"caption\":\"Petite Kingdom\"},\"image\":{\"@id\":\"https:\\\/\\\/petitekingdom.com\\\/#\\\/schema\\\/logo\\\/image\\\/\"},\"sameAs\":[\"https:\\\/\\\/www.facebook.com\\\/Petite-Kingdom-114272640862559\",\"https:\\\/\\\/www.instagram.com\\\/petite_kingdom\\\/\"]}]}<\/script>\n<!-- \/ Yoast SEO Premium plugin. -->","yoast_head_json":{"title":"Roz\u0101 ziedu komplekts R\u0101pul\u012btis ar Garroku Krekli\u0146u &#8226; Petite Kingdom","description":"\u0160is z\u012bmola Steiff komplekts, kur\u0101 ietilpst tops ar gar\u0101m piedurkn\u0113m un r\u0101pul\u012btis z\u012bdainim ir lieliska izv\u0113le bezbail\u012bgiem jauniem p\u0113tniekiem.","robots":{"index":"index","follow":"follow","max-snippet":"max-snippet:-1","max-image-preview":"max-image-preview:large","max-video-preview":"max-video-preview:-1"},"canonical":"https:\/\/petitekingdom.com\/shop\/floral-set-romper-and-long-sleeve-top\/","og_locale":"lv_LV","og_type":"article","og_title":"Roz\u0101 ziedu komplekts R\u0101pul\u012btis ar Garroku Krekli\u0146u","og_description":"\u0160is z\u012bmola Steiff komplekts, kur\u0101 ietilpst tops ar gar\u0101m piedurkn\u0113m un r\u0101pul\u012btis z\u012bdainim ir lieliska izv\u0113le bezbail\u012bgiem jauniem p\u0113tniekiem. Tas ir izgatavots no viegla, m\u012bksta auduma, lai nodro\u0161in\u0101tu izcilu komfortu, savuk\u0101rt snied\u012btes pie pleca atvieglo \u0123\u0113rb\u0161anos. Br\u012bvs piegriezums \u013cauj j\u016bsu b\u0113rnam zin\u0101tk\u0101ri p\u0101rvietoties, nej\u016btoties ierobe\u017eotam. Klasisk\u0101 roz\u0101 kr\u0101sa ir piem\u0113rota \u012bpa\u0161iem gad\u012bjumiem, k\u0101 ar\u012b ikdienas valk\u0101\u0161anai. Vol\u0101ni uz pogas pl\u0101ksn\u012btes ir \u012bsts akcents. P\u016bkains Steiff l\u0101c\u012b\u0161a mot\u012bvs nodro\u0161in\u0101s j\u016bsu mazajai komp\u0101niju, lai kur vi\u0146a dotos.   30\u00b0 C Saudz\u012bgais mazg\u0101\u0161anas re\u017e\u012bms  Komplekt\u0101 ietilpst tops un r\u0101pul\u012btis  Spiedpogas  95% Kokvilna 5% Likra","og_url":"https:\/\/petitekingdom.com\/shop\/floral-set-romper-and-long-sleeve-top\/","og_site_name":"Petite Kingdom","article_publisher":"https:\/\/www.facebook.com\/Petite-Kingdom-114272640862559","article_modified_time":"2023-01-02T21:03:41+00:00","og_image":[{"width":1920,"height":1920,"url":"https:\/\/petitekingdom.com\/wp-content\/uploads\/2022\/02\/floral-set-romper-and-long-sleeve-top-steiff.jpg","type":"image\/jpeg"}],"twitter_card":"summary_large_image","schema":{"@context":"https:\/\/schema.org","@graph":[{"@type":"WebPage","@id":"https:\/\/petitekingdom.com\/shop\/floral-set-romper-and-long-sleeve-top\/","url":"https:\/\/petitekingdom.com\/shop\/floral-set-romper-and-long-sleeve-top\/","name":"Roz\u0101 ziedu komplekts R\u0101pul\u012btis ar Garroku Krekli\u0146u &#8226; Petite Kingdom","isPartOf":{"@id":"https:\/\/petitekingdom.com\/#website"},"primaryImageOfPage":{"@id":"https:\/\/petitekingdom.com\/shop\/floral-set-romper-and-long-sleeve-top\/#primaryimage"},"image":{"@id":"https:\/\/petitekingdom.com\/shop\/floral-set-romper-and-long-sleeve-top\/#primaryimage"},"thumbnailUrl":"https:\/\/petitekingdom.com\/wp-content\/uploads\/2022\/02\/floral-set-romper-and-long-sleeve-top-steiff.jpg","datePublished":"2022-02-04T08:58:47+00:00","dateModified":"2023-01-02T21:03:41+00:00","description":"\u0160is z\u012bmola Steiff komplekts, kur\u0101 ietilpst tops ar gar\u0101m piedurkn\u0113m un r\u0101pul\u012btis z\u012bdainim ir lieliska izv\u0113le bezbail\u012bgiem jauniem p\u0113tniekiem.","breadcrumb":{"@id":"https:\/\/petitekingdom.com\/shop\/floral-set-romper-and-long-sleeve-top\/#breadcrumb"},"inLanguage":"lv-LV","potentialAction":[{"@type":"ReadAction","target":["https:\/\/petitekingdom.com\/shop\/floral-set-romper-and-long-sleeve-top\/"]}]},{"@type":"ImageObject","inLanguage":"lv-LV","@id":"https:\/\/petitekingdom.com\/shop\/floral-set-romper-and-long-sleeve-top\/#primaryimage","url":"https:\/\/petitekingdom.com\/wp-content\/uploads\/2022\/02\/floral-set-romper-and-long-sleeve-top-steiff.jpg","contentUrl":"https:\/\/petitekingdom.com\/wp-content\/uploads\/2022\/02\/floral-set-romper-and-long-sleeve-top-steiff.jpg","width":1920,"height":1920,"caption":"Roz\u0101 ziedu komplekts R\u0101pul\u012btis ar Garroku Krekli\u0146u - Steiff"},{"@type":"BreadcrumbList","@id":"https:\/\/petitekingdom.com\/shop\/floral-set-romper-and-long-sleeve-top\/#breadcrumb","itemListElement":[{"@type":"ListItem","position":1,"name":"Home","item":"https:\/\/petitekingdom.com\/lv\/"},{"@type":"ListItem","position":2,"name":"Veikals","item":"https:\/\/petitekingdom.com\/lv\/veikals\/"},{"@type":"ListItem","position":3,"name":"Roz\u0101 ziedu komplekts R\u0101pul\u012btis ar Garroku Krekli\u0146u"}]},{"@type":"WebSite","@id":"https:\/\/petitekingdom.com\/#website","url":"https:\/\/petitekingdom.com\/","name":"Petite Kingdom","description":"B\u0113rnu izt\u0113lei nav robe\u017eu","publisher":{"@id":"https:\/\/petitekingdom.com\/#organization"},"potentialAction":[{"@type":"SearchAction","target":{"@type":"EntryPoint","urlTemplate":"https:\/\/petitekingdom.com\/?s={search_term_string}"},"query-input":{"@type":"PropertyValueSpecification","valueRequired":true,"valueName":"search_term_string"}}],"inLanguage":"lv-LV"},{"@type":"Organization","@id":"https:\/\/petitekingdom.com\/#organization","name":"Petite Kingdom","url":"https:\/\/petitekingdom.com\/","logo":{"@type":"ImageObject","inLanguage":"lv-LV","@id":"https:\/\/petitekingdom.com\/#\/schema\/logo\/image\/","url":"https:\/\/petitekingdom.com\/wp-content\/uploads\/2021\/04\/PT_logo_blackPNG.png","contentUrl":"https:\/\/petitekingdom.com\/wp-content\/uploads\/2021\/04\/PT_logo_blackPNG.png","width":1158,"height":500,"caption":"Petite Kingdom"},"image":{"@id":"https:\/\/petitekingdom.com\/#\/schema\/logo\/image\/"},"sameAs":["https:\/\/www.facebook.com\/Petite-Kingdom-114272640862559","https:\/\/www.instagram.com\/petite_kingdom\/"]}]}},"_links":{"self":[{"href":"https:\/\/petitekingdom.com\/lv\/wp-json\/wp\/v2\/product\/23241","targetHints":{"allow":["GET"]}}],"collection":[{"href":"https:\/\/petitekingdom.com\/lv\/wp-json\/wp\/v2\/product"}],"about":[{"href":"https:\/\/petitekingdom.com\/lv\/wp-json\/wp\/v2\/types\/product"}],"wp:featuredmedia":[{"embeddable":true,"href":"https:\/\/petitekingdom.com\/lv\/wp-json\/wp\/v2\/media\/23232"}],"wp:attachment":[{"href":"https:\/\/petitekingdom.com\/lv\/wp-json\/wp\/v2\/media?parent=23241"}],"wp:term":[{"taxonomy":"product_brand","embeddable":true,"href":"https:\/\/petitekingdom.com\/lv\/wp-json\/wp\/v2\/product_brand?post=23241"},{"taxonomy":"product_cat","embeddable":true,"href":"https:\/\/petitekingdom.com\/lv\/wp-json\/wp\/v2\/product_cat?post=23241"},{"taxonomy":"product_tag","embeddable":true,"href":"https:\/\/petitekingdom.com\/lv\/wp-json\/wp\/v2\/product_tag?post=23241"},{"taxonomy":"product-material","embeddable":true,"href":"https:\/\/petitekingdom.com\/lv\/wp-json\/wp\/v2\/product-material?post=23241"},{"taxonomy":"product-type","embeddable":true,"href":"https:\/\/petitekingdom.com\/lv\/wp-json\/wp\/v2\/product-type?post=23241"},{"taxonomy":"designers","embeddable":true,"href":"https:\/\/petitekingdom.com\/lv\/wp-json\/wp\/v2\/designers?post=23241"}],"curies":[{"name":"wp","href":"https:\/\/api.w.org\/{rel}","templated":true}]}}