{"id":21973,"date":"2021-12-20T12:48:28","date_gmt":"2021-12-20T10:50:18","guid":{"rendered":"http:\/\/petitekingdom.com\/shop\/uncategorized\/abc-koka-klucisi-berniem\/"},"modified":"2022-04-09T18:19:07","modified_gmt":"2022-04-09T15:19:07","slug":"abc-koka-klucisi-berniem","status":"publish","type":"product","link":"https:\/\/petitekingdom.com\/lv\/veikals\/abc-koka-klucisi-berniem\/","title":{"rendered":"ABC koka kluc\u012b\u0161i b\u0113rniem"},"content":{"rendered":"","protected":false},"excerpt":{"rendered":"<p>M\u0101ciet mazajiem b\u0113rniem alfab\u0113tu un v\u0101rdus ar ABC rota\u013cliet\u0101m, kas atspogu\u013co burti\u0146us. \u0160ie klasiskie koka alfab\u0113tu kluc\u012b\u0161i b\u0113rniem ir liels pal\u012bgs apg\u016bt burto\u0161anas prasmes. Ra\u017eoti no ilgstp\u0113j\u012bga koka, kr\u0101saini un perfekt\u0101 izm\u0113r\u0101 ABC koka kluc\u012b\u0161i b\u0113rniem b\u016bs viegli pa\u0146emami mazaj\u0101m roci\u0146\u0101m. Izgl\u012btojo\u0161\u0101s sp\u0113l\u0113s b\u0113rniem pal\u012bdz sagatavot zin\u0101\u0161anas skolai caur rado\u0161u sp\u0113l\u0113\u0161an\u0101s procesu.<\/p>\n<ul>\n<li>ABC rota\u013clietas b\u0113rniem<\/li>\n<li>Piem\u0113rots vecum\u0101 no 12 m\u0113ne\u0161iem+<\/li>\n<li>Izm\u0113ri: 27 x 22.8 x 4.3cm<\/li>\n<\/ul>\n","protected":false},"featured_media":21968,"template":"","meta":{"_acf_changed":false},"product_cat":[1271,1274,1272,1278,1273,1275],"product_tag":[],"product-material":[],"product-type":[],"designers":[1073],"class_list":{"0":"post-21973","1":"product","2":"type-product","3":"status-publish","4":"has-post-thumbnail","6":"product_cat-speles-rotallietas-berniem","7":"product_cat-pirmas-rotallietas-zidainim","8":"product_cat-koka-rotallietas","9":"product_cat-klasiskas-rotallietas","10":"product_cat-koka-klucisi","11":"product_cat-izglitojosas-speles-berniem","12":"designers-le-toy-van-lv","14":"first","15":"instock","16":"taxable","17":"shipping-taxable","18":"purchasable","19":"product-type-simple"},"acf":[],"yoast_head":"<!-- This site is optimized with the Yoast SEO Premium plugin v23.7 (Yoast SEO v23.7) - https:\/\/yoast.com\/wordpress\/plugins\/seo\/ -->\n<title>ABC koka kluc\u012b\u0161i b\u0113rniem &#8226; Petite Kingdom<\/title>\n<meta name=\"description\" content=\"M\u0101ciet mazajiem b\u0113rniem alfab\u0113tu un v\u0101rdus ar ABC rota\u013cliet\u0101m, kas atspogu\u013co burti\u0146us. \u0160is ir liels pal\u012bgs apg\u016bt burto\u0161anas prasmes.\" \/>\n<meta name=\"robots\" content=\"index, follow, max-snippet:-1, max-image-preview:large, max-video-preview:-1\" \/>\n<link rel=\"canonical\" href=\"https:\/\/petitekingdom.com\/lv\/veikals\/abc-koka-klucisi-berniem\/\" \/>\n<meta property=\"og:locale\" content=\"lv_LV\" \/>\n<meta property=\"og:type\" content=\"article\" \/>\n<meta property=\"og:title\" content=\"ABC koka kluc\u012b\u0161i b\u0113rniem\" \/>\n<meta property=\"og:description\" content=\"M\u0101ciet mazajiem b\u0113rniem alfab\u0113tu un v\u0101rdus ar ABC rota\u013cliet\u0101m, kas atspogu\u013co burti\u0146us. \u0160ie klasiskie koka alfab\u0113tu kluc\u012b\u0161i b\u0113rniem ir liels pal\u012bgs apg\u016bt burto\u0161anas prasmes. Ra\u017eoti no ilgstp\u0113j\u012bga koka, kr\u0101saini un perfekt\u0101 izm\u0113r\u0101 ABC koka kluc\u012b\u0161i b\u0113rniem b\u016bs viegli pa\u0146emami mazaj\u0101m roci\u0146\u0101m. Izgl\u012btojo\u0161\u0101s sp\u0113l\u0113s b\u0113rniem pal\u012bdz sagatavot zin\u0101\u0161anas skolai caur rado\u0161u sp\u0113l\u0113\u0161an\u0101s procesu.   ABC rota\u013clietas b\u0113rniem  Piem\u0113rots vecum\u0101 no 12 m\u0113ne\u0161iem+  Izm\u0113ri: 27 x 22.8 x 4.3cm\" \/>\n<meta property=\"og:url\" content=\"https:\/\/petitekingdom.com\/lv\/veikals\/abc-koka-klucisi-berniem\/\" \/>\n<meta property=\"og:site_name\" content=\"Petite Kingdom\" \/>\n<meta property=\"article:publisher\" content=\"https:\/\/www.facebook.com\/Petite-Kingdom-114272640862559\" \/>\n<meta property=\"article:modified_time\" content=\"2022-04-09T15:19:07+00:00\" \/>\n<meta property=\"og:image\" content=\"https:\/\/linen-spoonbill-297917.hostingersite.com\/wp-content\/uploads\/2021\/12\/abc-wooden-blocks-le-toy-van.jpg\" \/>\n\t<meta property=\"og:image:width\" content=\"720\" \/>\n\t<meta property=\"og:image:height\" content=\"720\" \/>\n\t<meta property=\"og:image:type\" content=\"image\/jpeg\" \/>\n<meta name=\"twitter:card\" content=\"summary_large_image\" \/>\n<script type=\"application\/ld+json\" class=\"yoast-schema-graph\">{\"@context\":\"https:\/\/schema.org\",\"@graph\":[{\"@type\":\"WebPage\",\"@id\":\"https:\/\/petitekingdom.com\/lv\/veikals\/abc-koka-klucisi-berniem\/\",\"url\":\"https:\/\/petitekingdom.com\/lv\/veikals\/abc-koka-klucisi-berniem\/\",\"name\":\"ABC koka kluc\u012b\u0161i b\u0113rniem &#8226; Petite Kingdom\",\"isPartOf\":{\"@id\":\"https:\/\/petitekingdom.com\/#website\"},\"primaryImageOfPage\":{\"@id\":\"https:\/\/petitekingdom.com\/lv\/veikals\/abc-koka-klucisi-berniem\/#primaryimage\"},\"image\":{\"@id\":\"https:\/\/petitekingdom.com\/lv\/veikals\/abc-koka-klucisi-berniem\/#primaryimage\"},\"thumbnailUrl\":\"https:\/\/petitekingdom.com\/wp-content\/uploads\/2021\/12\/abc-wooden-blocks-le-toy-van.jpg\",\"datePublished\":\"2021-12-20T10:50:18+00:00\",\"dateModified\":\"2022-04-09T15:19:07+00:00\",\"description\":\"M\u0101ciet mazajiem b\u0113rniem alfab\u0113tu un v\u0101rdus ar ABC rota\u013cliet\u0101m, kas atspogu\u013co burti\u0146us. \u0160is ir liels pal\u012bgs apg\u016bt burto\u0161anas prasmes.\",\"breadcrumb\":{\"@id\":\"https:\/\/petitekingdom.com\/lv\/veikals\/abc-koka-klucisi-berniem\/#breadcrumb\"},\"inLanguage\":\"lv-LV\",\"potentialAction\":[{\"@type\":\"ReadAction\",\"target\":[\"https:\/\/petitekingdom.com\/lv\/veikals\/abc-koka-klucisi-berniem\/\"]}]},{\"@type\":\"ImageObject\",\"inLanguage\":\"lv-LV\",\"@id\":\"https:\/\/petitekingdom.com\/lv\/veikals\/abc-koka-klucisi-berniem\/#primaryimage\",\"url\":\"https:\/\/petitekingdom.com\/wp-content\/uploads\/2021\/12\/abc-wooden-blocks-le-toy-van.jpg\",\"contentUrl\":\"https:\/\/petitekingdom.com\/wp-content\/uploads\/2021\/12\/abc-wooden-blocks-le-toy-van.jpg\",\"width\":720,\"height\":720,\"caption\":\"ABC Wooden Blocks - Le Toy Van\"},{\"@type\":\"BreadcrumbList\",\"@id\":\"https:\/\/petitekingdom.com\/lv\/veikals\/abc-koka-klucisi-berniem\/#breadcrumb\",\"itemListElement\":[{\"@type\":\"ListItem\",\"position\":1,\"name\":\"Home\",\"item\":\"https:\/\/petitekingdom.com\/lv\/\"},{\"@type\":\"ListItem\",\"position\":2,\"name\":\"Veikals\",\"item\":\"https:\/\/petitekingdom.com\/lv\/veikals\/\"},{\"@type\":\"ListItem\",\"position\":3,\"name\":\"ABC koka kluc\u012b\u0161i b\u0113rniem\"}]},{\"@type\":\"WebSite\",\"@id\":\"https:\/\/petitekingdom.com\/#website\",\"url\":\"https:\/\/petitekingdom.com\/\",\"name\":\"Petite Kingdom\",\"description\":\"B\u0113rnu izt\u0113lei nav robe\u017eu\",\"publisher\":{\"@id\":\"https:\/\/petitekingdom.com\/#organization\"},\"potentialAction\":[{\"@type\":\"SearchAction\",\"target\":{\"@type\":\"EntryPoint\",\"urlTemplate\":\"https:\/\/petitekingdom.com\/?s={search_term_string}\"},\"query-input\":{\"@type\":\"PropertyValueSpecification\",\"valueRequired\":true,\"valueName\":\"search_term_string\"}}],\"inLanguage\":\"lv-LV\"},{\"@type\":\"Organization\",\"@id\":\"https:\/\/petitekingdom.com\/#organization\",\"name\":\"Petite Kingdom\",\"url\":\"https:\/\/petitekingdom.com\/\",\"logo\":{\"@type\":\"ImageObject\",\"inLanguage\":\"lv-LV\",\"@id\":\"https:\/\/petitekingdom.com\/#\/schema\/logo\/image\/\",\"url\":\"https:\/\/petitekingdom.com\/wp-content\/uploads\/2021\/04\/PT_logo_blackPNG.png\",\"contentUrl\":\"https:\/\/petitekingdom.com\/wp-content\/uploads\/2021\/04\/PT_logo_blackPNG.png\",\"width\":1158,\"height\":500,\"caption\":\"Petite Kingdom\"},\"image\":{\"@id\":\"https:\/\/petitekingdom.com\/#\/schema\/logo\/image\/\"},\"sameAs\":[\"https:\/\/www.facebook.com\/Petite-Kingdom-114272640862559\",\"https:\/\/www.instagram.com\/petite_kingdom\/\"]}]}<\/script>\n<!-- \/ Yoast SEO Premium plugin. -->","yoast_head_json":{"title":"ABC koka kluc\u012b\u0161i b\u0113rniem &#8226; Petite Kingdom","description":"M\u0101ciet mazajiem b\u0113rniem alfab\u0113tu un v\u0101rdus ar ABC rota\u013cliet\u0101m, kas atspogu\u013co burti\u0146us. \u0160is ir liels pal\u012bgs apg\u016bt burto\u0161anas prasmes.","robots":{"index":"index","follow":"follow","max-snippet":"max-snippet:-1","max-image-preview":"max-image-preview:large","max-video-preview":"max-video-preview:-1"},"canonical":"https:\/\/petitekingdom.com\/lv\/veikals\/abc-koka-klucisi-berniem\/","og_locale":"lv_LV","og_type":"article","og_title":"ABC koka kluc\u012b\u0161i b\u0113rniem","og_description":"M\u0101ciet mazajiem b\u0113rniem alfab\u0113tu un v\u0101rdus ar ABC rota\u013cliet\u0101m, kas atspogu\u013co burti\u0146us. \u0160ie klasiskie koka alfab\u0113tu kluc\u012b\u0161i b\u0113rniem ir liels pal\u012bgs apg\u016bt burto\u0161anas prasmes. Ra\u017eoti no ilgstp\u0113j\u012bga koka, kr\u0101saini un perfekt\u0101 izm\u0113r\u0101 ABC koka kluc\u012b\u0161i b\u0113rniem b\u016bs viegli pa\u0146emami mazaj\u0101m roci\u0146\u0101m. Izgl\u012btojo\u0161\u0101s sp\u0113l\u0113s b\u0113rniem pal\u012bdz sagatavot zin\u0101\u0161anas skolai caur rado\u0161u sp\u0113l\u0113\u0161an\u0101s procesu.   ABC rota\u013clietas b\u0113rniem  Piem\u0113rots vecum\u0101 no 12 m\u0113ne\u0161iem+  Izm\u0113ri: 27 x 22.8 x 4.3cm","og_url":"https:\/\/petitekingdom.com\/lv\/veikals\/abc-koka-klucisi-berniem\/","og_site_name":"Petite Kingdom","article_publisher":"https:\/\/www.facebook.com\/Petite-Kingdom-114272640862559","article_modified_time":"2022-04-09T15:19:07+00:00","og_image":[{"width":720,"height":720,"url":"https:\/\/linen-spoonbill-297917.hostingersite.com\/wp-content\/uploads\/2021\/12\/abc-wooden-blocks-le-toy-van.jpg","type":"image\/jpeg"}],"twitter_card":"summary_large_image","schema":{"@context":"https:\/\/schema.org","@graph":[{"@type":"WebPage","@id":"https:\/\/petitekingdom.com\/lv\/veikals\/abc-koka-klucisi-berniem\/","url":"https:\/\/petitekingdom.com\/lv\/veikals\/abc-koka-klucisi-berniem\/","name":"ABC koka kluc\u012b\u0161i b\u0113rniem &#8226; Petite Kingdom","isPartOf":{"@id":"https:\/\/petitekingdom.com\/#website"},"primaryImageOfPage":{"@id":"https:\/\/petitekingdom.com\/lv\/veikals\/abc-koka-klucisi-berniem\/#primaryimage"},"image":{"@id":"https:\/\/petitekingdom.com\/lv\/veikals\/abc-koka-klucisi-berniem\/#primaryimage"},"thumbnailUrl":"https:\/\/petitekingdom.com\/wp-content\/uploads\/2021\/12\/abc-wooden-blocks-le-toy-van.jpg","datePublished":"2021-12-20T10:50:18+00:00","dateModified":"2022-04-09T15:19:07+00:00","description":"M\u0101ciet mazajiem b\u0113rniem alfab\u0113tu un v\u0101rdus ar ABC rota\u013cliet\u0101m, kas atspogu\u013co burti\u0146us. \u0160is ir liels pal\u012bgs apg\u016bt burto\u0161anas prasmes.","breadcrumb":{"@id":"https:\/\/petitekingdom.com\/lv\/veikals\/abc-koka-klucisi-berniem\/#breadcrumb"},"inLanguage":"lv-LV","potentialAction":[{"@type":"ReadAction","target":["https:\/\/petitekingdom.com\/lv\/veikals\/abc-koka-klucisi-berniem\/"]}]},{"@type":"ImageObject","inLanguage":"lv-LV","@id":"https:\/\/petitekingdom.com\/lv\/veikals\/abc-koka-klucisi-berniem\/#primaryimage","url":"https:\/\/petitekingdom.com\/wp-content\/uploads\/2021\/12\/abc-wooden-blocks-le-toy-van.jpg","contentUrl":"https:\/\/petitekingdom.com\/wp-content\/uploads\/2021\/12\/abc-wooden-blocks-le-toy-van.jpg","width":720,"height":720,"caption":"ABC Wooden Blocks - Le Toy Van"},{"@type":"BreadcrumbList","@id":"https:\/\/petitekingdom.com\/lv\/veikals\/abc-koka-klucisi-berniem\/#breadcrumb","itemListElement":[{"@type":"ListItem","position":1,"name":"Home","item":"https:\/\/petitekingdom.com\/lv\/"},{"@type":"ListItem","position":2,"name":"Veikals","item":"https:\/\/petitekingdom.com\/lv\/veikals\/"},{"@type":"ListItem","position":3,"name":"ABC koka kluc\u012b\u0161i b\u0113rniem"}]},{"@type":"WebSite","@id":"https:\/\/petitekingdom.com\/#website","url":"https:\/\/petitekingdom.com\/","name":"Petite Kingdom","description":"B\u0113rnu izt\u0113lei nav robe\u017eu","publisher":{"@id":"https:\/\/petitekingdom.com\/#organization"},"potentialAction":[{"@type":"SearchAction","target":{"@type":"EntryPoint","urlTemplate":"https:\/\/petitekingdom.com\/?s={search_term_string}"},"query-input":{"@type":"PropertyValueSpecification","valueRequired":true,"valueName":"search_term_string"}}],"inLanguage":"lv-LV"},{"@type":"Organization","@id":"https:\/\/petitekingdom.com\/#organization","name":"Petite Kingdom","url":"https:\/\/petitekingdom.com\/","logo":{"@type":"ImageObject","inLanguage":"lv-LV","@id":"https:\/\/petitekingdom.com\/#\/schema\/logo\/image\/","url":"https:\/\/petitekingdom.com\/wp-content\/uploads\/2021\/04\/PT_logo_blackPNG.png","contentUrl":"https:\/\/petitekingdom.com\/wp-content\/uploads\/2021\/04\/PT_logo_blackPNG.png","width":1158,"height":500,"caption":"Petite Kingdom"},"image":{"@id":"https:\/\/petitekingdom.com\/#\/schema\/logo\/image\/"},"sameAs":["https:\/\/www.facebook.com\/Petite-Kingdom-114272640862559","https:\/\/www.instagram.com\/petite_kingdom\/"]}]}},"_links":{"self":[{"href":"https:\/\/petitekingdom.com\/lv\/wp-json\/wp\/v2\/product\/21973"}],"collection":[{"href":"https:\/\/petitekingdom.com\/lv\/wp-json\/wp\/v2\/product"}],"about":[{"href":"https:\/\/petitekingdom.com\/lv\/wp-json\/wp\/v2\/types\/product"}],"wp:featuredmedia":[{"embeddable":true,"href":"https:\/\/petitekingdom.com\/lv\/wp-json\/wp\/v2\/media\/21968"}],"wp:attachment":[{"href":"https:\/\/petitekingdom.com\/lv\/wp-json\/wp\/v2\/media?parent=21973"}],"wp:term":[{"taxonomy":"product_cat","embeddable":true,"href":"https:\/\/petitekingdom.com\/lv\/wp-json\/wp\/v2\/product_cat?post=21973"},{"taxonomy":"product_tag","embeddable":true,"href":"https:\/\/petitekingdom.com\/lv\/wp-json\/wp\/v2\/product_tag?post=21973"},{"taxonomy":"product-material","embeddable":true,"href":"https:\/\/petitekingdom.com\/lv\/wp-json\/wp\/v2\/product-material?post=21973"},{"taxonomy":"product-type","embeddable":true,"href":"https:\/\/petitekingdom.com\/lv\/wp-json\/wp\/v2\/product-type?post=21973"},{"taxonomy":"designers","embeddable":true,"href":"https:\/\/petitekingdom.com\/lv\/wp-json\/wp\/v2\/designers?post=21973"}],"curies":[{"name":"wp","href":"https:\/\/api.w.org\/{rel}","templated":true}]}}