{"id":21734,"date":"2021-12-12T20:26:52","date_gmt":"2021-12-12T18:28:33","guid":{"rendered":"http:\/\/petitekingdom.com\/shop\/uncategorized\/aktivitasu-gramatina-mazuliem-sniegotie-draugi\/"},"modified":"2022-04-09T18:13:04","modified_gmt":"2022-04-09T15:13:04","slug":"audumu-gramatina-mazuliem-sniegotie-draugi","status":"publish","type":"product","link":"https:\/\/petitekingdom.com\/lv\/veikals\/audumu-gramatina-mazuliem-sniegotie-draugi\/","title":{"rendered":"Audumu gr\u0101mati\u0146a mazu\u013ciem Sniegotie draugi"},"content":{"rendered":"","protected":false},"excerpt":{"rendered":"<p>Sniegoto draugu audumu aktivit\u0101\u0161u gr\u0101mati\u0146a mazu\u013ciem ar ilustr\u0113tiem pol\u0101rdz\u012bvniekiem un da\u017e\u0101du fakt\u016bru audumiem ir lieliska pirm\u0101 rota\u013clieta mazu\u013cu mantu kast\u0113. Audumu gr\u0101mati\u0146a mazu\u013ciem Sniegotie draugi ir iesp\u0113jams atloc\u012bt piln\u012bb\u0101 k\u0101 veselu st\u0101stu virkni. \u0160\u012b gr\u0101mati\u0146a mazulim \u013caus att\u012bst\u012bt acu un roku koordin\u0101ciju, sajust da\u017e\u0101da veida materi\u0101lu strukt\u016bras un b\u016bs lielisks izklaid\u0113t\u0101js nomoda stund\u0101s.<\/p>\n<ul>\n<li>Izm\u0113ri: 15 x 1 x 15cm<\/li>\n<li>Piem\u0113rots no dzim\u0161anas<\/li>\n<\/ul>\n","protected":false},"featured_media":21727,"template":"","meta":{"_acf_changed":false},"product_cat":[1271,1274,1354,1357],"product_tag":[],"product-material":[],"product-type":[],"designers":[1077],"class_list":{"0":"post-21734","1":"product","2":"type-product","3":"status-publish","4":"has-post-thumbnail","6":"product_cat-speles-rotallietas-berniem","7":"product_cat-pirmas-rotallietas-zidainim","8":"product_cat-mikstas-rotallietas","9":"product_cat-mikstas-citas","10":"designers-threadbear-design-lv","12":"first","13":"instock","14":"taxable","15":"shipping-taxable","16":"purchasable","17":"product-type-simple"},"acf":[],"yoast_head":"<!-- This site is optimized with the Yoast SEO Premium plugin v23.7 (Yoast SEO v23.7) - https:\/\/yoast.com\/wordpress\/plugins\/seo\/ -->\n<title>Audumu gr\u0101mati\u0146a mazu\u013ciem Sniegotie draugi &#8226; Petite Kingdom<\/title>\n<meta name=\"description\" content=\"Sniegoto draugu audumu aktivit\u0101\u0161u gr\u0101mati\u0146a mazu\u013ciem ar ilustr\u0113tiem pol\u0101rdz\u012bvniekiem un da\u017e\u0101du fakt\u016bru audumiem.\" \/>\n<meta name=\"robots\" content=\"index, follow, max-snippet:-1, max-image-preview:large, max-video-preview:-1\" \/>\n<link rel=\"canonical\" href=\"https:\/\/petitekingdom.com\/lv\/veikals\/audumu-gramatina-mazuliem-sniegotie-draugi\/\" \/>\n<meta property=\"og:locale\" content=\"lv_LV\" \/>\n<meta property=\"og:type\" content=\"article\" \/>\n<meta property=\"og:title\" content=\"Audumu gr\u0101mati\u0146a mazu\u013ciem Sniegotie draugi\" \/>\n<meta property=\"og:description\" content=\"Sniegoto draugu audumu aktivit\u0101\u0161u gr\u0101mati\u0146a mazu\u013ciem ar ilustr\u0113tiem pol\u0101rdz\u012bvniekiem un da\u017e\u0101du fakt\u016bru audumiem ir lieliska pirm\u0101 rota\u013clieta mazu\u013cu mantu kast\u0113. Audumu gr\u0101mati\u0146a mazu\u013ciem Sniegotie draugi ir iesp\u0113jams atloc\u012bt piln\u012bb\u0101 k\u0101 veselu st\u0101stu virkni. \u0160\u012b gr\u0101mati\u0146a mazulim \u013caus att\u012bst\u012bt acu un roku koordin\u0101ciju, sajust da\u017e\u0101da veida materi\u0101lu strukt\u016bras un b\u016bs lielisks izklaid\u0113t\u0101js nomoda stund\u0101s.   Izm\u0113ri: 15 x 1 x 15cm  Piem\u0113rots no dzim\u0161anas\" \/>\n<meta property=\"og:url\" content=\"https:\/\/petitekingdom.com\/lv\/veikals\/audumu-gramatina-mazuliem-sniegotie-draugi\/\" \/>\n<meta property=\"og:site_name\" content=\"Petite Kingdom\" \/>\n<meta property=\"article:publisher\" content=\"https:\/\/www.facebook.com\/Petite-Kingdom-114272640862559\" \/>\n<meta property=\"article:modified_time\" content=\"2022-04-09T15:13:04+00:00\" \/>\n<meta property=\"og:image\" content=\"https:\/\/linen-spoonbill-297917.hostingersite.com\/wp-content\/uploads\/2021\/12\/activity-book-for-babies-snowy-friends-threadbear-design.jpg\" \/>\n\t<meta property=\"og:image:width\" content=\"1145\" \/>\n\t<meta property=\"og:image:height\" content=\"1125\" \/>\n\t<meta property=\"og:image:type\" content=\"image\/jpeg\" \/>\n<meta name=\"twitter:card\" content=\"summary_large_image\" \/>\n<script type=\"application\/ld+json\" class=\"yoast-schema-graph\">{\"@context\":\"https:\/\/schema.org\",\"@graph\":[{\"@type\":\"WebPage\",\"@id\":\"https:\/\/petitekingdom.com\/lv\/veikals\/audumu-gramatina-mazuliem-sniegotie-draugi\/\",\"url\":\"https:\/\/petitekingdom.com\/lv\/veikals\/audumu-gramatina-mazuliem-sniegotie-draugi\/\",\"name\":\"Audumu gr\u0101mati\u0146a mazu\u013ciem Sniegotie draugi &#8226; Petite Kingdom\",\"isPartOf\":{\"@id\":\"https:\/\/petitekingdom.com\/#website\"},\"primaryImageOfPage\":{\"@id\":\"https:\/\/petitekingdom.com\/lv\/veikals\/audumu-gramatina-mazuliem-sniegotie-draugi\/#primaryimage\"},\"image\":{\"@id\":\"https:\/\/petitekingdom.com\/lv\/veikals\/audumu-gramatina-mazuliem-sniegotie-draugi\/#primaryimage\"},\"thumbnailUrl\":\"https:\/\/petitekingdom.com\/wp-content\/uploads\/2021\/12\/activity-book-for-babies-snowy-friends-threadbear-design.jpg\",\"datePublished\":\"2021-12-12T18:28:33+00:00\",\"dateModified\":\"2022-04-09T15:13:04+00:00\",\"description\":\"Sniegoto draugu audumu aktivit\u0101\u0161u gr\u0101mati\u0146a mazu\u013ciem ar ilustr\u0113tiem pol\u0101rdz\u012bvniekiem un da\u017e\u0101du fakt\u016bru audumiem.\",\"breadcrumb\":{\"@id\":\"https:\/\/petitekingdom.com\/lv\/veikals\/audumu-gramatina-mazuliem-sniegotie-draugi\/#breadcrumb\"},\"inLanguage\":\"lv-LV\",\"potentialAction\":[{\"@type\":\"ReadAction\",\"target\":[\"https:\/\/petitekingdom.com\/lv\/veikals\/audumu-gramatina-mazuliem-sniegotie-draugi\/\"]}]},{\"@type\":\"ImageObject\",\"inLanguage\":\"lv-LV\",\"@id\":\"https:\/\/petitekingdom.com\/lv\/veikals\/audumu-gramatina-mazuliem-sniegotie-draugi\/#primaryimage\",\"url\":\"https:\/\/petitekingdom.com\/wp-content\/uploads\/2021\/12\/activity-book-for-babies-snowy-friends-threadbear-design.jpg\",\"contentUrl\":\"https:\/\/petitekingdom.com\/wp-content\/uploads\/2021\/12\/activity-book-for-babies-snowy-friends-threadbear-design.jpg\",\"width\":1145,\"height\":1125,\"caption\":\"Audumu gr\u0101mati\u0146a mazu\u013ciem Sniegotie draugi - ThreadBear Design\"},{\"@type\":\"BreadcrumbList\",\"@id\":\"https:\/\/petitekingdom.com\/lv\/veikals\/audumu-gramatina-mazuliem-sniegotie-draugi\/#breadcrumb\",\"itemListElement\":[{\"@type\":\"ListItem\",\"position\":1,\"name\":\"Home\",\"item\":\"https:\/\/petitekingdom.com\/lv\/\"},{\"@type\":\"ListItem\",\"position\":2,\"name\":\"Veikals\",\"item\":\"https:\/\/petitekingdom.com\/lv\/veikals\/\"},{\"@type\":\"ListItem\",\"position\":3,\"name\":\"Audumu gr\u0101mati\u0146a mazu\u013ciem Sniegotie draugi\"}]},{\"@type\":\"WebSite\",\"@id\":\"https:\/\/petitekingdom.com\/#website\",\"url\":\"https:\/\/petitekingdom.com\/\",\"name\":\"Petite Kingdom\",\"description\":\"B\u0113rnu izt\u0113lei nav robe\u017eu\",\"publisher\":{\"@id\":\"https:\/\/petitekingdom.com\/#organization\"},\"potentialAction\":[{\"@type\":\"SearchAction\",\"target\":{\"@type\":\"EntryPoint\",\"urlTemplate\":\"https:\/\/petitekingdom.com\/?s={search_term_string}\"},\"query-input\":{\"@type\":\"PropertyValueSpecification\",\"valueRequired\":true,\"valueName\":\"search_term_string\"}}],\"inLanguage\":\"lv-LV\"},{\"@type\":\"Organization\",\"@id\":\"https:\/\/petitekingdom.com\/#organization\",\"name\":\"Petite Kingdom\",\"url\":\"https:\/\/petitekingdom.com\/\",\"logo\":{\"@type\":\"ImageObject\",\"inLanguage\":\"lv-LV\",\"@id\":\"https:\/\/petitekingdom.com\/#\/schema\/logo\/image\/\",\"url\":\"https:\/\/petitekingdom.com\/wp-content\/uploads\/2021\/04\/PT_logo_blackPNG.png\",\"contentUrl\":\"https:\/\/petitekingdom.com\/wp-content\/uploads\/2021\/04\/PT_logo_blackPNG.png\",\"width\":1158,\"height\":500,\"caption\":\"Petite Kingdom\"},\"image\":{\"@id\":\"https:\/\/petitekingdom.com\/#\/schema\/logo\/image\/\"},\"sameAs\":[\"https:\/\/www.facebook.com\/Petite-Kingdom-114272640862559\",\"https:\/\/www.instagram.com\/petite_kingdom\/\"]}]}<\/script>\n<!-- \/ Yoast SEO Premium plugin. -->","yoast_head_json":{"title":"Audumu gr\u0101mati\u0146a mazu\u013ciem Sniegotie draugi &#8226; Petite Kingdom","description":"Sniegoto draugu audumu aktivit\u0101\u0161u gr\u0101mati\u0146a mazu\u013ciem ar ilustr\u0113tiem pol\u0101rdz\u012bvniekiem un da\u017e\u0101du fakt\u016bru audumiem.","robots":{"index":"index","follow":"follow","max-snippet":"max-snippet:-1","max-image-preview":"max-image-preview:large","max-video-preview":"max-video-preview:-1"},"canonical":"https:\/\/petitekingdom.com\/lv\/veikals\/audumu-gramatina-mazuliem-sniegotie-draugi\/","og_locale":"lv_LV","og_type":"article","og_title":"Audumu gr\u0101mati\u0146a mazu\u013ciem Sniegotie draugi","og_description":"Sniegoto draugu audumu aktivit\u0101\u0161u gr\u0101mati\u0146a mazu\u013ciem ar ilustr\u0113tiem pol\u0101rdz\u012bvniekiem un da\u017e\u0101du fakt\u016bru audumiem ir lieliska pirm\u0101 rota\u013clieta mazu\u013cu mantu kast\u0113. Audumu gr\u0101mati\u0146a mazu\u013ciem Sniegotie draugi ir iesp\u0113jams atloc\u012bt piln\u012bb\u0101 k\u0101 veselu st\u0101stu virkni. \u0160\u012b gr\u0101mati\u0146a mazulim \u013caus att\u012bst\u012bt acu un roku koordin\u0101ciju, sajust da\u017e\u0101da veida materi\u0101lu strukt\u016bras un b\u016bs lielisks izklaid\u0113t\u0101js nomoda stund\u0101s.   Izm\u0113ri: 15 x 1 x 15cm  Piem\u0113rots no dzim\u0161anas","og_url":"https:\/\/petitekingdom.com\/lv\/veikals\/audumu-gramatina-mazuliem-sniegotie-draugi\/","og_site_name":"Petite Kingdom","article_publisher":"https:\/\/www.facebook.com\/Petite-Kingdom-114272640862559","article_modified_time":"2022-04-09T15:13:04+00:00","og_image":[{"width":1145,"height":1125,"url":"https:\/\/linen-spoonbill-297917.hostingersite.com\/wp-content\/uploads\/2021\/12\/activity-book-for-babies-snowy-friends-threadbear-design.jpg","type":"image\/jpeg"}],"twitter_card":"summary_large_image","schema":{"@context":"https:\/\/schema.org","@graph":[{"@type":"WebPage","@id":"https:\/\/petitekingdom.com\/lv\/veikals\/audumu-gramatina-mazuliem-sniegotie-draugi\/","url":"https:\/\/petitekingdom.com\/lv\/veikals\/audumu-gramatina-mazuliem-sniegotie-draugi\/","name":"Audumu gr\u0101mati\u0146a mazu\u013ciem Sniegotie draugi &#8226; Petite Kingdom","isPartOf":{"@id":"https:\/\/petitekingdom.com\/#website"},"primaryImageOfPage":{"@id":"https:\/\/petitekingdom.com\/lv\/veikals\/audumu-gramatina-mazuliem-sniegotie-draugi\/#primaryimage"},"image":{"@id":"https:\/\/petitekingdom.com\/lv\/veikals\/audumu-gramatina-mazuliem-sniegotie-draugi\/#primaryimage"},"thumbnailUrl":"https:\/\/petitekingdom.com\/wp-content\/uploads\/2021\/12\/activity-book-for-babies-snowy-friends-threadbear-design.jpg","datePublished":"2021-12-12T18:28:33+00:00","dateModified":"2022-04-09T15:13:04+00:00","description":"Sniegoto draugu audumu aktivit\u0101\u0161u gr\u0101mati\u0146a mazu\u013ciem ar ilustr\u0113tiem pol\u0101rdz\u012bvniekiem un da\u017e\u0101du fakt\u016bru audumiem.","breadcrumb":{"@id":"https:\/\/petitekingdom.com\/lv\/veikals\/audumu-gramatina-mazuliem-sniegotie-draugi\/#breadcrumb"},"inLanguage":"lv-LV","potentialAction":[{"@type":"ReadAction","target":["https:\/\/petitekingdom.com\/lv\/veikals\/audumu-gramatina-mazuliem-sniegotie-draugi\/"]}]},{"@type":"ImageObject","inLanguage":"lv-LV","@id":"https:\/\/petitekingdom.com\/lv\/veikals\/audumu-gramatina-mazuliem-sniegotie-draugi\/#primaryimage","url":"https:\/\/petitekingdom.com\/wp-content\/uploads\/2021\/12\/activity-book-for-babies-snowy-friends-threadbear-design.jpg","contentUrl":"https:\/\/petitekingdom.com\/wp-content\/uploads\/2021\/12\/activity-book-for-babies-snowy-friends-threadbear-design.jpg","width":1145,"height":1125,"caption":"Audumu gr\u0101mati\u0146a mazu\u013ciem Sniegotie draugi - ThreadBear Design"},{"@type":"BreadcrumbList","@id":"https:\/\/petitekingdom.com\/lv\/veikals\/audumu-gramatina-mazuliem-sniegotie-draugi\/#breadcrumb","itemListElement":[{"@type":"ListItem","position":1,"name":"Home","item":"https:\/\/petitekingdom.com\/lv\/"},{"@type":"ListItem","position":2,"name":"Veikals","item":"https:\/\/petitekingdom.com\/lv\/veikals\/"},{"@type":"ListItem","position":3,"name":"Audumu gr\u0101mati\u0146a mazu\u013ciem Sniegotie draugi"}]},{"@type":"WebSite","@id":"https:\/\/petitekingdom.com\/#website","url":"https:\/\/petitekingdom.com\/","name":"Petite Kingdom","description":"B\u0113rnu izt\u0113lei nav robe\u017eu","publisher":{"@id":"https:\/\/petitekingdom.com\/#organization"},"potentialAction":[{"@type":"SearchAction","target":{"@type":"EntryPoint","urlTemplate":"https:\/\/petitekingdom.com\/?s={search_term_string}"},"query-input":{"@type":"PropertyValueSpecification","valueRequired":true,"valueName":"search_term_string"}}],"inLanguage":"lv-LV"},{"@type":"Organization","@id":"https:\/\/petitekingdom.com\/#organization","name":"Petite Kingdom","url":"https:\/\/petitekingdom.com\/","logo":{"@type":"ImageObject","inLanguage":"lv-LV","@id":"https:\/\/petitekingdom.com\/#\/schema\/logo\/image\/","url":"https:\/\/petitekingdom.com\/wp-content\/uploads\/2021\/04\/PT_logo_blackPNG.png","contentUrl":"https:\/\/petitekingdom.com\/wp-content\/uploads\/2021\/04\/PT_logo_blackPNG.png","width":1158,"height":500,"caption":"Petite Kingdom"},"image":{"@id":"https:\/\/petitekingdom.com\/#\/schema\/logo\/image\/"},"sameAs":["https:\/\/www.facebook.com\/Petite-Kingdom-114272640862559","https:\/\/www.instagram.com\/petite_kingdom\/"]}]}},"_links":{"self":[{"href":"https:\/\/petitekingdom.com\/lv\/wp-json\/wp\/v2\/product\/21734"}],"collection":[{"href":"https:\/\/petitekingdom.com\/lv\/wp-json\/wp\/v2\/product"}],"about":[{"href":"https:\/\/petitekingdom.com\/lv\/wp-json\/wp\/v2\/types\/product"}],"wp:featuredmedia":[{"embeddable":true,"href":"https:\/\/petitekingdom.com\/lv\/wp-json\/wp\/v2\/media\/21727"}],"wp:attachment":[{"href":"https:\/\/petitekingdom.com\/lv\/wp-json\/wp\/v2\/media?parent=21734"}],"wp:term":[{"taxonomy":"product_cat","embeddable":true,"href":"https:\/\/petitekingdom.com\/lv\/wp-json\/wp\/v2\/product_cat?post=21734"},{"taxonomy":"product_tag","embeddable":true,"href":"https:\/\/petitekingdom.com\/lv\/wp-json\/wp\/v2\/product_tag?post=21734"},{"taxonomy":"product-material","embeddable":true,"href":"https:\/\/petitekingdom.com\/lv\/wp-json\/wp\/v2\/product-material?post=21734"},{"taxonomy":"product-type","embeddable":true,"href":"https:\/\/petitekingdom.com\/lv\/wp-json\/wp\/v2\/product-type?post=21734"},{"taxonomy":"designers","embeddable":true,"href":"https:\/\/petitekingdom.com\/lv\/wp-json\/wp\/v2\/designers?post=21734"}],"curies":[{"name":"wp","href":"https:\/\/api.w.org\/{rel}","templated":true}]}}