{"id":20885,"date":"2021-11-24T21:56:20","date_gmt":"2021-11-24T18:59:26","guid":{"rendered":"http:\/\/petitekingdom.com\/shop\/uncategorized\/buvejami-koka-kluci-berniem\/"},"modified":"2021-12-09T19:38:18","modified_gmt":"2021-12-09T17:38:18","slug":"buvejami-koka-kluci-berniem","status":"publish","type":"product","link":"https:\/\/petitekingdom.com\/lv\/veikals\/buvejami-koka-kluci-berniem\/","title":{"rendered":"B\u016bv\u0113jami koka klu\u010di b\u0113rniem"},"content":{"rendered":"","protected":false},"excerpt":{"rendered":"<p>B\u016bv\u0113jami koka klu\u010di b\u0113rniem no Le Toy Van ir koka rota\u013clietu pamatklasika katra b\u0113rna istab\u0101. T\u0101 nebeidz p\u0101rsteigt ar da\u017e\u0101d\u0101m form\u0101m un kr\u0101s\u0101m, sevi\u0161\u0137i, ja komplet\u0101 ietilpst 60 gabali koka kluc\u012b\u0161i. \u0160\u012b koka rota\u013clieta lieliski tren\u0113 uzman\u012bbu, paciet\u012bbu, precizit\u0101ti. Kur\u0161 m\u0101k no \u0161iem klu\u010diem uzb\u016bv\u0113t b\u0113rnu koku m\u0101ji\u0146as?<\/p>\n<ul>\n<li>Piem\u0113rots vecumam &#8211; 12 m\u0113ne\u0161i+<\/li>\n<li>Komplekt\u0101 60 gab koka klu\u010di b\u0113rniem<\/li>\n<li>Pal\u012bdz att\u012bst\u012bt izzi\u0146as prasmes, veikl\u012bbu un roku koordin\u0101ciju<\/li>\n<li>Koka rota\u013clieta izgatavota no iztur\u012bga, ilgtsp\u0113j\u012bga gumijas koka<\/li>\n<\/ul>\n","protected":false},"featured_media":20879,"template":"","meta":{"_acf_changed":false},"product_cat":[1271,1274,1272,1278,1275],"product_tag":[],"product-material":[],"product-type":[],"designers":[1073],"class_list":{"0":"post-20885","1":"product","2":"type-product","3":"status-publish","4":"has-post-thumbnail","6":"product_cat-speles-rotallietas-berniem","7":"product_cat-pirmas-rotallietas-zidainim","8":"product_cat-koka-rotallietas","9":"product_cat-klasiskas-rotallietas","10":"product_cat-izglitojosas-speles-berniem","11":"designers-le-toy-van-lv","13":"first","14":"instock","15":"taxable","16":"shipping-taxable","17":"purchasable","18":"product-type-simple"},"acf":[],"yoast_head":"<!-- This site is optimized with the Yoast SEO Premium plugin v23.7 (Yoast SEO v23.7) - https:\/\/yoast.com\/wordpress\/plugins\/seo\/ -->\n<title>B\u016bv\u0113jami koka klu\u010di b\u0113rniem &#8226; Petite Kingdom<\/title>\n<meta name=\"description\" content=\"B\u016bv\u0113jami koka klu\u010di b\u0113rniem no Le Toy Van ir koka rota\u013clietu pamatklasika katra b\u0113rna istab\u0101. T\u0101 nebeidz p\u0101rsteigt ar da\u017e\u0101d\u0101m form\u0101m un kr\u0101s\u0101m, sevi\u0161\u0137i, ja komplet\u0101 ietilpst 60 gabali koka kluc\u012b\u0161i. \u0160\u012b koka rota\u013clieta lieliski tren\u0113 uzman\u012bbu, paciet\u012bbu, precizit\u0101ti. Kur\u0161 m\u0101k no \u0161iem klu\u010diem uzb\u016bv\u0113t b\u0113rnu koku m\u0101ji\u0146as?\" \/>\n<meta name=\"robots\" content=\"index, follow, max-snippet:-1, max-image-preview:large, max-video-preview:-1\" \/>\n<link rel=\"canonical\" href=\"https:\/\/petitekingdom.com\/shop\/60-building-blocks-with-cotton-bag\/\" \/>\n<meta property=\"og:locale\" content=\"lv_LV\" \/>\n<meta property=\"og:type\" content=\"article\" \/>\n<meta property=\"og:title\" content=\"B\u016bv\u0113jami koka klu\u010di b\u0113rniem\" \/>\n<meta property=\"og:description\" content=\"B\u016bv\u0113jami koka klu\u010di b\u0113rniem no Le Toy Van ir koka rota\u013clietu pamatklasika katra b\u0113rna istab\u0101. T\u0101 nebeidz p\u0101rsteigt ar da\u017e\u0101d\u0101m form\u0101m un kr\u0101s\u0101m, sevi\u0161\u0137i, ja komplet\u0101 ietilpst 60 gabali koka kluc\u012b\u0161i. \u0160\u012b koka rota\u013clieta lieliski tren\u0113 uzman\u012bbu, paciet\u012bbu, precizit\u0101ti. Kur\u0161 m\u0101k no \u0161iem klu\u010diem uzb\u016bv\u0113t b\u0113rnu koku m\u0101ji\u0146as?\" \/>\n<meta property=\"og:url\" content=\"https:\/\/petitekingdom.com\/shop\/60-building-blocks-with-cotton-bag\/\" \/>\n<meta property=\"og:site_name\" content=\"Petite Kingdom\" \/>\n<meta property=\"article:publisher\" content=\"https:\/\/www.facebook.com\/Petite-Kingdom-114272640862559\" \/>\n<meta property=\"article:modified_time\" content=\"2021-12-09T17:38:18+00:00\" \/>\n<meta property=\"og:image\" content=\"https:\/\/petitekingdom.com\/wp-content\/uploads\/2021\/11\/60-building-blocks-with-cotton-bag-le-toy-van.jpg\" \/>\n\t<meta property=\"og:image:width\" content=\"720\" \/>\n\t<meta property=\"og:image:height\" content=\"720\" \/>\n\t<meta property=\"og:image:type\" content=\"image\/jpeg\" \/>\n<meta name=\"twitter:card\" content=\"summary_large_image\" \/>\n<meta name=\"twitter:title\" content=\"B\u016bv\u0113jami koka klu\u010di b\u0113rniem\" \/>\n<meta name=\"twitter:description\" content=\"B\u016bv\u0113jami koka klu\u010di b\u0113rniem no Le Toy Van ir koka rota\u013clietu pamatklasika katra b\u0113rna istab\u0101. T\u0101 nebeidz p\u0101rsteigt ar da\u017e\u0101d\u0101m form\u0101m un kr\u0101s\u0101m, sevi\u0161\u0137i, ja komplet\u0101 ietilpst 60 gabali koka kluc\u012b\u0161i. \u0160\u012b koka rota\u013clieta lieliski tren\u0113 uzman\u012bbu, paciet\u012bbu, precizit\u0101ti. Kur\u0161 m\u0101k no \u0161iem klu\u010diem uzb\u016bv\u0113t b\u0113rnu koku m\u0101ji\u0146as?   Piem\u0113rots vecumam - 12 m\u0113ne\u0161i+  Komplekt\u0101 60 gab koka klu\u010di b\u0113rniem  Pal\u012bdz att\u012bst\u012bt izzi\u0146as prasmes, veikl\u012bbu un roku koordin\u0101ciju  Koka rota\u013clieta izgatavota no iztur\u012bga, ilgtsp\u0113j\u012bga gumijas koka\" \/>\n<script type=\"application\/ld+json\" class=\"yoast-schema-graph\">{\"@context\":\"https:\/\/schema.org\",\"@graph\":[{\"@type\":\"WebPage\",\"@id\":\"https:\/\/petitekingdom.com\/shop\/60-building-blocks-with-cotton-bag\/\",\"url\":\"https:\/\/petitekingdom.com\/shop\/60-building-blocks-with-cotton-bag\/\",\"name\":\"B\u016bv\u0113jami koka klu\u010di b\u0113rniem &#8226; Petite Kingdom\",\"isPartOf\":{\"@id\":\"https:\/\/petitekingdom.com\/#website\"},\"primaryImageOfPage\":{\"@id\":\"https:\/\/petitekingdom.com\/shop\/60-building-blocks-with-cotton-bag\/#primaryimage\"},\"image\":{\"@id\":\"https:\/\/petitekingdom.com\/shop\/60-building-blocks-with-cotton-bag\/#primaryimage\"},\"thumbnailUrl\":\"https:\/\/petitekingdom.com\/wp-content\/uploads\/2021\/11\/60-building-blocks-with-cotton-bag-le-toy-van.jpg\",\"datePublished\":\"2021-11-24T18:59:26+00:00\",\"dateModified\":\"2021-12-09T17:38:18+00:00\",\"description\":\"B\u016bv\u0113jami koka klu\u010di b\u0113rniem no Le Toy Van ir koka rota\u013clietu pamatklasika katra b\u0113rna istab\u0101. T\u0101 nebeidz p\u0101rsteigt ar da\u017e\u0101d\u0101m form\u0101m un kr\u0101s\u0101m, sevi\u0161\u0137i, ja komplet\u0101 ietilpst 60 gabali koka kluc\u012b\u0161i. \u0160\u012b koka rota\u013clieta lieliski tren\u0113 uzman\u012bbu, paciet\u012bbu, precizit\u0101ti. Kur\u0161 m\u0101k no \u0161iem klu\u010diem uzb\u016bv\u0113t b\u0113rnu koku m\u0101ji\u0146as?\",\"breadcrumb\":{\"@id\":\"https:\/\/petitekingdom.com\/shop\/60-building-blocks-with-cotton-bag\/#breadcrumb\"},\"inLanguage\":\"lv-LV\",\"potentialAction\":[{\"@type\":\"ReadAction\",\"target\":[\"https:\/\/petitekingdom.com\/shop\/60-building-blocks-with-cotton-bag\/\"]}]},{\"@type\":\"ImageObject\",\"inLanguage\":\"lv-LV\",\"@id\":\"https:\/\/petitekingdom.com\/shop\/60-building-blocks-with-cotton-bag\/#primaryimage\",\"url\":\"https:\/\/petitekingdom.com\/wp-content\/uploads\/2021\/11\/60-building-blocks-with-cotton-bag-le-toy-van.jpg\",\"contentUrl\":\"https:\/\/petitekingdom.com\/wp-content\/uploads\/2021\/11\/60-building-blocks-with-cotton-bag-le-toy-van.jpg\",\"width\":720,\"height\":720,\"caption\":\"B\u016bv\u0113jami koka klu\u010di b\u0113rniem - Le Toy Van\"},{\"@type\":\"BreadcrumbList\",\"@id\":\"https:\/\/petitekingdom.com\/shop\/60-building-blocks-with-cotton-bag\/#breadcrumb\",\"itemListElement\":[{\"@type\":\"ListItem\",\"position\":1,\"name\":\"Home\",\"item\":\"https:\/\/petitekingdom.com\/lv\/\"},{\"@type\":\"ListItem\",\"position\":2,\"name\":\"Veikals\",\"item\":\"https:\/\/petitekingdom.com\/lv\/veikals\/\"},{\"@type\":\"ListItem\",\"position\":3,\"name\":\"B\u016bv\u0113jami koka klu\u010di b\u0113rniem\"}]},{\"@type\":\"WebSite\",\"@id\":\"https:\/\/petitekingdom.com\/#website\",\"url\":\"https:\/\/petitekingdom.com\/\",\"name\":\"Petite Kingdom\",\"description\":\"B\u0113rnu izt\u0113lei nav robe\u017eu\",\"publisher\":{\"@id\":\"https:\/\/petitekingdom.com\/#organization\"},\"potentialAction\":[{\"@type\":\"SearchAction\",\"target\":{\"@type\":\"EntryPoint\",\"urlTemplate\":\"https:\/\/petitekingdom.com\/?s={search_term_string}\"},\"query-input\":{\"@type\":\"PropertyValueSpecification\",\"valueRequired\":true,\"valueName\":\"search_term_string\"}}],\"inLanguage\":\"lv-LV\"},{\"@type\":\"Organization\",\"@id\":\"https:\/\/petitekingdom.com\/#organization\",\"name\":\"Petite Kingdom\",\"url\":\"https:\/\/petitekingdom.com\/\",\"logo\":{\"@type\":\"ImageObject\",\"inLanguage\":\"lv-LV\",\"@id\":\"https:\/\/petitekingdom.com\/#\/schema\/logo\/image\/\",\"url\":\"https:\/\/petitekingdom.com\/wp-content\/uploads\/2021\/04\/PT_logo_blackPNG.png\",\"contentUrl\":\"https:\/\/petitekingdom.com\/wp-content\/uploads\/2021\/04\/PT_logo_blackPNG.png\",\"width\":1158,\"height\":500,\"caption\":\"Petite Kingdom\"},\"image\":{\"@id\":\"https:\/\/petitekingdom.com\/#\/schema\/logo\/image\/\"},\"sameAs\":[\"https:\/\/www.facebook.com\/Petite-Kingdom-114272640862559\",\"https:\/\/www.instagram.com\/petite_kingdom\/\"]}]}<\/script>\n<!-- \/ Yoast SEO Premium plugin. -->","yoast_head_json":{"title":"B\u016bv\u0113jami koka klu\u010di b\u0113rniem &#8226; Petite Kingdom","description":"B\u016bv\u0113jami koka klu\u010di b\u0113rniem no Le Toy Van ir koka rota\u013clietu pamatklasika katra b\u0113rna istab\u0101. T\u0101 nebeidz p\u0101rsteigt ar da\u017e\u0101d\u0101m form\u0101m un kr\u0101s\u0101m, sevi\u0161\u0137i, ja komplet\u0101 ietilpst 60 gabali koka kluc\u012b\u0161i. \u0160\u012b koka rota\u013clieta lieliski tren\u0113 uzman\u012bbu, paciet\u012bbu, precizit\u0101ti. Kur\u0161 m\u0101k no \u0161iem klu\u010diem uzb\u016bv\u0113t b\u0113rnu koku m\u0101ji\u0146as?","robots":{"index":"index","follow":"follow","max-snippet":"max-snippet:-1","max-image-preview":"max-image-preview:large","max-video-preview":"max-video-preview:-1"},"canonical":"https:\/\/petitekingdom.com\/shop\/60-building-blocks-with-cotton-bag\/","og_locale":"lv_LV","og_type":"article","og_title":"B\u016bv\u0113jami koka klu\u010di b\u0113rniem","og_description":"B\u016bv\u0113jami koka klu\u010di b\u0113rniem no Le Toy Van ir koka rota\u013clietu pamatklasika katra b\u0113rna istab\u0101. T\u0101 nebeidz p\u0101rsteigt ar da\u017e\u0101d\u0101m form\u0101m un kr\u0101s\u0101m, sevi\u0161\u0137i, ja komplet\u0101 ietilpst 60 gabali koka kluc\u012b\u0161i. \u0160\u012b koka rota\u013clieta lieliski tren\u0113 uzman\u012bbu, paciet\u012bbu, precizit\u0101ti. Kur\u0161 m\u0101k no \u0161iem klu\u010diem uzb\u016bv\u0113t b\u0113rnu koku m\u0101ji\u0146as?","og_url":"https:\/\/petitekingdom.com\/shop\/60-building-blocks-with-cotton-bag\/","og_site_name":"Petite Kingdom","article_publisher":"https:\/\/www.facebook.com\/Petite-Kingdom-114272640862559","article_modified_time":"2021-12-09T17:38:18+00:00","og_image":[{"width":720,"height":720,"url":"https:\/\/petitekingdom.com\/wp-content\/uploads\/2021\/11\/60-building-blocks-with-cotton-bag-le-toy-van.jpg","type":"image\/jpeg"}],"twitter_card":"summary_large_image","twitter_title":"B\u016bv\u0113jami koka klu\u010di b\u0113rniem","twitter_description":"B\u016bv\u0113jami koka klu\u010di b\u0113rniem no Le Toy Van ir koka rota\u013clietu pamatklasika katra b\u0113rna istab\u0101. T\u0101 nebeidz p\u0101rsteigt ar da\u017e\u0101d\u0101m form\u0101m un kr\u0101s\u0101m, sevi\u0161\u0137i, ja komplet\u0101 ietilpst 60 gabali koka kluc\u012b\u0161i. \u0160\u012b koka rota\u013clieta lieliski tren\u0113 uzman\u012bbu, paciet\u012bbu, precizit\u0101ti. Kur\u0161 m\u0101k no \u0161iem klu\u010diem uzb\u016bv\u0113t b\u0113rnu koku m\u0101ji\u0146as?   Piem\u0113rots vecumam - 12 m\u0113ne\u0161i+  Komplekt\u0101 60 gab koka klu\u010di b\u0113rniem  Pal\u012bdz att\u012bst\u012bt izzi\u0146as prasmes, veikl\u012bbu un roku koordin\u0101ciju  Koka rota\u013clieta izgatavota no iztur\u012bga, ilgtsp\u0113j\u012bga gumijas koka","schema":{"@context":"https:\/\/schema.org","@graph":[{"@type":"WebPage","@id":"https:\/\/petitekingdom.com\/shop\/60-building-blocks-with-cotton-bag\/","url":"https:\/\/petitekingdom.com\/shop\/60-building-blocks-with-cotton-bag\/","name":"B\u016bv\u0113jami koka klu\u010di b\u0113rniem &#8226; Petite Kingdom","isPartOf":{"@id":"https:\/\/petitekingdom.com\/#website"},"primaryImageOfPage":{"@id":"https:\/\/petitekingdom.com\/shop\/60-building-blocks-with-cotton-bag\/#primaryimage"},"image":{"@id":"https:\/\/petitekingdom.com\/shop\/60-building-blocks-with-cotton-bag\/#primaryimage"},"thumbnailUrl":"https:\/\/petitekingdom.com\/wp-content\/uploads\/2021\/11\/60-building-blocks-with-cotton-bag-le-toy-van.jpg","datePublished":"2021-11-24T18:59:26+00:00","dateModified":"2021-12-09T17:38:18+00:00","description":"B\u016bv\u0113jami koka klu\u010di b\u0113rniem no Le Toy Van ir koka rota\u013clietu pamatklasika katra b\u0113rna istab\u0101. T\u0101 nebeidz p\u0101rsteigt ar da\u017e\u0101d\u0101m form\u0101m un kr\u0101s\u0101m, sevi\u0161\u0137i, ja komplet\u0101 ietilpst 60 gabali koka kluc\u012b\u0161i. \u0160\u012b koka rota\u013clieta lieliski tren\u0113 uzman\u012bbu, paciet\u012bbu, precizit\u0101ti. Kur\u0161 m\u0101k no \u0161iem klu\u010diem uzb\u016bv\u0113t b\u0113rnu koku m\u0101ji\u0146as?","breadcrumb":{"@id":"https:\/\/petitekingdom.com\/shop\/60-building-blocks-with-cotton-bag\/#breadcrumb"},"inLanguage":"lv-LV","potentialAction":[{"@type":"ReadAction","target":["https:\/\/petitekingdom.com\/shop\/60-building-blocks-with-cotton-bag\/"]}]},{"@type":"ImageObject","inLanguage":"lv-LV","@id":"https:\/\/petitekingdom.com\/shop\/60-building-blocks-with-cotton-bag\/#primaryimage","url":"https:\/\/petitekingdom.com\/wp-content\/uploads\/2021\/11\/60-building-blocks-with-cotton-bag-le-toy-van.jpg","contentUrl":"https:\/\/petitekingdom.com\/wp-content\/uploads\/2021\/11\/60-building-blocks-with-cotton-bag-le-toy-van.jpg","width":720,"height":720,"caption":"B\u016bv\u0113jami koka klu\u010di b\u0113rniem - Le Toy Van"},{"@type":"BreadcrumbList","@id":"https:\/\/petitekingdom.com\/shop\/60-building-blocks-with-cotton-bag\/#breadcrumb","itemListElement":[{"@type":"ListItem","position":1,"name":"Home","item":"https:\/\/petitekingdom.com\/lv\/"},{"@type":"ListItem","position":2,"name":"Veikals","item":"https:\/\/petitekingdom.com\/lv\/veikals\/"},{"@type":"ListItem","position":3,"name":"B\u016bv\u0113jami koka klu\u010di b\u0113rniem"}]},{"@type":"WebSite","@id":"https:\/\/petitekingdom.com\/#website","url":"https:\/\/petitekingdom.com\/","name":"Petite Kingdom","description":"B\u0113rnu izt\u0113lei nav robe\u017eu","publisher":{"@id":"https:\/\/petitekingdom.com\/#organization"},"potentialAction":[{"@type":"SearchAction","target":{"@type":"EntryPoint","urlTemplate":"https:\/\/petitekingdom.com\/?s={search_term_string}"},"query-input":{"@type":"PropertyValueSpecification","valueRequired":true,"valueName":"search_term_string"}}],"inLanguage":"lv-LV"},{"@type":"Organization","@id":"https:\/\/petitekingdom.com\/#organization","name":"Petite Kingdom","url":"https:\/\/petitekingdom.com\/","logo":{"@type":"ImageObject","inLanguage":"lv-LV","@id":"https:\/\/petitekingdom.com\/#\/schema\/logo\/image\/","url":"https:\/\/petitekingdom.com\/wp-content\/uploads\/2021\/04\/PT_logo_blackPNG.png","contentUrl":"https:\/\/petitekingdom.com\/wp-content\/uploads\/2021\/04\/PT_logo_blackPNG.png","width":1158,"height":500,"caption":"Petite Kingdom"},"image":{"@id":"https:\/\/petitekingdom.com\/#\/schema\/logo\/image\/"},"sameAs":["https:\/\/www.facebook.com\/Petite-Kingdom-114272640862559","https:\/\/www.instagram.com\/petite_kingdom\/"]}]}},"_links":{"self":[{"href":"https:\/\/petitekingdom.com\/lv\/wp-json\/wp\/v2\/product\/20885"}],"collection":[{"href":"https:\/\/petitekingdom.com\/lv\/wp-json\/wp\/v2\/product"}],"about":[{"href":"https:\/\/petitekingdom.com\/lv\/wp-json\/wp\/v2\/types\/product"}],"wp:featuredmedia":[{"embeddable":true,"href":"https:\/\/petitekingdom.com\/lv\/wp-json\/wp\/v2\/media\/20879"}],"wp:attachment":[{"href":"https:\/\/petitekingdom.com\/lv\/wp-json\/wp\/v2\/media?parent=20885"}],"wp:term":[{"taxonomy":"product_cat","embeddable":true,"href":"https:\/\/petitekingdom.com\/lv\/wp-json\/wp\/v2\/product_cat?post=20885"},{"taxonomy":"product_tag","embeddable":true,"href":"https:\/\/petitekingdom.com\/lv\/wp-json\/wp\/v2\/product_tag?post=20885"},{"taxonomy":"product-material","embeddable":true,"href":"https:\/\/petitekingdom.com\/lv\/wp-json\/wp\/v2\/product-material?post=20885"},{"taxonomy":"product-type","embeddable":true,"href":"https:\/\/petitekingdom.com\/lv\/wp-json\/wp\/v2\/product-type?post=20885"},{"taxonomy":"designers","embeddable":true,"href":"https:\/\/petitekingdom.com\/lv\/wp-json\/wp\/v2\/designers?post=20885"}],"curies":[{"name":"wp","href":"https:\/\/api.w.org\/{rel}","templated":true}]}}