{"id":20884,"date":"2021-11-24T21:53:42","date_gmt":"2021-11-24T18:58:03","guid":{"rendered":"http:\/\/petitekingdom.com\/shop\/uncategorized\/koka-ksilofons-berniem\/"},"modified":"2021-12-09T21:41:53","modified_gmt":"2021-12-09T19:41:53","slug":"koka-ksilofons-berniem","status":"publish","type":"product","link":"https:\/\/petitekingdom.com\/lv\/veikals\/koka-ksilofons-berniem\/","title":{"rendered":"Koka Ksilofons b\u0113rniem"},"content":{"rendered":"","protected":false},"excerpt":{"rendered":"<p>Lieliska d\u0101vana mazajam maestro no Lielbrit\u0101\u0146u ra\u017eot\u0101ja Le Toy Van, lai att\u012bst\u012btu veikl\u012bbu un muzik\u0101l\u0101s prasmes uz \u0161o koka ksilofona. Koka Ksilofons b\u0113rniem sast\u0101v no 5 to\u0146u skano\u0161\u0101m pl\u0101ksn\u0113m, kas pal\u012bdz b\u0113rniem iesaist\u012bties rota\u013c\u0101s jau no mazotnes.<\/p>\n<ul>\n<li>Piem\u0113rots vecum\u0101 no 18 m\u0113ne\u0161iem +<\/li>\n<li>Izm\u0113ri: P:198mm A:31-41mm G:176mm<\/li>\n<li>Muzik\u0101l\u0101s rota\u013clietas b\u0113rniem<\/li>\n<li>Multisensoriska rota\u013clieta<\/li>\n<li>Veicina izzi\u0146as prasmes, veikl\u012bbu un formu atpaz\u012b\u0161anu<\/li>\n<\/ul>\n","protected":false},"featured_media":20874,"template":"","meta":{"_acf_changed":false},"product_brand":[],"product_cat":[1275,1272,1277,1274,1271],"product_tag":[],"product-material":[],"product-type":[],"designers":[1073],"class_list":{"0":"post-20884","1":"product","2":"type-product","3":"status-publish","4":"has-post-thumbnail","6":"product_cat-izglitojosas-speles-berniem","7":"product_cat-koka-rotallietas","8":"product_cat-muzikalas-rotallietas","9":"product_cat-pirmas-rotallietas-zidainim","10":"product_cat-speles-rotallietas-berniem","11":"designers-le-toy-van-lv","13":"first","14":"instock","15":"taxable","16":"shipping-taxable","17":"purchasable","18":"product-type-simple"},"acf":[],"yoast_head":"<!-- This site is optimized with the Yoast SEO Premium plugin v23.7 (Yoast SEO v27.5) - https:\/\/yoast.com\/product\/yoast-seo-premium-wordpress\/ -->\n<title>Koka Ksilofons b\u0113rniem &#8226; Petite Kingdom<\/title>\n<meta name=\"description\" content=\"Lieliska d\u0101vana mazajam maestro no Lielbrit\u0101\u0146u ra\u017eot\u0101ja Le Toy Van, lai att\u012bst\u012btu veikl\u012bbu un muzik\u0101l\u0101s prasmes uz \u0161o koka ksilofona. Koka Ksilofons b\u0113rniem sast\u0101v no 5 to\u0146u skano\u0161\u0101m pl\u0101ksn\u0113m, kas pal\u012bdz b\u0113rniem iesaist\u012bties rota\u013c\u0101s jau no mazotnes.\" \/>\n<meta name=\"robots\" content=\"index, follow, max-snippet:-1, max-image-preview:large, max-video-preview:-1\" \/>\n<link rel=\"canonical\" href=\"https:\/\/petitekingdom.com\/shop\/xylophone-activity-tile\/\" \/>\n<meta property=\"og:locale\" content=\"lv_LV\" \/>\n<meta property=\"og:type\" content=\"article\" \/>\n<meta property=\"og:title\" content=\"Koka Ksilofons b\u0113rniem\" \/>\n<meta property=\"og:description\" content=\"Lieliska d\u0101vana mazajam maestro no Lielbrit\u0101\u0146u ra\u017eot\u0101ja Le Toy Van, lai att\u012bst\u012btu veikl\u012bbu un muzik\u0101l\u0101s prasmes uz \u0161o koka ksilofona. Koka Ksilofons b\u0113rniem sast\u0101v no 5 to\u0146u skano\u0161\u0101m pl\u0101ksn\u0113m, kas pal\u012bdz b\u0113rniem iesaist\u012bties rota\u013c\u0101s jau no mazotnes.\" \/>\n<meta property=\"og:url\" content=\"https:\/\/petitekingdom.com\/shop\/xylophone-activity-tile\/\" \/>\n<meta property=\"og:site_name\" content=\"Petite Kingdom\" \/>\n<meta property=\"article:publisher\" content=\"https:\/\/www.facebook.com\/Petite-Kingdom-114272640862559\" \/>\n<meta property=\"article:modified_time\" content=\"2021-12-09T19:41:53+00:00\" \/>\n<meta property=\"og:image\" content=\"https:\/\/petitekingdom.com\/wp-content\/uploads\/2021\/11\/xylophone-activity-tile-le-toy-van.jpg\" \/>\n\t<meta property=\"og:image:width\" content=\"720\" \/>\n\t<meta property=\"og:image:height\" content=\"720\" \/>\n\t<meta property=\"og:image:type\" content=\"image\/jpeg\" \/>\n<meta name=\"twitter:card\" content=\"summary_large_image\" \/>\n<meta name=\"twitter:title\" content=\"Koka Ksilofons b\u0113rniem\" \/>\n<meta name=\"twitter:description\" content=\"Lieliska d\u0101vana mazajam maestro no Lielbrit\u0101\u0146u ra\u017eot\u0101ja Le Toy Van, lai att\u012bst\u012btu veikl\u012bbu un muzik\u0101l\u0101s prasmes uz \u0161o koka ksilofona. Koka Ksilofons b\u0113rniem sast\u0101v no 5 to\u0146u skano\u0161\u0101m pl\u0101ksn\u0113m, kas pal\u012bdz b\u0113rniem iesaist\u012bties rota\u013c\u0101s jau no mazotnes.   Piem\u0113rots vecum\u0101 no 18 m\u0113ne\u0161iem +  Izm\u0113ri: P:198mm A:31-41mm G:176mm  Muzik\u0101l\u0101s rota\u013clietas b\u0113rniem  Multisensoriska rota\u013clieta  Veicina izzi\u0146as prasmes, veikl\u012bbu un formu atpaz\u012b\u0161anu\" \/>\n<script type=\"application\/ld+json\" class=\"yoast-schema-graph\">{\"@context\":\"https:\\\/\\\/schema.org\",\"@graph\":[{\"@type\":\"WebPage\",\"@id\":\"https:\\\/\\\/petitekingdom.com\\\/shop\\\/xylophone-activity-tile\\\/\",\"url\":\"https:\\\/\\\/petitekingdom.com\\\/shop\\\/xylophone-activity-tile\\\/\",\"name\":\"Koka Ksilofons b\u0113rniem &#8226; Petite Kingdom\",\"isPartOf\":{\"@id\":\"https:\\\/\\\/petitekingdom.com\\\/#website\"},\"primaryImageOfPage\":{\"@id\":\"https:\\\/\\\/petitekingdom.com\\\/shop\\\/xylophone-activity-tile\\\/#primaryimage\"},\"image\":{\"@id\":\"https:\\\/\\\/petitekingdom.com\\\/shop\\\/xylophone-activity-tile\\\/#primaryimage\"},\"thumbnailUrl\":\"https:\\\/\\\/petitekingdom.com\\\/wp-content\\\/uploads\\\/2021\\\/11\\\/xylophone-activity-tile-le-toy-van.jpg\",\"datePublished\":\"2021-11-24T18:58:03+00:00\",\"dateModified\":\"2021-12-09T19:41:53+00:00\",\"description\":\"Lieliska d\u0101vana mazajam maestro no Lielbrit\u0101\u0146u ra\u017eot\u0101ja Le Toy Van, lai att\u012bst\u012btu veikl\u012bbu un muzik\u0101l\u0101s prasmes uz \u0161o koka ksilofona. Koka Ksilofons b\u0113rniem sast\u0101v no 5 to\u0146u skano\u0161\u0101m pl\u0101ksn\u0113m, kas pal\u012bdz b\u0113rniem iesaist\u012bties rota\u013c\u0101s jau no mazotnes.\",\"breadcrumb\":{\"@id\":\"https:\\\/\\\/petitekingdom.com\\\/shop\\\/xylophone-activity-tile\\\/#breadcrumb\"},\"inLanguage\":\"lv-LV\",\"potentialAction\":[{\"@type\":\"ReadAction\",\"target\":[\"https:\\\/\\\/petitekingdom.com\\\/shop\\\/xylophone-activity-tile\\\/\"]}]},{\"@type\":\"ImageObject\",\"inLanguage\":\"lv-LV\",\"@id\":\"https:\\\/\\\/petitekingdom.com\\\/shop\\\/xylophone-activity-tile\\\/#primaryimage\",\"url\":\"https:\\\/\\\/petitekingdom.com\\\/wp-content\\\/uploads\\\/2021\\\/11\\\/xylophone-activity-tile-le-toy-van.jpg\",\"contentUrl\":\"https:\\\/\\\/petitekingdom.com\\\/wp-content\\\/uploads\\\/2021\\\/11\\\/xylophone-activity-tile-le-toy-van.jpg\",\"width\":720,\"height\":720,\"caption\":\"Koka Ksilofons b\u0113rniem - Le Toy Van\"},{\"@type\":\"BreadcrumbList\",\"@id\":\"https:\\\/\\\/petitekingdom.com\\\/shop\\\/xylophone-activity-tile\\\/#breadcrumb\",\"itemListElement\":[{\"@type\":\"ListItem\",\"position\":1,\"name\":\"Home\",\"item\":\"https:\\\/\\\/petitekingdom.com\\\/lv\\\/\"},{\"@type\":\"ListItem\",\"position\":2,\"name\":\"Veikals\",\"item\":\"https:\\\/\\\/petitekingdom.com\\\/lv\\\/veikals\\\/\"},{\"@type\":\"ListItem\",\"position\":3,\"name\":\"Koka Ksilofons b\u0113rniem\"}]},{\"@type\":\"WebSite\",\"@id\":\"https:\\\/\\\/petitekingdom.com\\\/#website\",\"url\":\"https:\\\/\\\/petitekingdom.com\\\/\",\"name\":\"Petite Kingdom\",\"description\":\"B\u0113rnu izt\u0113lei nav robe\u017eu\",\"publisher\":{\"@id\":\"https:\\\/\\\/petitekingdom.com\\\/#organization\"},\"potentialAction\":[{\"@type\":\"SearchAction\",\"target\":{\"@type\":\"EntryPoint\",\"urlTemplate\":\"https:\\\/\\\/petitekingdom.com\\\/?s={search_term_string}\"},\"query-input\":{\"@type\":\"PropertyValueSpecification\",\"valueRequired\":true,\"valueName\":\"search_term_string\"}}],\"inLanguage\":\"lv-LV\"},{\"@type\":\"Organization\",\"@id\":\"https:\\\/\\\/petitekingdom.com\\\/#organization\",\"name\":\"Petite Kingdom\",\"url\":\"https:\\\/\\\/petitekingdom.com\\\/\",\"logo\":{\"@type\":\"ImageObject\",\"inLanguage\":\"lv-LV\",\"@id\":\"https:\\\/\\\/petitekingdom.com\\\/#\\\/schema\\\/logo\\\/image\\\/\",\"url\":\"https:\\\/\\\/petitekingdom.com\\\/wp-content\\\/uploads\\\/2021\\\/04\\\/PT_logo_blackPNG.png\",\"contentUrl\":\"https:\\\/\\\/petitekingdom.com\\\/wp-content\\\/uploads\\\/2021\\\/04\\\/PT_logo_blackPNG.png\",\"width\":1158,\"height\":500,\"caption\":\"Petite Kingdom\"},\"image\":{\"@id\":\"https:\\\/\\\/petitekingdom.com\\\/#\\\/schema\\\/logo\\\/image\\\/\"},\"sameAs\":[\"https:\\\/\\\/www.facebook.com\\\/Petite-Kingdom-114272640862559\",\"https:\\\/\\\/www.instagram.com\\\/petite_kingdom\\\/\"]}]}<\/script>\n<!-- \/ Yoast SEO Premium plugin. -->","yoast_head_json":{"title":"Koka Ksilofons b\u0113rniem &#8226; Petite Kingdom","description":"Lieliska d\u0101vana mazajam maestro no Lielbrit\u0101\u0146u ra\u017eot\u0101ja Le Toy Van, lai att\u012bst\u012btu veikl\u012bbu un muzik\u0101l\u0101s prasmes uz \u0161o koka ksilofona. Koka Ksilofons b\u0113rniem sast\u0101v no 5 to\u0146u skano\u0161\u0101m pl\u0101ksn\u0113m, kas pal\u012bdz b\u0113rniem iesaist\u012bties rota\u013c\u0101s jau no mazotnes.","robots":{"index":"index","follow":"follow","max-snippet":"max-snippet:-1","max-image-preview":"max-image-preview:large","max-video-preview":"max-video-preview:-1"},"canonical":"https:\/\/petitekingdom.com\/shop\/xylophone-activity-tile\/","og_locale":"lv_LV","og_type":"article","og_title":"Koka Ksilofons b\u0113rniem","og_description":"Lieliska d\u0101vana mazajam maestro no Lielbrit\u0101\u0146u ra\u017eot\u0101ja Le Toy Van, lai att\u012bst\u012btu veikl\u012bbu un muzik\u0101l\u0101s prasmes uz \u0161o koka ksilofona. Koka Ksilofons b\u0113rniem sast\u0101v no 5 to\u0146u skano\u0161\u0101m pl\u0101ksn\u0113m, kas pal\u012bdz b\u0113rniem iesaist\u012bties rota\u013c\u0101s jau no mazotnes.","og_url":"https:\/\/petitekingdom.com\/shop\/xylophone-activity-tile\/","og_site_name":"Petite Kingdom","article_publisher":"https:\/\/www.facebook.com\/Petite-Kingdom-114272640862559","article_modified_time":"2021-12-09T19:41:53+00:00","og_image":[{"width":720,"height":720,"url":"https:\/\/petitekingdom.com\/wp-content\/uploads\/2021\/11\/xylophone-activity-tile-le-toy-van.jpg","type":"image\/jpeg"}],"twitter_card":"summary_large_image","twitter_title":"Koka Ksilofons b\u0113rniem","twitter_description":"Lieliska d\u0101vana mazajam maestro no Lielbrit\u0101\u0146u ra\u017eot\u0101ja Le Toy Van, lai att\u012bst\u012btu veikl\u012bbu un muzik\u0101l\u0101s prasmes uz \u0161o koka ksilofona. Koka Ksilofons b\u0113rniem sast\u0101v no 5 to\u0146u skano\u0161\u0101m pl\u0101ksn\u0113m, kas pal\u012bdz b\u0113rniem iesaist\u012bties rota\u013c\u0101s jau no mazotnes.   Piem\u0113rots vecum\u0101 no 18 m\u0113ne\u0161iem +  Izm\u0113ri: P:198mm A:31-41mm G:176mm  Muzik\u0101l\u0101s rota\u013clietas b\u0113rniem  Multisensoriska rota\u013clieta  Veicina izzi\u0146as prasmes, veikl\u012bbu un formu atpaz\u012b\u0161anu","schema":{"@context":"https:\/\/schema.org","@graph":[{"@type":"WebPage","@id":"https:\/\/petitekingdom.com\/shop\/xylophone-activity-tile\/","url":"https:\/\/petitekingdom.com\/shop\/xylophone-activity-tile\/","name":"Koka Ksilofons b\u0113rniem &#8226; Petite Kingdom","isPartOf":{"@id":"https:\/\/petitekingdom.com\/#website"},"primaryImageOfPage":{"@id":"https:\/\/petitekingdom.com\/shop\/xylophone-activity-tile\/#primaryimage"},"image":{"@id":"https:\/\/petitekingdom.com\/shop\/xylophone-activity-tile\/#primaryimage"},"thumbnailUrl":"https:\/\/petitekingdom.com\/wp-content\/uploads\/2021\/11\/xylophone-activity-tile-le-toy-van.jpg","datePublished":"2021-11-24T18:58:03+00:00","dateModified":"2021-12-09T19:41:53+00:00","description":"Lieliska d\u0101vana mazajam maestro no Lielbrit\u0101\u0146u ra\u017eot\u0101ja Le Toy Van, lai att\u012bst\u012btu veikl\u012bbu un muzik\u0101l\u0101s prasmes uz \u0161o koka ksilofona. Koka Ksilofons b\u0113rniem sast\u0101v no 5 to\u0146u skano\u0161\u0101m pl\u0101ksn\u0113m, kas pal\u012bdz b\u0113rniem iesaist\u012bties rota\u013c\u0101s jau no mazotnes.","breadcrumb":{"@id":"https:\/\/petitekingdom.com\/shop\/xylophone-activity-tile\/#breadcrumb"},"inLanguage":"lv-LV","potentialAction":[{"@type":"ReadAction","target":["https:\/\/petitekingdom.com\/shop\/xylophone-activity-tile\/"]}]},{"@type":"ImageObject","inLanguage":"lv-LV","@id":"https:\/\/petitekingdom.com\/shop\/xylophone-activity-tile\/#primaryimage","url":"https:\/\/petitekingdom.com\/wp-content\/uploads\/2021\/11\/xylophone-activity-tile-le-toy-van.jpg","contentUrl":"https:\/\/petitekingdom.com\/wp-content\/uploads\/2021\/11\/xylophone-activity-tile-le-toy-van.jpg","width":720,"height":720,"caption":"Koka Ksilofons b\u0113rniem - Le Toy Van"},{"@type":"BreadcrumbList","@id":"https:\/\/petitekingdom.com\/shop\/xylophone-activity-tile\/#breadcrumb","itemListElement":[{"@type":"ListItem","position":1,"name":"Home","item":"https:\/\/petitekingdom.com\/lv\/"},{"@type":"ListItem","position":2,"name":"Veikals","item":"https:\/\/petitekingdom.com\/lv\/veikals\/"},{"@type":"ListItem","position":3,"name":"Koka Ksilofons b\u0113rniem"}]},{"@type":"WebSite","@id":"https:\/\/petitekingdom.com\/#website","url":"https:\/\/petitekingdom.com\/","name":"Petite Kingdom","description":"B\u0113rnu izt\u0113lei nav robe\u017eu","publisher":{"@id":"https:\/\/petitekingdom.com\/#organization"},"potentialAction":[{"@type":"SearchAction","target":{"@type":"EntryPoint","urlTemplate":"https:\/\/petitekingdom.com\/?s={search_term_string}"},"query-input":{"@type":"PropertyValueSpecification","valueRequired":true,"valueName":"search_term_string"}}],"inLanguage":"lv-LV"},{"@type":"Organization","@id":"https:\/\/petitekingdom.com\/#organization","name":"Petite Kingdom","url":"https:\/\/petitekingdom.com\/","logo":{"@type":"ImageObject","inLanguage":"lv-LV","@id":"https:\/\/petitekingdom.com\/#\/schema\/logo\/image\/","url":"https:\/\/petitekingdom.com\/wp-content\/uploads\/2021\/04\/PT_logo_blackPNG.png","contentUrl":"https:\/\/petitekingdom.com\/wp-content\/uploads\/2021\/04\/PT_logo_blackPNG.png","width":1158,"height":500,"caption":"Petite Kingdom"},"image":{"@id":"https:\/\/petitekingdom.com\/#\/schema\/logo\/image\/"},"sameAs":["https:\/\/www.facebook.com\/Petite-Kingdom-114272640862559","https:\/\/www.instagram.com\/petite_kingdom\/"]}]}},"_links":{"self":[{"href":"https:\/\/petitekingdom.com\/lv\/wp-json\/wp\/v2\/product\/20884","targetHints":{"allow":["GET"]}}],"collection":[{"href":"https:\/\/petitekingdom.com\/lv\/wp-json\/wp\/v2\/product"}],"about":[{"href":"https:\/\/petitekingdom.com\/lv\/wp-json\/wp\/v2\/types\/product"}],"wp:featuredmedia":[{"embeddable":true,"href":"https:\/\/petitekingdom.com\/lv\/wp-json\/wp\/v2\/media\/20874"}],"wp:attachment":[{"href":"https:\/\/petitekingdom.com\/lv\/wp-json\/wp\/v2\/media?parent=20884"}],"wp:term":[{"taxonomy":"product_brand","embeddable":true,"href":"https:\/\/petitekingdom.com\/lv\/wp-json\/wp\/v2\/product_brand?post=20884"},{"taxonomy":"product_cat","embeddable":true,"href":"https:\/\/petitekingdom.com\/lv\/wp-json\/wp\/v2\/product_cat?post=20884"},{"taxonomy":"product_tag","embeddable":true,"href":"https:\/\/petitekingdom.com\/lv\/wp-json\/wp\/v2\/product_tag?post=20884"},{"taxonomy":"product-material","embeddable":true,"href":"https:\/\/petitekingdom.com\/lv\/wp-json\/wp\/v2\/product-material?post=20884"},{"taxonomy":"product-type","embeddable":true,"href":"https:\/\/petitekingdom.com\/lv\/wp-json\/wp\/v2\/product-type?post=20884"},{"taxonomy":"designers","embeddable":true,"href":"https:\/\/petitekingdom.com\/lv\/wp-json\/wp\/v2\/designers?post=20884"}],"curies":[{"name":"wp","href":"https:\/\/api.w.org\/{rel}","templated":true}]}}