{"id":20457,"date":"2021-10-19T20:00:08","date_gmt":"2021-10-19T18:34:04","guid":{"rendered":"http:\/\/petitekingdom.com\/shop\/uncategorized\/gaisi-zili-legingi-meitenem\/"},"modified":"2023-01-02T23:03:03","modified_gmt":"2023-01-02T21:03:03","slug":"gaisi-zili-legingi-meitenem","status":"publish","type":"product","link":"https:\/\/petitekingdom.com\/lv\/veikals\/gaisi-zili-legingi-meitenem\/","title":{"rendered":"Gai\u0161i zili legingi meiten\u0113m"},"content":{"rendered":"","protected":false},"excerpt":{"rendered":"<p>Abisko debess apdruk\u0101, \u0161ie gai\u0161i zilie legingi meiten\u0113m ar sarkanajiem zirgiem no Frugi ir lieliski piem\u0113roti pievilkt pie kleit\u0101m vai sv\u0101rkiem. Ar elast\u012bgu gumiju jostas viet\u0101, \u0161ie pilna garuma legingi ir ra\u017eoti no m\u012bkstas organisk\u0101s kokvilnas ar elast\u0101nu, kas pal\u012bdz\u0113s justies br\u012bvi un labi piek\u013causies k\u0101j\u0101m.<\/p>\n<ul>\n<li>95% Organisk\u0101 kokvilna 5% Elast\u0101ns<\/li>\n<li>Mazg\u0101t ve\u013casma\u0161\u012bn\u0101 30*C (saudz\u012bgais re\u017e\u012bms)<\/li>\n<li>GOTS<\/li>\n<\/ul>\n","protected":false},"featured_media":20355,"template":"","meta":{"_acf_changed":false},"product_cat":[1180,1663,1665,1185,1241,1605,1674],"product_tag":[],"product-material":[792],"product-type":[921,652],"designers":[671],"class_list":{"0":"post-20457","1":"product","2":"type-product","3":"status-publish","4":"has-post-thumbnail","6":"product_cat-zidainu-apgerbs","7":"product_cat-jaundzimuso-drebites","8":"product_cat-zidainu-drebes","9":"product_cat-bikses-zidainiem","10":"product_cat-zidainu-legingi","11":"product_cat-izpardosana","12":"product_cat-sezonas-izpardosana","13":"product-material-organiska-kokvilna","14":"product-type-auduma-bikses","15":"product-type-legingi","16":"designers-frugi-lv","18":"first","19":"instock","20":"sale","21":"taxable","22":"shipping-taxable","23":"purchasable","24":"product-type-variable"},"acf":[],"yoast_head":"<!-- This site is optimized with the Yoast SEO Premium plugin v23.7 (Yoast SEO v23.7) - https:\/\/yoast.com\/wordpress\/plugins\/seo\/ -->\n<title>Gai\u0161i zili legingi meiten\u0113m &#8226; Petite Kingdom<\/title>\n<meta name=\"description\" content=\"Abisko debess apdruk\u0101, \u0161ie gai\u0161i zili legingi meiten\u0113m ar sarkanajiem zirgiem no Frugi ir lieliski piem\u0113roti pievilkt pie kleit\u0101m vai sv\u0101rkiem. Ar elast\u012bgu gumiju jostas viet\u0101, \u0161ie pilna garuma legingi ir ra\u017eoti no m\u012bkstas organisk\u0101s kokvilnas ar elast\u0101nu, kas pal\u012bdz\u0113s justies br\u012bvi un labi piek\u013causies k\u0101j\u0101m.\" \/>\n<meta name=\"robots\" content=\"index, follow, max-snippet:-1, max-image-preview:large, max-video-preview:-1\" \/>\n<link rel=\"canonical\" href=\"https:\/\/petitekingdom.com\/shop\/libby-printed-leggings\/\" \/>\n<meta property=\"og:locale\" content=\"lv_LV\" \/>\n<meta property=\"og:type\" content=\"article\" \/>\n<meta property=\"og:title\" content=\"Gai\u0161i zili legingi meiten\u0113m\" \/>\n<meta property=\"og:description\" content=\"Abisko debess apdruk\u0101, \u0161ie gai\u0161i zilie legingi meiten\u0113m ar sarkanajiem zirgiem no Frugi ir lieliski piem\u0113roti pievilkt pie kleit\u0101m vai sv\u0101rkiem. Ar elast\u012bgu gumiju jostas viet\u0101, \u0161ie pilna garuma legingi ir ra\u017eoti no m\u012bkstas organisk\u0101s kokvilnas ar elast\u0101nu, kas pal\u012bdz\u0113s justies br\u012bvi un labi piek\u013causies k\u0101j\u0101m.   95% Organisk\u0101 kokvilna 5% Elast\u0101ns  Mazg\u0101t ve\u013casma\u0161\u012bn\u0101 30*C (saudz\u012bgais re\u017e\u012bms)  GOTS\" \/>\n<meta property=\"og:url\" content=\"https:\/\/petitekingdom.com\/shop\/libby-printed-leggings\/\" \/>\n<meta property=\"og:site_name\" content=\"Petite Kingdom\" \/>\n<meta property=\"article:publisher\" content=\"https:\/\/www.facebook.com\/Petite-Kingdom-114272640862559\" \/>\n<meta property=\"article:modified_time\" content=\"2023-01-02T21:03:03+00:00\" \/>\n<meta property=\"og:image\" content=\"https:\/\/petitekingdom.com\/wp-content\/uploads\/2021\/10\/libby-printed-leggings-frugi.jpg\" \/>\n\t<meta property=\"og:image:width\" content=\"1280\" \/>\n\t<meta property=\"og:image:height\" content=\"1920\" \/>\n\t<meta property=\"og:image:type\" content=\"image\/jpeg\" \/>\n<meta name=\"twitter:card\" content=\"summary_large_image\" \/>\n<script type=\"application\/ld+json\" class=\"yoast-schema-graph\">{\"@context\":\"https:\/\/schema.org\",\"@graph\":[{\"@type\":\"WebPage\",\"@id\":\"https:\/\/petitekingdom.com\/shop\/libby-printed-leggings\/\",\"url\":\"https:\/\/petitekingdom.com\/shop\/libby-printed-leggings\/\",\"name\":\"Gai\u0161i zili legingi meiten\u0113m &#8226; Petite Kingdom\",\"isPartOf\":{\"@id\":\"https:\/\/petitekingdom.com\/#website\"},\"primaryImageOfPage\":{\"@id\":\"https:\/\/petitekingdom.com\/shop\/libby-printed-leggings\/#primaryimage\"},\"image\":{\"@id\":\"https:\/\/petitekingdom.com\/shop\/libby-printed-leggings\/#primaryimage\"},\"thumbnailUrl\":\"https:\/\/petitekingdom.com\/wp-content\/uploads\/2021\/10\/libby-printed-leggings-frugi.jpg\",\"datePublished\":\"2021-10-19T18:34:04+00:00\",\"dateModified\":\"2023-01-02T21:03:03+00:00\",\"description\":\"Abisko debess apdruk\u0101, \u0161ie gai\u0161i zili legingi meiten\u0113m ar sarkanajiem zirgiem no Frugi ir lieliski piem\u0113roti pievilkt pie kleit\u0101m vai sv\u0101rkiem. Ar elast\u012bgu gumiju jostas viet\u0101, \u0161ie pilna garuma legingi ir ra\u017eoti no m\u012bkstas organisk\u0101s kokvilnas ar elast\u0101nu, kas pal\u012bdz\u0113s justies br\u012bvi un labi piek\u013causies k\u0101j\u0101m.\",\"breadcrumb\":{\"@id\":\"https:\/\/petitekingdom.com\/shop\/libby-printed-leggings\/#breadcrumb\"},\"inLanguage\":\"lv-LV\",\"potentialAction\":[{\"@type\":\"ReadAction\",\"target\":[\"https:\/\/petitekingdom.com\/shop\/libby-printed-leggings\/\"]}]},{\"@type\":\"ImageObject\",\"inLanguage\":\"lv-LV\",\"@id\":\"https:\/\/petitekingdom.com\/shop\/libby-printed-leggings\/#primaryimage\",\"url\":\"https:\/\/petitekingdom.com\/wp-content\/uploads\/2021\/10\/libby-printed-leggings-frugi.jpg\",\"contentUrl\":\"https:\/\/petitekingdom.com\/wp-content\/uploads\/2021\/10\/libby-printed-leggings-frugi.jpg\",\"width\":1280,\"height\":1920,\"caption\":\"Gai\u0161i zili legingi meiten\u0113m - Frugi\"},{\"@type\":\"BreadcrumbList\",\"@id\":\"https:\/\/petitekingdom.com\/shop\/libby-printed-leggings\/#breadcrumb\",\"itemListElement\":[{\"@type\":\"ListItem\",\"position\":1,\"name\":\"Home\",\"item\":\"https:\/\/petitekingdom.com\/lv\/\"},{\"@type\":\"ListItem\",\"position\":2,\"name\":\"Veikals\",\"item\":\"https:\/\/petitekingdom.com\/lv\/veikals\/\"},{\"@type\":\"ListItem\",\"position\":3,\"name\":\"Gai\u0161i zili legingi meiten\u0113m\"}]},{\"@type\":\"WebSite\",\"@id\":\"https:\/\/petitekingdom.com\/#website\",\"url\":\"https:\/\/petitekingdom.com\/\",\"name\":\"Petite Kingdom\",\"description\":\"B\u0113rnu izt\u0113lei nav robe\u017eu\",\"publisher\":{\"@id\":\"https:\/\/petitekingdom.com\/#organization\"},\"potentialAction\":[{\"@type\":\"SearchAction\",\"target\":{\"@type\":\"EntryPoint\",\"urlTemplate\":\"https:\/\/petitekingdom.com\/?s={search_term_string}\"},\"query-input\":{\"@type\":\"PropertyValueSpecification\",\"valueRequired\":true,\"valueName\":\"search_term_string\"}}],\"inLanguage\":\"lv-LV\"},{\"@type\":\"Organization\",\"@id\":\"https:\/\/petitekingdom.com\/#organization\",\"name\":\"Petite Kingdom\",\"url\":\"https:\/\/petitekingdom.com\/\",\"logo\":{\"@type\":\"ImageObject\",\"inLanguage\":\"lv-LV\",\"@id\":\"https:\/\/petitekingdom.com\/#\/schema\/logo\/image\/\",\"url\":\"https:\/\/petitekingdom.com\/wp-content\/uploads\/2021\/04\/PT_logo_blackPNG.png\",\"contentUrl\":\"https:\/\/petitekingdom.com\/wp-content\/uploads\/2021\/04\/PT_logo_blackPNG.png\",\"width\":1158,\"height\":500,\"caption\":\"Petite Kingdom\"},\"image\":{\"@id\":\"https:\/\/petitekingdom.com\/#\/schema\/logo\/image\/\"},\"sameAs\":[\"https:\/\/www.facebook.com\/Petite-Kingdom-114272640862559\",\"https:\/\/www.instagram.com\/petite_kingdom\/\"]}]}<\/script>\n<!-- \/ Yoast SEO Premium plugin. -->","yoast_head_json":{"title":"Gai\u0161i zili legingi meiten\u0113m &#8226; Petite Kingdom","description":"Abisko debess apdruk\u0101, \u0161ie gai\u0161i zili legingi meiten\u0113m ar sarkanajiem zirgiem no Frugi ir lieliski piem\u0113roti pievilkt pie kleit\u0101m vai sv\u0101rkiem. Ar elast\u012bgu gumiju jostas viet\u0101, \u0161ie pilna garuma legingi ir ra\u017eoti no m\u012bkstas organisk\u0101s kokvilnas ar elast\u0101nu, kas pal\u012bdz\u0113s justies br\u012bvi un labi piek\u013causies k\u0101j\u0101m.","robots":{"index":"index","follow":"follow","max-snippet":"max-snippet:-1","max-image-preview":"max-image-preview:large","max-video-preview":"max-video-preview:-1"},"canonical":"https:\/\/petitekingdom.com\/shop\/libby-printed-leggings\/","og_locale":"lv_LV","og_type":"article","og_title":"Gai\u0161i zili legingi meiten\u0113m","og_description":"Abisko debess apdruk\u0101, \u0161ie gai\u0161i zilie legingi meiten\u0113m ar sarkanajiem zirgiem no Frugi ir lieliski piem\u0113roti pievilkt pie kleit\u0101m vai sv\u0101rkiem. Ar elast\u012bgu gumiju jostas viet\u0101, \u0161ie pilna garuma legingi ir ra\u017eoti no m\u012bkstas organisk\u0101s kokvilnas ar elast\u0101nu, kas pal\u012bdz\u0113s justies br\u012bvi un labi piek\u013causies k\u0101j\u0101m.   95% Organisk\u0101 kokvilna 5% Elast\u0101ns  Mazg\u0101t ve\u013casma\u0161\u012bn\u0101 30*C (saudz\u012bgais re\u017e\u012bms)  GOTS","og_url":"https:\/\/petitekingdom.com\/shop\/libby-printed-leggings\/","og_site_name":"Petite Kingdom","article_publisher":"https:\/\/www.facebook.com\/Petite-Kingdom-114272640862559","article_modified_time":"2023-01-02T21:03:03+00:00","og_image":[{"width":1280,"height":1920,"url":"https:\/\/petitekingdom.com\/wp-content\/uploads\/2021\/10\/libby-printed-leggings-frugi.jpg","type":"image\/jpeg"}],"twitter_card":"summary_large_image","schema":{"@context":"https:\/\/schema.org","@graph":[{"@type":"WebPage","@id":"https:\/\/petitekingdom.com\/shop\/libby-printed-leggings\/","url":"https:\/\/petitekingdom.com\/shop\/libby-printed-leggings\/","name":"Gai\u0161i zili legingi meiten\u0113m &#8226; Petite Kingdom","isPartOf":{"@id":"https:\/\/petitekingdom.com\/#website"},"primaryImageOfPage":{"@id":"https:\/\/petitekingdom.com\/shop\/libby-printed-leggings\/#primaryimage"},"image":{"@id":"https:\/\/petitekingdom.com\/shop\/libby-printed-leggings\/#primaryimage"},"thumbnailUrl":"https:\/\/petitekingdom.com\/wp-content\/uploads\/2021\/10\/libby-printed-leggings-frugi.jpg","datePublished":"2021-10-19T18:34:04+00:00","dateModified":"2023-01-02T21:03:03+00:00","description":"Abisko debess apdruk\u0101, \u0161ie gai\u0161i zili legingi meiten\u0113m ar sarkanajiem zirgiem no Frugi ir lieliski piem\u0113roti pievilkt pie kleit\u0101m vai sv\u0101rkiem. Ar elast\u012bgu gumiju jostas viet\u0101, \u0161ie pilna garuma legingi ir ra\u017eoti no m\u012bkstas organisk\u0101s kokvilnas ar elast\u0101nu, kas pal\u012bdz\u0113s justies br\u012bvi un labi piek\u013causies k\u0101j\u0101m.","breadcrumb":{"@id":"https:\/\/petitekingdom.com\/shop\/libby-printed-leggings\/#breadcrumb"},"inLanguage":"lv-LV","potentialAction":[{"@type":"ReadAction","target":["https:\/\/petitekingdom.com\/shop\/libby-printed-leggings\/"]}]},{"@type":"ImageObject","inLanguage":"lv-LV","@id":"https:\/\/petitekingdom.com\/shop\/libby-printed-leggings\/#primaryimage","url":"https:\/\/petitekingdom.com\/wp-content\/uploads\/2021\/10\/libby-printed-leggings-frugi.jpg","contentUrl":"https:\/\/petitekingdom.com\/wp-content\/uploads\/2021\/10\/libby-printed-leggings-frugi.jpg","width":1280,"height":1920,"caption":"Gai\u0161i zili legingi meiten\u0113m - Frugi"},{"@type":"BreadcrumbList","@id":"https:\/\/petitekingdom.com\/shop\/libby-printed-leggings\/#breadcrumb","itemListElement":[{"@type":"ListItem","position":1,"name":"Home","item":"https:\/\/petitekingdom.com\/lv\/"},{"@type":"ListItem","position":2,"name":"Veikals","item":"https:\/\/petitekingdom.com\/lv\/veikals\/"},{"@type":"ListItem","position":3,"name":"Gai\u0161i zili legingi meiten\u0113m"}]},{"@type":"WebSite","@id":"https:\/\/petitekingdom.com\/#website","url":"https:\/\/petitekingdom.com\/","name":"Petite Kingdom","description":"B\u0113rnu izt\u0113lei nav robe\u017eu","publisher":{"@id":"https:\/\/petitekingdom.com\/#organization"},"potentialAction":[{"@type":"SearchAction","target":{"@type":"EntryPoint","urlTemplate":"https:\/\/petitekingdom.com\/?s={search_term_string}"},"query-input":{"@type":"PropertyValueSpecification","valueRequired":true,"valueName":"search_term_string"}}],"inLanguage":"lv-LV"},{"@type":"Organization","@id":"https:\/\/petitekingdom.com\/#organization","name":"Petite Kingdom","url":"https:\/\/petitekingdom.com\/","logo":{"@type":"ImageObject","inLanguage":"lv-LV","@id":"https:\/\/petitekingdom.com\/#\/schema\/logo\/image\/","url":"https:\/\/petitekingdom.com\/wp-content\/uploads\/2021\/04\/PT_logo_blackPNG.png","contentUrl":"https:\/\/petitekingdom.com\/wp-content\/uploads\/2021\/04\/PT_logo_blackPNG.png","width":1158,"height":500,"caption":"Petite Kingdom"},"image":{"@id":"https:\/\/petitekingdom.com\/#\/schema\/logo\/image\/"},"sameAs":["https:\/\/www.facebook.com\/Petite-Kingdom-114272640862559","https:\/\/www.instagram.com\/petite_kingdom\/"]}]}},"_links":{"self":[{"href":"https:\/\/petitekingdom.com\/lv\/wp-json\/wp\/v2\/product\/20457"}],"collection":[{"href":"https:\/\/petitekingdom.com\/lv\/wp-json\/wp\/v2\/product"}],"about":[{"href":"https:\/\/petitekingdom.com\/lv\/wp-json\/wp\/v2\/types\/product"}],"wp:featuredmedia":[{"embeddable":true,"href":"https:\/\/petitekingdom.com\/lv\/wp-json\/wp\/v2\/media\/20355"}],"wp:attachment":[{"href":"https:\/\/petitekingdom.com\/lv\/wp-json\/wp\/v2\/media?parent=20457"}],"wp:term":[{"taxonomy":"product_cat","embeddable":true,"href":"https:\/\/petitekingdom.com\/lv\/wp-json\/wp\/v2\/product_cat?post=20457"},{"taxonomy":"product_tag","embeddable":true,"href":"https:\/\/petitekingdom.com\/lv\/wp-json\/wp\/v2\/product_tag?post=20457"},{"taxonomy":"product-material","embeddable":true,"href":"https:\/\/petitekingdom.com\/lv\/wp-json\/wp\/v2\/product-material?post=20457"},{"taxonomy":"product-type","embeddable":true,"href":"https:\/\/petitekingdom.com\/lv\/wp-json\/wp\/v2\/product-type?post=20457"},{"taxonomy":"designers","embeddable":true,"href":"https:\/\/petitekingdom.com\/lv\/wp-json\/wp\/v2\/designers?post=20457"}],"curies":[{"name":"wp","href":"https:\/\/api.w.org\/{rel}","templated":true}]}}