{"id":20448,"date":"2021-10-19T19:37:02","date_gmt":"2021-10-19T18:29:07","guid":{"rendered":"http:\/\/petitekingdom.com\/shop\/uncategorized\/pukaini-zila-ellas-jacina-meitenem\/"},"modified":"2023-01-02T23:03:03","modified_gmt":"2023-01-02T21:03:03","slug":"pukaini-zila-ellas-jacina-meitenem","status":"publish","type":"product","link":"https:\/\/petitekingdom.com\/lv\/veikals\/pukaini-zila-ellas-jacina-meitenem\/","title":{"rendered":"Pu\u0137aini zila Ellas jaci\u0146a meiten\u0113m"},"content":{"rendered":"","protected":false},"excerpt":{"rendered":"<p>\u0160\u012b garroku Ellas jaci\u0146a meiten\u0113m no Frugi ir ra\u017eota no m\u012bkstas organisk\u0101s kokvilnas Indigo zil\u0101 kr\u0101s\u0101 un ziedu iz\u0161uvumiem pie kaklu da\u013cas. Jaci\u0146u rot\u0101 pogas priek\u0161pus\u0113.<\/p>\n<ul>\n<li>Organisk\u0101s kokvilnas ad\u012bjums<\/li>\n<li>Mazg\u0101t ve\u013casma\u0161\u012bn\u0101 30*C (saudz\u012bgais re\u017e\u012bms)<\/li>\n<li>Rievotas aproces un apak\u0161mala<\/li>\n<li>GOTS<\/li>\n<\/ul>\n","protected":false},"featured_media":20335,"template":"","meta":{"_acf_changed":false},"product_cat":[1180,1663,1665,1203,1204,1192,1205,1206,1605,1607,1674],"product_tag":[],"product-material":[792],"product-type":[663,862,667],"designers":[671],"class_list":{"0":"post-20448","1":"product","2":"type-product","3":"status-publish","4":"has-post-thumbnail","6":"product_cat-zidainu-apgerbs","7":"product_cat-jaundzimuso-drebites","8":"product_cat-zidainu-drebes","9":"product_cat-jacinas-dzemperi-zidainiem","10":"product_cat-zidainu-jacinas","11":"product_cat-meitenes","12":"product_cat-meitenu-dzemperi-jakas","13":"product_cat-meitenu-jakas","14":"product_cat-izpardosana","15":"product_cat-outlets","16":"product_cat-sezonas-izpardosana","17":"product-material-organiska-kokvilna","18":"product-type-dzemperi","19":"product-type-jakas","20":"product-type-topi-un-t-krekli","21":"designers-frugi-lv","23":"first","24":"instock","25":"sale","26":"taxable","27":"shipping-taxable","28":"purchasable","29":"product-type-variable"},"acf":[],"yoast_head":"<!-- This site is optimized with the Yoast SEO Premium plugin v23.7 (Yoast SEO v23.7) - https:\/\/yoast.com\/wordpress\/plugins\/seo\/ -->\n<title>Pu\u0137aini zila Ellas jaci\u0146a meiten\u0113m &#8226; Petite Kingdom<\/title>\n<meta name=\"description\" content=\"\u0160\u012b garroku pu\u0137aini zila Ellas jaci\u0146a meiten\u0113m no Frugi ir ra\u017eota no m\u012bkstas organisk\u0101s kokvilnas Indigo zil\u0101 kr\u0101s\u0101 un ziedu iz\u0161uvumiem pie kaklu da\u013cas. Jaci\u0146u rot\u0101 pogas priek\u0161pus\u0113.\" \/>\n<meta name=\"robots\" content=\"index, follow, max-snippet:-1, max-image-preview:large, max-video-preview:-1\" \/>\n<link rel=\"canonical\" href=\"https:\/\/petitekingdom.com\/shop\/floral-ella-embroidered-cardigan\/\" \/>\n<meta property=\"og:locale\" content=\"lv_LV\" \/>\n<meta property=\"og:type\" content=\"article\" \/>\n<meta property=\"og:title\" content=\"Pu\u0137aini zila Ellas jaci\u0146a meiten\u0113m\" \/>\n<meta property=\"og:description\" content=\"\u0160\u012b garroku Ellas jaci\u0146a meiten\u0113m no Frugi ir ra\u017eota no m\u012bkstas organisk\u0101s kokvilnas Indigo zil\u0101 kr\u0101s\u0101 un ziedu iz\u0161uvumiem pie kaklu da\u013cas. Jaci\u0146u rot\u0101 pogas priek\u0161pus\u0113.   Organisk\u0101s kokvilnas ad\u012bjums  Mazg\u0101t ve\u013casma\u0161\u012bn\u0101 30*C (saudz\u012bgais re\u017e\u012bms)  Rievotas aproces un apak\u0161mala  GOTS\" \/>\n<meta property=\"og:url\" content=\"https:\/\/petitekingdom.com\/shop\/floral-ella-embroidered-cardigan\/\" \/>\n<meta property=\"og:site_name\" content=\"Petite Kingdom\" \/>\n<meta property=\"article:publisher\" content=\"https:\/\/www.facebook.com\/Petite-Kingdom-114272640862559\" \/>\n<meta property=\"article:modified_time\" content=\"2023-01-02T21:03:03+00:00\" \/>\n<meta property=\"og:image\" content=\"https:\/\/petitekingdom.com\/wp-content\/uploads\/2021\/10\/floral-ella-embroidered-cardigan-frugi.jpg\" \/>\n\t<meta property=\"og:image:width\" content=\"1280\" \/>\n\t<meta property=\"og:image:height\" content=\"1920\" \/>\n\t<meta property=\"og:image:type\" content=\"image\/jpeg\" \/>\n<meta name=\"twitter:card\" content=\"summary_large_image\" \/>\n<script type=\"application\/ld+json\" class=\"yoast-schema-graph\">{\"@context\":\"https:\/\/schema.org\",\"@graph\":[{\"@type\":\"WebPage\",\"@id\":\"https:\/\/petitekingdom.com\/shop\/floral-ella-embroidered-cardigan\/\",\"url\":\"https:\/\/petitekingdom.com\/shop\/floral-ella-embroidered-cardigan\/\",\"name\":\"Pu\u0137aini zila Ellas jaci\u0146a meiten\u0113m &#8226; Petite Kingdom\",\"isPartOf\":{\"@id\":\"https:\/\/petitekingdom.com\/#website\"},\"primaryImageOfPage\":{\"@id\":\"https:\/\/petitekingdom.com\/shop\/floral-ella-embroidered-cardigan\/#primaryimage\"},\"image\":{\"@id\":\"https:\/\/petitekingdom.com\/shop\/floral-ella-embroidered-cardigan\/#primaryimage\"},\"thumbnailUrl\":\"https:\/\/petitekingdom.com\/wp-content\/uploads\/2021\/10\/floral-ella-embroidered-cardigan-frugi.jpg\",\"datePublished\":\"2021-10-19T18:29:07+00:00\",\"dateModified\":\"2023-01-02T21:03:03+00:00\",\"description\":\"\u0160\u012b garroku pu\u0137aini zila Ellas jaci\u0146a meiten\u0113m no Frugi ir ra\u017eota no m\u012bkstas organisk\u0101s kokvilnas Indigo zil\u0101 kr\u0101s\u0101 un ziedu iz\u0161uvumiem pie kaklu da\u013cas. Jaci\u0146u rot\u0101 pogas priek\u0161pus\u0113.\",\"breadcrumb\":{\"@id\":\"https:\/\/petitekingdom.com\/shop\/floral-ella-embroidered-cardigan\/#breadcrumb\"},\"inLanguage\":\"lv-LV\",\"potentialAction\":[{\"@type\":\"ReadAction\",\"target\":[\"https:\/\/petitekingdom.com\/shop\/floral-ella-embroidered-cardigan\/\"]}]},{\"@type\":\"ImageObject\",\"inLanguage\":\"lv-LV\",\"@id\":\"https:\/\/petitekingdom.com\/shop\/floral-ella-embroidered-cardigan\/#primaryimage\",\"url\":\"https:\/\/petitekingdom.com\/wp-content\/uploads\/2021\/10\/floral-ella-embroidered-cardigan-frugi.jpg\",\"contentUrl\":\"https:\/\/petitekingdom.com\/wp-content\/uploads\/2021\/10\/floral-ella-embroidered-cardigan-frugi.jpg\",\"width\":1280,\"height\":1920,\"caption\":\"Pu\u0137aini zila Ellas jaci\u0146a meiten\u0113m - Frugi\"},{\"@type\":\"BreadcrumbList\",\"@id\":\"https:\/\/petitekingdom.com\/shop\/floral-ella-embroidered-cardigan\/#breadcrumb\",\"itemListElement\":[{\"@type\":\"ListItem\",\"position\":1,\"name\":\"Home\",\"item\":\"https:\/\/petitekingdom.com\/lv\/\"},{\"@type\":\"ListItem\",\"position\":2,\"name\":\"Veikals\",\"item\":\"https:\/\/petitekingdom.com\/lv\/veikals\/\"},{\"@type\":\"ListItem\",\"position\":3,\"name\":\"Pu\u0137aini zila Ellas jaci\u0146a meiten\u0113m\"}]},{\"@type\":\"WebSite\",\"@id\":\"https:\/\/petitekingdom.com\/#website\",\"url\":\"https:\/\/petitekingdom.com\/\",\"name\":\"Petite Kingdom\",\"description\":\"B\u0113rnu izt\u0113lei nav robe\u017eu\",\"publisher\":{\"@id\":\"https:\/\/petitekingdom.com\/#organization\"},\"potentialAction\":[{\"@type\":\"SearchAction\",\"target\":{\"@type\":\"EntryPoint\",\"urlTemplate\":\"https:\/\/petitekingdom.com\/?s={search_term_string}\"},\"query-input\":{\"@type\":\"PropertyValueSpecification\",\"valueRequired\":true,\"valueName\":\"search_term_string\"}}],\"inLanguage\":\"lv-LV\"},{\"@type\":\"Organization\",\"@id\":\"https:\/\/petitekingdom.com\/#organization\",\"name\":\"Petite Kingdom\",\"url\":\"https:\/\/petitekingdom.com\/\",\"logo\":{\"@type\":\"ImageObject\",\"inLanguage\":\"lv-LV\",\"@id\":\"https:\/\/petitekingdom.com\/#\/schema\/logo\/image\/\",\"url\":\"https:\/\/petitekingdom.com\/wp-content\/uploads\/2021\/04\/PT_logo_blackPNG.png\",\"contentUrl\":\"https:\/\/petitekingdom.com\/wp-content\/uploads\/2021\/04\/PT_logo_blackPNG.png\",\"width\":1158,\"height\":500,\"caption\":\"Petite Kingdom\"},\"image\":{\"@id\":\"https:\/\/petitekingdom.com\/#\/schema\/logo\/image\/\"},\"sameAs\":[\"https:\/\/www.facebook.com\/Petite-Kingdom-114272640862559\",\"https:\/\/www.instagram.com\/petite_kingdom\/\"]}]}<\/script>\n<!-- \/ Yoast SEO Premium plugin. -->","yoast_head_json":{"title":"Pu\u0137aini zila Ellas jaci\u0146a meiten\u0113m &#8226; Petite Kingdom","description":"\u0160\u012b garroku pu\u0137aini zila Ellas jaci\u0146a meiten\u0113m no Frugi ir ra\u017eota no m\u012bkstas organisk\u0101s kokvilnas Indigo zil\u0101 kr\u0101s\u0101 un ziedu iz\u0161uvumiem pie kaklu da\u013cas. Jaci\u0146u rot\u0101 pogas priek\u0161pus\u0113.","robots":{"index":"index","follow":"follow","max-snippet":"max-snippet:-1","max-image-preview":"max-image-preview:large","max-video-preview":"max-video-preview:-1"},"canonical":"https:\/\/petitekingdom.com\/shop\/floral-ella-embroidered-cardigan\/","og_locale":"lv_LV","og_type":"article","og_title":"Pu\u0137aini zila Ellas jaci\u0146a meiten\u0113m","og_description":"\u0160\u012b garroku Ellas jaci\u0146a meiten\u0113m no Frugi ir ra\u017eota no m\u012bkstas organisk\u0101s kokvilnas Indigo zil\u0101 kr\u0101s\u0101 un ziedu iz\u0161uvumiem pie kaklu da\u013cas. Jaci\u0146u rot\u0101 pogas priek\u0161pus\u0113.   Organisk\u0101s kokvilnas ad\u012bjums  Mazg\u0101t ve\u013casma\u0161\u012bn\u0101 30*C (saudz\u012bgais re\u017e\u012bms)  Rievotas aproces un apak\u0161mala  GOTS","og_url":"https:\/\/petitekingdom.com\/shop\/floral-ella-embroidered-cardigan\/","og_site_name":"Petite Kingdom","article_publisher":"https:\/\/www.facebook.com\/Petite-Kingdom-114272640862559","article_modified_time":"2023-01-02T21:03:03+00:00","og_image":[{"width":1280,"height":1920,"url":"https:\/\/petitekingdom.com\/wp-content\/uploads\/2021\/10\/floral-ella-embroidered-cardigan-frugi.jpg","type":"image\/jpeg"}],"twitter_card":"summary_large_image","schema":{"@context":"https:\/\/schema.org","@graph":[{"@type":"WebPage","@id":"https:\/\/petitekingdom.com\/shop\/floral-ella-embroidered-cardigan\/","url":"https:\/\/petitekingdom.com\/shop\/floral-ella-embroidered-cardigan\/","name":"Pu\u0137aini zila Ellas jaci\u0146a meiten\u0113m &#8226; Petite Kingdom","isPartOf":{"@id":"https:\/\/petitekingdom.com\/#website"},"primaryImageOfPage":{"@id":"https:\/\/petitekingdom.com\/shop\/floral-ella-embroidered-cardigan\/#primaryimage"},"image":{"@id":"https:\/\/petitekingdom.com\/shop\/floral-ella-embroidered-cardigan\/#primaryimage"},"thumbnailUrl":"https:\/\/petitekingdom.com\/wp-content\/uploads\/2021\/10\/floral-ella-embroidered-cardigan-frugi.jpg","datePublished":"2021-10-19T18:29:07+00:00","dateModified":"2023-01-02T21:03:03+00:00","description":"\u0160\u012b garroku pu\u0137aini zila Ellas jaci\u0146a meiten\u0113m no Frugi ir ra\u017eota no m\u012bkstas organisk\u0101s kokvilnas Indigo zil\u0101 kr\u0101s\u0101 un ziedu iz\u0161uvumiem pie kaklu da\u013cas. Jaci\u0146u rot\u0101 pogas priek\u0161pus\u0113.","breadcrumb":{"@id":"https:\/\/petitekingdom.com\/shop\/floral-ella-embroidered-cardigan\/#breadcrumb"},"inLanguage":"lv-LV","potentialAction":[{"@type":"ReadAction","target":["https:\/\/petitekingdom.com\/shop\/floral-ella-embroidered-cardigan\/"]}]},{"@type":"ImageObject","inLanguage":"lv-LV","@id":"https:\/\/petitekingdom.com\/shop\/floral-ella-embroidered-cardigan\/#primaryimage","url":"https:\/\/petitekingdom.com\/wp-content\/uploads\/2021\/10\/floral-ella-embroidered-cardigan-frugi.jpg","contentUrl":"https:\/\/petitekingdom.com\/wp-content\/uploads\/2021\/10\/floral-ella-embroidered-cardigan-frugi.jpg","width":1280,"height":1920,"caption":"Pu\u0137aini zila Ellas jaci\u0146a meiten\u0113m - Frugi"},{"@type":"BreadcrumbList","@id":"https:\/\/petitekingdom.com\/shop\/floral-ella-embroidered-cardigan\/#breadcrumb","itemListElement":[{"@type":"ListItem","position":1,"name":"Home","item":"https:\/\/petitekingdom.com\/lv\/"},{"@type":"ListItem","position":2,"name":"Veikals","item":"https:\/\/petitekingdom.com\/lv\/veikals\/"},{"@type":"ListItem","position":3,"name":"Pu\u0137aini zila Ellas jaci\u0146a meiten\u0113m"}]},{"@type":"WebSite","@id":"https:\/\/petitekingdom.com\/#website","url":"https:\/\/petitekingdom.com\/","name":"Petite Kingdom","description":"B\u0113rnu izt\u0113lei nav robe\u017eu","publisher":{"@id":"https:\/\/petitekingdom.com\/#organization"},"potentialAction":[{"@type":"SearchAction","target":{"@type":"EntryPoint","urlTemplate":"https:\/\/petitekingdom.com\/?s={search_term_string}"},"query-input":{"@type":"PropertyValueSpecification","valueRequired":true,"valueName":"search_term_string"}}],"inLanguage":"lv-LV"},{"@type":"Organization","@id":"https:\/\/petitekingdom.com\/#organization","name":"Petite Kingdom","url":"https:\/\/petitekingdom.com\/","logo":{"@type":"ImageObject","inLanguage":"lv-LV","@id":"https:\/\/petitekingdom.com\/#\/schema\/logo\/image\/","url":"https:\/\/petitekingdom.com\/wp-content\/uploads\/2021\/04\/PT_logo_blackPNG.png","contentUrl":"https:\/\/petitekingdom.com\/wp-content\/uploads\/2021\/04\/PT_logo_blackPNG.png","width":1158,"height":500,"caption":"Petite Kingdom"},"image":{"@id":"https:\/\/petitekingdom.com\/#\/schema\/logo\/image\/"},"sameAs":["https:\/\/www.facebook.com\/Petite-Kingdom-114272640862559","https:\/\/www.instagram.com\/petite_kingdom\/"]}]}},"_links":{"self":[{"href":"https:\/\/petitekingdom.com\/lv\/wp-json\/wp\/v2\/product\/20448"}],"collection":[{"href":"https:\/\/petitekingdom.com\/lv\/wp-json\/wp\/v2\/product"}],"about":[{"href":"https:\/\/petitekingdom.com\/lv\/wp-json\/wp\/v2\/types\/product"}],"wp:featuredmedia":[{"embeddable":true,"href":"https:\/\/petitekingdom.com\/lv\/wp-json\/wp\/v2\/media\/20335"}],"wp:attachment":[{"href":"https:\/\/petitekingdom.com\/lv\/wp-json\/wp\/v2\/media?parent=20448"}],"wp:term":[{"taxonomy":"product_cat","embeddable":true,"href":"https:\/\/petitekingdom.com\/lv\/wp-json\/wp\/v2\/product_cat?post=20448"},{"taxonomy":"product_tag","embeddable":true,"href":"https:\/\/petitekingdom.com\/lv\/wp-json\/wp\/v2\/product_tag?post=20448"},{"taxonomy":"product-material","embeddable":true,"href":"https:\/\/petitekingdom.com\/lv\/wp-json\/wp\/v2\/product-material?post=20448"},{"taxonomy":"product-type","embeddable":true,"href":"https:\/\/petitekingdom.com\/lv\/wp-json\/wp\/v2\/product-type?post=20448"},{"taxonomy":"designers","embeddable":true,"href":"https:\/\/petitekingdom.com\/lv\/wp-json\/wp\/v2\/designers?post=20448"}],"curies":[{"name":"wp","href":"https:\/\/api.w.org\/{rel}","templated":true}]}}