{"id":20241,"date":"2021-10-19T14:03:19","date_gmt":"2021-10-19T11:45:36","guid":{"rendered":"http:\/\/petitekingdom.com\/shop\/uncategorized\/jolie-bluze-dzelteno-rakstu-krasa\/"},"modified":"2023-01-02T23:03:36","modified_gmt":"2023-01-02T21:03:36","slug":"jolie-bluze-dzelteno-rakstu-krasa","status":"publish","type":"product","link":"https:\/\/petitekingdom.com\/lv\/veikals\/jolie-bluze-dzelteno-rakstu-krasa\/","title":{"rendered":"Jolie bl\u016bze dzelteno rakstu kr\u0101s\u0101"},"content":{"rendered":"","protected":false},"excerpt":{"rendered":"<p>Ask\u0113tiska un eleganta Jolie bl\u016bze meiten\u0113m no Le royaume des moutons. Ra\u017eota no viegla \u0161ifona auduma, tai ir ri\u0161as kakla da\u013c\u0101 un skaista, balta bante priek\u0161pus\u0113. Apaks\u0101 zem bl\u016bzes ir kokvilnas audumu k\u0101rta.<\/p>\n<ul>\n<li>100% Poliestera \u0161ifons (m\u012bksts &amp; viegls)<\/li>\n<li>Odere: 100% Kokvilna<\/li>\n<li>Mazg\u0101t ve\u013casma\u0161\u012bn\u0101 30*C (saudz\u012bgais re\u017e\u012bms)<\/li>\n<li>Podzi\u0146as muguras sada\u013c\u0101<\/li>\n<\/ul>\n","protected":false},"featured_media":20191,"template":"","meta":{"_acf_changed":false},"product_cat":[1180,1663,1665,1254,1269,1192,1232,1270,1605,1607,1674],"product_tag":[],"product-material":[],"product-type":[644,667],"designers":[1064],"class_list":{"0":"post-20241","1":"product","2":"type-product","3":"status-publish","4":"has-post-thumbnail","6":"product_cat-zidainu-apgerbs","7":"product_cat-jaundzimuso-drebites","8":"product_cat-zidainu-drebes","9":"product_cat-kreklini-bluzes-zidainiem","10":"product_cat-zidainu-bluzes","11":"product_cat-meitenes","12":"product_cat-meitenu-krekli-bluzes","13":"product_cat-bluzes-meitenem","14":"product_cat-izpardosana","15":"product_cat-outlets","16":"product_cat-sezonas-izpardosana","17":"product-type-bluzes-un-krekli","18":"product-type-topi-un-t-krekli","19":"designers-le-royaume-des-moutons-lv","21":"first","22":"instock","23":"sale","24":"taxable","25":"shipping-taxable","26":"purchasable","27":"product-type-variable"},"acf":[],"yoast_head":"<!-- This site is optimized with the Yoast SEO Premium plugin v23.7 (Yoast SEO v23.7) - https:\/\/yoast.com\/wordpress\/plugins\/seo\/ -->\n<title>Jolie bl\u016bze dzelteno rakstu kr\u0101s\u0101 &#8226; Petite Kingdom<\/title>\n<meta name=\"description\" content=\"Ask\u0113tiska un eleganta Jolie bl\u016bze dzelteno rakstu kr\u0101s\u0101 no Le royaume des moutons. Ra\u017eota no viegla \u0161ifona auduma, tai ir ri\u0161as kakla da\u013c\u0101 un skaista, balta bante priek\u0161pus\u0113. Apaks\u0101 zem bl\u016bzes ir kokvilnas audumu k\u0101rta.\" \/>\n<meta name=\"robots\" content=\"index, follow, max-snippet:-1, max-image-preview:large, max-video-preview:-1\" \/>\n<link rel=\"canonical\" href=\"https:\/\/petitekingdom.com\/shop\/jolie-blouse-chiffon\/\" \/>\n<meta property=\"og:locale\" content=\"lv_LV\" \/>\n<meta property=\"og:type\" content=\"article\" \/>\n<meta property=\"og:title\" content=\"Jolie bl\u016bze dzelteno rakstu kr\u0101s\u0101\" \/>\n<meta property=\"og:description\" content=\"Ask\u0113tiska un eleganta Jolie bl\u016bze meiten\u0113m no Le royaume des moutons. Ra\u017eota no viegla \u0161ifona auduma, tai ir ri\u0161as kakla da\u013c\u0101 un skaista, balta bante priek\u0161pus\u0113. Apaks\u0101 zem bl\u016bzes ir kokvilnas audumu k\u0101rta.   100% Poliestera \u0161ifons (m\u012bksts &amp; viegls)  Odere: 100% Kokvilna  Mazg\u0101t ve\u013casma\u0161\u012bn\u0101 30*C (saudz\u012bgais re\u017e\u012bms)  Podzi\u0146as muguras sada\u013c\u0101\" \/>\n<meta property=\"og:url\" content=\"https:\/\/petitekingdom.com\/shop\/jolie-blouse-chiffon\/\" \/>\n<meta property=\"og:site_name\" content=\"Petite Kingdom\" \/>\n<meta property=\"article:publisher\" content=\"https:\/\/www.facebook.com\/Petite-Kingdom-114272640862559\" \/>\n<meta property=\"article:modified_time\" content=\"2023-01-02T21:03:36+00:00\" \/>\n<meta property=\"og:image\" content=\"https:\/\/petitekingdom.com\/wp-content\/uploads\/2021\/10\/jolie-blouse-chiffon-le-royaume-des-moutons.jpeg\" \/>\n\t<meta property=\"og:image:width\" content=\"967\" \/>\n\t<meta property=\"og:image:height\" content=\"967\" \/>\n\t<meta property=\"og:image:type\" content=\"image\/jpeg\" \/>\n<meta name=\"twitter:card\" content=\"summary_large_image\" \/>\n<script type=\"application\/ld+json\" class=\"yoast-schema-graph\">{\"@context\":\"https:\/\/schema.org\",\"@graph\":[{\"@type\":\"WebPage\",\"@id\":\"https:\/\/petitekingdom.com\/shop\/jolie-blouse-chiffon\/\",\"url\":\"https:\/\/petitekingdom.com\/shop\/jolie-blouse-chiffon\/\",\"name\":\"Jolie bl\u016bze dzelteno rakstu kr\u0101s\u0101 &#8226; Petite Kingdom\",\"isPartOf\":{\"@id\":\"https:\/\/petitekingdom.com\/#website\"},\"primaryImageOfPage\":{\"@id\":\"https:\/\/petitekingdom.com\/shop\/jolie-blouse-chiffon\/#primaryimage\"},\"image\":{\"@id\":\"https:\/\/petitekingdom.com\/shop\/jolie-blouse-chiffon\/#primaryimage\"},\"thumbnailUrl\":\"https:\/\/petitekingdom.com\/wp-content\/uploads\/2021\/10\/jolie-blouse-chiffon-le-royaume-des-moutons.jpeg\",\"datePublished\":\"2021-10-19T11:45:36+00:00\",\"dateModified\":\"2023-01-02T21:03:36+00:00\",\"description\":\"Ask\u0113tiska un eleganta Jolie bl\u016bze dzelteno rakstu kr\u0101s\u0101 no Le royaume des moutons. Ra\u017eota no viegla \u0161ifona auduma, tai ir ri\u0161as kakla da\u013c\u0101 un skaista, balta bante priek\u0161pus\u0113. Apaks\u0101 zem bl\u016bzes ir kokvilnas audumu k\u0101rta.\",\"breadcrumb\":{\"@id\":\"https:\/\/petitekingdom.com\/shop\/jolie-blouse-chiffon\/#breadcrumb\"},\"inLanguage\":\"lv-LV\",\"potentialAction\":[{\"@type\":\"ReadAction\",\"target\":[\"https:\/\/petitekingdom.com\/shop\/jolie-blouse-chiffon\/\"]}]},{\"@type\":\"ImageObject\",\"inLanguage\":\"lv-LV\",\"@id\":\"https:\/\/petitekingdom.com\/shop\/jolie-blouse-chiffon\/#primaryimage\",\"url\":\"https:\/\/petitekingdom.com\/wp-content\/uploads\/2021\/10\/jolie-blouse-chiffon-le-royaume-des-moutons.jpeg\",\"contentUrl\":\"https:\/\/petitekingdom.com\/wp-content\/uploads\/2021\/10\/jolie-blouse-chiffon-le-royaume-des-moutons.jpeg\",\"width\":967,\"height\":967,\"caption\":\"Jolie bl\u016bze dzelteno rakstu kr\u0101s\u0101 - Le royaume des moutons\"},{\"@type\":\"BreadcrumbList\",\"@id\":\"https:\/\/petitekingdom.com\/shop\/jolie-blouse-chiffon\/#breadcrumb\",\"itemListElement\":[{\"@type\":\"ListItem\",\"position\":1,\"name\":\"Home\",\"item\":\"https:\/\/petitekingdom.com\/lv\/\"},{\"@type\":\"ListItem\",\"position\":2,\"name\":\"Veikals\",\"item\":\"https:\/\/petitekingdom.com\/lv\/veikals\/\"},{\"@type\":\"ListItem\",\"position\":3,\"name\":\"Jolie bl\u016bze dzelteno rakstu kr\u0101s\u0101\"}]},{\"@type\":\"WebSite\",\"@id\":\"https:\/\/petitekingdom.com\/#website\",\"url\":\"https:\/\/petitekingdom.com\/\",\"name\":\"Petite Kingdom\",\"description\":\"B\u0113rnu izt\u0113lei nav robe\u017eu\",\"publisher\":{\"@id\":\"https:\/\/petitekingdom.com\/#organization\"},\"potentialAction\":[{\"@type\":\"SearchAction\",\"target\":{\"@type\":\"EntryPoint\",\"urlTemplate\":\"https:\/\/petitekingdom.com\/?s={search_term_string}\"},\"query-input\":{\"@type\":\"PropertyValueSpecification\",\"valueRequired\":true,\"valueName\":\"search_term_string\"}}],\"inLanguage\":\"lv-LV\"},{\"@type\":\"Organization\",\"@id\":\"https:\/\/petitekingdom.com\/#organization\",\"name\":\"Petite Kingdom\",\"url\":\"https:\/\/petitekingdom.com\/\",\"logo\":{\"@type\":\"ImageObject\",\"inLanguage\":\"lv-LV\",\"@id\":\"https:\/\/petitekingdom.com\/#\/schema\/logo\/image\/\",\"url\":\"https:\/\/petitekingdom.com\/wp-content\/uploads\/2021\/04\/PT_logo_blackPNG.png\",\"contentUrl\":\"https:\/\/petitekingdom.com\/wp-content\/uploads\/2021\/04\/PT_logo_blackPNG.png\",\"width\":1158,\"height\":500,\"caption\":\"Petite Kingdom\"},\"image\":{\"@id\":\"https:\/\/petitekingdom.com\/#\/schema\/logo\/image\/\"},\"sameAs\":[\"https:\/\/www.facebook.com\/Petite-Kingdom-114272640862559\",\"https:\/\/www.instagram.com\/petite_kingdom\/\"]}]}<\/script>\n<!-- \/ Yoast SEO Premium plugin. -->","yoast_head_json":{"title":"Jolie bl\u016bze dzelteno rakstu kr\u0101s\u0101 &#8226; Petite Kingdom","description":"Ask\u0113tiska un eleganta Jolie bl\u016bze dzelteno rakstu kr\u0101s\u0101 no Le royaume des moutons. Ra\u017eota no viegla \u0161ifona auduma, tai ir ri\u0161as kakla da\u013c\u0101 un skaista, balta bante priek\u0161pus\u0113. Apaks\u0101 zem bl\u016bzes ir kokvilnas audumu k\u0101rta.","robots":{"index":"index","follow":"follow","max-snippet":"max-snippet:-1","max-image-preview":"max-image-preview:large","max-video-preview":"max-video-preview:-1"},"canonical":"https:\/\/petitekingdom.com\/shop\/jolie-blouse-chiffon\/","og_locale":"lv_LV","og_type":"article","og_title":"Jolie bl\u016bze dzelteno rakstu kr\u0101s\u0101","og_description":"Ask\u0113tiska un eleganta Jolie bl\u016bze meiten\u0113m no Le royaume des moutons. Ra\u017eota no viegla \u0161ifona auduma, tai ir ri\u0161as kakla da\u013c\u0101 un skaista, balta bante priek\u0161pus\u0113. Apaks\u0101 zem bl\u016bzes ir kokvilnas audumu k\u0101rta.   100% Poliestera \u0161ifons (m\u012bksts &amp; viegls)  Odere: 100% Kokvilna  Mazg\u0101t ve\u013casma\u0161\u012bn\u0101 30*C (saudz\u012bgais re\u017e\u012bms)  Podzi\u0146as muguras sada\u013c\u0101","og_url":"https:\/\/petitekingdom.com\/shop\/jolie-blouse-chiffon\/","og_site_name":"Petite Kingdom","article_publisher":"https:\/\/www.facebook.com\/Petite-Kingdom-114272640862559","article_modified_time":"2023-01-02T21:03:36+00:00","og_image":[{"width":967,"height":967,"url":"https:\/\/petitekingdom.com\/wp-content\/uploads\/2021\/10\/jolie-blouse-chiffon-le-royaume-des-moutons.jpeg","type":"image\/jpeg"}],"twitter_card":"summary_large_image","schema":{"@context":"https:\/\/schema.org","@graph":[{"@type":"WebPage","@id":"https:\/\/petitekingdom.com\/shop\/jolie-blouse-chiffon\/","url":"https:\/\/petitekingdom.com\/shop\/jolie-blouse-chiffon\/","name":"Jolie bl\u016bze dzelteno rakstu kr\u0101s\u0101 &#8226; Petite Kingdom","isPartOf":{"@id":"https:\/\/petitekingdom.com\/#website"},"primaryImageOfPage":{"@id":"https:\/\/petitekingdom.com\/shop\/jolie-blouse-chiffon\/#primaryimage"},"image":{"@id":"https:\/\/petitekingdom.com\/shop\/jolie-blouse-chiffon\/#primaryimage"},"thumbnailUrl":"https:\/\/petitekingdom.com\/wp-content\/uploads\/2021\/10\/jolie-blouse-chiffon-le-royaume-des-moutons.jpeg","datePublished":"2021-10-19T11:45:36+00:00","dateModified":"2023-01-02T21:03:36+00:00","description":"Ask\u0113tiska un eleganta Jolie bl\u016bze dzelteno rakstu kr\u0101s\u0101 no Le royaume des moutons. Ra\u017eota no viegla \u0161ifona auduma, tai ir ri\u0161as kakla da\u013c\u0101 un skaista, balta bante priek\u0161pus\u0113. Apaks\u0101 zem bl\u016bzes ir kokvilnas audumu k\u0101rta.","breadcrumb":{"@id":"https:\/\/petitekingdom.com\/shop\/jolie-blouse-chiffon\/#breadcrumb"},"inLanguage":"lv-LV","potentialAction":[{"@type":"ReadAction","target":["https:\/\/petitekingdom.com\/shop\/jolie-blouse-chiffon\/"]}]},{"@type":"ImageObject","inLanguage":"lv-LV","@id":"https:\/\/petitekingdom.com\/shop\/jolie-blouse-chiffon\/#primaryimage","url":"https:\/\/petitekingdom.com\/wp-content\/uploads\/2021\/10\/jolie-blouse-chiffon-le-royaume-des-moutons.jpeg","contentUrl":"https:\/\/petitekingdom.com\/wp-content\/uploads\/2021\/10\/jolie-blouse-chiffon-le-royaume-des-moutons.jpeg","width":967,"height":967,"caption":"Jolie bl\u016bze dzelteno rakstu kr\u0101s\u0101 - Le royaume des moutons"},{"@type":"BreadcrumbList","@id":"https:\/\/petitekingdom.com\/shop\/jolie-blouse-chiffon\/#breadcrumb","itemListElement":[{"@type":"ListItem","position":1,"name":"Home","item":"https:\/\/petitekingdom.com\/lv\/"},{"@type":"ListItem","position":2,"name":"Veikals","item":"https:\/\/petitekingdom.com\/lv\/veikals\/"},{"@type":"ListItem","position":3,"name":"Jolie bl\u016bze dzelteno rakstu kr\u0101s\u0101"}]},{"@type":"WebSite","@id":"https:\/\/petitekingdom.com\/#website","url":"https:\/\/petitekingdom.com\/","name":"Petite Kingdom","description":"B\u0113rnu izt\u0113lei nav robe\u017eu","publisher":{"@id":"https:\/\/petitekingdom.com\/#organization"},"potentialAction":[{"@type":"SearchAction","target":{"@type":"EntryPoint","urlTemplate":"https:\/\/petitekingdom.com\/?s={search_term_string}"},"query-input":{"@type":"PropertyValueSpecification","valueRequired":true,"valueName":"search_term_string"}}],"inLanguage":"lv-LV"},{"@type":"Organization","@id":"https:\/\/petitekingdom.com\/#organization","name":"Petite Kingdom","url":"https:\/\/petitekingdom.com\/","logo":{"@type":"ImageObject","inLanguage":"lv-LV","@id":"https:\/\/petitekingdom.com\/#\/schema\/logo\/image\/","url":"https:\/\/petitekingdom.com\/wp-content\/uploads\/2021\/04\/PT_logo_blackPNG.png","contentUrl":"https:\/\/petitekingdom.com\/wp-content\/uploads\/2021\/04\/PT_logo_blackPNG.png","width":1158,"height":500,"caption":"Petite Kingdom"},"image":{"@id":"https:\/\/petitekingdom.com\/#\/schema\/logo\/image\/"},"sameAs":["https:\/\/www.facebook.com\/Petite-Kingdom-114272640862559","https:\/\/www.instagram.com\/petite_kingdom\/"]}]}},"_links":{"self":[{"href":"https:\/\/petitekingdom.com\/lv\/wp-json\/wp\/v2\/product\/20241"}],"collection":[{"href":"https:\/\/petitekingdom.com\/lv\/wp-json\/wp\/v2\/product"}],"about":[{"href":"https:\/\/petitekingdom.com\/lv\/wp-json\/wp\/v2\/types\/product"}],"wp:featuredmedia":[{"embeddable":true,"href":"https:\/\/petitekingdom.com\/lv\/wp-json\/wp\/v2\/media\/20191"}],"wp:attachment":[{"href":"https:\/\/petitekingdom.com\/lv\/wp-json\/wp\/v2\/media?parent=20241"}],"wp:term":[{"taxonomy":"product_cat","embeddable":true,"href":"https:\/\/petitekingdom.com\/lv\/wp-json\/wp\/v2\/product_cat?post=20241"},{"taxonomy":"product_tag","embeddable":true,"href":"https:\/\/petitekingdom.com\/lv\/wp-json\/wp\/v2\/product_tag?post=20241"},{"taxonomy":"product-material","embeddable":true,"href":"https:\/\/petitekingdom.com\/lv\/wp-json\/wp\/v2\/product-material?post=20241"},{"taxonomy":"product-type","embeddable":true,"href":"https:\/\/petitekingdom.com\/lv\/wp-json\/wp\/v2\/product-type?post=20241"},{"taxonomy":"designers","embeddable":true,"href":"https:\/\/petitekingdom.com\/lv\/wp-json\/wp\/v2\/designers?post=20241"}],"curies":[{"name":"wp","href":"https:\/\/api.w.org\/{rel}","templated":true}]}}