{"id":20237,"date":"2021-10-19T13:54:38","date_gmt":"2021-10-19T11:40:43","guid":{"rendered":"http:\/\/petitekingdom.com\/shop\/uncategorized\/romijas-bluze-persika-krasa\/"},"modified":"2023-01-02T23:03:41","modified_gmt":"2023-01-02T21:03:41","slug":"romijas-bluze-persika-krasa","status":"publish","type":"product","link":"https:\/\/petitekingdom.com\/lv\/veikals\/romijas-bluze-persika-krasa\/","title":{"rendered":"Romijas bl\u016bze persika kr\u0101s\u0101"},"content":{"rendered":"","protected":false},"excerpt":{"rendered":"<p>Br\u012bni\u0161\u0137\u012bga dizaina Romijas bl\u016bze no Le royaume des moutons persiku kr\u0101s\u0101. Odere ir no kokvilnas. Bl\u016bzei kakla da\u013c\u0101 ir skaista apkakl\u012bte. T\u0101s priek\u0161pusi grezno podzi\u0146as.<\/p>\n<ul>\n<li>100% Poliesters (m\u012bksts &amp; viegls)<\/li>\n<li>Mazg\u0101t ve\u013casma\u0161\u012bn\u0101 30*C (saudz\u012bgais re\u017e\u012bms)<\/li>\n<li>Pogu aizdare priek\u0161pus\u0113<\/li>\n<\/ul>\n","protected":false},"featured_media":20179,"template":"","meta":{"_acf_changed":false},"product_cat":[1180,1663,1665,1254,1269,1192,1232,1270,1605,1607,1674],"product_tag":[],"product-material":[],"product-type":[644],"designers":[1064],"class_list":{"0":"post-20237","1":"product","2":"type-product","3":"status-publish","4":"has-post-thumbnail","6":"product_cat-zidainu-apgerbs","7":"product_cat-jaundzimuso-drebites","8":"product_cat-zidainu-drebes","9":"product_cat-kreklini-bluzes-zidainiem","10":"product_cat-zidainu-bluzes","11":"product_cat-meitenes","12":"product_cat-meitenu-krekli-bluzes","13":"product_cat-bluzes-meitenem","14":"product_cat-izpardosana","15":"product_cat-outlets","16":"product_cat-sezonas-izpardosana","17":"product-type-bluzes-un-krekli","18":"designers-le-royaume-des-moutons-lv","20":"first","21":"instock","22":"sale","23":"taxable","24":"shipping-taxable","25":"purchasable","26":"product-type-variable"},"acf":[],"yoast_head":"<!-- This site is optimized with the Yoast SEO Premium plugin v23.7 (Yoast SEO v23.7) - https:\/\/yoast.com\/wordpress\/plugins\/seo\/ -->\n<title>Romijas bl\u016bze persika kr\u0101s\u0101 &#8226; Petite Kingdom<\/title>\n<meta name=\"description\" content=\"Br\u012bni\u0161\u0137\u012bga dizaina Romijas bl\u016bze persika kr\u0101s\u0101 no Le royaume des moutons. Odere ir no kokvilnas. Bl\u016bzei kakla da\u013c\u0101 ir skaista apkakl\u012bte. T\u0101s priek\u0161pusi grezno podzi\u0146as.\" \/>\n<meta name=\"robots\" content=\"index, follow, max-snippet:-1, max-image-preview:large, max-video-preview:-1\" \/>\n<link rel=\"canonical\" href=\"https:\/\/petitekingdom.com\/lv\/veikals\/romijas-bluze-persika-krasa\/\" \/>\n<meta property=\"og:locale\" content=\"lv_LV\" \/>\n<meta property=\"og:type\" content=\"article\" \/>\n<meta property=\"og:title\" content=\"Romijas bl\u016bze persika kr\u0101s\u0101\" \/>\n<meta property=\"og:description\" content=\"Br\u012bni\u0161\u0137\u012bga dizaina Romijas bl\u016bze no Le royaume des moutons persiku kr\u0101s\u0101. Odere ir no kokvilnas. Bl\u016bzei kakla da\u013c\u0101 ir skaista apkakl\u012bte. T\u0101s priek\u0161pusi grezno podzi\u0146as.   100% Poliesters (m\u012bksts &amp; viegls)  Mazg\u0101t ve\u013casma\u0161\u012bn\u0101 30*C (saudz\u012bgais re\u017e\u012bms)  Pogu aizdare priek\u0161pus\u0113\" \/>\n<meta property=\"og:url\" content=\"https:\/\/petitekingdom.com\/lv\/veikals\/romijas-bluze-persika-krasa\/\" \/>\n<meta property=\"og:site_name\" content=\"Petite Kingdom\" \/>\n<meta property=\"article:publisher\" content=\"https:\/\/www.facebook.com\/Petite-Kingdom-114272640862559\" \/>\n<meta property=\"article:modified_time\" content=\"2023-01-02T21:03:41+00:00\" \/>\n<meta property=\"og:image\" content=\"https:\/\/petitekingdom.com\/wp-content\/uploads\/2021\/10\/romy-blouse-peach-le-royaume-des-moutons.jpeg\" \/>\n\t<meta property=\"og:image:width\" content=\"900\" \/>\n\t<meta property=\"og:image:height\" content=\"900\" \/>\n\t<meta property=\"og:image:type\" content=\"image\/jpeg\" \/>\n<meta name=\"twitter:card\" content=\"summary_large_image\" \/>\n<script type=\"application\/ld+json\" class=\"yoast-schema-graph\">{\"@context\":\"https:\/\/schema.org\",\"@graph\":[{\"@type\":\"WebPage\",\"@id\":\"https:\/\/petitekingdom.com\/lv\/veikals\/romijas-bluze-persika-krasa\/\",\"url\":\"https:\/\/petitekingdom.com\/lv\/veikals\/romijas-bluze-persika-krasa\/\",\"name\":\"Romijas bl\u016bze persika kr\u0101s\u0101 &#8226; Petite Kingdom\",\"isPartOf\":{\"@id\":\"https:\/\/petitekingdom.com\/#website\"},\"primaryImageOfPage\":{\"@id\":\"https:\/\/petitekingdom.com\/lv\/veikals\/romijas-bluze-persika-krasa\/#primaryimage\"},\"image\":{\"@id\":\"https:\/\/petitekingdom.com\/lv\/veikals\/romijas-bluze-persika-krasa\/#primaryimage\"},\"thumbnailUrl\":\"https:\/\/petitekingdom.com\/wp-content\/uploads\/2021\/10\/romy-blouse-peach-le-royaume-des-moutons.jpeg\",\"datePublished\":\"2021-10-19T11:40:43+00:00\",\"dateModified\":\"2023-01-02T21:03:41+00:00\",\"description\":\"Br\u012bni\u0161\u0137\u012bga dizaina Romijas bl\u016bze persika kr\u0101s\u0101 no Le royaume des moutons. Odere ir no kokvilnas. Bl\u016bzei kakla da\u013c\u0101 ir skaista apkakl\u012bte. T\u0101s priek\u0161pusi grezno podzi\u0146as.\",\"breadcrumb\":{\"@id\":\"https:\/\/petitekingdom.com\/lv\/veikals\/romijas-bluze-persika-krasa\/#breadcrumb\"},\"inLanguage\":\"lv-LV\",\"potentialAction\":[{\"@type\":\"ReadAction\",\"target\":[\"https:\/\/petitekingdom.com\/lv\/veikals\/romijas-bluze-persika-krasa\/\"]}]},{\"@type\":\"ImageObject\",\"inLanguage\":\"lv-LV\",\"@id\":\"https:\/\/petitekingdom.com\/lv\/veikals\/romijas-bluze-persika-krasa\/#primaryimage\",\"url\":\"https:\/\/petitekingdom.com\/wp-content\/uploads\/2021\/10\/romy-blouse-peach-le-royaume-des-moutons.jpeg\",\"contentUrl\":\"https:\/\/petitekingdom.com\/wp-content\/uploads\/2021\/10\/romy-blouse-peach-le-royaume-des-moutons.jpeg\",\"width\":900,\"height\":900,\"caption\":\"Romijas bl\u016bze persika kr\u0101s\u0101 - Le royaume des moutons\"},{\"@type\":\"BreadcrumbList\",\"@id\":\"https:\/\/petitekingdom.com\/lv\/veikals\/romijas-bluze-persika-krasa\/#breadcrumb\",\"itemListElement\":[{\"@type\":\"ListItem\",\"position\":1,\"name\":\"Home\",\"item\":\"https:\/\/petitekingdom.com\/lv\/\"},{\"@type\":\"ListItem\",\"position\":2,\"name\":\"Veikals\",\"item\":\"https:\/\/petitekingdom.com\/lv\/veikals\/\"},{\"@type\":\"ListItem\",\"position\":3,\"name\":\"Romijas bl\u016bze persika kr\u0101s\u0101\"}]},{\"@type\":\"WebSite\",\"@id\":\"https:\/\/petitekingdom.com\/#website\",\"url\":\"https:\/\/petitekingdom.com\/\",\"name\":\"Petite Kingdom\",\"description\":\"B\u0113rnu izt\u0113lei nav robe\u017eu\",\"publisher\":{\"@id\":\"https:\/\/petitekingdom.com\/#organization\"},\"potentialAction\":[{\"@type\":\"SearchAction\",\"target\":{\"@type\":\"EntryPoint\",\"urlTemplate\":\"https:\/\/petitekingdom.com\/?s={search_term_string}\"},\"query-input\":{\"@type\":\"PropertyValueSpecification\",\"valueRequired\":true,\"valueName\":\"search_term_string\"}}],\"inLanguage\":\"lv-LV\"},{\"@type\":\"Organization\",\"@id\":\"https:\/\/petitekingdom.com\/#organization\",\"name\":\"Petite Kingdom\",\"url\":\"https:\/\/petitekingdom.com\/\",\"logo\":{\"@type\":\"ImageObject\",\"inLanguage\":\"lv-LV\",\"@id\":\"https:\/\/petitekingdom.com\/#\/schema\/logo\/image\/\",\"url\":\"https:\/\/petitekingdom.com\/wp-content\/uploads\/2021\/04\/PT_logo_blackPNG.png\",\"contentUrl\":\"https:\/\/petitekingdom.com\/wp-content\/uploads\/2021\/04\/PT_logo_blackPNG.png\",\"width\":1158,\"height\":500,\"caption\":\"Petite Kingdom\"},\"image\":{\"@id\":\"https:\/\/petitekingdom.com\/#\/schema\/logo\/image\/\"},\"sameAs\":[\"https:\/\/www.facebook.com\/Petite-Kingdom-114272640862559\",\"https:\/\/www.instagram.com\/petite_kingdom\/\"]}]}<\/script>\n<!-- \/ Yoast SEO Premium plugin. -->","yoast_head_json":{"title":"Romijas bl\u016bze persika kr\u0101s\u0101 &#8226; Petite Kingdom","description":"Br\u012bni\u0161\u0137\u012bga dizaina Romijas bl\u016bze persika kr\u0101s\u0101 no Le royaume des moutons. Odere ir no kokvilnas. Bl\u016bzei kakla da\u013c\u0101 ir skaista apkakl\u012bte. T\u0101s priek\u0161pusi grezno podzi\u0146as.","robots":{"index":"index","follow":"follow","max-snippet":"max-snippet:-1","max-image-preview":"max-image-preview:large","max-video-preview":"max-video-preview:-1"},"canonical":"https:\/\/petitekingdom.com\/lv\/veikals\/romijas-bluze-persika-krasa\/","og_locale":"lv_LV","og_type":"article","og_title":"Romijas bl\u016bze persika kr\u0101s\u0101","og_description":"Br\u012bni\u0161\u0137\u012bga dizaina Romijas bl\u016bze no Le royaume des moutons persiku kr\u0101s\u0101. Odere ir no kokvilnas. Bl\u016bzei kakla da\u013c\u0101 ir skaista apkakl\u012bte. T\u0101s priek\u0161pusi grezno podzi\u0146as.   100% Poliesters (m\u012bksts &amp; viegls)  Mazg\u0101t ve\u013casma\u0161\u012bn\u0101 30*C (saudz\u012bgais re\u017e\u012bms)  Pogu aizdare priek\u0161pus\u0113","og_url":"https:\/\/petitekingdom.com\/lv\/veikals\/romijas-bluze-persika-krasa\/","og_site_name":"Petite Kingdom","article_publisher":"https:\/\/www.facebook.com\/Petite-Kingdom-114272640862559","article_modified_time":"2023-01-02T21:03:41+00:00","og_image":[{"width":900,"height":900,"url":"https:\/\/petitekingdom.com\/wp-content\/uploads\/2021\/10\/romy-blouse-peach-le-royaume-des-moutons.jpeg","type":"image\/jpeg"}],"twitter_card":"summary_large_image","schema":{"@context":"https:\/\/schema.org","@graph":[{"@type":"WebPage","@id":"https:\/\/petitekingdom.com\/lv\/veikals\/romijas-bluze-persika-krasa\/","url":"https:\/\/petitekingdom.com\/lv\/veikals\/romijas-bluze-persika-krasa\/","name":"Romijas bl\u016bze persika kr\u0101s\u0101 &#8226; Petite Kingdom","isPartOf":{"@id":"https:\/\/petitekingdom.com\/#website"},"primaryImageOfPage":{"@id":"https:\/\/petitekingdom.com\/lv\/veikals\/romijas-bluze-persika-krasa\/#primaryimage"},"image":{"@id":"https:\/\/petitekingdom.com\/lv\/veikals\/romijas-bluze-persika-krasa\/#primaryimage"},"thumbnailUrl":"https:\/\/petitekingdom.com\/wp-content\/uploads\/2021\/10\/romy-blouse-peach-le-royaume-des-moutons.jpeg","datePublished":"2021-10-19T11:40:43+00:00","dateModified":"2023-01-02T21:03:41+00:00","description":"Br\u012bni\u0161\u0137\u012bga dizaina Romijas bl\u016bze persika kr\u0101s\u0101 no Le royaume des moutons. Odere ir no kokvilnas. Bl\u016bzei kakla da\u013c\u0101 ir skaista apkakl\u012bte. T\u0101s priek\u0161pusi grezno podzi\u0146as.","breadcrumb":{"@id":"https:\/\/petitekingdom.com\/lv\/veikals\/romijas-bluze-persika-krasa\/#breadcrumb"},"inLanguage":"lv-LV","potentialAction":[{"@type":"ReadAction","target":["https:\/\/petitekingdom.com\/lv\/veikals\/romijas-bluze-persika-krasa\/"]}]},{"@type":"ImageObject","inLanguage":"lv-LV","@id":"https:\/\/petitekingdom.com\/lv\/veikals\/romijas-bluze-persika-krasa\/#primaryimage","url":"https:\/\/petitekingdom.com\/wp-content\/uploads\/2021\/10\/romy-blouse-peach-le-royaume-des-moutons.jpeg","contentUrl":"https:\/\/petitekingdom.com\/wp-content\/uploads\/2021\/10\/romy-blouse-peach-le-royaume-des-moutons.jpeg","width":900,"height":900,"caption":"Romijas bl\u016bze persika kr\u0101s\u0101 - Le royaume des moutons"},{"@type":"BreadcrumbList","@id":"https:\/\/petitekingdom.com\/lv\/veikals\/romijas-bluze-persika-krasa\/#breadcrumb","itemListElement":[{"@type":"ListItem","position":1,"name":"Home","item":"https:\/\/petitekingdom.com\/lv\/"},{"@type":"ListItem","position":2,"name":"Veikals","item":"https:\/\/petitekingdom.com\/lv\/veikals\/"},{"@type":"ListItem","position":3,"name":"Romijas bl\u016bze persika kr\u0101s\u0101"}]},{"@type":"WebSite","@id":"https:\/\/petitekingdom.com\/#website","url":"https:\/\/petitekingdom.com\/","name":"Petite Kingdom","description":"B\u0113rnu izt\u0113lei nav robe\u017eu","publisher":{"@id":"https:\/\/petitekingdom.com\/#organization"},"potentialAction":[{"@type":"SearchAction","target":{"@type":"EntryPoint","urlTemplate":"https:\/\/petitekingdom.com\/?s={search_term_string}"},"query-input":{"@type":"PropertyValueSpecification","valueRequired":true,"valueName":"search_term_string"}}],"inLanguage":"lv-LV"},{"@type":"Organization","@id":"https:\/\/petitekingdom.com\/#organization","name":"Petite Kingdom","url":"https:\/\/petitekingdom.com\/","logo":{"@type":"ImageObject","inLanguage":"lv-LV","@id":"https:\/\/petitekingdom.com\/#\/schema\/logo\/image\/","url":"https:\/\/petitekingdom.com\/wp-content\/uploads\/2021\/04\/PT_logo_blackPNG.png","contentUrl":"https:\/\/petitekingdom.com\/wp-content\/uploads\/2021\/04\/PT_logo_blackPNG.png","width":1158,"height":500,"caption":"Petite Kingdom"},"image":{"@id":"https:\/\/petitekingdom.com\/#\/schema\/logo\/image\/"},"sameAs":["https:\/\/www.facebook.com\/Petite-Kingdom-114272640862559","https:\/\/www.instagram.com\/petite_kingdom\/"]}]}},"_links":{"self":[{"href":"https:\/\/petitekingdom.com\/lv\/wp-json\/wp\/v2\/product\/20237"}],"collection":[{"href":"https:\/\/petitekingdom.com\/lv\/wp-json\/wp\/v2\/product"}],"about":[{"href":"https:\/\/petitekingdom.com\/lv\/wp-json\/wp\/v2\/types\/product"}],"wp:featuredmedia":[{"embeddable":true,"href":"https:\/\/petitekingdom.com\/lv\/wp-json\/wp\/v2\/media\/20179"}],"wp:attachment":[{"href":"https:\/\/petitekingdom.com\/lv\/wp-json\/wp\/v2\/media?parent=20237"}],"wp:term":[{"taxonomy":"product_cat","embeddable":true,"href":"https:\/\/petitekingdom.com\/lv\/wp-json\/wp\/v2\/product_cat?post=20237"},{"taxonomy":"product_tag","embeddable":true,"href":"https:\/\/petitekingdom.com\/lv\/wp-json\/wp\/v2\/product_tag?post=20237"},{"taxonomy":"product-material","embeddable":true,"href":"https:\/\/petitekingdom.com\/lv\/wp-json\/wp\/v2\/product-material?post=20237"},{"taxonomy":"product-type","embeddable":true,"href":"https:\/\/petitekingdom.com\/lv\/wp-json\/wp\/v2\/product-type?post=20237"},{"taxonomy":"designers","embeddable":true,"href":"https:\/\/petitekingdom.com\/lv\/wp-json\/wp\/v2\/designers?post=20237"}],"curies":[{"name":"wp","href":"https:\/\/api.w.org\/{rel}","templated":true}]}}