{"id":18608,"date":"2021-10-01T18:04:50","date_gmt":"2021-10-01T15:16:03","guid":{"rendered":"http:\/\/petitekingdom.com\/shop\/uncategorized\/klasiskas-zekubikses-kerpja-zala-krasa\/"},"modified":"2021-12-10T21:16:56","modified_gmt":"2021-12-10T19:16:56","slug":"klasiskas-zekubikses-kerpja-zala-krasa","status":"publish","type":"product","link":"https:\/\/petitekingdom.com\/lv\/veikals\/klasiskas-zekubikses-kerpja-zala-krasa\/","title":{"rendered":"Klasisk\u0101s ze\u0137ubikses \u0137\u0113rpja za\u013c\u0101 kr\u0101s\u0101"},"content":{"rendered":"","protected":false},"excerpt":{"rendered":"<p>Klasisk\u0101s ze\u0137ubikses no Condor. \u0136\u0113rpja za\u013c\u0101 kr\u0101s\u0101 ar elast\u012bgu gumiju jostasviet\u0101.<\/p>\n<ul>\n<li>75% Kokvilna 22% Neilons 3% Elast\u0101ns<\/li>\n<li>Oeko-Tex 100<\/li>\n<li>Eko- draudz\u012bgs audums<\/li>\n<li>Rievota ad\u012bjuma dizains<\/li>\n<\/ul>\n","protected":false},"featured_media":18554,"template":"","meta":{"_acf_changed":false},"product_cat":[1086,1114,1115,1081,1662,1110,1111,1100,1118,1161,1078,1112,1113],"product_tag":[],"product-material":[854],"product-type":[661],"designers":[382],"class_list":{"0":"post-18608","1":"product","2":"type-product","3":"status-publish","4":"has-post-thumbnail","6":"product_cat-accessories","7":"product_cat-childrens-tights-socks","8":"product_cat-tights","9":"product_cat-baby","10":"product_cat-baby-clothes","11":"product_cat-tights-and-socks","12":"product_cat-baby-tights","13":"product_cat-boys","14":"product_cat-boys-tights-socks","15":"product_cat-boys-tights","16":"product_cat-girls","17":"product_cat-girls-tights-socks","18":"product_cat-girls-tights","19":"product-material-oeko-tex-100-lv","20":"product-type-zekes-un-zekubikses","21":"designers-condor","23":"first","24":"instock","25":"taxable","26":"shipping-taxable","27":"purchasable","28":"product-type-variable"},"acf":[],"yoast_head":"<!-- This site is optimized with the Yoast SEO Premium plugin v23.7 (Yoast SEO v23.7) - https:\/\/yoast.com\/wordpress\/plugins\/seo\/ -->\n<title>Klasisk\u0101s ze\u0137ubikses \u0137\u0113rpja za\u013c\u0101 kr\u0101s\u0101 &#8226; Petite Kingdom<\/title>\n<meta name=\"description\" content=\"Klasisk\u0101s ze\u0137ubikses \u0137\u0113rpja za\u013c\u0101 kr\u0101s\u0101 no Condor. \u0136\u0113rpja za\u013c\u0101 kr\u0101s\u0101 ar elast\u012bgu gumiju jostasviet\u0101. 75% Kokvilna 22% Neilons 3% Elast\u0101ns Oeko-Tex 100 Eko- draudz\u012bgs audums Rievota ad\u012bjuma dizains\" \/>\n<meta name=\"robots\" content=\"index, follow, max-snippet:-1, max-image-preview:large, max-video-preview:-1\" \/>\n<link rel=\"canonical\" href=\"https:\/\/petitekingdom.com\/shop\/basic-rib-tights-lichen-green\/\" \/>\n<meta property=\"og:locale\" content=\"lv_LV\" \/>\n<meta property=\"og:type\" content=\"article\" \/>\n<meta property=\"og:title\" content=\"Klasisk\u0101s ze\u0137ubikses \u0137\u0113rpja za\u013c\u0101 kr\u0101s\u0101\" \/>\n<meta property=\"og:description\" content=\"Klasisk\u0101s ze\u0137ubikses no Condor. \u0136\u0113rpja za\u013c\u0101 kr\u0101s\u0101 ar elast\u012bgu gumiju jostasviet\u0101.   75% Kokvilna 22% Neilons 3% Elast\u0101ns  Oeko-Tex 100  Eko- draudz\u012bgs audums  Rievota ad\u012bjuma dizains\" \/>\n<meta property=\"og:url\" content=\"https:\/\/petitekingdom.com\/shop\/basic-rib-tights-lichen-green\/\" \/>\n<meta property=\"og:site_name\" content=\"Petite Kingdom\" \/>\n<meta property=\"article:publisher\" content=\"https:\/\/www.facebook.com\/Petite-Kingdom-114272640862559\" \/>\n<meta property=\"article:modified_time\" content=\"2021-12-10T19:16:56+00:00\" \/>\n<meta property=\"og:image\" content=\"https:\/\/petitekingdom.com\/wp-content\/uploads\/2021\/10\/basic-rib-tights-lichen-green-condor.jpg\" \/>\n\t<meta property=\"og:image:width\" content=\"800\" \/>\n\t<meta property=\"og:image:height\" content=\"800\" \/>\n\t<meta property=\"og:image:type\" content=\"image\/jpeg\" \/>\n<meta name=\"twitter:card\" content=\"summary_large_image\" \/>\n<script type=\"application\/ld+json\" class=\"yoast-schema-graph\">{\"@context\":\"https:\/\/schema.org\",\"@graph\":[{\"@type\":\"WebPage\",\"@id\":\"https:\/\/petitekingdom.com\/shop\/basic-rib-tights-lichen-green\/\",\"url\":\"https:\/\/petitekingdom.com\/shop\/basic-rib-tights-lichen-green\/\",\"name\":\"Klasisk\u0101s ze\u0137ubikses \u0137\u0113rpja za\u013c\u0101 kr\u0101s\u0101 &#8226; Petite Kingdom\",\"isPartOf\":{\"@id\":\"https:\/\/petitekingdom.com\/#website\"},\"primaryImageOfPage\":{\"@id\":\"https:\/\/petitekingdom.com\/shop\/basic-rib-tights-lichen-green\/#primaryimage\"},\"image\":{\"@id\":\"https:\/\/petitekingdom.com\/shop\/basic-rib-tights-lichen-green\/#primaryimage\"},\"thumbnailUrl\":\"https:\/\/petitekingdom.com\/wp-content\/uploads\/2021\/10\/basic-rib-tights-lichen-green-condor.jpg\",\"datePublished\":\"2021-10-01T15:16:03+00:00\",\"dateModified\":\"2021-12-10T19:16:56+00:00\",\"description\":\"Klasisk\u0101s ze\u0137ubikses \u0137\u0113rpja za\u013c\u0101 kr\u0101s\u0101 no Condor. \u0136\u0113rpja za\u013c\u0101 kr\u0101s\u0101 ar elast\u012bgu gumiju jostasviet\u0101. 75% Kokvilna 22% Neilons 3% Elast\u0101ns Oeko-Tex 100 Eko- draudz\u012bgs audums Rievota ad\u012bjuma dizains\",\"breadcrumb\":{\"@id\":\"https:\/\/petitekingdom.com\/shop\/basic-rib-tights-lichen-green\/#breadcrumb\"},\"inLanguage\":\"lv-LV\",\"potentialAction\":[{\"@type\":\"ReadAction\",\"target\":[\"https:\/\/petitekingdom.com\/shop\/basic-rib-tights-lichen-green\/\"]}]},{\"@type\":\"ImageObject\",\"inLanguage\":\"lv-LV\",\"@id\":\"https:\/\/petitekingdom.com\/shop\/basic-rib-tights-lichen-green\/#primaryimage\",\"url\":\"https:\/\/petitekingdom.com\/wp-content\/uploads\/2021\/10\/basic-rib-tights-lichen-green-condor.jpg\",\"contentUrl\":\"https:\/\/petitekingdom.com\/wp-content\/uploads\/2021\/10\/basic-rib-tights-lichen-green-condor.jpg\",\"width\":800,\"height\":800,\"caption\":\"Klasisk\u0101s ze\u0137ubikses \u0137\u0113rpja za\u013c\u0101 kr\u0101s\u0101 - C\u00f3ndor\"},{\"@type\":\"BreadcrumbList\",\"@id\":\"https:\/\/petitekingdom.com\/shop\/basic-rib-tights-lichen-green\/#breadcrumb\",\"itemListElement\":[{\"@type\":\"ListItem\",\"position\":1,\"name\":\"Home\",\"item\":\"https:\/\/petitekingdom.com\/lv\/\"},{\"@type\":\"ListItem\",\"position\":2,\"name\":\"Veikals\",\"item\":\"https:\/\/petitekingdom.com\/lv\/veikals\/\"},{\"@type\":\"ListItem\",\"position\":3,\"name\":\"Klasisk\u0101s ze\u0137ubikses \u0137\u0113rpja za\u013c\u0101 kr\u0101s\u0101\"}]},{\"@type\":\"WebSite\",\"@id\":\"https:\/\/petitekingdom.com\/#website\",\"url\":\"https:\/\/petitekingdom.com\/\",\"name\":\"Petite Kingdom\",\"description\":\"B\u0113rnu izt\u0113lei nav robe\u017eu\",\"publisher\":{\"@id\":\"https:\/\/petitekingdom.com\/#organization\"},\"potentialAction\":[{\"@type\":\"SearchAction\",\"target\":{\"@type\":\"EntryPoint\",\"urlTemplate\":\"https:\/\/petitekingdom.com\/?s={search_term_string}\"},\"query-input\":{\"@type\":\"PropertyValueSpecification\",\"valueRequired\":true,\"valueName\":\"search_term_string\"}}],\"inLanguage\":\"lv-LV\"},{\"@type\":\"Organization\",\"@id\":\"https:\/\/petitekingdom.com\/#organization\",\"name\":\"Petite Kingdom\",\"url\":\"https:\/\/petitekingdom.com\/\",\"logo\":{\"@type\":\"ImageObject\",\"inLanguage\":\"lv-LV\",\"@id\":\"https:\/\/petitekingdom.com\/#\/schema\/logo\/image\/\",\"url\":\"https:\/\/petitekingdom.com\/wp-content\/uploads\/2021\/04\/PT_logo_blackPNG.png\",\"contentUrl\":\"https:\/\/petitekingdom.com\/wp-content\/uploads\/2021\/04\/PT_logo_blackPNG.png\",\"width\":1158,\"height\":500,\"caption\":\"Petite Kingdom\"},\"image\":{\"@id\":\"https:\/\/petitekingdom.com\/#\/schema\/logo\/image\/\"},\"sameAs\":[\"https:\/\/www.facebook.com\/Petite-Kingdom-114272640862559\",\"https:\/\/www.instagram.com\/petite_kingdom\/\"]}]}<\/script>\n<!-- \/ Yoast SEO Premium plugin. -->","yoast_head_json":{"title":"Klasisk\u0101s ze\u0137ubikses \u0137\u0113rpja za\u013c\u0101 kr\u0101s\u0101 &#8226; Petite Kingdom","description":"Klasisk\u0101s ze\u0137ubikses \u0137\u0113rpja za\u013c\u0101 kr\u0101s\u0101 no Condor. \u0136\u0113rpja za\u013c\u0101 kr\u0101s\u0101 ar elast\u012bgu gumiju jostasviet\u0101. 75% Kokvilna 22% Neilons 3% Elast\u0101ns Oeko-Tex 100 Eko- draudz\u012bgs audums Rievota ad\u012bjuma dizains","robots":{"index":"index","follow":"follow","max-snippet":"max-snippet:-1","max-image-preview":"max-image-preview:large","max-video-preview":"max-video-preview:-1"},"canonical":"https:\/\/petitekingdom.com\/shop\/basic-rib-tights-lichen-green\/","og_locale":"lv_LV","og_type":"article","og_title":"Klasisk\u0101s ze\u0137ubikses \u0137\u0113rpja za\u013c\u0101 kr\u0101s\u0101","og_description":"Klasisk\u0101s ze\u0137ubikses no Condor. \u0136\u0113rpja za\u013c\u0101 kr\u0101s\u0101 ar elast\u012bgu gumiju jostasviet\u0101.   75% Kokvilna 22% Neilons 3% Elast\u0101ns  Oeko-Tex 100  Eko- draudz\u012bgs audums  Rievota ad\u012bjuma dizains","og_url":"https:\/\/petitekingdom.com\/shop\/basic-rib-tights-lichen-green\/","og_site_name":"Petite Kingdom","article_publisher":"https:\/\/www.facebook.com\/Petite-Kingdom-114272640862559","article_modified_time":"2021-12-10T19:16:56+00:00","og_image":[{"width":800,"height":800,"url":"https:\/\/petitekingdom.com\/wp-content\/uploads\/2021\/10\/basic-rib-tights-lichen-green-condor.jpg","type":"image\/jpeg"}],"twitter_card":"summary_large_image","schema":{"@context":"https:\/\/schema.org","@graph":[{"@type":"WebPage","@id":"https:\/\/petitekingdom.com\/shop\/basic-rib-tights-lichen-green\/","url":"https:\/\/petitekingdom.com\/shop\/basic-rib-tights-lichen-green\/","name":"Klasisk\u0101s ze\u0137ubikses \u0137\u0113rpja za\u013c\u0101 kr\u0101s\u0101 &#8226; Petite Kingdom","isPartOf":{"@id":"https:\/\/petitekingdom.com\/#website"},"primaryImageOfPage":{"@id":"https:\/\/petitekingdom.com\/shop\/basic-rib-tights-lichen-green\/#primaryimage"},"image":{"@id":"https:\/\/petitekingdom.com\/shop\/basic-rib-tights-lichen-green\/#primaryimage"},"thumbnailUrl":"https:\/\/petitekingdom.com\/wp-content\/uploads\/2021\/10\/basic-rib-tights-lichen-green-condor.jpg","datePublished":"2021-10-01T15:16:03+00:00","dateModified":"2021-12-10T19:16:56+00:00","description":"Klasisk\u0101s ze\u0137ubikses \u0137\u0113rpja za\u013c\u0101 kr\u0101s\u0101 no Condor. \u0136\u0113rpja za\u013c\u0101 kr\u0101s\u0101 ar elast\u012bgu gumiju jostasviet\u0101. 75% Kokvilna 22% Neilons 3% Elast\u0101ns Oeko-Tex 100 Eko- draudz\u012bgs audums Rievota ad\u012bjuma dizains","breadcrumb":{"@id":"https:\/\/petitekingdom.com\/shop\/basic-rib-tights-lichen-green\/#breadcrumb"},"inLanguage":"lv-LV","potentialAction":[{"@type":"ReadAction","target":["https:\/\/petitekingdom.com\/shop\/basic-rib-tights-lichen-green\/"]}]},{"@type":"ImageObject","inLanguage":"lv-LV","@id":"https:\/\/petitekingdom.com\/shop\/basic-rib-tights-lichen-green\/#primaryimage","url":"https:\/\/petitekingdom.com\/wp-content\/uploads\/2021\/10\/basic-rib-tights-lichen-green-condor.jpg","contentUrl":"https:\/\/petitekingdom.com\/wp-content\/uploads\/2021\/10\/basic-rib-tights-lichen-green-condor.jpg","width":800,"height":800,"caption":"Klasisk\u0101s ze\u0137ubikses \u0137\u0113rpja za\u013c\u0101 kr\u0101s\u0101 - C\u00f3ndor"},{"@type":"BreadcrumbList","@id":"https:\/\/petitekingdom.com\/shop\/basic-rib-tights-lichen-green\/#breadcrumb","itemListElement":[{"@type":"ListItem","position":1,"name":"Home","item":"https:\/\/petitekingdom.com\/lv\/"},{"@type":"ListItem","position":2,"name":"Veikals","item":"https:\/\/petitekingdom.com\/lv\/veikals\/"},{"@type":"ListItem","position":3,"name":"Klasisk\u0101s ze\u0137ubikses \u0137\u0113rpja za\u013c\u0101 kr\u0101s\u0101"}]},{"@type":"WebSite","@id":"https:\/\/petitekingdom.com\/#website","url":"https:\/\/petitekingdom.com\/","name":"Petite Kingdom","description":"B\u0113rnu izt\u0113lei nav robe\u017eu","publisher":{"@id":"https:\/\/petitekingdom.com\/#organization"},"potentialAction":[{"@type":"SearchAction","target":{"@type":"EntryPoint","urlTemplate":"https:\/\/petitekingdom.com\/?s={search_term_string}"},"query-input":{"@type":"PropertyValueSpecification","valueRequired":true,"valueName":"search_term_string"}}],"inLanguage":"lv-LV"},{"@type":"Organization","@id":"https:\/\/petitekingdom.com\/#organization","name":"Petite Kingdom","url":"https:\/\/petitekingdom.com\/","logo":{"@type":"ImageObject","inLanguage":"lv-LV","@id":"https:\/\/petitekingdom.com\/#\/schema\/logo\/image\/","url":"https:\/\/petitekingdom.com\/wp-content\/uploads\/2021\/04\/PT_logo_blackPNG.png","contentUrl":"https:\/\/petitekingdom.com\/wp-content\/uploads\/2021\/04\/PT_logo_blackPNG.png","width":1158,"height":500,"caption":"Petite Kingdom"},"image":{"@id":"https:\/\/petitekingdom.com\/#\/schema\/logo\/image\/"},"sameAs":["https:\/\/www.facebook.com\/Petite-Kingdom-114272640862559","https:\/\/www.instagram.com\/petite_kingdom\/"]}]}},"_links":{"self":[{"href":"https:\/\/petitekingdom.com\/lv\/wp-json\/wp\/v2\/product\/18608"}],"collection":[{"href":"https:\/\/petitekingdom.com\/lv\/wp-json\/wp\/v2\/product"}],"about":[{"href":"https:\/\/petitekingdom.com\/lv\/wp-json\/wp\/v2\/types\/product"}],"wp:featuredmedia":[{"embeddable":true,"href":"https:\/\/petitekingdom.com\/lv\/wp-json\/wp\/v2\/media\/18554"}],"wp:attachment":[{"href":"https:\/\/petitekingdom.com\/lv\/wp-json\/wp\/v2\/media?parent=18608"}],"wp:term":[{"taxonomy":"product_cat","embeddable":true,"href":"https:\/\/petitekingdom.com\/lv\/wp-json\/wp\/v2\/product_cat?post=18608"},{"taxonomy":"product_tag","embeddable":true,"href":"https:\/\/petitekingdom.com\/lv\/wp-json\/wp\/v2\/product_tag?post=18608"},{"taxonomy":"product-material","embeddable":true,"href":"https:\/\/petitekingdom.com\/lv\/wp-json\/wp\/v2\/product-material?post=18608"},{"taxonomy":"product-type","embeddable":true,"href":"https:\/\/petitekingdom.com\/lv\/wp-json\/wp\/v2\/product-type?post=18608"},{"taxonomy":"designers","embeddable":true,"href":"https:\/\/petitekingdom.com\/lv\/wp-json\/wp\/v2\/designers?post=18608"}],"curies":[{"name":"wp","href":"https:\/\/api.w.org\/{rel}","templated":true}]}}