{"id":18264,"date":"2021-09-30T22:23:50","date_gmt":"2021-09-30T20:04:47","guid":{"rendered":"http:\/\/petitekingdom.com\/shop\/uncategorized\/puisu-merino-vilnas-pusgaras-zekes\/"},"modified":"2023-01-02T23:03:03","modified_gmt":"2023-01-02T21:03:03","slug":"puisu-merino-vilnas-pusgaras-zekes","status":"publish","type":"product","link":"https:\/\/petitekingdom.com\/lv\/veikals\/puisu-merino-vilnas-pusgaras-zekes\/","title":{"rendered":"Pui\u0161u merino vilnas pusgar\u0101s ze\u0137es"},"content":{"rendered":"","protected":false},"excerpt":{"rendered":"<p>Merino vilnas pusgar\u0101s ze\u0137es pui\u0161iem no Condor. Ze\u0137es ir tum\u0161i zil\u0101 kr\u0101s\u0101 ar sv\u012btr\u0101m, t\u0101s garums ir l\u012bdz ce\u013ciem.<\/p>\n<ul>\n<li>42% Vilna 42% Akrils 15% Neilons 1% Elast\u0101ns<\/li>\n<\/ul>\n","protected":false},"featured_media":18255,"template":"","meta":{"_acf_changed":false},"product_cat":[1212,1663,1605,1218,1214,1213,1217,1180],"product_tag":[],"product-material":[854],"product-type":[661],"designers":[669],"class_list":{"0":"post-18264","1":"product","2":"type-product","3":"status-publish","4":"has-post-thumbnail","6":"product_cat-aksesuari","7":"product_cat-jaundzimuso-drebites","8":"product_cat-izpardosana","9":"product_cat-zekes","10":"product_cat-zekes-zidainim","11":"product_cat-zidainu-zekubikses-zekes","12":"product_cat-bernu-zekubikses-zekes","13":"product_cat-zidainu-apgerbs","14":"product-material-oeko-tex-100-lv","15":"product-type-zekes-un-zekubikses","16":"designers-condor-lv","18":"first","19":"instock","20":"taxable","21":"shipping-taxable","22":"purchasable","23":"product-type-variable"},"acf":[],"yoast_head":"<!-- This site is optimized with the Yoast SEO Premium plugin v23.7 (Yoast SEO v23.7) - https:\/\/yoast.com\/wordpress\/plugins\/seo\/ -->\n<title>Pui\u0161u merino vilnas pusgar\u0101s ze\u0137es &#8226; Petite Kingdom<\/title>\n<meta name=\"description\" content=\"Pui\u0161u merino vilnas pusgar\u0101s ze\u0137es no Condor. Ze\u0137es ir tum\u0161i zil\u0101 kr\u0101s\u0101 ar sv\u012btr\u0101m, t\u0101s garums ir l\u012bdz ce\u013ciem.42% Vilna 42% Akrils 15% Neilons 1% Elast\u0101ns\" \/>\n<meta name=\"robots\" content=\"index, follow, max-snippet:-1, max-image-preview:large, max-video-preview:-1\" \/>\n<link rel=\"canonical\" href=\"https:\/\/petitekingdom.com\/lv\/veikals\/puisu-merino-vilnas-pusgaras-zekes\/\" \/>\n<meta property=\"og:locale\" content=\"lv_LV\" \/>\n<meta property=\"og:type\" content=\"article\" \/>\n<meta property=\"og:title\" content=\"Pui\u0161u merino vilnas pusgar\u0101s ze\u0137es\" \/>\n<meta property=\"og:description\" content=\"Merino vilnas pusgar\u0101s ze\u0137es pui\u0161iem no Condor. Ze\u0137es ir tum\u0161i zil\u0101 kr\u0101s\u0101 ar sv\u012btr\u0101m, t\u0101s garums ir l\u012bdz ce\u013ciem.   42% Vilna 42% Akrils 15% Neilons 1% Elast\u0101ns\" \/>\n<meta property=\"og:url\" content=\"https:\/\/petitekingdom.com\/lv\/veikals\/puisu-merino-vilnas-pusgaras-zekes\/\" \/>\n<meta property=\"og:site_name\" content=\"Petite Kingdom\" \/>\n<meta property=\"article:publisher\" content=\"https:\/\/www.facebook.com\/Petite-Kingdom-114272640862559\" \/>\n<meta property=\"article:modified_time\" content=\"2023-01-02T21:03:03+00:00\" \/>\n<meta property=\"og:image\" content=\"https:\/\/petitekingdom.com\/wp-content\/uploads\/2021\/09\/boys-merino-wool-blend-knee-socks-condor.jpg\" \/>\n\t<meta property=\"og:image:width\" content=\"1350\" \/>\n\t<meta property=\"og:image:height\" content=\"1809\" \/>\n\t<meta property=\"og:image:type\" content=\"image\/jpeg\" \/>\n<meta name=\"twitter:card\" content=\"summary_large_image\" \/>\n<script type=\"application\/ld+json\" class=\"yoast-schema-graph\">{\"@context\":\"https:\/\/schema.org\",\"@graph\":[{\"@type\":\"WebPage\",\"@id\":\"https:\/\/petitekingdom.com\/lv\/veikals\/puisu-merino-vilnas-pusgaras-zekes\/\",\"url\":\"https:\/\/petitekingdom.com\/lv\/veikals\/puisu-merino-vilnas-pusgaras-zekes\/\",\"name\":\"Pui\u0161u merino vilnas pusgar\u0101s ze\u0137es &#8226; Petite Kingdom\",\"isPartOf\":{\"@id\":\"https:\/\/petitekingdom.com\/#website\"},\"primaryImageOfPage\":{\"@id\":\"https:\/\/petitekingdom.com\/lv\/veikals\/puisu-merino-vilnas-pusgaras-zekes\/#primaryimage\"},\"image\":{\"@id\":\"https:\/\/petitekingdom.com\/lv\/veikals\/puisu-merino-vilnas-pusgaras-zekes\/#primaryimage\"},\"thumbnailUrl\":\"https:\/\/petitekingdom.com\/wp-content\/uploads\/2021\/09\/boys-merino-wool-blend-knee-socks-condor.jpg\",\"datePublished\":\"2021-09-30T20:04:47+00:00\",\"dateModified\":\"2023-01-02T21:03:03+00:00\",\"description\":\"Pui\u0161u merino vilnas pusgar\u0101s ze\u0137es no Condor. Ze\u0137es ir tum\u0161i zil\u0101 kr\u0101s\u0101 ar sv\u012btr\u0101m, t\u0101s garums ir l\u012bdz ce\u013ciem.42% Vilna 42% Akrils 15% Neilons 1% Elast\u0101ns\",\"breadcrumb\":{\"@id\":\"https:\/\/petitekingdom.com\/lv\/veikals\/puisu-merino-vilnas-pusgaras-zekes\/#breadcrumb\"},\"inLanguage\":\"lv-LV\",\"potentialAction\":[{\"@type\":\"ReadAction\",\"target\":[\"https:\/\/petitekingdom.com\/lv\/veikals\/puisu-merino-vilnas-pusgaras-zekes\/\"]}]},{\"@type\":\"ImageObject\",\"inLanguage\":\"lv-LV\",\"@id\":\"https:\/\/petitekingdom.com\/lv\/veikals\/puisu-merino-vilnas-pusgaras-zekes\/#primaryimage\",\"url\":\"https:\/\/petitekingdom.com\/wp-content\/uploads\/2021\/09\/boys-merino-wool-blend-knee-socks-condor.jpg\",\"contentUrl\":\"https:\/\/petitekingdom.com\/wp-content\/uploads\/2021\/09\/boys-merino-wool-blend-knee-socks-condor.jpg\",\"width\":1350,\"height\":1809,\"caption\":\"Pui\u0161u merino vilnas pusgar\u0101s ze\u0137es - C\u00f3ndor\"},{\"@type\":\"BreadcrumbList\",\"@id\":\"https:\/\/petitekingdom.com\/lv\/veikals\/puisu-merino-vilnas-pusgaras-zekes\/#breadcrumb\",\"itemListElement\":[{\"@type\":\"ListItem\",\"position\":1,\"name\":\"Home\",\"item\":\"https:\/\/petitekingdom.com\/lv\/\"},{\"@type\":\"ListItem\",\"position\":2,\"name\":\"Veikals\",\"item\":\"https:\/\/petitekingdom.com\/lv\/veikals\/\"},{\"@type\":\"ListItem\",\"position\":3,\"name\":\"Pui\u0161u merino vilnas pusgar\u0101s ze\u0137es\"}]},{\"@type\":\"WebSite\",\"@id\":\"https:\/\/petitekingdom.com\/#website\",\"url\":\"https:\/\/petitekingdom.com\/\",\"name\":\"Petite Kingdom\",\"description\":\"B\u0113rnu izt\u0113lei nav robe\u017eu\",\"publisher\":{\"@id\":\"https:\/\/petitekingdom.com\/#organization\"},\"potentialAction\":[{\"@type\":\"SearchAction\",\"target\":{\"@type\":\"EntryPoint\",\"urlTemplate\":\"https:\/\/petitekingdom.com\/?s={search_term_string}\"},\"query-input\":{\"@type\":\"PropertyValueSpecification\",\"valueRequired\":true,\"valueName\":\"search_term_string\"}}],\"inLanguage\":\"lv-LV\"},{\"@type\":\"Organization\",\"@id\":\"https:\/\/petitekingdom.com\/#organization\",\"name\":\"Petite Kingdom\",\"url\":\"https:\/\/petitekingdom.com\/\",\"logo\":{\"@type\":\"ImageObject\",\"inLanguage\":\"lv-LV\",\"@id\":\"https:\/\/petitekingdom.com\/#\/schema\/logo\/image\/\",\"url\":\"https:\/\/petitekingdom.com\/wp-content\/uploads\/2021\/04\/PT_logo_blackPNG.png\",\"contentUrl\":\"https:\/\/petitekingdom.com\/wp-content\/uploads\/2021\/04\/PT_logo_blackPNG.png\",\"width\":1158,\"height\":500,\"caption\":\"Petite Kingdom\"},\"image\":{\"@id\":\"https:\/\/petitekingdom.com\/#\/schema\/logo\/image\/\"},\"sameAs\":[\"https:\/\/www.facebook.com\/Petite-Kingdom-114272640862559\",\"https:\/\/www.instagram.com\/petite_kingdom\/\"]}]}<\/script>\n<!-- \/ Yoast SEO Premium plugin. -->","yoast_head_json":{"title":"Pui\u0161u merino vilnas pusgar\u0101s ze\u0137es &#8226; Petite Kingdom","description":"Pui\u0161u merino vilnas pusgar\u0101s ze\u0137es no Condor. Ze\u0137es ir tum\u0161i zil\u0101 kr\u0101s\u0101 ar sv\u012btr\u0101m, t\u0101s garums ir l\u012bdz ce\u013ciem.42% Vilna 42% Akrils 15% Neilons 1% Elast\u0101ns","robots":{"index":"index","follow":"follow","max-snippet":"max-snippet:-1","max-image-preview":"max-image-preview:large","max-video-preview":"max-video-preview:-1"},"canonical":"https:\/\/petitekingdom.com\/lv\/veikals\/puisu-merino-vilnas-pusgaras-zekes\/","og_locale":"lv_LV","og_type":"article","og_title":"Pui\u0161u merino vilnas pusgar\u0101s ze\u0137es","og_description":"Merino vilnas pusgar\u0101s ze\u0137es pui\u0161iem no Condor. Ze\u0137es ir tum\u0161i zil\u0101 kr\u0101s\u0101 ar sv\u012btr\u0101m, t\u0101s garums ir l\u012bdz ce\u013ciem.   42% Vilna 42% Akrils 15% Neilons 1% Elast\u0101ns","og_url":"https:\/\/petitekingdom.com\/lv\/veikals\/puisu-merino-vilnas-pusgaras-zekes\/","og_site_name":"Petite Kingdom","article_publisher":"https:\/\/www.facebook.com\/Petite-Kingdom-114272640862559","article_modified_time":"2023-01-02T21:03:03+00:00","og_image":[{"width":1350,"height":1809,"url":"https:\/\/petitekingdom.com\/wp-content\/uploads\/2021\/09\/boys-merino-wool-blend-knee-socks-condor.jpg","type":"image\/jpeg"}],"twitter_card":"summary_large_image","schema":{"@context":"https:\/\/schema.org","@graph":[{"@type":"WebPage","@id":"https:\/\/petitekingdom.com\/lv\/veikals\/puisu-merino-vilnas-pusgaras-zekes\/","url":"https:\/\/petitekingdom.com\/lv\/veikals\/puisu-merino-vilnas-pusgaras-zekes\/","name":"Pui\u0161u merino vilnas pusgar\u0101s ze\u0137es &#8226; Petite Kingdom","isPartOf":{"@id":"https:\/\/petitekingdom.com\/#website"},"primaryImageOfPage":{"@id":"https:\/\/petitekingdom.com\/lv\/veikals\/puisu-merino-vilnas-pusgaras-zekes\/#primaryimage"},"image":{"@id":"https:\/\/petitekingdom.com\/lv\/veikals\/puisu-merino-vilnas-pusgaras-zekes\/#primaryimage"},"thumbnailUrl":"https:\/\/petitekingdom.com\/wp-content\/uploads\/2021\/09\/boys-merino-wool-blend-knee-socks-condor.jpg","datePublished":"2021-09-30T20:04:47+00:00","dateModified":"2023-01-02T21:03:03+00:00","description":"Pui\u0161u merino vilnas pusgar\u0101s ze\u0137es no Condor. Ze\u0137es ir tum\u0161i zil\u0101 kr\u0101s\u0101 ar sv\u012btr\u0101m, t\u0101s garums ir l\u012bdz ce\u013ciem.42% Vilna 42% Akrils 15% Neilons 1% Elast\u0101ns","breadcrumb":{"@id":"https:\/\/petitekingdom.com\/lv\/veikals\/puisu-merino-vilnas-pusgaras-zekes\/#breadcrumb"},"inLanguage":"lv-LV","potentialAction":[{"@type":"ReadAction","target":["https:\/\/petitekingdom.com\/lv\/veikals\/puisu-merino-vilnas-pusgaras-zekes\/"]}]},{"@type":"ImageObject","inLanguage":"lv-LV","@id":"https:\/\/petitekingdom.com\/lv\/veikals\/puisu-merino-vilnas-pusgaras-zekes\/#primaryimage","url":"https:\/\/petitekingdom.com\/wp-content\/uploads\/2021\/09\/boys-merino-wool-blend-knee-socks-condor.jpg","contentUrl":"https:\/\/petitekingdom.com\/wp-content\/uploads\/2021\/09\/boys-merino-wool-blend-knee-socks-condor.jpg","width":1350,"height":1809,"caption":"Pui\u0161u merino vilnas pusgar\u0101s ze\u0137es - C\u00f3ndor"},{"@type":"BreadcrumbList","@id":"https:\/\/petitekingdom.com\/lv\/veikals\/puisu-merino-vilnas-pusgaras-zekes\/#breadcrumb","itemListElement":[{"@type":"ListItem","position":1,"name":"Home","item":"https:\/\/petitekingdom.com\/lv\/"},{"@type":"ListItem","position":2,"name":"Veikals","item":"https:\/\/petitekingdom.com\/lv\/veikals\/"},{"@type":"ListItem","position":3,"name":"Pui\u0161u merino vilnas pusgar\u0101s ze\u0137es"}]},{"@type":"WebSite","@id":"https:\/\/petitekingdom.com\/#website","url":"https:\/\/petitekingdom.com\/","name":"Petite Kingdom","description":"B\u0113rnu izt\u0113lei nav robe\u017eu","publisher":{"@id":"https:\/\/petitekingdom.com\/#organization"},"potentialAction":[{"@type":"SearchAction","target":{"@type":"EntryPoint","urlTemplate":"https:\/\/petitekingdom.com\/?s={search_term_string}"},"query-input":{"@type":"PropertyValueSpecification","valueRequired":true,"valueName":"search_term_string"}}],"inLanguage":"lv-LV"},{"@type":"Organization","@id":"https:\/\/petitekingdom.com\/#organization","name":"Petite Kingdom","url":"https:\/\/petitekingdom.com\/","logo":{"@type":"ImageObject","inLanguage":"lv-LV","@id":"https:\/\/petitekingdom.com\/#\/schema\/logo\/image\/","url":"https:\/\/petitekingdom.com\/wp-content\/uploads\/2021\/04\/PT_logo_blackPNG.png","contentUrl":"https:\/\/petitekingdom.com\/wp-content\/uploads\/2021\/04\/PT_logo_blackPNG.png","width":1158,"height":500,"caption":"Petite Kingdom"},"image":{"@id":"https:\/\/petitekingdom.com\/#\/schema\/logo\/image\/"},"sameAs":["https:\/\/www.facebook.com\/Petite-Kingdom-114272640862559","https:\/\/www.instagram.com\/petite_kingdom\/"]}]}},"_links":{"self":[{"href":"https:\/\/petitekingdom.com\/lv\/wp-json\/wp\/v2\/product\/18264"}],"collection":[{"href":"https:\/\/petitekingdom.com\/lv\/wp-json\/wp\/v2\/product"}],"about":[{"href":"https:\/\/petitekingdom.com\/lv\/wp-json\/wp\/v2\/types\/product"}],"wp:featuredmedia":[{"embeddable":true,"href":"https:\/\/petitekingdom.com\/lv\/wp-json\/wp\/v2\/media\/18255"}],"wp:attachment":[{"href":"https:\/\/petitekingdom.com\/lv\/wp-json\/wp\/v2\/media?parent=18264"}],"wp:term":[{"taxonomy":"product_cat","embeddable":true,"href":"https:\/\/petitekingdom.com\/lv\/wp-json\/wp\/v2\/product_cat?post=18264"},{"taxonomy":"product_tag","embeddable":true,"href":"https:\/\/petitekingdom.com\/lv\/wp-json\/wp\/v2\/product_tag?post=18264"},{"taxonomy":"product-material","embeddable":true,"href":"https:\/\/petitekingdom.com\/lv\/wp-json\/wp\/v2\/product-material?post=18264"},{"taxonomy":"product-type","embeddable":true,"href":"https:\/\/petitekingdom.com\/lv\/wp-json\/wp\/v2\/product-type?post=18264"},{"taxonomy":"designers","embeddable":true,"href":"https:\/\/petitekingdom.com\/lv\/wp-json\/wp\/v2\/designers?post=18264"}],"curies":[{"name":"wp","href":"https:\/\/api.w.org\/{rel}","templated":true}]}}