{"id":17723,"date":"2021-09-28T15:28:09","date_gmt":"2021-09-28T12:48:21","guid":{"rendered":"http:\/\/petitekingdom.com\/shop\/uncategorized\/isas-zekites-ar-rievotu-malinu\/"},"modified":"2021-12-10T23:26:31","modified_gmt":"2021-12-10T21:26:31","slug":"isas-zekites-ar-rievotu-malinu-gaisi-zilas","status":"publish","type":"product","link":"https:\/\/petitekingdom.com\/lv\/veikals\/isas-zekites-ar-rievotu-malinu-gaisi-zilas\/","title":{"rendered":"\u012as\u0101s ze\u0137\u012btes ar rievotu mali\u0146u gai\u0161i zilas"},"content":{"rendered":"","protected":false},"excerpt":{"rendered":"<p>\u012as\u0101s ze\u0137\u012btes ar rievotu mali\u0146u gai\u0161i zilas no Sp\u0101\u0146u z\u012bmola Condor. Ze\u0137\u012btes ir ra\u017eotas no kokvilnas.<\/p>\n<ul>\n<li>70% Kokvilna 30% Neilons<\/li>\n<li>Mazg\u0101t ve\u013casma\u0161\u012bn\u0101 30*C (saudz\u012bgais re\u017e\u012bms)<\/li>\n<li>Piem\u0113rots meiten\u0113m &amp; z\u0113niem<\/li>\n<\/ul>\n","protected":false},"featured_media":17695,"template":"","meta":{"_acf_changed":false},"product_cat":[1212,1217,1218,1180,1663,1213,1214],"product_tag":[],"product-material":[854],"product-type":[661],"designers":[669],"class_list":{"0":"post-17723","1":"product","2":"type-product","3":"status-publish","4":"has-post-thumbnail","6":"product_cat-aksesuari","7":"product_cat-bernu-zekubikses-zekes","8":"product_cat-zekes","9":"product_cat-zidainu-apgerbs","10":"product_cat-jaundzimuso-drebites","11":"product_cat-zidainu-zekubikses-zekes","12":"product_cat-zekes-zidainim","13":"product-material-oeko-tex-100-lv","14":"product-type-zekes-un-zekubikses","15":"designers-condor-lv","17":"first","18":"instock","19":"taxable","20":"shipping-taxable","21":"purchasable","22":"product-type-variable"},"acf":[],"yoast_head":"<!-- This site is optimized with the Yoast SEO Premium plugin v23.7 (Yoast SEO v23.7) - https:\/\/yoast.com\/wordpress\/plugins\/seo\/ -->\n<title>\u012as\u0101s ze\u0137\u012btes ar rievotu mali\u0146u gai\u0161i zilas &#8226; Petite Kingdom<\/title>\n<meta name=\"description\" content=\"\u012as\u0101s ze\u0137\u012btes ar rievotu mali\u0146u gai\u0161i zilas no Sp\u0101\u0146u z\u012bmola Condor. Ze\u0137\u012btes ir ra\u017eotas no kokvilnas.70% Kokvilna 30% Neilons Mazg\u0101t ve\u013casma\u0161\u012bn\u0101 30*C (saudz\u012bgais re\u017e\u012bms) Piem\u0113rots meiten\u0113m &amp; z\u0113niem\" \/>\n<meta name=\"robots\" content=\"index, follow, max-snippet:-1, max-image-preview:large, max-video-preview:-1\" \/>\n<link rel=\"canonical\" href=\"https:\/\/petitekingdom.com\/shop\/short-socks-with-patterned-cuff-bluish\/\" \/>\n<meta property=\"og:locale\" content=\"lv_LV\" \/>\n<meta property=\"og:type\" content=\"article\" \/>\n<meta property=\"og:title\" content=\"\u012as\u0101s ze\u0137\u012btes ar rievotu mali\u0146u gai\u0161i zilas\" \/>\n<meta property=\"og:description\" content=\"\u012as\u0101s ze\u0137\u012btes ar rievotu mali\u0146u gai\u0161i zilas no Sp\u0101\u0146u z\u012bmola Condor. Ze\u0137\u012btes ir ra\u017eotas no kokvilnas.   70% Kokvilna 30% Neilons  Mazg\u0101t ve\u013casma\u0161\u012bn\u0101 30*C (saudz\u012bgais re\u017e\u012bms)  Piem\u0113rots meiten\u0113m &amp; z\u0113niem\" \/>\n<meta property=\"og:url\" content=\"https:\/\/petitekingdom.com\/shop\/short-socks-with-patterned-cuff-bluish\/\" \/>\n<meta property=\"og:site_name\" content=\"Petite Kingdom\" \/>\n<meta property=\"article:publisher\" content=\"https:\/\/www.facebook.com\/Petite-Kingdom-114272640862559\" \/>\n<meta property=\"article:modified_time\" content=\"2021-12-10T21:26:31+00:00\" \/>\n<meta property=\"og:image\" content=\"https:\/\/petitekingdom.com\/wp-content\/uploads\/2021\/09\/short-socks-with-patterned-cuff-bluish-condor.jpg\" \/>\n\t<meta property=\"og:image:width\" content=\"800\" \/>\n\t<meta property=\"og:image:height\" content=\"800\" \/>\n\t<meta property=\"og:image:type\" content=\"image\/jpeg\" \/>\n<meta name=\"twitter:card\" content=\"summary_large_image\" \/>\n<script type=\"application\/ld+json\" class=\"yoast-schema-graph\">{\"@context\":\"https:\/\/schema.org\",\"@graph\":[{\"@type\":\"WebPage\",\"@id\":\"https:\/\/petitekingdom.com\/shop\/short-socks-with-patterned-cuff-bluish\/\",\"url\":\"https:\/\/petitekingdom.com\/shop\/short-socks-with-patterned-cuff-bluish\/\",\"name\":\"\u012as\u0101s ze\u0137\u012btes ar rievotu mali\u0146u gai\u0161i zilas &#8226; Petite Kingdom\",\"isPartOf\":{\"@id\":\"https:\/\/petitekingdom.com\/#website\"},\"primaryImageOfPage\":{\"@id\":\"https:\/\/petitekingdom.com\/shop\/short-socks-with-patterned-cuff-bluish\/#primaryimage\"},\"image\":{\"@id\":\"https:\/\/petitekingdom.com\/shop\/short-socks-with-patterned-cuff-bluish\/#primaryimage\"},\"thumbnailUrl\":\"https:\/\/petitekingdom.com\/wp-content\/uploads\/2021\/09\/short-socks-with-patterned-cuff-bluish-condor.jpg\",\"datePublished\":\"2021-09-28T12:48:21+00:00\",\"dateModified\":\"2021-12-10T21:26:31+00:00\",\"description\":\"\u012as\u0101s ze\u0137\u012btes ar rievotu mali\u0146u gai\u0161i zilas no Sp\u0101\u0146u z\u012bmola Condor. Ze\u0137\u012btes ir ra\u017eotas no kokvilnas.70% Kokvilna 30% Neilons Mazg\u0101t ve\u013casma\u0161\u012bn\u0101 30*C (saudz\u012bgais re\u017e\u012bms) Piem\u0113rots meiten\u0113m & z\u0113niem\",\"breadcrumb\":{\"@id\":\"https:\/\/petitekingdom.com\/shop\/short-socks-with-patterned-cuff-bluish\/#breadcrumb\"},\"inLanguage\":\"lv-LV\",\"potentialAction\":[{\"@type\":\"ReadAction\",\"target\":[\"https:\/\/petitekingdom.com\/shop\/short-socks-with-patterned-cuff-bluish\/\"]}]},{\"@type\":\"ImageObject\",\"inLanguage\":\"lv-LV\",\"@id\":\"https:\/\/petitekingdom.com\/shop\/short-socks-with-patterned-cuff-bluish\/#primaryimage\",\"url\":\"https:\/\/petitekingdom.com\/wp-content\/uploads\/2021\/09\/short-socks-with-patterned-cuff-bluish-condor.jpg\",\"contentUrl\":\"https:\/\/petitekingdom.com\/wp-content\/uploads\/2021\/09\/short-socks-with-patterned-cuff-bluish-condor.jpg\",\"width\":800,\"height\":800,\"caption\":\"\u012as\u0101s ze\u0137\u012btes ar rievotu mali\u0146u gai\u0161i zilas - C\u00f3ndor\"},{\"@type\":\"BreadcrumbList\",\"@id\":\"https:\/\/petitekingdom.com\/shop\/short-socks-with-patterned-cuff-bluish\/#breadcrumb\",\"itemListElement\":[{\"@type\":\"ListItem\",\"position\":1,\"name\":\"Home\",\"item\":\"https:\/\/petitekingdom.com\/lv\/\"},{\"@type\":\"ListItem\",\"position\":2,\"name\":\"Veikals\",\"item\":\"https:\/\/petitekingdom.com\/lv\/veikals\/\"},{\"@type\":\"ListItem\",\"position\":3,\"name\":\"\u012as\u0101s ze\u0137\u012btes ar rievotu mali\u0146u gai\u0161i zilas\"}]},{\"@type\":\"WebSite\",\"@id\":\"https:\/\/petitekingdom.com\/#website\",\"url\":\"https:\/\/petitekingdom.com\/\",\"name\":\"Petite Kingdom\",\"description\":\"B\u0113rnu izt\u0113lei nav robe\u017eu\",\"publisher\":{\"@id\":\"https:\/\/petitekingdom.com\/#organization\"},\"potentialAction\":[{\"@type\":\"SearchAction\",\"target\":{\"@type\":\"EntryPoint\",\"urlTemplate\":\"https:\/\/petitekingdom.com\/?s={search_term_string}\"},\"query-input\":{\"@type\":\"PropertyValueSpecification\",\"valueRequired\":true,\"valueName\":\"search_term_string\"}}],\"inLanguage\":\"lv-LV\"},{\"@type\":\"Organization\",\"@id\":\"https:\/\/petitekingdom.com\/#organization\",\"name\":\"Petite Kingdom\",\"url\":\"https:\/\/petitekingdom.com\/\",\"logo\":{\"@type\":\"ImageObject\",\"inLanguage\":\"lv-LV\",\"@id\":\"https:\/\/petitekingdom.com\/#\/schema\/logo\/image\/\",\"url\":\"https:\/\/petitekingdom.com\/wp-content\/uploads\/2021\/04\/PT_logo_blackPNG.png\",\"contentUrl\":\"https:\/\/petitekingdom.com\/wp-content\/uploads\/2021\/04\/PT_logo_blackPNG.png\",\"width\":1158,\"height\":500,\"caption\":\"Petite Kingdom\"},\"image\":{\"@id\":\"https:\/\/petitekingdom.com\/#\/schema\/logo\/image\/\"},\"sameAs\":[\"https:\/\/www.facebook.com\/Petite-Kingdom-114272640862559\",\"https:\/\/www.instagram.com\/petite_kingdom\/\"]}]}<\/script>\n<!-- \/ Yoast SEO Premium plugin. -->","yoast_head_json":{"title":"\u012as\u0101s ze\u0137\u012btes ar rievotu mali\u0146u gai\u0161i zilas &#8226; Petite Kingdom","description":"\u012as\u0101s ze\u0137\u012btes ar rievotu mali\u0146u gai\u0161i zilas no Sp\u0101\u0146u z\u012bmola Condor. Ze\u0137\u012btes ir ra\u017eotas no kokvilnas.70% Kokvilna 30% Neilons Mazg\u0101t ve\u013casma\u0161\u012bn\u0101 30*C (saudz\u012bgais re\u017e\u012bms) Piem\u0113rots meiten\u0113m & z\u0113niem","robots":{"index":"index","follow":"follow","max-snippet":"max-snippet:-1","max-image-preview":"max-image-preview:large","max-video-preview":"max-video-preview:-1"},"canonical":"https:\/\/petitekingdom.com\/shop\/short-socks-with-patterned-cuff-bluish\/","og_locale":"lv_LV","og_type":"article","og_title":"\u012as\u0101s ze\u0137\u012btes ar rievotu mali\u0146u gai\u0161i zilas","og_description":"\u012as\u0101s ze\u0137\u012btes ar rievotu mali\u0146u gai\u0161i zilas no Sp\u0101\u0146u z\u012bmola Condor. Ze\u0137\u012btes ir ra\u017eotas no kokvilnas.   70% Kokvilna 30% Neilons  Mazg\u0101t ve\u013casma\u0161\u012bn\u0101 30*C (saudz\u012bgais re\u017e\u012bms)  Piem\u0113rots meiten\u0113m &amp; z\u0113niem","og_url":"https:\/\/petitekingdom.com\/shop\/short-socks-with-patterned-cuff-bluish\/","og_site_name":"Petite Kingdom","article_publisher":"https:\/\/www.facebook.com\/Petite-Kingdom-114272640862559","article_modified_time":"2021-12-10T21:26:31+00:00","og_image":[{"width":800,"height":800,"url":"https:\/\/petitekingdom.com\/wp-content\/uploads\/2021\/09\/short-socks-with-patterned-cuff-bluish-condor.jpg","type":"image\/jpeg"}],"twitter_card":"summary_large_image","schema":{"@context":"https:\/\/schema.org","@graph":[{"@type":"WebPage","@id":"https:\/\/petitekingdom.com\/shop\/short-socks-with-patterned-cuff-bluish\/","url":"https:\/\/petitekingdom.com\/shop\/short-socks-with-patterned-cuff-bluish\/","name":"\u012as\u0101s ze\u0137\u012btes ar rievotu mali\u0146u gai\u0161i zilas &#8226; Petite Kingdom","isPartOf":{"@id":"https:\/\/petitekingdom.com\/#website"},"primaryImageOfPage":{"@id":"https:\/\/petitekingdom.com\/shop\/short-socks-with-patterned-cuff-bluish\/#primaryimage"},"image":{"@id":"https:\/\/petitekingdom.com\/shop\/short-socks-with-patterned-cuff-bluish\/#primaryimage"},"thumbnailUrl":"https:\/\/petitekingdom.com\/wp-content\/uploads\/2021\/09\/short-socks-with-patterned-cuff-bluish-condor.jpg","datePublished":"2021-09-28T12:48:21+00:00","dateModified":"2021-12-10T21:26:31+00:00","description":"\u012as\u0101s ze\u0137\u012btes ar rievotu mali\u0146u gai\u0161i zilas no Sp\u0101\u0146u z\u012bmola Condor. Ze\u0137\u012btes ir ra\u017eotas no kokvilnas.70% Kokvilna 30% Neilons Mazg\u0101t ve\u013casma\u0161\u012bn\u0101 30*C (saudz\u012bgais re\u017e\u012bms) Piem\u0113rots meiten\u0113m & z\u0113niem","breadcrumb":{"@id":"https:\/\/petitekingdom.com\/shop\/short-socks-with-patterned-cuff-bluish\/#breadcrumb"},"inLanguage":"lv-LV","potentialAction":[{"@type":"ReadAction","target":["https:\/\/petitekingdom.com\/shop\/short-socks-with-patterned-cuff-bluish\/"]}]},{"@type":"ImageObject","inLanguage":"lv-LV","@id":"https:\/\/petitekingdom.com\/shop\/short-socks-with-patterned-cuff-bluish\/#primaryimage","url":"https:\/\/petitekingdom.com\/wp-content\/uploads\/2021\/09\/short-socks-with-patterned-cuff-bluish-condor.jpg","contentUrl":"https:\/\/petitekingdom.com\/wp-content\/uploads\/2021\/09\/short-socks-with-patterned-cuff-bluish-condor.jpg","width":800,"height":800,"caption":"\u012as\u0101s ze\u0137\u012btes ar rievotu mali\u0146u gai\u0161i zilas - C\u00f3ndor"},{"@type":"BreadcrumbList","@id":"https:\/\/petitekingdom.com\/shop\/short-socks-with-patterned-cuff-bluish\/#breadcrumb","itemListElement":[{"@type":"ListItem","position":1,"name":"Home","item":"https:\/\/petitekingdom.com\/lv\/"},{"@type":"ListItem","position":2,"name":"Veikals","item":"https:\/\/petitekingdom.com\/lv\/veikals\/"},{"@type":"ListItem","position":3,"name":"\u012as\u0101s ze\u0137\u012btes ar rievotu mali\u0146u gai\u0161i zilas"}]},{"@type":"WebSite","@id":"https:\/\/petitekingdom.com\/#website","url":"https:\/\/petitekingdom.com\/","name":"Petite Kingdom","description":"B\u0113rnu izt\u0113lei nav robe\u017eu","publisher":{"@id":"https:\/\/petitekingdom.com\/#organization"},"potentialAction":[{"@type":"SearchAction","target":{"@type":"EntryPoint","urlTemplate":"https:\/\/petitekingdom.com\/?s={search_term_string}"},"query-input":{"@type":"PropertyValueSpecification","valueRequired":true,"valueName":"search_term_string"}}],"inLanguage":"lv-LV"},{"@type":"Organization","@id":"https:\/\/petitekingdom.com\/#organization","name":"Petite Kingdom","url":"https:\/\/petitekingdom.com\/","logo":{"@type":"ImageObject","inLanguage":"lv-LV","@id":"https:\/\/petitekingdom.com\/#\/schema\/logo\/image\/","url":"https:\/\/petitekingdom.com\/wp-content\/uploads\/2021\/04\/PT_logo_blackPNG.png","contentUrl":"https:\/\/petitekingdom.com\/wp-content\/uploads\/2021\/04\/PT_logo_blackPNG.png","width":1158,"height":500,"caption":"Petite Kingdom"},"image":{"@id":"https:\/\/petitekingdom.com\/#\/schema\/logo\/image\/"},"sameAs":["https:\/\/www.facebook.com\/Petite-Kingdom-114272640862559","https:\/\/www.instagram.com\/petite_kingdom\/"]}]}},"_links":{"self":[{"href":"https:\/\/petitekingdom.com\/lv\/wp-json\/wp\/v2\/product\/17723"}],"collection":[{"href":"https:\/\/petitekingdom.com\/lv\/wp-json\/wp\/v2\/product"}],"about":[{"href":"https:\/\/petitekingdom.com\/lv\/wp-json\/wp\/v2\/types\/product"}],"wp:featuredmedia":[{"embeddable":true,"href":"https:\/\/petitekingdom.com\/lv\/wp-json\/wp\/v2\/media\/17695"}],"wp:attachment":[{"href":"https:\/\/petitekingdom.com\/lv\/wp-json\/wp\/v2\/media?parent=17723"}],"wp:term":[{"taxonomy":"product_cat","embeddable":true,"href":"https:\/\/petitekingdom.com\/lv\/wp-json\/wp\/v2\/product_cat?post=17723"},{"taxonomy":"product_tag","embeddable":true,"href":"https:\/\/petitekingdom.com\/lv\/wp-json\/wp\/v2\/product_tag?post=17723"},{"taxonomy":"product-material","embeddable":true,"href":"https:\/\/petitekingdom.com\/lv\/wp-json\/wp\/v2\/product-material?post=17723"},{"taxonomy":"product-type","embeddable":true,"href":"https:\/\/petitekingdom.com\/lv\/wp-json\/wp\/v2\/product-type?post=17723"},{"taxonomy":"designers","embeddable":true,"href":"https:\/\/petitekingdom.com\/lv\/wp-json\/wp\/v2\/designers?post=17723"}],"curies":[{"name":"wp","href":"https:\/\/api.w.org\/{rel}","templated":true}]}}