{"id":16828,"date":"2021-09-25T13:34:38","date_gmt":"2021-09-25T10:55:45","guid":{"rendered":"http:\/\/petitekingdom.com\/shop\/uncategorized\/maigi-roza-kokvilnas-cimdini-mazulisiem\/"},"modified":"2021-12-11T17:42:38","modified_gmt":"2021-12-11T15:42:38","slug":"maigi-roza-kokvilnas-cimdini-mazulisiem","status":"publish","type":"product","link":"https:\/\/petitekingdom.com\/lv\/veikals\/maigi-roza-kokvilnas-cimdini-mazulisiem\/","title":{"rendered":"Maigi roz\u0101 kokvilnas cimdi\u0146i mazul\u012b\u0161iem"},"content":{"rendered":"","protected":false},"excerpt":{"rendered":"<p>M\u012bksti, maigi roz\u0101 kokvilnas cimdi\u0146i mazul\u012b\u0161iem no Condor, pal\u012bdz\u0113s b\u0113rni\u0146am sevi nesaskr\u0101p\u0113t izzinot pasauli p\u0113c piedzim\u0161anas. To maig\u0101 un elast\u012bga gumija ap plaukstas loc\u012btavu, ne\u013caus nosl\u012bd\u0113t nost no rokas.<\/p>\n<ul>\n<li>100% Kokvilna<\/li>\n<li>Mazg\u0101t ve\u013casma\u0161\u012bn\u0101 30*C (saudz\u012bgais re\u017e\u012bms)<\/li>\n<\/ul>\n","protected":false},"featured_media":16776,"template":"","meta":{"_acf_changed":false},"product_cat":[1212,1265,1180,1663,1208],"product_tag":[],"product-material":[854],"product-type":[648],"designers":[669],"class_list":{"0":"post-16828","1":"product","2":"type-product","3":"status-publish","4":"has-post-thumbnail","6":"product_cat-aksesuari","7":"product_cat-bernu-cimdi","8":"product_cat-zidainu-apgerbs","9":"product_cat-jaundzimuso-drebites","10":"product_cat-zidaina-purins","11":"product-material-oeko-tex-100-lv","12":"product-type-cimdi-un-duraini","13":"designers-condor-lv","15":"first","16":"instock","17":"taxable","18":"shipping-taxable","19":"purchasable","20":"product-type-variable"},"acf":[],"yoast_head":"<!-- This site is optimized with the Yoast SEO Premium plugin v23.7 (Yoast SEO v23.7) - https:\/\/yoast.com\/wordpress\/plugins\/seo\/ -->\n<title>Maigi roz\u0101 kokvilnas cimdi\u0146i mazul\u012b\u0161iem &#8226; Petite Kingdom<\/title>\n<meta name=\"description\" content=\"M\u012bksti, maigi roz\u0101 kokvilnas cimdi\u0146i mazul\u012b\u0161iem no Condor, pal\u012bdz\u0113s b\u0113rni\u0146am sevi nesaskr\u0101p\u0113t izzinot pasauli p\u0113c piedzim\u0161anas. To maig\u0101 un elast\u012bga gumija ap plaukstas loc\u012btavu, ne\u013caus nosl\u012bd\u0113t nost no rokas. 100% Kokvilna Mazg\u0101t ve\u013casma\u0161\u012bn\u0101 30*C (saudz\u012bgais re\u017e\u012bms)\" \/>\n<meta name=\"robots\" content=\"index, follow, max-snippet:-1, max-image-preview:large, max-video-preview:-1\" \/>\n<link rel=\"canonical\" href=\"https:\/\/petitekingdom.com\/lv\/veikals\/maigi-roza-kokvilnas-cimdini-mazulisiem\/\" \/>\n<meta property=\"og:locale\" content=\"lv_LV\" \/>\n<meta property=\"og:type\" content=\"article\" \/>\n<meta property=\"og:title\" content=\"Maigi roz\u0101 kokvilnas cimdi\u0146i mazul\u012b\u0161iem\" \/>\n<meta property=\"og:description\" content=\"M\u012bksti, maigi roz\u0101 kokvilnas cimdi\u0146i mazul\u012b\u0161iem no Condor, pal\u012bdz\u0113s b\u0113rni\u0146am sevi nesaskr\u0101p\u0113t izzinot pasauli p\u0113c piedzim\u0161anas. To maig\u0101 un elast\u012bga gumija ap plaukstas loc\u012btavu, ne\u013caus nosl\u012bd\u0113t nost no rokas.   100% Kokvilna  Mazg\u0101t ve\u013casma\u0161\u012bn\u0101 30*C (saudz\u012bgais re\u017e\u012bms)\" \/>\n<meta property=\"og:url\" content=\"https:\/\/petitekingdom.com\/lv\/veikals\/maigi-roza-kokvilnas-cimdini-mazulisiem\/\" \/>\n<meta property=\"og:site_name\" content=\"Petite Kingdom\" \/>\n<meta property=\"article:publisher\" content=\"https:\/\/www.facebook.com\/Petite-Kingdom-114272640862559\" \/>\n<meta property=\"article:modified_time\" content=\"2021-12-11T15:42:38+00:00\" \/>\n<meta property=\"og:image\" content=\"https:\/\/petitekingdom.com\/wp-content\/uploads\/2021\/09\/pink-cotton-jersey-mittens-condor.jpg\" \/>\n\t<meta property=\"og:image:width\" content=\"1920\" \/>\n\t<meta property=\"og:image:height\" content=\"1920\" \/>\n\t<meta property=\"og:image:type\" content=\"image\/jpeg\" \/>\n<meta name=\"twitter:card\" content=\"summary_large_image\" \/>\n<script type=\"application\/ld+json\" class=\"yoast-schema-graph\">{\"@context\":\"https:\/\/schema.org\",\"@graph\":[{\"@type\":\"WebPage\",\"@id\":\"https:\/\/petitekingdom.com\/lv\/veikals\/maigi-roza-kokvilnas-cimdini-mazulisiem\/\",\"url\":\"https:\/\/petitekingdom.com\/lv\/veikals\/maigi-roza-kokvilnas-cimdini-mazulisiem\/\",\"name\":\"Maigi roz\u0101 kokvilnas cimdi\u0146i mazul\u012b\u0161iem &#8226; Petite Kingdom\",\"isPartOf\":{\"@id\":\"https:\/\/petitekingdom.com\/#website\"},\"primaryImageOfPage\":{\"@id\":\"https:\/\/petitekingdom.com\/lv\/veikals\/maigi-roza-kokvilnas-cimdini-mazulisiem\/#primaryimage\"},\"image\":{\"@id\":\"https:\/\/petitekingdom.com\/lv\/veikals\/maigi-roza-kokvilnas-cimdini-mazulisiem\/#primaryimage\"},\"thumbnailUrl\":\"https:\/\/petitekingdom.com\/wp-content\/uploads\/2021\/09\/pink-cotton-jersey-mittens-condor.jpg\",\"datePublished\":\"2021-09-25T10:55:45+00:00\",\"dateModified\":\"2021-12-11T15:42:38+00:00\",\"description\":\"M\u012bksti, maigi roz\u0101 kokvilnas cimdi\u0146i mazul\u012b\u0161iem no Condor, pal\u012bdz\u0113s b\u0113rni\u0146am sevi nesaskr\u0101p\u0113t izzinot pasauli p\u0113c piedzim\u0161anas. To maig\u0101 un elast\u012bga gumija ap plaukstas loc\u012btavu, ne\u013caus nosl\u012bd\u0113t nost no rokas. 100% Kokvilna Mazg\u0101t ve\u013casma\u0161\u012bn\u0101 30*C (saudz\u012bgais re\u017e\u012bms)\",\"breadcrumb\":{\"@id\":\"https:\/\/petitekingdom.com\/lv\/veikals\/maigi-roza-kokvilnas-cimdini-mazulisiem\/#breadcrumb\"},\"inLanguage\":\"lv-LV\",\"potentialAction\":[{\"@type\":\"ReadAction\",\"target\":[\"https:\/\/petitekingdom.com\/lv\/veikals\/maigi-roza-kokvilnas-cimdini-mazulisiem\/\"]}]},{\"@type\":\"ImageObject\",\"inLanguage\":\"lv-LV\",\"@id\":\"https:\/\/petitekingdom.com\/lv\/veikals\/maigi-roza-kokvilnas-cimdini-mazulisiem\/#primaryimage\",\"url\":\"https:\/\/petitekingdom.com\/wp-content\/uploads\/2021\/09\/pink-cotton-jersey-mittens-condor.jpg\",\"contentUrl\":\"https:\/\/petitekingdom.com\/wp-content\/uploads\/2021\/09\/pink-cotton-jersey-mittens-condor.jpg\",\"width\":1920,\"height\":1920,\"caption\":\"Maigi roz\u0101 kokvilnas cimdi\u0146i mazul\u012b\u0161iem - C\u00f3ndor\"},{\"@type\":\"BreadcrumbList\",\"@id\":\"https:\/\/petitekingdom.com\/lv\/veikals\/maigi-roza-kokvilnas-cimdini-mazulisiem\/#breadcrumb\",\"itemListElement\":[{\"@type\":\"ListItem\",\"position\":1,\"name\":\"Home\",\"item\":\"https:\/\/petitekingdom.com\/lv\/\"},{\"@type\":\"ListItem\",\"position\":2,\"name\":\"Veikals\",\"item\":\"https:\/\/petitekingdom.com\/lv\/veikals\/\"},{\"@type\":\"ListItem\",\"position\":3,\"name\":\"Maigi roz\u0101 kokvilnas cimdi\u0146i mazul\u012b\u0161iem\"}]},{\"@type\":\"WebSite\",\"@id\":\"https:\/\/petitekingdom.com\/#website\",\"url\":\"https:\/\/petitekingdom.com\/\",\"name\":\"Petite Kingdom\",\"description\":\"B\u0113rnu izt\u0113lei nav robe\u017eu\",\"publisher\":{\"@id\":\"https:\/\/petitekingdom.com\/#organization\"},\"potentialAction\":[{\"@type\":\"SearchAction\",\"target\":{\"@type\":\"EntryPoint\",\"urlTemplate\":\"https:\/\/petitekingdom.com\/?s={search_term_string}\"},\"query-input\":{\"@type\":\"PropertyValueSpecification\",\"valueRequired\":true,\"valueName\":\"search_term_string\"}}],\"inLanguage\":\"lv-LV\"},{\"@type\":\"Organization\",\"@id\":\"https:\/\/petitekingdom.com\/#organization\",\"name\":\"Petite Kingdom\",\"url\":\"https:\/\/petitekingdom.com\/\",\"logo\":{\"@type\":\"ImageObject\",\"inLanguage\":\"lv-LV\",\"@id\":\"https:\/\/petitekingdom.com\/#\/schema\/logo\/image\/\",\"url\":\"https:\/\/petitekingdom.com\/wp-content\/uploads\/2021\/04\/PT_logo_blackPNG.png\",\"contentUrl\":\"https:\/\/petitekingdom.com\/wp-content\/uploads\/2021\/04\/PT_logo_blackPNG.png\",\"width\":1158,\"height\":500,\"caption\":\"Petite Kingdom\"},\"image\":{\"@id\":\"https:\/\/petitekingdom.com\/#\/schema\/logo\/image\/\"},\"sameAs\":[\"https:\/\/www.facebook.com\/Petite-Kingdom-114272640862559\",\"https:\/\/www.instagram.com\/petite_kingdom\/\"]}]}<\/script>\n<!-- \/ Yoast SEO Premium plugin. -->","yoast_head_json":{"title":"Maigi roz\u0101 kokvilnas cimdi\u0146i mazul\u012b\u0161iem &#8226; Petite Kingdom","description":"M\u012bksti, maigi roz\u0101 kokvilnas cimdi\u0146i mazul\u012b\u0161iem no Condor, pal\u012bdz\u0113s b\u0113rni\u0146am sevi nesaskr\u0101p\u0113t izzinot pasauli p\u0113c piedzim\u0161anas. To maig\u0101 un elast\u012bga gumija ap plaukstas loc\u012btavu, ne\u013caus nosl\u012bd\u0113t nost no rokas. 100% Kokvilna Mazg\u0101t ve\u013casma\u0161\u012bn\u0101 30*C (saudz\u012bgais re\u017e\u012bms)","robots":{"index":"index","follow":"follow","max-snippet":"max-snippet:-1","max-image-preview":"max-image-preview:large","max-video-preview":"max-video-preview:-1"},"canonical":"https:\/\/petitekingdom.com\/lv\/veikals\/maigi-roza-kokvilnas-cimdini-mazulisiem\/","og_locale":"lv_LV","og_type":"article","og_title":"Maigi roz\u0101 kokvilnas cimdi\u0146i mazul\u012b\u0161iem","og_description":"M\u012bksti, maigi roz\u0101 kokvilnas cimdi\u0146i mazul\u012b\u0161iem no Condor, pal\u012bdz\u0113s b\u0113rni\u0146am sevi nesaskr\u0101p\u0113t izzinot pasauli p\u0113c piedzim\u0161anas. To maig\u0101 un elast\u012bga gumija ap plaukstas loc\u012btavu, ne\u013caus nosl\u012bd\u0113t nost no rokas.   100% Kokvilna  Mazg\u0101t ve\u013casma\u0161\u012bn\u0101 30*C (saudz\u012bgais re\u017e\u012bms)","og_url":"https:\/\/petitekingdom.com\/lv\/veikals\/maigi-roza-kokvilnas-cimdini-mazulisiem\/","og_site_name":"Petite Kingdom","article_publisher":"https:\/\/www.facebook.com\/Petite-Kingdom-114272640862559","article_modified_time":"2021-12-11T15:42:38+00:00","og_image":[{"width":1920,"height":1920,"url":"https:\/\/petitekingdom.com\/wp-content\/uploads\/2021\/09\/pink-cotton-jersey-mittens-condor.jpg","type":"image\/jpeg"}],"twitter_card":"summary_large_image","schema":{"@context":"https:\/\/schema.org","@graph":[{"@type":"WebPage","@id":"https:\/\/petitekingdom.com\/lv\/veikals\/maigi-roza-kokvilnas-cimdini-mazulisiem\/","url":"https:\/\/petitekingdom.com\/lv\/veikals\/maigi-roza-kokvilnas-cimdini-mazulisiem\/","name":"Maigi roz\u0101 kokvilnas cimdi\u0146i mazul\u012b\u0161iem &#8226; Petite Kingdom","isPartOf":{"@id":"https:\/\/petitekingdom.com\/#website"},"primaryImageOfPage":{"@id":"https:\/\/petitekingdom.com\/lv\/veikals\/maigi-roza-kokvilnas-cimdini-mazulisiem\/#primaryimage"},"image":{"@id":"https:\/\/petitekingdom.com\/lv\/veikals\/maigi-roza-kokvilnas-cimdini-mazulisiem\/#primaryimage"},"thumbnailUrl":"https:\/\/petitekingdom.com\/wp-content\/uploads\/2021\/09\/pink-cotton-jersey-mittens-condor.jpg","datePublished":"2021-09-25T10:55:45+00:00","dateModified":"2021-12-11T15:42:38+00:00","description":"M\u012bksti, maigi roz\u0101 kokvilnas cimdi\u0146i mazul\u012b\u0161iem no Condor, pal\u012bdz\u0113s b\u0113rni\u0146am sevi nesaskr\u0101p\u0113t izzinot pasauli p\u0113c piedzim\u0161anas. To maig\u0101 un elast\u012bga gumija ap plaukstas loc\u012btavu, ne\u013caus nosl\u012bd\u0113t nost no rokas. 100% Kokvilna Mazg\u0101t ve\u013casma\u0161\u012bn\u0101 30*C (saudz\u012bgais re\u017e\u012bms)","breadcrumb":{"@id":"https:\/\/petitekingdom.com\/lv\/veikals\/maigi-roza-kokvilnas-cimdini-mazulisiem\/#breadcrumb"},"inLanguage":"lv-LV","potentialAction":[{"@type":"ReadAction","target":["https:\/\/petitekingdom.com\/lv\/veikals\/maigi-roza-kokvilnas-cimdini-mazulisiem\/"]}]},{"@type":"ImageObject","inLanguage":"lv-LV","@id":"https:\/\/petitekingdom.com\/lv\/veikals\/maigi-roza-kokvilnas-cimdini-mazulisiem\/#primaryimage","url":"https:\/\/petitekingdom.com\/wp-content\/uploads\/2021\/09\/pink-cotton-jersey-mittens-condor.jpg","contentUrl":"https:\/\/petitekingdom.com\/wp-content\/uploads\/2021\/09\/pink-cotton-jersey-mittens-condor.jpg","width":1920,"height":1920,"caption":"Maigi roz\u0101 kokvilnas cimdi\u0146i mazul\u012b\u0161iem - C\u00f3ndor"},{"@type":"BreadcrumbList","@id":"https:\/\/petitekingdom.com\/lv\/veikals\/maigi-roza-kokvilnas-cimdini-mazulisiem\/#breadcrumb","itemListElement":[{"@type":"ListItem","position":1,"name":"Home","item":"https:\/\/petitekingdom.com\/lv\/"},{"@type":"ListItem","position":2,"name":"Veikals","item":"https:\/\/petitekingdom.com\/lv\/veikals\/"},{"@type":"ListItem","position":3,"name":"Maigi roz\u0101 kokvilnas cimdi\u0146i mazul\u012b\u0161iem"}]},{"@type":"WebSite","@id":"https:\/\/petitekingdom.com\/#website","url":"https:\/\/petitekingdom.com\/","name":"Petite Kingdom","description":"B\u0113rnu izt\u0113lei nav robe\u017eu","publisher":{"@id":"https:\/\/petitekingdom.com\/#organization"},"potentialAction":[{"@type":"SearchAction","target":{"@type":"EntryPoint","urlTemplate":"https:\/\/petitekingdom.com\/?s={search_term_string}"},"query-input":{"@type":"PropertyValueSpecification","valueRequired":true,"valueName":"search_term_string"}}],"inLanguage":"lv-LV"},{"@type":"Organization","@id":"https:\/\/petitekingdom.com\/#organization","name":"Petite Kingdom","url":"https:\/\/petitekingdom.com\/","logo":{"@type":"ImageObject","inLanguage":"lv-LV","@id":"https:\/\/petitekingdom.com\/#\/schema\/logo\/image\/","url":"https:\/\/petitekingdom.com\/wp-content\/uploads\/2021\/04\/PT_logo_blackPNG.png","contentUrl":"https:\/\/petitekingdom.com\/wp-content\/uploads\/2021\/04\/PT_logo_blackPNG.png","width":1158,"height":500,"caption":"Petite Kingdom"},"image":{"@id":"https:\/\/petitekingdom.com\/#\/schema\/logo\/image\/"},"sameAs":["https:\/\/www.facebook.com\/Petite-Kingdom-114272640862559","https:\/\/www.instagram.com\/petite_kingdom\/"]}]}},"_links":{"self":[{"href":"https:\/\/petitekingdom.com\/lv\/wp-json\/wp\/v2\/product\/16828"}],"collection":[{"href":"https:\/\/petitekingdom.com\/lv\/wp-json\/wp\/v2\/product"}],"about":[{"href":"https:\/\/petitekingdom.com\/lv\/wp-json\/wp\/v2\/types\/product"}],"wp:featuredmedia":[{"embeddable":true,"href":"https:\/\/petitekingdom.com\/lv\/wp-json\/wp\/v2\/media\/16776"}],"wp:attachment":[{"href":"https:\/\/petitekingdom.com\/lv\/wp-json\/wp\/v2\/media?parent=16828"}],"wp:term":[{"taxonomy":"product_cat","embeddable":true,"href":"https:\/\/petitekingdom.com\/lv\/wp-json\/wp\/v2\/product_cat?post=16828"},{"taxonomy":"product_tag","embeddable":true,"href":"https:\/\/petitekingdom.com\/lv\/wp-json\/wp\/v2\/product_tag?post=16828"},{"taxonomy":"product-material","embeddable":true,"href":"https:\/\/petitekingdom.com\/lv\/wp-json\/wp\/v2\/product-material?post=16828"},{"taxonomy":"product-type","embeddable":true,"href":"https:\/\/petitekingdom.com\/lv\/wp-json\/wp\/v2\/product-type?post=16828"},{"taxonomy":"designers","embeddable":true,"href":"https:\/\/petitekingdom.com\/lv\/wp-json\/wp\/v2\/designers?post=16828"}],"curies":[{"name":"wp","href":"https:\/\/api.w.org\/{rel}","templated":true}]}}