{"id":16811,"date":"2021-09-25T13:20:20","date_gmt":"2021-09-25T10:50:35","guid":{"rendered":"http:\/\/petitekingdom.com\/shop\/uncategorized\/bruni-aditi-cimdi-zeniem\/"},"modified":"2023-01-02T23:03:04","modified_gmt":"2023-01-02T21:03:04","slug":"bruni-aditi-cimdi-zeniem","status":"publish","type":"product","link":"https:\/\/petitekingdom.com\/lv\/veikals\/bruni-aditi-cimdi-zeniem\/","title":{"rendered":"Br\u016bni ad\u012bti cimdi z\u0113niem"},"content":{"rendered":"","protected":false},"excerpt":{"rendered":"<p>\u0160ie br\u016bni ad\u012bti cimdi z\u0113niem no Condor ir ra\u017eoti no akrila. Cimdiem ir m\u012bksta gumija ap loc\u012btavu, lai tie nesl\u012bd\u0113tu uz leju.<\/p>\n<ul>\n<li>94% Akrils 5% Neilons 1% Elast\u0101ns<\/li>\n<li>Mazg\u0101t ve\u013casma\u0161\u012bn\u0101 30*C (saudz\u012bgais re\u017e\u012bms)<\/li>\n<\/ul>\n","protected":false},"featured_media":16750,"template":"","meta":{"_acf_changed":false},"product_cat":[1212,1265,1605],"product_tag":[],"product-material":[854],"product-type":[648],"designers":[669],"class_list":{"0":"post-16811","1":"product","2":"type-product","3":"status-publish","4":"has-post-thumbnail","6":"product_cat-aksesuari","7":"product_cat-bernu-cimdi","8":"product_cat-izpardosana","9":"product-material-oeko-tex-100-lv","10":"product-type-cimdi-un-duraini","11":"designers-condor-lv","13":"first","14":"instock","15":"sale","16":"taxable","17":"shipping-taxable","18":"purchasable","19":"product-type-variable"},"acf":[],"yoast_head":"<!-- This site is optimized with the Yoast SEO Premium plugin v23.7 (Yoast SEO v23.7) - https:\/\/yoast.com\/wordpress\/plugins\/seo\/ -->\n<title>Br\u016bni ad\u012bti cimdi z\u0113niem &#8226; Petite Kingdom<\/title>\n<meta name=\"description\" content=\"\u0160ie br\u016bni ad\u012bti cimdi z\u0113niem no Condor ir ra\u017eoti no akrila. Cimdiem ir m\u012bksta gumija ap loc\u012btavu, lai tie nesl\u012bd\u0113tu uz leju. 94% Akrils 5% Neilons 1% Elast\u0101ns Mazg\u0101t ve\u013casma\u0161\u012bn\u0101 30*C (saudz\u012bgais re\u017e\u012bms)\" \/>\n<meta name=\"robots\" content=\"index, follow, max-snippet:-1, max-image-preview:large, max-video-preview:-1\" \/>\n<link rel=\"canonical\" href=\"https:\/\/petitekingdom.com\/shop\/brown-boys-knitted-gloves\/\" \/>\n<meta property=\"og:locale\" content=\"lv_LV\" \/>\n<meta property=\"og:type\" content=\"article\" \/>\n<meta property=\"og:title\" content=\"Br\u016bni ad\u012bti cimdi z\u0113niem\" \/>\n<meta property=\"og:description\" content=\"\u0160ie br\u016bni ad\u012bti cimdi z\u0113niem no Condor ir ra\u017eoti no akrila. Cimdiem ir m\u012bksta gumija ap loc\u012btavu, lai tie nesl\u012bd\u0113tu uz leju.   94% Akrils 5% Neilons 1% Elast\u0101ns  Mazg\u0101t ve\u013casma\u0161\u012bn\u0101 30*C (saudz\u012bgais re\u017e\u012bms)\" \/>\n<meta property=\"og:url\" content=\"https:\/\/petitekingdom.com\/shop\/brown-boys-knitted-gloves\/\" \/>\n<meta property=\"og:site_name\" content=\"Petite Kingdom\" \/>\n<meta property=\"article:publisher\" content=\"https:\/\/www.facebook.com\/Petite-Kingdom-114272640862559\" \/>\n<meta property=\"article:modified_time\" content=\"2023-01-02T21:03:04+00:00\" \/>\n<meta property=\"og:image\" content=\"https:\/\/petitekingdom.com\/wp-content\/uploads\/2021\/09\/brown-boys-knitted-gloves-condor.jpg\" \/>\n\t<meta property=\"og:image:width\" content=\"800\" \/>\n\t<meta property=\"og:image:height\" content=\"800\" \/>\n\t<meta property=\"og:image:type\" content=\"image\/jpeg\" \/>\n<meta name=\"twitter:card\" content=\"summary_large_image\" \/>\n<script type=\"application\/ld+json\" class=\"yoast-schema-graph\">{\"@context\":\"https:\/\/schema.org\",\"@graph\":[{\"@type\":\"WebPage\",\"@id\":\"https:\/\/petitekingdom.com\/shop\/brown-boys-knitted-gloves\/\",\"url\":\"https:\/\/petitekingdom.com\/shop\/brown-boys-knitted-gloves\/\",\"name\":\"Br\u016bni ad\u012bti cimdi z\u0113niem &#8226; Petite Kingdom\",\"isPartOf\":{\"@id\":\"https:\/\/petitekingdom.com\/#website\"},\"primaryImageOfPage\":{\"@id\":\"https:\/\/petitekingdom.com\/shop\/brown-boys-knitted-gloves\/#primaryimage\"},\"image\":{\"@id\":\"https:\/\/petitekingdom.com\/shop\/brown-boys-knitted-gloves\/#primaryimage\"},\"thumbnailUrl\":\"https:\/\/petitekingdom.com\/wp-content\/uploads\/2021\/09\/brown-boys-knitted-gloves-condor.jpg\",\"datePublished\":\"2021-09-25T10:50:35+00:00\",\"dateModified\":\"2023-01-02T21:03:04+00:00\",\"description\":\"\u0160ie br\u016bni ad\u012bti cimdi z\u0113niem no Condor ir ra\u017eoti no akrila. Cimdiem ir m\u012bksta gumija ap loc\u012btavu, lai tie nesl\u012bd\u0113tu uz leju. 94% Akrils 5% Neilons 1% Elast\u0101ns Mazg\u0101t ve\u013casma\u0161\u012bn\u0101 30*C (saudz\u012bgais re\u017e\u012bms)\",\"breadcrumb\":{\"@id\":\"https:\/\/petitekingdom.com\/shop\/brown-boys-knitted-gloves\/#breadcrumb\"},\"inLanguage\":\"lv-LV\",\"potentialAction\":[{\"@type\":\"ReadAction\",\"target\":[\"https:\/\/petitekingdom.com\/shop\/brown-boys-knitted-gloves\/\"]}]},{\"@type\":\"ImageObject\",\"inLanguage\":\"lv-LV\",\"@id\":\"https:\/\/petitekingdom.com\/shop\/brown-boys-knitted-gloves\/#primaryimage\",\"url\":\"https:\/\/petitekingdom.com\/wp-content\/uploads\/2021\/09\/brown-boys-knitted-gloves-condor.jpg\",\"contentUrl\":\"https:\/\/petitekingdom.com\/wp-content\/uploads\/2021\/09\/brown-boys-knitted-gloves-condor.jpg\",\"width\":800,\"height\":800,\"caption\":\"Br\u016bni ad\u012bti cimdi z\u0113niem - C\u00f3ndor\"},{\"@type\":\"BreadcrumbList\",\"@id\":\"https:\/\/petitekingdom.com\/shop\/brown-boys-knitted-gloves\/#breadcrumb\",\"itemListElement\":[{\"@type\":\"ListItem\",\"position\":1,\"name\":\"Home\",\"item\":\"https:\/\/petitekingdom.com\/lv\/\"},{\"@type\":\"ListItem\",\"position\":2,\"name\":\"Veikals\",\"item\":\"https:\/\/petitekingdom.com\/lv\/veikals\/\"},{\"@type\":\"ListItem\",\"position\":3,\"name\":\"Br\u016bni ad\u012bti cimdi z\u0113niem\"}]},{\"@type\":\"WebSite\",\"@id\":\"https:\/\/petitekingdom.com\/#website\",\"url\":\"https:\/\/petitekingdom.com\/\",\"name\":\"Petite Kingdom\",\"description\":\"B\u0113rnu izt\u0113lei nav robe\u017eu\",\"publisher\":{\"@id\":\"https:\/\/petitekingdom.com\/#organization\"},\"potentialAction\":[{\"@type\":\"SearchAction\",\"target\":{\"@type\":\"EntryPoint\",\"urlTemplate\":\"https:\/\/petitekingdom.com\/?s={search_term_string}\"},\"query-input\":{\"@type\":\"PropertyValueSpecification\",\"valueRequired\":true,\"valueName\":\"search_term_string\"}}],\"inLanguage\":\"lv-LV\"},{\"@type\":\"Organization\",\"@id\":\"https:\/\/petitekingdom.com\/#organization\",\"name\":\"Petite Kingdom\",\"url\":\"https:\/\/petitekingdom.com\/\",\"logo\":{\"@type\":\"ImageObject\",\"inLanguage\":\"lv-LV\",\"@id\":\"https:\/\/petitekingdom.com\/#\/schema\/logo\/image\/\",\"url\":\"https:\/\/petitekingdom.com\/wp-content\/uploads\/2021\/04\/PT_logo_blackPNG.png\",\"contentUrl\":\"https:\/\/petitekingdom.com\/wp-content\/uploads\/2021\/04\/PT_logo_blackPNG.png\",\"width\":1158,\"height\":500,\"caption\":\"Petite Kingdom\"},\"image\":{\"@id\":\"https:\/\/petitekingdom.com\/#\/schema\/logo\/image\/\"},\"sameAs\":[\"https:\/\/www.facebook.com\/Petite-Kingdom-114272640862559\",\"https:\/\/www.instagram.com\/petite_kingdom\/\"]}]}<\/script>\n<!-- \/ Yoast SEO Premium plugin. -->","yoast_head_json":{"title":"Br\u016bni ad\u012bti cimdi z\u0113niem &#8226; Petite Kingdom","description":"\u0160ie br\u016bni ad\u012bti cimdi z\u0113niem no Condor ir ra\u017eoti no akrila. Cimdiem ir m\u012bksta gumija ap loc\u012btavu, lai tie nesl\u012bd\u0113tu uz leju. 94% Akrils 5% Neilons 1% Elast\u0101ns Mazg\u0101t ve\u013casma\u0161\u012bn\u0101 30*C (saudz\u012bgais re\u017e\u012bms)","robots":{"index":"index","follow":"follow","max-snippet":"max-snippet:-1","max-image-preview":"max-image-preview:large","max-video-preview":"max-video-preview:-1"},"canonical":"https:\/\/petitekingdom.com\/shop\/brown-boys-knitted-gloves\/","og_locale":"lv_LV","og_type":"article","og_title":"Br\u016bni ad\u012bti cimdi z\u0113niem","og_description":"\u0160ie br\u016bni ad\u012bti cimdi z\u0113niem no Condor ir ra\u017eoti no akrila. Cimdiem ir m\u012bksta gumija ap loc\u012btavu, lai tie nesl\u012bd\u0113tu uz leju.   94% Akrils 5% Neilons 1% Elast\u0101ns  Mazg\u0101t ve\u013casma\u0161\u012bn\u0101 30*C (saudz\u012bgais re\u017e\u012bms)","og_url":"https:\/\/petitekingdom.com\/shop\/brown-boys-knitted-gloves\/","og_site_name":"Petite Kingdom","article_publisher":"https:\/\/www.facebook.com\/Petite-Kingdom-114272640862559","article_modified_time":"2023-01-02T21:03:04+00:00","og_image":[{"width":800,"height":800,"url":"https:\/\/petitekingdom.com\/wp-content\/uploads\/2021\/09\/brown-boys-knitted-gloves-condor.jpg","type":"image\/jpeg"}],"twitter_card":"summary_large_image","schema":{"@context":"https:\/\/schema.org","@graph":[{"@type":"WebPage","@id":"https:\/\/petitekingdom.com\/shop\/brown-boys-knitted-gloves\/","url":"https:\/\/petitekingdom.com\/shop\/brown-boys-knitted-gloves\/","name":"Br\u016bni ad\u012bti cimdi z\u0113niem &#8226; Petite Kingdom","isPartOf":{"@id":"https:\/\/petitekingdom.com\/#website"},"primaryImageOfPage":{"@id":"https:\/\/petitekingdom.com\/shop\/brown-boys-knitted-gloves\/#primaryimage"},"image":{"@id":"https:\/\/petitekingdom.com\/shop\/brown-boys-knitted-gloves\/#primaryimage"},"thumbnailUrl":"https:\/\/petitekingdom.com\/wp-content\/uploads\/2021\/09\/brown-boys-knitted-gloves-condor.jpg","datePublished":"2021-09-25T10:50:35+00:00","dateModified":"2023-01-02T21:03:04+00:00","description":"\u0160ie br\u016bni ad\u012bti cimdi z\u0113niem no Condor ir ra\u017eoti no akrila. Cimdiem ir m\u012bksta gumija ap loc\u012btavu, lai tie nesl\u012bd\u0113tu uz leju. 94% Akrils 5% Neilons 1% Elast\u0101ns Mazg\u0101t ve\u013casma\u0161\u012bn\u0101 30*C (saudz\u012bgais re\u017e\u012bms)","breadcrumb":{"@id":"https:\/\/petitekingdom.com\/shop\/brown-boys-knitted-gloves\/#breadcrumb"},"inLanguage":"lv-LV","potentialAction":[{"@type":"ReadAction","target":["https:\/\/petitekingdom.com\/shop\/brown-boys-knitted-gloves\/"]}]},{"@type":"ImageObject","inLanguage":"lv-LV","@id":"https:\/\/petitekingdom.com\/shop\/brown-boys-knitted-gloves\/#primaryimage","url":"https:\/\/petitekingdom.com\/wp-content\/uploads\/2021\/09\/brown-boys-knitted-gloves-condor.jpg","contentUrl":"https:\/\/petitekingdom.com\/wp-content\/uploads\/2021\/09\/brown-boys-knitted-gloves-condor.jpg","width":800,"height":800,"caption":"Br\u016bni ad\u012bti cimdi z\u0113niem - C\u00f3ndor"},{"@type":"BreadcrumbList","@id":"https:\/\/petitekingdom.com\/shop\/brown-boys-knitted-gloves\/#breadcrumb","itemListElement":[{"@type":"ListItem","position":1,"name":"Home","item":"https:\/\/petitekingdom.com\/lv\/"},{"@type":"ListItem","position":2,"name":"Veikals","item":"https:\/\/petitekingdom.com\/lv\/veikals\/"},{"@type":"ListItem","position":3,"name":"Br\u016bni ad\u012bti cimdi z\u0113niem"}]},{"@type":"WebSite","@id":"https:\/\/petitekingdom.com\/#website","url":"https:\/\/petitekingdom.com\/","name":"Petite Kingdom","description":"B\u0113rnu izt\u0113lei nav robe\u017eu","publisher":{"@id":"https:\/\/petitekingdom.com\/#organization"},"potentialAction":[{"@type":"SearchAction","target":{"@type":"EntryPoint","urlTemplate":"https:\/\/petitekingdom.com\/?s={search_term_string}"},"query-input":{"@type":"PropertyValueSpecification","valueRequired":true,"valueName":"search_term_string"}}],"inLanguage":"lv-LV"},{"@type":"Organization","@id":"https:\/\/petitekingdom.com\/#organization","name":"Petite Kingdom","url":"https:\/\/petitekingdom.com\/","logo":{"@type":"ImageObject","inLanguage":"lv-LV","@id":"https:\/\/petitekingdom.com\/#\/schema\/logo\/image\/","url":"https:\/\/petitekingdom.com\/wp-content\/uploads\/2021\/04\/PT_logo_blackPNG.png","contentUrl":"https:\/\/petitekingdom.com\/wp-content\/uploads\/2021\/04\/PT_logo_blackPNG.png","width":1158,"height":500,"caption":"Petite Kingdom"},"image":{"@id":"https:\/\/petitekingdom.com\/#\/schema\/logo\/image\/"},"sameAs":["https:\/\/www.facebook.com\/Petite-Kingdom-114272640862559","https:\/\/www.instagram.com\/petite_kingdom\/"]}]}},"_links":{"self":[{"href":"https:\/\/petitekingdom.com\/lv\/wp-json\/wp\/v2\/product\/16811"}],"collection":[{"href":"https:\/\/petitekingdom.com\/lv\/wp-json\/wp\/v2\/product"}],"about":[{"href":"https:\/\/petitekingdom.com\/lv\/wp-json\/wp\/v2\/types\/product"}],"wp:featuredmedia":[{"embeddable":true,"href":"https:\/\/petitekingdom.com\/lv\/wp-json\/wp\/v2\/media\/16750"}],"wp:attachment":[{"href":"https:\/\/petitekingdom.com\/lv\/wp-json\/wp\/v2\/media?parent=16811"}],"wp:term":[{"taxonomy":"product_cat","embeddable":true,"href":"https:\/\/petitekingdom.com\/lv\/wp-json\/wp\/v2\/product_cat?post=16811"},{"taxonomy":"product_tag","embeddable":true,"href":"https:\/\/petitekingdom.com\/lv\/wp-json\/wp\/v2\/product_tag?post=16811"},{"taxonomy":"product-material","embeddable":true,"href":"https:\/\/petitekingdom.com\/lv\/wp-json\/wp\/v2\/product-material?post=16811"},{"taxonomy":"product-type","embeddable":true,"href":"https:\/\/petitekingdom.com\/lv\/wp-json\/wp\/v2\/product-type?post=16811"},{"taxonomy":"designers","embeddable":true,"href":"https:\/\/petitekingdom.com\/lv\/wp-json\/wp\/v2\/designers?post=16811"}],"curies":[{"name":"wp","href":"https:\/\/api.w.org\/{rel}","templated":true}]}}