{"id":14301,"date":"2021-09-15T17:25:55","date_gmt":"2021-09-15T14:29:20","guid":{"rendered":"http:\/\/petitekingdom.com\/shop\/uncategorized\/peleka-un-miksta-kokvilnas-jacina\/"},"modified":"2023-01-02T23:03:20","modified_gmt":"2023-01-02T21:03:20","slug":"peleka-un-miksta-kokvilnas-jacina","status":"publish","type":"product","link":"https:\/\/petitekingdom.com\/lv\/veikals\/peleka-un-miksta-kokvilnas-jacina\/","title":{"rendered":"Pel\u0113ka un m\u012bksta kokvilnas jaci\u0146a"},"content":{"rendered":"","protected":false},"excerpt":{"rendered":"<p>Pel\u0113ka un m\u012bksta kokvilnas jaci\u0146a no Frugi maziem z\u0113niem un meiten\u0113m ir izgatavota no m\u012bkstas organisk\u0101s kokvilnas, t\u0101s priek\u0161pus\u0113 un aizmugur\u0113 ir kr\u0101\u0161\u0146i iz\u0161\u016bti lauku s\u0113tas dz\u012bvnieki.<\/p>\n<ul>\n<li>Organisk\u0101 kokvilna<\/li>\n<li>GOTS<\/li>\n<li>Mazg\u0101t ve\u013casma\u0161\u012bn\u0101 30*C (saudz\u012bgais re\u017e\u012bms)<\/li>\n<li>Piem\u0113rots meiten\u0113m &amp; z\u0113niem<\/li>\n<\/ul>\n","protected":false},"featured_media":14277,"template":"","meta":{"_acf_changed":false},"product_cat":[1180,1663,1203,1204,1605,1607,1674],"product_tag":[],"product-material":[791,792],"product-type":[862],"designers":[671],"class_list":{"0":"post-14301","1":"product","2":"type-product","3":"status-publish","4":"has-post-thumbnail","6":"product_cat-zidainu-apgerbs","7":"product_cat-jaundzimuso-drebites","8":"product_cat-jacinas-dzemperi-zidainiem","9":"product_cat-zidainu-jacinas","10":"product_cat-izpardosana","11":"product_cat-outlets","12":"product_cat-sezonas-izpardosana","13":"product-material-gots-lv","14":"product-material-organiska-kokvilna","15":"product-type-jakas","16":"designers-frugi-lv","18":"first","19":"instock","20":"sale","21":"taxable","22":"shipping-taxable","23":"purchasable","24":"product-type-variable"},"acf":[],"yoast_head":"<!-- This site is optimized with the Yoast SEO Premium plugin v23.7 (Yoast SEO v23.7) - https:\/\/yoast.com\/wordpress\/plugins\/seo\/ -->\n<title>Pel\u0113ka un m\u012bksta kokvilnas jaci\u0146a &#8226; Petite Kingdom<\/title>\n<meta name=\"description\" content=\"Pel\u0113ka un m\u012bksta kokvilnas jaci\u0146a no Frugi maziem z\u0113niem un meiten\u0113m ir izgatavota no m\u012bkstas organisk\u0101s kokvilnas.\" \/>\n<meta name=\"robots\" content=\"index, follow, max-snippet:-1, max-image-preview:large, max-video-preview:-1\" \/>\n<link rel=\"canonical\" href=\"https:\/\/petitekingdom.com\/shop\/grey-knitted-cardigan-with-animals\/\" \/>\n<meta property=\"og:locale\" content=\"lv_LV\" \/>\n<meta property=\"og:type\" content=\"article\" \/>\n<meta property=\"og:title\" content=\"Pel\u0113ka un m\u012bksta kokvilnas jaci\u0146a\" \/>\n<meta property=\"og:description\" content=\"Pel\u0113ka un m\u012bksta kokvilnas jaci\u0146a no Frugi maziem z\u0113niem un meiten\u0113m ir izgatavota no m\u012bkstas organisk\u0101s kokvilnas, t\u0101s priek\u0161pus\u0113 un aizmugur\u0113 ir kr\u0101\u0161\u0146i iz\u0161\u016bti lauku s\u0113tas dz\u012bvnieki.   Organisk\u0101 kokvilna  GOTS  Mazg\u0101t ve\u013casma\u0161\u012bn\u0101 30*C (saudz\u012bgais re\u017e\u012bms)  Piem\u0113rots meiten\u0113m &amp; z\u0113niem\" \/>\n<meta property=\"og:url\" content=\"https:\/\/petitekingdom.com\/shop\/grey-knitted-cardigan-with-animals\/\" \/>\n<meta property=\"og:site_name\" content=\"Petite Kingdom\" \/>\n<meta property=\"article:publisher\" content=\"https:\/\/www.facebook.com\/Petite-Kingdom-114272640862559\" \/>\n<meta property=\"article:modified_time\" content=\"2023-01-02T21:03:20+00:00\" \/>\n<meta property=\"og:image\" content=\"https:\/\/petitekingdom.com\/wp-content\/uploads\/2021\/09\/grey-knitted-cardigan-with-animals-frugi.jpg\" \/>\n\t<meta property=\"og:image:width\" content=\"1280\" \/>\n\t<meta property=\"og:image:height\" content=\"1920\" \/>\n\t<meta property=\"og:image:type\" content=\"image\/jpeg\" \/>\n<meta name=\"twitter:card\" content=\"summary_large_image\" \/>\n<script type=\"application\/ld+json\" class=\"yoast-schema-graph\">{\"@context\":\"https:\/\/schema.org\",\"@graph\":[{\"@type\":\"WebPage\",\"@id\":\"https:\/\/petitekingdom.com\/shop\/grey-knitted-cardigan-with-animals\/\",\"url\":\"https:\/\/petitekingdom.com\/shop\/grey-knitted-cardigan-with-animals\/\",\"name\":\"Pel\u0113ka un m\u012bksta kokvilnas jaci\u0146a &#8226; Petite Kingdom\",\"isPartOf\":{\"@id\":\"https:\/\/petitekingdom.com\/#website\"},\"primaryImageOfPage\":{\"@id\":\"https:\/\/petitekingdom.com\/shop\/grey-knitted-cardigan-with-animals\/#primaryimage\"},\"image\":{\"@id\":\"https:\/\/petitekingdom.com\/shop\/grey-knitted-cardigan-with-animals\/#primaryimage\"},\"thumbnailUrl\":\"https:\/\/petitekingdom.com\/wp-content\/uploads\/2021\/09\/grey-knitted-cardigan-with-animals-frugi.jpg\",\"datePublished\":\"2021-09-15T14:29:20+00:00\",\"dateModified\":\"2023-01-02T21:03:20+00:00\",\"description\":\"Pel\u0113ka un m\u012bksta kokvilnas jaci\u0146a no Frugi maziem z\u0113niem un meiten\u0113m ir izgatavota no m\u012bkstas organisk\u0101s kokvilnas.\",\"breadcrumb\":{\"@id\":\"https:\/\/petitekingdom.com\/shop\/grey-knitted-cardigan-with-animals\/#breadcrumb\"},\"inLanguage\":\"lv-LV\",\"potentialAction\":[{\"@type\":\"ReadAction\",\"target\":[\"https:\/\/petitekingdom.com\/shop\/grey-knitted-cardigan-with-animals\/\"]}]},{\"@type\":\"ImageObject\",\"inLanguage\":\"lv-LV\",\"@id\":\"https:\/\/petitekingdom.com\/shop\/grey-knitted-cardigan-with-animals\/#primaryimage\",\"url\":\"https:\/\/petitekingdom.com\/wp-content\/uploads\/2021\/09\/grey-knitted-cardigan-with-animals-frugi.jpg\",\"contentUrl\":\"https:\/\/petitekingdom.com\/wp-content\/uploads\/2021\/09\/grey-knitted-cardigan-with-animals-frugi.jpg\",\"width\":1280,\"height\":1920,\"caption\":\"Pel\u0113ka un m\u012bksta kokvilnas jaci\u0146a - Frugi\"},{\"@type\":\"BreadcrumbList\",\"@id\":\"https:\/\/petitekingdom.com\/shop\/grey-knitted-cardigan-with-animals\/#breadcrumb\",\"itemListElement\":[{\"@type\":\"ListItem\",\"position\":1,\"name\":\"Home\",\"item\":\"https:\/\/petitekingdom.com\/lv\/\"},{\"@type\":\"ListItem\",\"position\":2,\"name\":\"Veikals\",\"item\":\"https:\/\/petitekingdom.com\/lv\/veikals\/\"},{\"@type\":\"ListItem\",\"position\":3,\"name\":\"Pel\u0113ka un m\u012bksta kokvilnas jaci\u0146a\"}]},{\"@type\":\"WebSite\",\"@id\":\"https:\/\/petitekingdom.com\/#website\",\"url\":\"https:\/\/petitekingdom.com\/\",\"name\":\"Petite Kingdom\",\"description\":\"B\u0113rnu izt\u0113lei nav robe\u017eu\",\"publisher\":{\"@id\":\"https:\/\/petitekingdom.com\/#organization\"},\"potentialAction\":[{\"@type\":\"SearchAction\",\"target\":{\"@type\":\"EntryPoint\",\"urlTemplate\":\"https:\/\/petitekingdom.com\/?s={search_term_string}\"},\"query-input\":{\"@type\":\"PropertyValueSpecification\",\"valueRequired\":true,\"valueName\":\"search_term_string\"}}],\"inLanguage\":\"lv-LV\"},{\"@type\":\"Organization\",\"@id\":\"https:\/\/petitekingdom.com\/#organization\",\"name\":\"Petite Kingdom\",\"url\":\"https:\/\/petitekingdom.com\/\",\"logo\":{\"@type\":\"ImageObject\",\"inLanguage\":\"lv-LV\",\"@id\":\"https:\/\/petitekingdom.com\/#\/schema\/logo\/image\/\",\"url\":\"https:\/\/petitekingdom.com\/wp-content\/uploads\/2021\/04\/PT_logo_blackPNG.png\",\"contentUrl\":\"https:\/\/petitekingdom.com\/wp-content\/uploads\/2021\/04\/PT_logo_blackPNG.png\",\"width\":1158,\"height\":500,\"caption\":\"Petite Kingdom\"},\"image\":{\"@id\":\"https:\/\/petitekingdom.com\/#\/schema\/logo\/image\/\"},\"sameAs\":[\"https:\/\/www.facebook.com\/Petite-Kingdom-114272640862559\",\"https:\/\/www.instagram.com\/petite_kingdom\/\"]}]}<\/script>\n<!-- \/ Yoast SEO Premium plugin. -->","yoast_head_json":{"title":"Pel\u0113ka un m\u012bksta kokvilnas jaci\u0146a &#8226; Petite Kingdom","description":"Pel\u0113ka un m\u012bksta kokvilnas jaci\u0146a no Frugi maziem z\u0113niem un meiten\u0113m ir izgatavota no m\u012bkstas organisk\u0101s kokvilnas.","robots":{"index":"index","follow":"follow","max-snippet":"max-snippet:-1","max-image-preview":"max-image-preview:large","max-video-preview":"max-video-preview:-1"},"canonical":"https:\/\/petitekingdom.com\/shop\/grey-knitted-cardigan-with-animals\/","og_locale":"lv_LV","og_type":"article","og_title":"Pel\u0113ka un m\u012bksta kokvilnas jaci\u0146a","og_description":"Pel\u0113ka un m\u012bksta kokvilnas jaci\u0146a no Frugi maziem z\u0113niem un meiten\u0113m ir izgatavota no m\u012bkstas organisk\u0101s kokvilnas, t\u0101s priek\u0161pus\u0113 un aizmugur\u0113 ir kr\u0101\u0161\u0146i iz\u0161\u016bti lauku s\u0113tas dz\u012bvnieki.   Organisk\u0101 kokvilna  GOTS  Mazg\u0101t ve\u013casma\u0161\u012bn\u0101 30*C (saudz\u012bgais re\u017e\u012bms)  Piem\u0113rots meiten\u0113m &amp; z\u0113niem","og_url":"https:\/\/petitekingdom.com\/shop\/grey-knitted-cardigan-with-animals\/","og_site_name":"Petite Kingdom","article_publisher":"https:\/\/www.facebook.com\/Petite-Kingdom-114272640862559","article_modified_time":"2023-01-02T21:03:20+00:00","og_image":[{"width":1280,"height":1920,"url":"https:\/\/petitekingdom.com\/wp-content\/uploads\/2021\/09\/grey-knitted-cardigan-with-animals-frugi.jpg","type":"image\/jpeg"}],"twitter_card":"summary_large_image","schema":{"@context":"https:\/\/schema.org","@graph":[{"@type":"WebPage","@id":"https:\/\/petitekingdom.com\/shop\/grey-knitted-cardigan-with-animals\/","url":"https:\/\/petitekingdom.com\/shop\/grey-knitted-cardigan-with-animals\/","name":"Pel\u0113ka un m\u012bksta kokvilnas jaci\u0146a &#8226; Petite Kingdom","isPartOf":{"@id":"https:\/\/petitekingdom.com\/#website"},"primaryImageOfPage":{"@id":"https:\/\/petitekingdom.com\/shop\/grey-knitted-cardigan-with-animals\/#primaryimage"},"image":{"@id":"https:\/\/petitekingdom.com\/shop\/grey-knitted-cardigan-with-animals\/#primaryimage"},"thumbnailUrl":"https:\/\/petitekingdom.com\/wp-content\/uploads\/2021\/09\/grey-knitted-cardigan-with-animals-frugi.jpg","datePublished":"2021-09-15T14:29:20+00:00","dateModified":"2023-01-02T21:03:20+00:00","description":"Pel\u0113ka un m\u012bksta kokvilnas jaci\u0146a no Frugi maziem z\u0113niem un meiten\u0113m ir izgatavota no m\u012bkstas organisk\u0101s kokvilnas.","breadcrumb":{"@id":"https:\/\/petitekingdom.com\/shop\/grey-knitted-cardigan-with-animals\/#breadcrumb"},"inLanguage":"lv-LV","potentialAction":[{"@type":"ReadAction","target":["https:\/\/petitekingdom.com\/shop\/grey-knitted-cardigan-with-animals\/"]}]},{"@type":"ImageObject","inLanguage":"lv-LV","@id":"https:\/\/petitekingdom.com\/shop\/grey-knitted-cardigan-with-animals\/#primaryimage","url":"https:\/\/petitekingdom.com\/wp-content\/uploads\/2021\/09\/grey-knitted-cardigan-with-animals-frugi.jpg","contentUrl":"https:\/\/petitekingdom.com\/wp-content\/uploads\/2021\/09\/grey-knitted-cardigan-with-animals-frugi.jpg","width":1280,"height":1920,"caption":"Pel\u0113ka un m\u012bksta kokvilnas jaci\u0146a - Frugi"},{"@type":"BreadcrumbList","@id":"https:\/\/petitekingdom.com\/shop\/grey-knitted-cardigan-with-animals\/#breadcrumb","itemListElement":[{"@type":"ListItem","position":1,"name":"Home","item":"https:\/\/petitekingdom.com\/lv\/"},{"@type":"ListItem","position":2,"name":"Veikals","item":"https:\/\/petitekingdom.com\/lv\/veikals\/"},{"@type":"ListItem","position":3,"name":"Pel\u0113ka un m\u012bksta kokvilnas jaci\u0146a"}]},{"@type":"WebSite","@id":"https:\/\/petitekingdom.com\/#website","url":"https:\/\/petitekingdom.com\/","name":"Petite Kingdom","description":"B\u0113rnu izt\u0113lei nav robe\u017eu","publisher":{"@id":"https:\/\/petitekingdom.com\/#organization"},"potentialAction":[{"@type":"SearchAction","target":{"@type":"EntryPoint","urlTemplate":"https:\/\/petitekingdom.com\/?s={search_term_string}"},"query-input":{"@type":"PropertyValueSpecification","valueRequired":true,"valueName":"search_term_string"}}],"inLanguage":"lv-LV"},{"@type":"Organization","@id":"https:\/\/petitekingdom.com\/#organization","name":"Petite Kingdom","url":"https:\/\/petitekingdom.com\/","logo":{"@type":"ImageObject","inLanguage":"lv-LV","@id":"https:\/\/petitekingdom.com\/#\/schema\/logo\/image\/","url":"https:\/\/petitekingdom.com\/wp-content\/uploads\/2021\/04\/PT_logo_blackPNG.png","contentUrl":"https:\/\/petitekingdom.com\/wp-content\/uploads\/2021\/04\/PT_logo_blackPNG.png","width":1158,"height":500,"caption":"Petite Kingdom"},"image":{"@id":"https:\/\/petitekingdom.com\/#\/schema\/logo\/image\/"},"sameAs":["https:\/\/www.facebook.com\/Petite-Kingdom-114272640862559","https:\/\/www.instagram.com\/petite_kingdom\/"]}]}},"_links":{"self":[{"href":"https:\/\/petitekingdom.com\/lv\/wp-json\/wp\/v2\/product\/14301"}],"collection":[{"href":"https:\/\/petitekingdom.com\/lv\/wp-json\/wp\/v2\/product"}],"about":[{"href":"https:\/\/petitekingdom.com\/lv\/wp-json\/wp\/v2\/types\/product"}],"wp:featuredmedia":[{"embeddable":true,"href":"https:\/\/petitekingdom.com\/lv\/wp-json\/wp\/v2\/media\/14277"}],"wp:attachment":[{"href":"https:\/\/petitekingdom.com\/lv\/wp-json\/wp\/v2\/media?parent=14301"}],"wp:term":[{"taxonomy":"product_cat","embeddable":true,"href":"https:\/\/petitekingdom.com\/lv\/wp-json\/wp\/v2\/product_cat?post=14301"},{"taxonomy":"product_tag","embeddable":true,"href":"https:\/\/petitekingdom.com\/lv\/wp-json\/wp\/v2\/product_tag?post=14301"},{"taxonomy":"product-material","embeddable":true,"href":"https:\/\/petitekingdom.com\/lv\/wp-json\/wp\/v2\/product-material?post=14301"},{"taxonomy":"product-type","embeddable":true,"href":"https:\/\/petitekingdom.com\/lv\/wp-json\/wp\/v2\/product-type?post=14301"},{"taxonomy":"designers","embeddable":true,"href":"https:\/\/petitekingdom.com\/lv\/wp-json\/wp\/v2\/designers?post=14301"}],"curies":[{"name":"wp","href":"https:\/\/api.w.org\/{rel}","templated":true}]}}