{"id":13685,"date":"2021-09-10T16:51:15","date_gmt":"2021-09-10T13:53:07","guid":{"rendered":"http:\/\/petitekingdom.com\/shop\/uncategorized\/bernu-lacite-ar-zosim\/"},"modified":"2023-01-02T23:02:05","modified_gmt":"2023-01-02T21:02:05","slug":"bernu-lacite-ar-zosim","status":"publish","type":"product","link":"https:\/\/petitekingdom.com\/lv\/veikals\/bernu-lacite-ar-zosim\/","title":{"rendered":"B\u0113rnu lac\u012bte ar zos\u012bm"},"content":{"rendered":"","protected":false},"excerpt":{"rendered":"<p>Zoss apdruk\u0101, \u0161\u012b skaist\u0101 b\u0113rnu lac\u012bte no Frugi ir izgatavota no 100% p\u0101rstr\u0101d\u0101ta poliestera ar kabatu priek\u0161pus\u0113 un regul\u0113jam\u0101m podzi\u0146\u0101m pie kakla.<\/p>\n<ul>\n<li>100% p\u0101rstr\u0101d\u0101ts poliesters<\/li>\n<li>Liela kabata, kura no\u0137ers nokritu\u0161o \u0113dienu un \u0161\u0137idrumu<\/li>\n<li>Eko- draudz\u012bgs audums<\/li>\n<\/ul>\n","protected":false},"featured_media":13668,"template":"","meta":{"_acf_changed":false},"product_cat":[1210,1239,1605,1607,1674],"product_tag":[],"product-material":[859],"product-type":[993],"designers":[671],"class_list":{"0":"post-13685","1":"product","2":"type-product","3":"status-publish","4":"has-post-thumbnail","6":"product_cat-bernistaba","7":"product_cat-esanas-piederumi","8":"product_cat-izpardosana","9":"product_cat-outlets","10":"product_cat-sezonas-izpardosana","11":"product-material-parstradats-poliesters","12":"product-type-lacite","13":"designers-frugi-lv","15":"first","16":"instock","17":"taxable","18":"shipping-taxable","19":"purchasable","20":"product-type-simple"},"acf":[],"yoast_head":"<!-- This site is optimized with the Yoast SEO Premium plugin v23.7 (Yoast SEO v23.7) - https:\/\/yoast.com\/wordpress\/plugins\/seo\/ -->\n<title>B\u0113rnu lac\u012bte ar zos\u012bm &#8226; Petite Kingdom<\/title>\n<meta name=\"description\" content=\"Zoss apdruk\u0101, \u0161\u012b skaist\u0101 b\u0113rnu lac\u012bte no Frugi ir izgatavota no 100% p\u0101rstr\u0101d\u0101ta poliestera ar kabatu priek\u0161pus\u0113.\" \/>\n<meta name=\"robots\" content=\"index, follow, max-snippet:-1, max-image-preview:large, max-video-preview:-1\" \/>\n<link rel=\"canonical\" href=\"https:\/\/petitekingdom.com\/shop\/spick-and-span-bib-springtime-geese\/\" \/>\n<meta property=\"og:locale\" content=\"lv_LV\" \/>\n<meta property=\"og:type\" content=\"article\" \/>\n<meta property=\"og:title\" content=\"B\u0113rnu lac\u012bte ar zos\u012bm\" \/>\n<meta property=\"og:description\" content=\"Zoss apdruk\u0101, \u0161\u012b skaist\u0101 b\u0113rnu lac\u012bte no Frugi ir izgatavota no 100% p\u0101rstr\u0101d\u0101ta poliestera ar kabatu priek\u0161pus\u0113 un regul\u0113jam\u0101m podzi\u0146\u0101m pie kakla.   100% p\u0101rstr\u0101d\u0101ts poliesters  Liela kabata, kura no\u0137ers nokritu\u0161o \u0113dienu un \u0161\u0137idrumu  Eko- draudz\u012bgs audums\" \/>\n<meta property=\"og:url\" content=\"https:\/\/petitekingdom.com\/shop\/spick-and-span-bib-springtime-geese\/\" \/>\n<meta property=\"og:site_name\" content=\"Petite Kingdom\" \/>\n<meta property=\"article:publisher\" content=\"https:\/\/www.facebook.com\/Petite-Kingdom-114272640862559\" \/>\n<meta property=\"article:modified_time\" content=\"2023-01-02T21:02:05+00:00\" \/>\n<meta property=\"og:image\" content=\"https:\/\/petitekingdom.com\/wp-content\/uploads\/2021\/09\/spick-and-span-bib-springtime-geese-frugi.jpg\" \/>\n\t<meta property=\"og:image:width\" content=\"1280\" \/>\n\t<meta property=\"og:image:height\" content=\"1920\" \/>\n\t<meta property=\"og:image:type\" content=\"image\/jpeg\" \/>\n<meta name=\"twitter:card\" content=\"summary_large_image\" \/>\n<script type=\"application\/ld+json\" class=\"yoast-schema-graph\">{\"@context\":\"https:\/\/schema.org\",\"@graph\":[{\"@type\":\"WebPage\",\"@id\":\"https:\/\/petitekingdom.com\/shop\/spick-and-span-bib-springtime-geese\/\",\"url\":\"https:\/\/petitekingdom.com\/shop\/spick-and-span-bib-springtime-geese\/\",\"name\":\"B\u0113rnu lac\u012bte ar zos\u012bm &#8226; Petite Kingdom\",\"isPartOf\":{\"@id\":\"https:\/\/petitekingdom.com\/#website\"},\"primaryImageOfPage\":{\"@id\":\"https:\/\/petitekingdom.com\/shop\/spick-and-span-bib-springtime-geese\/#primaryimage\"},\"image\":{\"@id\":\"https:\/\/petitekingdom.com\/shop\/spick-and-span-bib-springtime-geese\/#primaryimage\"},\"thumbnailUrl\":\"https:\/\/petitekingdom.com\/wp-content\/uploads\/2021\/09\/spick-and-span-bib-springtime-geese-frugi.jpg\",\"datePublished\":\"2021-09-10T13:53:07+00:00\",\"dateModified\":\"2023-01-02T21:02:05+00:00\",\"description\":\"Zoss apdruk\u0101, \u0161\u012b skaist\u0101 b\u0113rnu lac\u012bte no Frugi ir izgatavota no 100% p\u0101rstr\u0101d\u0101ta poliestera ar kabatu priek\u0161pus\u0113.\",\"breadcrumb\":{\"@id\":\"https:\/\/petitekingdom.com\/shop\/spick-and-span-bib-springtime-geese\/#breadcrumb\"},\"inLanguage\":\"lv-LV\",\"potentialAction\":[{\"@type\":\"ReadAction\",\"target\":[\"https:\/\/petitekingdom.com\/shop\/spick-and-span-bib-springtime-geese\/\"]}]},{\"@type\":\"ImageObject\",\"inLanguage\":\"lv-LV\",\"@id\":\"https:\/\/petitekingdom.com\/shop\/spick-and-span-bib-springtime-geese\/#primaryimage\",\"url\":\"https:\/\/petitekingdom.com\/wp-content\/uploads\/2021\/09\/spick-and-span-bib-springtime-geese-frugi.jpg\",\"contentUrl\":\"https:\/\/petitekingdom.com\/wp-content\/uploads\/2021\/09\/spick-and-span-bib-springtime-geese-frugi.jpg\",\"width\":1280,\"height\":1920,\"caption\":\"B\u0113rnu lac\u012bte ar zos\u012bm - Frugi\"},{\"@type\":\"BreadcrumbList\",\"@id\":\"https:\/\/petitekingdom.com\/shop\/spick-and-span-bib-springtime-geese\/#breadcrumb\",\"itemListElement\":[{\"@type\":\"ListItem\",\"position\":1,\"name\":\"Home\",\"item\":\"https:\/\/petitekingdom.com\/lv\/\"},{\"@type\":\"ListItem\",\"position\":2,\"name\":\"Veikals\",\"item\":\"https:\/\/petitekingdom.com\/lv\/veikals\/\"},{\"@type\":\"ListItem\",\"position\":3,\"name\":\"B\u0113rnu lac\u012bte ar zos\u012bm\"}]},{\"@type\":\"WebSite\",\"@id\":\"https:\/\/petitekingdom.com\/#website\",\"url\":\"https:\/\/petitekingdom.com\/\",\"name\":\"Petite Kingdom\",\"description\":\"B\u0113rnu izt\u0113lei nav robe\u017eu\",\"publisher\":{\"@id\":\"https:\/\/petitekingdom.com\/#organization\"},\"potentialAction\":[{\"@type\":\"SearchAction\",\"target\":{\"@type\":\"EntryPoint\",\"urlTemplate\":\"https:\/\/petitekingdom.com\/?s={search_term_string}\"},\"query-input\":{\"@type\":\"PropertyValueSpecification\",\"valueRequired\":true,\"valueName\":\"search_term_string\"}}],\"inLanguage\":\"lv-LV\"},{\"@type\":\"Organization\",\"@id\":\"https:\/\/petitekingdom.com\/#organization\",\"name\":\"Petite Kingdom\",\"url\":\"https:\/\/petitekingdom.com\/\",\"logo\":{\"@type\":\"ImageObject\",\"inLanguage\":\"lv-LV\",\"@id\":\"https:\/\/petitekingdom.com\/#\/schema\/logo\/image\/\",\"url\":\"https:\/\/petitekingdom.com\/wp-content\/uploads\/2021\/04\/PT_logo_blackPNG.png\",\"contentUrl\":\"https:\/\/petitekingdom.com\/wp-content\/uploads\/2021\/04\/PT_logo_blackPNG.png\",\"width\":1158,\"height\":500,\"caption\":\"Petite Kingdom\"},\"image\":{\"@id\":\"https:\/\/petitekingdom.com\/#\/schema\/logo\/image\/\"},\"sameAs\":[\"https:\/\/www.facebook.com\/Petite-Kingdom-114272640862559\",\"https:\/\/www.instagram.com\/petite_kingdom\/\"]}]}<\/script>\n<!-- \/ Yoast SEO Premium plugin. -->","yoast_head_json":{"title":"B\u0113rnu lac\u012bte ar zos\u012bm &#8226; Petite Kingdom","description":"Zoss apdruk\u0101, \u0161\u012b skaist\u0101 b\u0113rnu lac\u012bte no Frugi ir izgatavota no 100% p\u0101rstr\u0101d\u0101ta poliestera ar kabatu priek\u0161pus\u0113.","robots":{"index":"index","follow":"follow","max-snippet":"max-snippet:-1","max-image-preview":"max-image-preview:large","max-video-preview":"max-video-preview:-1"},"canonical":"https:\/\/petitekingdom.com\/shop\/spick-and-span-bib-springtime-geese\/","og_locale":"lv_LV","og_type":"article","og_title":"B\u0113rnu lac\u012bte ar zos\u012bm","og_description":"Zoss apdruk\u0101, \u0161\u012b skaist\u0101 b\u0113rnu lac\u012bte no Frugi ir izgatavota no 100% p\u0101rstr\u0101d\u0101ta poliestera ar kabatu priek\u0161pus\u0113 un regul\u0113jam\u0101m podzi\u0146\u0101m pie kakla.   100% p\u0101rstr\u0101d\u0101ts poliesters  Liela kabata, kura no\u0137ers nokritu\u0161o \u0113dienu un \u0161\u0137idrumu  Eko- draudz\u012bgs audums","og_url":"https:\/\/petitekingdom.com\/shop\/spick-and-span-bib-springtime-geese\/","og_site_name":"Petite Kingdom","article_publisher":"https:\/\/www.facebook.com\/Petite-Kingdom-114272640862559","article_modified_time":"2023-01-02T21:02:05+00:00","og_image":[{"width":1280,"height":1920,"url":"https:\/\/petitekingdom.com\/wp-content\/uploads\/2021\/09\/spick-and-span-bib-springtime-geese-frugi.jpg","type":"image\/jpeg"}],"twitter_card":"summary_large_image","schema":{"@context":"https:\/\/schema.org","@graph":[{"@type":"WebPage","@id":"https:\/\/petitekingdom.com\/shop\/spick-and-span-bib-springtime-geese\/","url":"https:\/\/petitekingdom.com\/shop\/spick-and-span-bib-springtime-geese\/","name":"B\u0113rnu lac\u012bte ar zos\u012bm &#8226; Petite Kingdom","isPartOf":{"@id":"https:\/\/petitekingdom.com\/#website"},"primaryImageOfPage":{"@id":"https:\/\/petitekingdom.com\/shop\/spick-and-span-bib-springtime-geese\/#primaryimage"},"image":{"@id":"https:\/\/petitekingdom.com\/shop\/spick-and-span-bib-springtime-geese\/#primaryimage"},"thumbnailUrl":"https:\/\/petitekingdom.com\/wp-content\/uploads\/2021\/09\/spick-and-span-bib-springtime-geese-frugi.jpg","datePublished":"2021-09-10T13:53:07+00:00","dateModified":"2023-01-02T21:02:05+00:00","description":"Zoss apdruk\u0101, \u0161\u012b skaist\u0101 b\u0113rnu lac\u012bte no Frugi ir izgatavota no 100% p\u0101rstr\u0101d\u0101ta poliestera ar kabatu priek\u0161pus\u0113.","breadcrumb":{"@id":"https:\/\/petitekingdom.com\/shop\/spick-and-span-bib-springtime-geese\/#breadcrumb"},"inLanguage":"lv-LV","potentialAction":[{"@type":"ReadAction","target":["https:\/\/petitekingdom.com\/shop\/spick-and-span-bib-springtime-geese\/"]}]},{"@type":"ImageObject","inLanguage":"lv-LV","@id":"https:\/\/petitekingdom.com\/shop\/spick-and-span-bib-springtime-geese\/#primaryimage","url":"https:\/\/petitekingdom.com\/wp-content\/uploads\/2021\/09\/spick-and-span-bib-springtime-geese-frugi.jpg","contentUrl":"https:\/\/petitekingdom.com\/wp-content\/uploads\/2021\/09\/spick-and-span-bib-springtime-geese-frugi.jpg","width":1280,"height":1920,"caption":"B\u0113rnu lac\u012bte ar zos\u012bm - Frugi"},{"@type":"BreadcrumbList","@id":"https:\/\/petitekingdom.com\/shop\/spick-and-span-bib-springtime-geese\/#breadcrumb","itemListElement":[{"@type":"ListItem","position":1,"name":"Home","item":"https:\/\/petitekingdom.com\/lv\/"},{"@type":"ListItem","position":2,"name":"Veikals","item":"https:\/\/petitekingdom.com\/lv\/veikals\/"},{"@type":"ListItem","position":3,"name":"B\u0113rnu lac\u012bte ar zos\u012bm"}]},{"@type":"WebSite","@id":"https:\/\/petitekingdom.com\/#website","url":"https:\/\/petitekingdom.com\/","name":"Petite Kingdom","description":"B\u0113rnu izt\u0113lei nav robe\u017eu","publisher":{"@id":"https:\/\/petitekingdom.com\/#organization"},"potentialAction":[{"@type":"SearchAction","target":{"@type":"EntryPoint","urlTemplate":"https:\/\/petitekingdom.com\/?s={search_term_string}"},"query-input":{"@type":"PropertyValueSpecification","valueRequired":true,"valueName":"search_term_string"}}],"inLanguage":"lv-LV"},{"@type":"Organization","@id":"https:\/\/petitekingdom.com\/#organization","name":"Petite Kingdom","url":"https:\/\/petitekingdom.com\/","logo":{"@type":"ImageObject","inLanguage":"lv-LV","@id":"https:\/\/petitekingdom.com\/#\/schema\/logo\/image\/","url":"https:\/\/petitekingdom.com\/wp-content\/uploads\/2021\/04\/PT_logo_blackPNG.png","contentUrl":"https:\/\/petitekingdom.com\/wp-content\/uploads\/2021\/04\/PT_logo_blackPNG.png","width":1158,"height":500,"caption":"Petite Kingdom"},"image":{"@id":"https:\/\/petitekingdom.com\/#\/schema\/logo\/image\/"},"sameAs":["https:\/\/www.facebook.com\/Petite-Kingdom-114272640862559","https:\/\/www.instagram.com\/petite_kingdom\/"]}]}},"_links":{"self":[{"href":"https:\/\/petitekingdom.com\/lv\/wp-json\/wp\/v2\/product\/13685"}],"collection":[{"href":"https:\/\/petitekingdom.com\/lv\/wp-json\/wp\/v2\/product"}],"about":[{"href":"https:\/\/petitekingdom.com\/lv\/wp-json\/wp\/v2\/types\/product"}],"wp:featuredmedia":[{"embeddable":true,"href":"https:\/\/petitekingdom.com\/lv\/wp-json\/wp\/v2\/media\/13668"}],"wp:attachment":[{"href":"https:\/\/petitekingdom.com\/lv\/wp-json\/wp\/v2\/media?parent=13685"}],"wp:term":[{"taxonomy":"product_cat","embeddable":true,"href":"https:\/\/petitekingdom.com\/lv\/wp-json\/wp\/v2\/product_cat?post=13685"},{"taxonomy":"product_tag","embeddable":true,"href":"https:\/\/petitekingdom.com\/lv\/wp-json\/wp\/v2\/product_tag?post=13685"},{"taxonomy":"product-material","embeddable":true,"href":"https:\/\/petitekingdom.com\/lv\/wp-json\/wp\/v2\/product-material?post=13685"},{"taxonomy":"product-type","embeddable":true,"href":"https:\/\/petitekingdom.com\/lv\/wp-json\/wp\/v2\/product-type?post=13685"},{"taxonomy":"designers","embeddable":true,"href":"https:\/\/petitekingdom.com\/lv\/wp-json\/wp\/v2\/designers?post=13685"}],"curies":[{"name":"wp","href":"https:\/\/api.w.org\/{rel}","templated":true}]}}