{"id":12968,"date":"2021-09-08T13:52:17","date_gmt":"2021-09-08T11:03:07","guid":{"rendered":"http:\/\/petitekingdom.com\/shop\/uncategorized\/sarkanas-organiskas-kokvilnas-bikses-meitenem\/"},"modified":"2023-01-02T23:03:20","modified_gmt":"2023-01-02T21:03:20","slug":"organiskas-kokvilnas-bikses","status":"publish","type":"product","link":"https:\/\/petitekingdom.com\/lv\/veikals\/organiskas-kokvilnas-bikses\/","title":{"rendered":"Organisk\u0101s kokvilnas bikses"},"content":{"rendered":"","protected":false},"excerpt":{"rendered":"<p>\u0160ie legingi ir lieliski piem\u0113roti pavilk\u0161anai zem kleit\u0101m un sv\u0101rkiem v\u0113s\u0101k\u0101s dien\u0101s. Organisk\u0101s kokvilnas bikses ir ar \u0113rtu elast\u012bgu jostasvietu un ra\u017eoti no m\u012bkstas organiskas kokvilnas ar elast\u0101na, lai pal\u012bdz\u0113tu saglab\u0101t savu formu un neizs\u0113stos!<\/p>\n<ul>\n<li>95% Organisk\u0101 kokvilna 5% Elast\u0101ns<\/li>\n<li>Neizs\u0113\u017eas ce\u013cgali biks\u0113m<\/li>\n<li>GOTS<\/li>\n<li>Easy to wear with dress and skirts<\/li>\n<\/ul>\n","protected":false},"featured_media":12932,"template":"","meta":{"_acf_changed":false},"product_cat":[1180,1663,1185,1241,1192,1240,1242,1605,1607,1674],"product_tag":[],"product-material":[791,792],"product-type":[921,654,652],"designers":[671],"class_list":{"0":"post-12968","1":"product","2":"type-product","3":"status-publish","4":"has-post-thumbnail","6":"product_cat-zidainu-apgerbs","7":"product_cat-jaundzimuso-drebites","8":"product_cat-bikses-zidainiem","9":"product_cat-zidainu-legingi","10":"product_cat-meitenes","11":"product_cat-bikses-meitenem","12":"product_cat-meitenu-legingi","13":"product_cat-izpardosana","14":"product_cat-outlets","15":"product_cat-sezonas-izpardosana","16":"product-material-gots-lv","17":"product-material-organiska-kokvilna","18":"product-type-auduma-bikses","19":"product-type-bikses","20":"product-type-legingi","21":"designers-frugi-lv","23":"first","24":"instock","25":"sale","26":"taxable","27":"shipping-taxable","28":"purchasable","29":"product-type-variable"},"acf":[],"yoast_head":"<!-- This site is optimized with the Yoast SEO Premium plugin v23.7 (Yoast SEO v23.7) - https:\/\/yoast.com\/wordpress\/plugins\/seo\/ -->\n<title>Organisk\u0101s kokvilnas bikses &#8226; Petite Kingdom<\/title>\n<meta name=\"description\" content=\"\u0160ie legingi ir lieliski piem\u0113roti pavilk\u0161anai zem kleit\u0101m un sv\u0101rkiem v\u0113s\u0101k\u0101s dien\u0101s. Organisk\u0101s kokvilnas bikses ir ar \u0113rtu jostasvietu.\" \/>\n<meta name=\"robots\" content=\"index, follow, max-snippet:-1, max-image-preview:large, max-video-preview:-1\" \/>\n<link rel=\"canonical\" href=\"https:\/\/petitekingdom.com\/shop\/girls-red-organic-cotton-leggings\/\" \/>\n<meta property=\"og:locale\" content=\"lv_LV\" \/>\n<meta property=\"og:type\" content=\"article\" \/>\n<meta property=\"og:title\" content=\"Organisk\u0101s kokvilnas bikses\" \/>\n<meta property=\"og:description\" content=\"\u0160ie legingi ir lieliski piem\u0113roti pavilk\u0161anai zem kleit\u0101m un sv\u0101rkiem v\u0113s\u0101k\u0101s dien\u0101s. Organisk\u0101s kokvilnas bikses ir ar \u0113rtu elast\u012bgu jostasvietu un ra\u017eoti no m\u012bkstas organiskas kokvilnas ar elast\u0101na, lai pal\u012bdz\u0113tu saglab\u0101t savu formu un neizs\u0113stos!   95% Organisk\u0101 kokvilna 5% Elast\u0101ns  Neizs\u0113\u017eas ce\u013cgali biks\u0113m  GOTS  Easy to wear with dress and skirts\" \/>\n<meta property=\"og:url\" content=\"https:\/\/petitekingdom.com\/shop\/girls-red-organic-cotton-leggings\/\" \/>\n<meta property=\"og:site_name\" content=\"Petite Kingdom\" \/>\n<meta property=\"article:publisher\" content=\"https:\/\/www.facebook.com\/Petite-Kingdom-114272640862559\" \/>\n<meta property=\"article:modified_time\" content=\"2023-01-02T21:03:20+00:00\" \/>\n<meta property=\"og:image\" content=\"https:\/\/petitekingdom.com\/wp-content\/uploads\/2021\/09\/girls-red-organic-cotton-leggings-frugi.jpg\" \/>\n\t<meta property=\"og:image:width\" content=\"1280\" \/>\n\t<meta property=\"og:image:height\" content=\"1920\" \/>\n\t<meta property=\"og:image:type\" content=\"image\/jpeg\" \/>\n<meta name=\"twitter:card\" content=\"summary_large_image\" \/>\n<script type=\"application\/ld+json\" class=\"yoast-schema-graph\">{\"@context\":\"https:\/\/schema.org\",\"@graph\":[{\"@type\":\"WebPage\",\"@id\":\"https:\/\/petitekingdom.com\/shop\/girls-red-organic-cotton-leggings\/\",\"url\":\"https:\/\/petitekingdom.com\/shop\/girls-red-organic-cotton-leggings\/\",\"name\":\"Organisk\u0101s kokvilnas bikses &#8226; Petite Kingdom\",\"isPartOf\":{\"@id\":\"https:\/\/petitekingdom.com\/#website\"},\"primaryImageOfPage\":{\"@id\":\"https:\/\/petitekingdom.com\/shop\/girls-red-organic-cotton-leggings\/#primaryimage\"},\"image\":{\"@id\":\"https:\/\/petitekingdom.com\/shop\/girls-red-organic-cotton-leggings\/#primaryimage\"},\"thumbnailUrl\":\"https:\/\/petitekingdom.com\/wp-content\/uploads\/2021\/09\/girls-red-organic-cotton-leggings-frugi.jpg\",\"datePublished\":\"2021-09-08T11:03:07+00:00\",\"dateModified\":\"2023-01-02T21:03:20+00:00\",\"description\":\"\u0160ie legingi ir lieliski piem\u0113roti pavilk\u0161anai zem kleit\u0101m un sv\u0101rkiem v\u0113s\u0101k\u0101s dien\u0101s. Organisk\u0101s kokvilnas bikses ir ar \u0113rtu jostasvietu.\",\"breadcrumb\":{\"@id\":\"https:\/\/petitekingdom.com\/shop\/girls-red-organic-cotton-leggings\/#breadcrumb\"},\"inLanguage\":\"lv-LV\",\"potentialAction\":[{\"@type\":\"ReadAction\",\"target\":[\"https:\/\/petitekingdom.com\/shop\/girls-red-organic-cotton-leggings\/\"]}]},{\"@type\":\"ImageObject\",\"inLanguage\":\"lv-LV\",\"@id\":\"https:\/\/petitekingdom.com\/shop\/girls-red-organic-cotton-leggings\/#primaryimage\",\"url\":\"https:\/\/petitekingdom.com\/wp-content\/uploads\/2021\/09\/girls-red-organic-cotton-leggings-frugi.jpg\",\"contentUrl\":\"https:\/\/petitekingdom.com\/wp-content\/uploads\/2021\/09\/girls-red-organic-cotton-leggings-frugi.jpg\",\"width\":1280,\"height\":1920,\"caption\":\"Organisk\u0101s kokvilnas bikses - Frugi\"},{\"@type\":\"BreadcrumbList\",\"@id\":\"https:\/\/petitekingdom.com\/shop\/girls-red-organic-cotton-leggings\/#breadcrumb\",\"itemListElement\":[{\"@type\":\"ListItem\",\"position\":1,\"name\":\"Home\",\"item\":\"https:\/\/petitekingdom.com\/lv\/\"},{\"@type\":\"ListItem\",\"position\":2,\"name\":\"Veikals\",\"item\":\"https:\/\/petitekingdom.com\/lv\/veikals\/\"},{\"@type\":\"ListItem\",\"position\":3,\"name\":\"Organisk\u0101s kokvilnas bikses\"}]},{\"@type\":\"WebSite\",\"@id\":\"https:\/\/petitekingdom.com\/#website\",\"url\":\"https:\/\/petitekingdom.com\/\",\"name\":\"Petite Kingdom\",\"description\":\"B\u0113rnu izt\u0113lei nav robe\u017eu\",\"publisher\":{\"@id\":\"https:\/\/petitekingdom.com\/#organization\"},\"potentialAction\":[{\"@type\":\"SearchAction\",\"target\":{\"@type\":\"EntryPoint\",\"urlTemplate\":\"https:\/\/petitekingdom.com\/?s={search_term_string}\"},\"query-input\":{\"@type\":\"PropertyValueSpecification\",\"valueRequired\":true,\"valueName\":\"search_term_string\"}}],\"inLanguage\":\"lv-LV\"},{\"@type\":\"Organization\",\"@id\":\"https:\/\/petitekingdom.com\/#organization\",\"name\":\"Petite Kingdom\",\"url\":\"https:\/\/petitekingdom.com\/\",\"logo\":{\"@type\":\"ImageObject\",\"inLanguage\":\"lv-LV\",\"@id\":\"https:\/\/petitekingdom.com\/#\/schema\/logo\/image\/\",\"url\":\"https:\/\/petitekingdom.com\/wp-content\/uploads\/2021\/04\/PT_logo_blackPNG.png\",\"contentUrl\":\"https:\/\/petitekingdom.com\/wp-content\/uploads\/2021\/04\/PT_logo_blackPNG.png\",\"width\":1158,\"height\":500,\"caption\":\"Petite Kingdom\"},\"image\":{\"@id\":\"https:\/\/petitekingdom.com\/#\/schema\/logo\/image\/\"},\"sameAs\":[\"https:\/\/www.facebook.com\/Petite-Kingdom-114272640862559\",\"https:\/\/www.instagram.com\/petite_kingdom\/\"]}]}<\/script>\n<!-- \/ Yoast SEO Premium plugin. -->","yoast_head_json":{"title":"Organisk\u0101s kokvilnas bikses &#8226; Petite Kingdom","description":"\u0160ie legingi ir lieliski piem\u0113roti pavilk\u0161anai zem kleit\u0101m un sv\u0101rkiem v\u0113s\u0101k\u0101s dien\u0101s. Organisk\u0101s kokvilnas bikses ir ar \u0113rtu jostasvietu.","robots":{"index":"index","follow":"follow","max-snippet":"max-snippet:-1","max-image-preview":"max-image-preview:large","max-video-preview":"max-video-preview:-1"},"canonical":"https:\/\/petitekingdom.com\/shop\/girls-red-organic-cotton-leggings\/","og_locale":"lv_LV","og_type":"article","og_title":"Organisk\u0101s kokvilnas bikses","og_description":"\u0160ie legingi ir lieliski piem\u0113roti pavilk\u0161anai zem kleit\u0101m un sv\u0101rkiem v\u0113s\u0101k\u0101s dien\u0101s. Organisk\u0101s kokvilnas bikses ir ar \u0113rtu elast\u012bgu jostasvietu un ra\u017eoti no m\u012bkstas organiskas kokvilnas ar elast\u0101na, lai pal\u012bdz\u0113tu saglab\u0101t savu formu un neizs\u0113stos!   95% Organisk\u0101 kokvilna 5% Elast\u0101ns  Neizs\u0113\u017eas ce\u013cgali biks\u0113m  GOTS  Easy to wear with dress and skirts","og_url":"https:\/\/petitekingdom.com\/shop\/girls-red-organic-cotton-leggings\/","og_site_name":"Petite Kingdom","article_publisher":"https:\/\/www.facebook.com\/Petite-Kingdom-114272640862559","article_modified_time":"2023-01-02T21:03:20+00:00","og_image":[{"width":1280,"height":1920,"url":"https:\/\/petitekingdom.com\/wp-content\/uploads\/2021\/09\/girls-red-organic-cotton-leggings-frugi.jpg","type":"image\/jpeg"}],"twitter_card":"summary_large_image","schema":{"@context":"https:\/\/schema.org","@graph":[{"@type":"WebPage","@id":"https:\/\/petitekingdom.com\/shop\/girls-red-organic-cotton-leggings\/","url":"https:\/\/petitekingdom.com\/shop\/girls-red-organic-cotton-leggings\/","name":"Organisk\u0101s kokvilnas bikses &#8226; Petite Kingdom","isPartOf":{"@id":"https:\/\/petitekingdom.com\/#website"},"primaryImageOfPage":{"@id":"https:\/\/petitekingdom.com\/shop\/girls-red-organic-cotton-leggings\/#primaryimage"},"image":{"@id":"https:\/\/petitekingdom.com\/shop\/girls-red-organic-cotton-leggings\/#primaryimage"},"thumbnailUrl":"https:\/\/petitekingdom.com\/wp-content\/uploads\/2021\/09\/girls-red-organic-cotton-leggings-frugi.jpg","datePublished":"2021-09-08T11:03:07+00:00","dateModified":"2023-01-02T21:03:20+00:00","description":"\u0160ie legingi ir lieliski piem\u0113roti pavilk\u0161anai zem kleit\u0101m un sv\u0101rkiem v\u0113s\u0101k\u0101s dien\u0101s. Organisk\u0101s kokvilnas bikses ir ar \u0113rtu jostasvietu.","breadcrumb":{"@id":"https:\/\/petitekingdom.com\/shop\/girls-red-organic-cotton-leggings\/#breadcrumb"},"inLanguage":"lv-LV","potentialAction":[{"@type":"ReadAction","target":["https:\/\/petitekingdom.com\/shop\/girls-red-organic-cotton-leggings\/"]}]},{"@type":"ImageObject","inLanguage":"lv-LV","@id":"https:\/\/petitekingdom.com\/shop\/girls-red-organic-cotton-leggings\/#primaryimage","url":"https:\/\/petitekingdom.com\/wp-content\/uploads\/2021\/09\/girls-red-organic-cotton-leggings-frugi.jpg","contentUrl":"https:\/\/petitekingdom.com\/wp-content\/uploads\/2021\/09\/girls-red-organic-cotton-leggings-frugi.jpg","width":1280,"height":1920,"caption":"Organisk\u0101s kokvilnas bikses - Frugi"},{"@type":"BreadcrumbList","@id":"https:\/\/petitekingdom.com\/shop\/girls-red-organic-cotton-leggings\/#breadcrumb","itemListElement":[{"@type":"ListItem","position":1,"name":"Home","item":"https:\/\/petitekingdom.com\/lv\/"},{"@type":"ListItem","position":2,"name":"Veikals","item":"https:\/\/petitekingdom.com\/lv\/veikals\/"},{"@type":"ListItem","position":3,"name":"Organisk\u0101s kokvilnas bikses"}]},{"@type":"WebSite","@id":"https:\/\/petitekingdom.com\/#website","url":"https:\/\/petitekingdom.com\/","name":"Petite Kingdom","description":"B\u0113rnu izt\u0113lei nav robe\u017eu","publisher":{"@id":"https:\/\/petitekingdom.com\/#organization"},"potentialAction":[{"@type":"SearchAction","target":{"@type":"EntryPoint","urlTemplate":"https:\/\/petitekingdom.com\/?s={search_term_string}"},"query-input":{"@type":"PropertyValueSpecification","valueRequired":true,"valueName":"search_term_string"}}],"inLanguage":"lv-LV"},{"@type":"Organization","@id":"https:\/\/petitekingdom.com\/#organization","name":"Petite Kingdom","url":"https:\/\/petitekingdom.com\/","logo":{"@type":"ImageObject","inLanguage":"lv-LV","@id":"https:\/\/petitekingdom.com\/#\/schema\/logo\/image\/","url":"https:\/\/petitekingdom.com\/wp-content\/uploads\/2021\/04\/PT_logo_blackPNG.png","contentUrl":"https:\/\/petitekingdom.com\/wp-content\/uploads\/2021\/04\/PT_logo_blackPNG.png","width":1158,"height":500,"caption":"Petite Kingdom"},"image":{"@id":"https:\/\/petitekingdom.com\/#\/schema\/logo\/image\/"},"sameAs":["https:\/\/www.facebook.com\/Petite-Kingdom-114272640862559","https:\/\/www.instagram.com\/petite_kingdom\/"]}]}},"_links":{"self":[{"href":"https:\/\/petitekingdom.com\/lv\/wp-json\/wp\/v2\/product\/12968"}],"collection":[{"href":"https:\/\/petitekingdom.com\/lv\/wp-json\/wp\/v2\/product"}],"about":[{"href":"https:\/\/petitekingdom.com\/lv\/wp-json\/wp\/v2\/types\/product"}],"wp:featuredmedia":[{"embeddable":true,"href":"https:\/\/petitekingdom.com\/lv\/wp-json\/wp\/v2\/media\/12932"}],"wp:attachment":[{"href":"https:\/\/petitekingdom.com\/lv\/wp-json\/wp\/v2\/media?parent=12968"}],"wp:term":[{"taxonomy":"product_cat","embeddable":true,"href":"https:\/\/petitekingdom.com\/lv\/wp-json\/wp\/v2\/product_cat?post=12968"},{"taxonomy":"product_tag","embeddable":true,"href":"https:\/\/petitekingdom.com\/lv\/wp-json\/wp\/v2\/product_tag?post=12968"},{"taxonomy":"product-material","embeddable":true,"href":"https:\/\/petitekingdom.com\/lv\/wp-json\/wp\/v2\/product-material?post=12968"},{"taxonomy":"product-type","embeddable":true,"href":"https:\/\/petitekingdom.com\/lv\/wp-json\/wp\/v2\/product-type?post=12968"},{"taxonomy":"designers","embeddable":true,"href":"https:\/\/petitekingdom.com\/lv\/wp-json\/wp\/v2\/designers?post=12968"}],"curies":[{"name":"wp","href":"https:\/\/api.w.org\/{rel}","templated":true}]}}