{"id":12709,"date":"2021-09-07T22:12:32","date_gmt":"2021-09-07T19:16:34","guid":{"rendered":"http:\/\/petitekingdom.com\/shop\/uncategorized\/miksts-organiskas-kokvilnas-bodijs-berniem-2-gb\/"},"modified":"2023-02-17T23:46:22","modified_gmt":"2023-02-17T21:46:22","slug":"miksts-organiskas-kokvilnas-bodijs-berniem-2-gb","status":"publish","type":"product","link":"https:\/\/petitekingdom.com\/lv\/veikals\/miksts-organiskas-kokvilnas-bodijs-berniem-2-gb\/","title":{"rendered":"M\u012bksts organisk\u0101s kokvilnas bodijs b\u0113rniem ( 2 gb)"},"content":{"rendered":"","protected":false},"excerpt":{"rendered":"<p>Komplekt\u0101 ietilpst divi Frugi bodiji ar ad\u012bjuma rakstu- ar \u012bs\u0101m rok\u0101m un otrs ar gar\u0101m rok\u0101m. Ra\u017eoti no m\u012bkstas organisk\u0101s kokvilnas, padarot tos maigus mazu\u013cu \u0101di\u0146ai. Pie kakla ir knied\u012btes, kas ir paroc\u012bgas mazu\u013cu sa\u0123\u0113rb\u0161anai.<\/p>\n<ul>\n<li>100% Organisk\u0101 kokvilna<\/li>\n<li>Knied\u012btes priek\u0161\u0101 kakla da\u013cai un apak\u0161\u0101 starp k\u0101j\u0101m<\/li>\n<li>Eko- draudz\u012bgs audums<\/li>\n<li>Mazg\u0101t ve\u013casma\u0161\u012bn\u0101 30*C (saudz\u012bgais re\u017e\u012bms)<\/li>\n<\/ul>\n","protected":false},"featured_media":12686,"template":"","meta":{"_acf_changed":false},"product_cat":[1180,1663,1207,1181,1182,1605,1607,1674],"product_tag":[],"product-material":[791,792],"product-type":[850,851,667],"designers":[671],"class_list":{"0":"post-12709","1":"product","2":"type-product","3":"status-publish","4":"has-post-thumbnail","6":"product_cat-zidainu-apgerbs","7":"product_cat-jaundzimuso-drebites","8":"product_cat-zidainu-komplekti","9":"product_cat-rapulisi-bodiji","10":"product_cat-zidainu-bodiji","11":"product_cat-izpardosana","12":"product_cat-outlets","13":"product_cat-sezonas-izpardosana","14":"product-material-gots-lv","15":"product-material-organiska-kokvilna","16":"product-type-babysuits-lv","17":"product-type-bodysuits-lv","18":"product-type-topi-un-t-krekli","19":"designers-frugi-lv","21":"first","22":"instock","23":"sale","24":"taxable","25":"shipping-taxable","26":"purchasable","27":"product-type-variable"},"acf":[],"yoast_head":"<!-- This site is optimized with the Yoast SEO Premium plugin v23.7 (Yoast SEO v23.7) - https:\/\/yoast.com\/wordpress\/plugins\/seo\/ -->\n<title>M\u012bksts organisk\u0101s kokvilnas bodijs b\u0113rniem ( 2 gb) &#8226; Petite Kingdom<\/title>\n<meta name=\"description\" content=\"Komplekt\u0101 ietilpst divi Frugi bodiji ar ad\u012bjuma rakstu- ar \u012bs\u0101m rok\u0101m un otrs ar gar\u0101m rok\u0101m. Ra\u017eoti no m\u012bkstas organisk\u0101s kokvilnas.\" \/>\n<meta name=\"robots\" content=\"index, follow, max-snippet:-1, max-image-preview:large, max-video-preview:-1\" \/>\n<link rel=\"canonical\" href=\"https:\/\/petitekingdom.com\/shop\/2-pack-pointelle-bodies\/\" \/>\n<meta property=\"og:locale\" content=\"lv_LV\" \/>\n<meta property=\"og:type\" content=\"article\" \/>\n<meta property=\"og:title\" content=\"M\u012bksts organisk\u0101s kokvilnas bodijs b\u0113rniem ( 2 gb)\" \/>\n<meta property=\"og:description\" content=\"Komplekt\u0101 ietilpst divi Frugi bodiji ar ad\u012bjuma rakstu- ar \u012bs\u0101m rok\u0101m un otrs ar gar\u0101m rok\u0101m. Ra\u017eoti no m\u012bkstas organisk\u0101s kokvilnas, padarot tos maigus mazu\u013cu \u0101di\u0146ai. Pie kakla ir knied\u012btes, kas ir paroc\u012bgas mazu\u013cu sa\u0123\u0113rb\u0161anai.   100% Organisk\u0101 kokvilna  Knied\u012btes priek\u0161\u0101 kakla da\u013cai un apak\u0161\u0101 starp k\u0101j\u0101m  Eko- draudz\u012bgs audums  Mazg\u0101t ve\u013casma\u0161\u012bn\u0101 30*C (saudz\u012bgais re\u017e\u012bms)\" \/>\n<meta property=\"og:url\" content=\"https:\/\/petitekingdom.com\/shop\/2-pack-pointelle-bodies\/\" \/>\n<meta property=\"og:site_name\" content=\"Petite Kingdom\" \/>\n<meta property=\"article:publisher\" content=\"https:\/\/www.facebook.com\/Petite-Kingdom-114272640862559\" \/>\n<meta property=\"article:modified_time\" content=\"2023-02-17T21:46:22+00:00\" \/>\n<meta property=\"og:image\" content=\"https:\/\/petitekingdom.com\/wp-content\/uploads\/2021\/09\/2-pack-pointelle-bodies-frugi.jpg\" \/>\n\t<meta property=\"og:image:width\" content=\"1280\" \/>\n\t<meta property=\"og:image:height\" content=\"1920\" \/>\n\t<meta property=\"og:image:type\" content=\"image\/jpeg\" \/>\n<meta name=\"twitter:card\" content=\"summary_large_image\" \/>\n<script type=\"application\/ld+json\" class=\"yoast-schema-graph\">{\"@context\":\"https:\/\/schema.org\",\"@graph\":[{\"@type\":\"WebPage\",\"@id\":\"https:\/\/petitekingdom.com\/shop\/2-pack-pointelle-bodies\/\",\"url\":\"https:\/\/petitekingdom.com\/shop\/2-pack-pointelle-bodies\/\",\"name\":\"M\u012bksts organisk\u0101s kokvilnas bodijs b\u0113rniem ( 2 gb) &#8226; Petite Kingdom\",\"isPartOf\":{\"@id\":\"https:\/\/petitekingdom.com\/#website\"},\"primaryImageOfPage\":{\"@id\":\"https:\/\/petitekingdom.com\/shop\/2-pack-pointelle-bodies\/#primaryimage\"},\"image\":{\"@id\":\"https:\/\/petitekingdom.com\/shop\/2-pack-pointelle-bodies\/#primaryimage\"},\"thumbnailUrl\":\"https:\/\/petitekingdom.com\/wp-content\/uploads\/2021\/09\/2-pack-pointelle-bodies-frugi.jpg\",\"datePublished\":\"2021-09-07T19:16:34+00:00\",\"dateModified\":\"2023-02-17T21:46:22+00:00\",\"description\":\"Komplekt\u0101 ietilpst divi Frugi bodiji ar ad\u012bjuma rakstu- ar \u012bs\u0101m rok\u0101m un otrs ar gar\u0101m rok\u0101m. Ra\u017eoti no m\u012bkstas organisk\u0101s kokvilnas.\",\"breadcrumb\":{\"@id\":\"https:\/\/petitekingdom.com\/shop\/2-pack-pointelle-bodies\/#breadcrumb\"},\"inLanguage\":\"lv-LV\",\"potentialAction\":[{\"@type\":\"ReadAction\",\"target\":[\"https:\/\/petitekingdom.com\/shop\/2-pack-pointelle-bodies\/\"]}]},{\"@type\":\"ImageObject\",\"inLanguage\":\"lv-LV\",\"@id\":\"https:\/\/petitekingdom.com\/shop\/2-pack-pointelle-bodies\/#primaryimage\",\"url\":\"https:\/\/petitekingdom.com\/wp-content\/uploads\/2021\/09\/2-pack-pointelle-bodies-frugi.jpg\",\"contentUrl\":\"https:\/\/petitekingdom.com\/wp-content\/uploads\/2021\/09\/2-pack-pointelle-bodies-frugi.jpg\",\"width\":1280,\"height\":1920,\"caption\":\"M\u012bksts organisk\u0101s kokvilnas bodijs b\u0113rniem ( 2 gb) - Frugi\"},{\"@type\":\"BreadcrumbList\",\"@id\":\"https:\/\/petitekingdom.com\/shop\/2-pack-pointelle-bodies\/#breadcrumb\",\"itemListElement\":[{\"@type\":\"ListItem\",\"position\":1,\"name\":\"Home\",\"item\":\"https:\/\/petitekingdom.com\/lv\/\"},{\"@type\":\"ListItem\",\"position\":2,\"name\":\"Veikals\",\"item\":\"https:\/\/petitekingdom.com\/lv\/veikals\/\"},{\"@type\":\"ListItem\",\"position\":3,\"name\":\"M\u012bksts organisk\u0101s kokvilnas bodijs b\u0113rniem ( 2 gb)\"}]},{\"@type\":\"WebSite\",\"@id\":\"https:\/\/petitekingdom.com\/#website\",\"url\":\"https:\/\/petitekingdom.com\/\",\"name\":\"Petite Kingdom\",\"description\":\"B\u0113rnu izt\u0113lei nav robe\u017eu\",\"publisher\":{\"@id\":\"https:\/\/petitekingdom.com\/#organization\"},\"potentialAction\":[{\"@type\":\"SearchAction\",\"target\":{\"@type\":\"EntryPoint\",\"urlTemplate\":\"https:\/\/petitekingdom.com\/?s={search_term_string}\"},\"query-input\":{\"@type\":\"PropertyValueSpecification\",\"valueRequired\":true,\"valueName\":\"search_term_string\"}}],\"inLanguage\":\"lv-LV\"},{\"@type\":\"Organization\",\"@id\":\"https:\/\/petitekingdom.com\/#organization\",\"name\":\"Petite Kingdom\",\"url\":\"https:\/\/petitekingdom.com\/\",\"logo\":{\"@type\":\"ImageObject\",\"inLanguage\":\"lv-LV\",\"@id\":\"https:\/\/petitekingdom.com\/#\/schema\/logo\/image\/\",\"url\":\"https:\/\/petitekingdom.com\/wp-content\/uploads\/2021\/04\/PT_logo_blackPNG.png\",\"contentUrl\":\"https:\/\/petitekingdom.com\/wp-content\/uploads\/2021\/04\/PT_logo_blackPNG.png\",\"width\":1158,\"height\":500,\"caption\":\"Petite Kingdom\"},\"image\":{\"@id\":\"https:\/\/petitekingdom.com\/#\/schema\/logo\/image\/\"},\"sameAs\":[\"https:\/\/www.facebook.com\/Petite-Kingdom-114272640862559\",\"https:\/\/www.instagram.com\/petite_kingdom\/\"]}]}<\/script>\n<!-- \/ Yoast SEO Premium plugin. -->","yoast_head_json":{"title":"M\u012bksts organisk\u0101s kokvilnas bodijs b\u0113rniem ( 2 gb) &#8226; Petite Kingdom","description":"Komplekt\u0101 ietilpst divi Frugi bodiji ar ad\u012bjuma rakstu- ar \u012bs\u0101m rok\u0101m un otrs ar gar\u0101m rok\u0101m. Ra\u017eoti no m\u012bkstas organisk\u0101s kokvilnas.","robots":{"index":"index","follow":"follow","max-snippet":"max-snippet:-1","max-image-preview":"max-image-preview:large","max-video-preview":"max-video-preview:-1"},"canonical":"https:\/\/petitekingdom.com\/shop\/2-pack-pointelle-bodies\/","og_locale":"lv_LV","og_type":"article","og_title":"M\u012bksts organisk\u0101s kokvilnas bodijs b\u0113rniem ( 2 gb)","og_description":"Komplekt\u0101 ietilpst divi Frugi bodiji ar ad\u012bjuma rakstu- ar \u012bs\u0101m rok\u0101m un otrs ar gar\u0101m rok\u0101m. Ra\u017eoti no m\u012bkstas organisk\u0101s kokvilnas, padarot tos maigus mazu\u013cu \u0101di\u0146ai. Pie kakla ir knied\u012btes, kas ir paroc\u012bgas mazu\u013cu sa\u0123\u0113rb\u0161anai.   100% Organisk\u0101 kokvilna  Knied\u012btes priek\u0161\u0101 kakla da\u013cai un apak\u0161\u0101 starp k\u0101j\u0101m  Eko- draudz\u012bgs audums  Mazg\u0101t ve\u013casma\u0161\u012bn\u0101 30*C (saudz\u012bgais re\u017e\u012bms)","og_url":"https:\/\/petitekingdom.com\/shop\/2-pack-pointelle-bodies\/","og_site_name":"Petite Kingdom","article_publisher":"https:\/\/www.facebook.com\/Petite-Kingdom-114272640862559","article_modified_time":"2023-02-17T21:46:22+00:00","og_image":[{"width":1280,"height":1920,"url":"https:\/\/petitekingdom.com\/wp-content\/uploads\/2021\/09\/2-pack-pointelle-bodies-frugi.jpg","type":"image\/jpeg"}],"twitter_card":"summary_large_image","schema":{"@context":"https:\/\/schema.org","@graph":[{"@type":"WebPage","@id":"https:\/\/petitekingdom.com\/shop\/2-pack-pointelle-bodies\/","url":"https:\/\/petitekingdom.com\/shop\/2-pack-pointelle-bodies\/","name":"M\u012bksts organisk\u0101s kokvilnas bodijs b\u0113rniem ( 2 gb) &#8226; Petite Kingdom","isPartOf":{"@id":"https:\/\/petitekingdom.com\/#website"},"primaryImageOfPage":{"@id":"https:\/\/petitekingdom.com\/shop\/2-pack-pointelle-bodies\/#primaryimage"},"image":{"@id":"https:\/\/petitekingdom.com\/shop\/2-pack-pointelle-bodies\/#primaryimage"},"thumbnailUrl":"https:\/\/petitekingdom.com\/wp-content\/uploads\/2021\/09\/2-pack-pointelle-bodies-frugi.jpg","datePublished":"2021-09-07T19:16:34+00:00","dateModified":"2023-02-17T21:46:22+00:00","description":"Komplekt\u0101 ietilpst divi Frugi bodiji ar ad\u012bjuma rakstu- ar \u012bs\u0101m rok\u0101m un otrs ar gar\u0101m rok\u0101m. Ra\u017eoti no m\u012bkstas organisk\u0101s kokvilnas.","breadcrumb":{"@id":"https:\/\/petitekingdom.com\/shop\/2-pack-pointelle-bodies\/#breadcrumb"},"inLanguage":"lv-LV","potentialAction":[{"@type":"ReadAction","target":["https:\/\/petitekingdom.com\/shop\/2-pack-pointelle-bodies\/"]}]},{"@type":"ImageObject","inLanguage":"lv-LV","@id":"https:\/\/petitekingdom.com\/shop\/2-pack-pointelle-bodies\/#primaryimage","url":"https:\/\/petitekingdom.com\/wp-content\/uploads\/2021\/09\/2-pack-pointelle-bodies-frugi.jpg","contentUrl":"https:\/\/petitekingdom.com\/wp-content\/uploads\/2021\/09\/2-pack-pointelle-bodies-frugi.jpg","width":1280,"height":1920,"caption":"M\u012bksts organisk\u0101s kokvilnas bodijs b\u0113rniem ( 2 gb) - Frugi"},{"@type":"BreadcrumbList","@id":"https:\/\/petitekingdom.com\/shop\/2-pack-pointelle-bodies\/#breadcrumb","itemListElement":[{"@type":"ListItem","position":1,"name":"Home","item":"https:\/\/petitekingdom.com\/lv\/"},{"@type":"ListItem","position":2,"name":"Veikals","item":"https:\/\/petitekingdom.com\/lv\/veikals\/"},{"@type":"ListItem","position":3,"name":"M\u012bksts organisk\u0101s kokvilnas bodijs b\u0113rniem ( 2 gb)"}]},{"@type":"WebSite","@id":"https:\/\/petitekingdom.com\/#website","url":"https:\/\/petitekingdom.com\/","name":"Petite Kingdom","description":"B\u0113rnu izt\u0113lei nav robe\u017eu","publisher":{"@id":"https:\/\/petitekingdom.com\/#organization"},"potentialAction":[{"@type":"SearchAction","target":{"@type":"EntryPoint","urlTemplate":"https:\/\/petitekingdom.com\/?s={search_term_string}"},"query-input":{"@type":"PropertyValueSpecification","valueRequired":true,"valueName":"search_term_string"}}],"inLanguage":"lv-LV"},{"@type":"Organization","@id":"https:\/\/petitekingdom.com\/#organization","name":"Petite Kingdom","url":"https:\/\/petitekingdom.com\/","logo":{"@type":"ImageObject","inLanguage":"lv-LV","@id":"https:\/\/petitekingdom.com\/#\/schema\/logo\/image\/","url":"https:\/\/petitekingdom.com\/wp-content\/uploads\/2021\/04\/PT_logo_blackPNG.png","contentUrl":"https:\/\/petitekingdom.com\/wp-content\/uploads\/2021\/04\/PT_logo_blackPNG.png","width":1158,"height":500,"caption":"Petite Kingdom"},"image":{"@id":"https:\/\/petitekingdom.com\/#\/schema\/logo\/image\/"},"sameAs":["https:\/\/www.facebook.com\/Petite-Kingdom-114272640862559","https:\/\/www.instagram.com\/petite_kingdom\/"]}]}},"_links":{"self":[{"href":"https:\/\/petitekingdom.com\/lv\/wp-json\/wp\/v2\/product\/12709"}],"collection":[{"href":"https:\/\/petitekingdom.com\/lv\/wp-json\/wp\/v2\/product"}],"about":[{"href":"https:\/\/petitekingdom.com\/lv\/wp-json\/wp\/v2\/types\/product"}],"wp:featuredmedia":[{"embeddable":true,"href":"https:\/\/petitekingdom.com\/lv\/wp-json\/wp\/v2\/media\/12686"}],"wp:attachment":[{"href":"https:\/\/petitekingdom.com\/lv\/wp-json\/wp\/v2\/media?parent=12709"}],"wp:term":[{"taxonomy":"product_cat","embeddable":true,"href":"https:\/\/petitekingdom.com\/lv\/wp-json\/wp\/v2\/product_cat?post=12709"},{"taxonomy":"product_tag","embeddable":true,"href":"https:\/\/petitekingdom.com\/lv\/wp-json\/wp\/v2\/product_tag?post=12709"},{"taxonomy":"product-material","embeddable":true,"href":"https:\/\/petitekingdom.com\/lv\/wp-json\/wp\/v2\/product-material?post=12709"},{"taxonomy":"product-type","embeddable":true,"href":"https:\/\/petitekingdom.com\/lv\/wp-json\/wp\/v2\/product-type?post=12709"},{"taxonomy":"designers","embeddable":true,"href":"https:\/\/petitekingdom.com\/lv\/wp-json\/wp\/v2\/designers?post=12709"}],"curies":[{"name":"wp","href":"https:\/\/api.w.org\/{rel}","templated":true}]}}