{"id":11106,"date":"2021-09-06T20:46:03","date_gmt":"2021-09-06T17:51:17","guid":{"rendered":"http:\/\/petitekingdom.com\/shop\/uncategorized\/grutniecu-rudens-lietus-jaka\/"},"modified":"2023-01-02T23:04:07","modified_gmt":"2023-01-02T21:04:07","slug":"toposo-maminu-vejjaka-lietus-jaka","status":"publish","type":"product","link":"https:\/\/petitekingdom.com\/lv\/veikals\/toposo-maminu-vejjaka-lietus-jaka\/","title":{"rendered":"Topo\u0161o m\u0101mi\u0146u v\u0113jjaka\/ lietus jaka"},"content":{"rendered":"<p>Papildus ar r\u0101v\u0113jsl\u0113dz\u0113ju audums, ko var no\u0146emt p\u0113c gr\u016btniec\u012bbas un n\u0113s\u0101t jaku ikdien\u0101, kad mazul\u012btis jau piedzimis!<\/p>\n","protected":false},"excerpt":{"rendered":"<p>Gr\u016btnie\u010du\u00a0 lietus jaka no Frugi&#8217;s Bloom s\u0113rijas ar varav\u012bksnes putniem ir izgatavots no 100% p\u0101rstr\u0101d\u0101ta poliestera ar m\u012bkstu oder\u012bti. Jakai ir savilk\u0161anas auklas jostasviet\u0101, lai t\u0101 lieliski piek\u013cautos nepiecie\u0161amajam apk\u0101rtm\u0113ram. \u0160ai jakai ir divas kabatas, r\u0101v\u0113jsl\u0113dz\u0113ja aizdare priek\u0161pus\u0113 un papildus ar r\u0101v\u0113jsl\u0113dz\u0113ju audums, ko var no\u0146emt p\u0113c gr\u016btniec\u012bbas un n\u0113s\u0101t jaku ikdien\u0101, kad mazul\u012btis jau piedzimis!<\/p>\n<ul>\n<li>100% P\u0101rstr\u0101d\u0101ts poliesters<\/li>\n<li>Mazg\u0101t ve\u013casma\u0161\u012bn\u0101 30*C (saudz\u012bgais re\u017e\u012bms)<\/li>\n<li>\u016adensiztur\u012bgs<\/li>\n<li>Papildin\u0101juma audums gr\u016btniec\u012bbas laik\u0101<\/li>\n<\/ul>\n<p>&nbsp;<\/p>\n","protected":false},"featured_media":11084,"template":"","meta":{"_acf_changed":false},"product_cat":[1243,1605,1674],"product_tag":[],"product-material":[859],"product-type":[961],"designers":[671],"class_list":{"0":"post-11106","1":"product","2":"type-product","3":"status-publish","4":"has-post-thumbnail","6":"product_cat-mammai","7":"product_cat-izpardosana","8":"product_cat-sezonas-izpardosana","9":"product-material-parstradats-poliesters","10":"product-type-gaidibu-apgerbs","11":"designers-frugi-lv","13":"first","14":"instock","15":"sale","16":"taxable","17":"shipping-taxable","18":"purchasable","19":"product-type-variable"},"acf":[],"yoast_head":"<!-- This site is optimized with the Yoast SEO Premium plugin v23.7 (Yoast SEO v23.7) - https:\/\/yoast.com\/wordpress\/plugins\/seo\/ -->\n<title>Topo\u0161o m\u0101mi\u0146u v\u0113jjaka\/ lietus jaka &#8226; Petite Kingdom<\/title>\n<meta name=\"description\" content=\"Gr\u016btnie\u010du lietus jaka no Frugi&#039;s Bloom s\u0113rijas ar varav\u012bksnes putniem ir izgatavots no 100% p\u0101rstr\u0101d\u0101ta poliestera ar m\u012bkstu oder\u012bti.\" \/>\n<meta name=\"robots\" content=\"index, follow, max-snippet:-1, max-image-preview:large, max-video-preview:-1\" \/>\n<link rel=\"canonical\" href=\"https:\/\/petitekingdom.com\/shop\/maternity-rain-coat\/\" \/>\n<meta property=\"og:locale\" content=\"lv_LV\" \/>\n<meta property=\"og:type\" content=\"article\" \/>\n<meta property=\"og:title\" content=\"Topo\u0161o m\u0101mi\u0146u v\u0113jjaka\/ lietus jaka\" \/>\n<meta property=\"og:description\" content=\"Gr\u016btnie\u010du\u00a0 lietus jaka no Frugi&#039;s Bloom s\u0113rijas ar varav\u012bksnes putniem ir izgatavots no 100% p\u0101rstr\u0101d\u0101ta poliestera ar m\u012bkstu oder\u012bti. Jakai ir savilk\u0161anas auklas jostasviet\u0101, lai t\u0101 lieliski piek\u013cautos nepiecie\u0161amajam apk\u0101rtm\u0113ram. \u0160ai jakai ir divas kabatas, r\u0101v\u0113jsl\u0113dz\u0113ja aizdare priek\u0161pus\u0113 un papildus ar r\u0101v\u0113jsl\u0113dz\u0113ju audums, ko var no\u0146emt p\u0113c gr\u016btniec\u012bbas un n\u0113s\u0101t jaku ikdien\u0101, kad mazul\u012btis jau piedzimis!   100% P\u0101rstr\u0101d\u0101ts poliesters  Mazg\u0101t ve\u013casma\u0161\u012bn\u0101 30*C (saudz\u012bgais re\u017e\u012bms)  \u016adensiztur\u012bgs  Papildin\u0101juma audums gr\u016btniec\u012bbas laik\u0101  &nbsp;\" \/>\n<meta property=\"og:url\" content=\"https:\/\/petitekingdom.com\/shop\/maternity-rain-coat\/\" \/>\n<meta property=\"og:site_name\" content=\"Petite Kingdom\" \/>\n<meta property=\"article:publisher\" content=\"https:\/\/www.facebook.com\/Petite-Kingdom-114272640862559\" \/>\n<meta property=\"article:modified_time\" content=\"2023-01-02T21:04:07+00:00\" \/>\n<meta property=\"og:image\" content=\"https:\/\/petitekingdom.com\/wp-content\/uploads\/2021\/09\/maternity-rain-coat-frugi.jpg\" \/>\n\t<meta property=\"og:image:width\" content=\"1280\" \/>\n\t<meta property=\"og:image:height\" content=\"1920\" \/>\n\t<meta property=\"og:image:type\" content=\"image\/jpeg\" \/>\n<meta name=\"twitter:card\" content=\"summary_large_image\" \/>\n<meta name=\"twitter:label1\" content=\"Est. reading time\" \/>\n\t<meta name=\"twitter:data1\" content=\"1 minute\" \/>\n<script type=\"application\/ld+json\" class=\"yoast-schema-graph\">{\"@context\":\"https:\/\/schema.org\",\"@graph\":[{\"@type\":\"WebPage\",\"@id\":\"https:\/\/petitekingdom.com\/shop\/maternity-rain-coat\/\",\"url\":\"https:\/\/petitekingdom.com\/shop\/maternity-rain-coat\/\",\"name\":\"Topo\u0161o m\u0101mi\u0146u v\u0113jjaka\/ lietus jaka &#8226; Petite Kingdom\",\"isPartOf\":{\"@id\":\"https:\/\/petitekingdom.com\/#website\"},\"primaryImageOfPage\":{\"@id\":\"https:\/\/petitekingdom.com\/shop\/maternity-rain-coat\/#primaryimage\"},\"image\":{\"@id\":\"https:\/\/petitekingdom.com\/shop\/maternity-rain-coat\/#primaryimage\"},\"thumbnailUrl\":\"https:\/\/petitekingdom.com\/wp-content\/uploads\/2021\/09\/maternity-rain-coat-frugi.jpg\",\"datePublished\":\"2021-09-06T17:51:17+00:00\",\"dateModified\":\"2023-01-02T21:04:07+00:00\",\"description\":\"Gr\u016btnie\u010du lietus jaka no Frugi's Bloom s\u0113rijas ar varav\u012bksnes putniem ir izgatavots no 100% p\u0101rstr\u0101d\u0101ta poliestera ar m\u012bkstu oder\u012bti.\",\"breadcrumb\":{\"@id\":\"https:\/\/petitekingdom.com\/shop\/maternity-rain-coat\/#breadcrumb\"},\"inLanguage\":\"lv-LV\",\"potentialAction\":[{\"@type\":\"ReadAction\",\"target\":[\"https:\/\/petitekingdom.com\/shop\/maternity-rain-coat\/\"]}]},{\"@type\":\"ImageObject\",\"inLanguage\":\"lv-LV\",\"@id\":\"https:\/\/petitekingdom.com\/shop\/maternity-rain-coat\/#primaryimage\",\"url\":\"https:\/\/petitekingdom.com\/wp-content\/uploads\/2021\/09\/maternity-rain-coat-frugi.jpg\",\"contentUrl\":\"https:\/\/petitekingdom.com\/wp-content\/uploads\/2021\/09\/maternity-rain-coat-frugi.jpg\",\"width\":1280,\"height\":1920,\"caption\":\"Gr\u016btnie\u010du rudens lietus jaka - Frugi\"},{\"@type\":\"BreadcrumbList\",\"@id\":\"https:\/\/petitekingdom.com\/shop\/maternity-rain-coat\/#breadcrumb\",\"itemListElement\":[{\"@type\":\"ListItem\",\"position\":1,\"name\":\"Home\",\"item\":\"https:\/\/petitekingdom.com\/lv\/\"},{\"@type\":\"ListItem\",\"position\":2,\"name\":\"Veikals\",\"item\":\"https:\/\/petitekingdom.com\/lv\/veikals\/\"},{\"@type\":\"ListItem\",\"position\":3,\"name\":\"Topo\u0161o m\u0101mi\u0146u v\u0113jjaka\/ lietus jaka\"}]},{\"@type\":\"WebSite\",\"@id\":\"https:\/\/petitekingdom.com\/#website\",\"url\":\"https:\/\/petitekingdom.com\/\",\"name\":\"Petite Kingdom\",\"description\":\"B\u0113rnu izt\u0113lei nav robe\u017eu\",\"publisher\":{\"@id\":\"https:\/\/petitekingdom.com\/#organization\"},\"potentialAction\":[{\"@type\":\"SearchAction\",\"target\":{\"@type\":\"EntryPoint\",\"urlTemplate\":\"https:\/\/petitekingdom.com\/?s={search_term_string}\"},\"query-input\":{\"@type\":\"PropertyValueSpecification\",\"valueRequired\":true,\"valueName\":\"search_term_string\"}}],\"inLanguage\":\"lv-LV\"},{\"@type\":\"Organization\",\"@id\":\"https:\/\/petitekingdom.com\/#organization\",\"name\":\"Petite Kingdom\",\"url\":\"https:\/\/petitekingdom.com\/\",\"logo\":{\"@type\":\"ImageObject\",\"inLanguage\":\"lv-LV\",\"@id\":\"https:\/\/petitekingdom.com\/#\/schema\/logo\/image\/\",\"url\":\"https:\/\/petitekingdom.com\/wp-content\/uploads\/2021\/04\/PT_logo_blackPNG.png\",\"contentUrl\":\"https:\/\/petitekingdom.com\/wp-content\/uploads\/2021\/04\/PT_logo_blackPNG.png\",\"width\":1158,\"height\":500,\"caption\":\"Petite Kingdom\"},\"image\":{\"@id\":\"https:\/\/petitekingdom.com\/#\/schema\/logo\/image\/\"},\"sameAs\":[\"https:\/\/www.facebook.com\/Petite-Kingdom-114272640862559\",\"https:\/\/www.instagram.com\/petite_kingdom\/\"]}]}<\/script>\n<!-- \/ Yoast SEO Premium plugin. -->","yoast_head_json":{"title":"Topo\u0161o m\u0101mi\u0146u v\u0113jjaka\/ lietus jaka &#8226; Petite Kingdom","description":"Gr\u016btnie\u010du lietus jaka no Frugi's Bloom s\u0113rijas ar varav\u012bksnes putniem ir izgatavots no 100% p\u0101rstr\u0101d\u0101ta poliestera ar m\u012bkstu oder\u012bti.","robots":{"index":"index","follow":"follow","max-snippet":"max-snippet:-1","max-image-preview":"max-image-preview:large","max-video-preview":"max-video-preview:-1"},"canonical":"https:\/\/petitekingdom.com\/shop\/maternity-rain-coat\/","og_locale":"lv_LV","og_type":"article","og_title":"Topo\u0161o m\u0101mi\u0146u v\u0113jjaka\/ lietus jaka","og_description":"Gr\u016btnie\u010du\u00a0 lietus jaka no Frugi's Bloom s\u0113rijas ar varav\u012bksnes putniem ir izgatavots no 100% p\u0101rstr\u0101d\u0101ta poliestera ar m\u012bkstu oder\u012bti. Jakai ir savilk\u0161anas auklas jostasviet\u0101, lai t\u0101 lieliski piek\u013cautos nepiecie\u0161amajam apk\u0101rtm\u0113ram. \u0160ai jakai ir divas kabatas, r\u0101v\u0113jsl\u0113dz\u0113ja aizdare priek\u0161pus\u0113 un papildus ar r\u0101v\u0113jsl\u0113dz\u0113ju audums, ko var no\u0146emt p\u0113c gr\u016btniec\u012bbas un n\u0113s\u0101t jaku ikdien\u0101, kad mazul\u012btis jau piedzimis!   100% P\u0101rstr\u0101d\u0101ts poliesters  Mazg\u0101t ve\u013casma\u0161\u012bn\u0101 30*C (saudz\u012bgais re\u017e\u012bms)  \u016adensiztur\u012bgs  Papildin\u0101juma audums gr\u016btniec\u012bbas laik\u0101  &nbsp;","og_url":"https:\/\/petitekingdom.com\/shop\/maternity-rain-coat\/","og_site_name":"Petite Kingdom","article_publisher":"https:\/\/www.facebook.com\/Petite-Kingdom-114272640862559","article_modified_time":"2023-01-02T21:04:07+00:00","og_image":[{"width":1280,"height":1920,"url":"https:\/\/petitekingdom.com\/wp-content\/uploads\/2021\/09\/maternity-rain-coat-frugi.jpg","type":"image\/jpeg"}],"twitter_card":"summary_large_image","twitter_misc":{"Est. reading time":"1 minute"},"schema":{"@context":"https:\/\/schema.org","@graph":[{"@type":"WebPage","@id":"https:\/\/petitekingdom.com\/shop\/maternity-rain-coat\/","url":"https:\/\/petitekingdom.com\/shop\/maternity-rain-coat\/","name":"Topo\u0161o m\u0101mi\u0146u v\u0113jjaka\/ lietus jaka &#8226; Petite Kingdom","isPartOf":{"@id":"https:\/\/petitekingdom.com\/#website"},"primaryImageOfPage":{"@id":"https:\/\/petitekingdom.com\/shop\/maternity-rain-coat\/#primaryimage"},"image":{"@id":"https:\/\/petitekingdom.com\/shop\/maternity-rain-coat\/#primaryimage"},"thumbnailUrl":"https:\/\/petitekingdom.com\/wp-content\/uploads\/2021\/09\/maternity-rain-coat-frugi.jpg","datePublished":"2021-09-06T17:51:17+00:00","dateModified":"2023-01-02T21:04:07+00:00","description":"Gr\u016btnie\u010du lietus jaka no Frugi's Bloom s\u0113rijas ar varav\u012bksnes putniem ir izgatavots no 100% p\u0101rstr\u0101d\u0101ta poliestera ar m\u012bkstu oder\u012bti.","breadcrumb":{"@id":"https:\/\/petitekingdom.com\/shop\/maternity-rain-coat\/#breadcrumb"},"inLanguage":"lv-LV","potentialAction":[{"@type":"ReadAction","target":["https:\/\/petitekingdom.com\/shop\/maternity-rain-coat\/"]}]},{"@type":"ImageObject","inLanguage":"lv-LV","@id":"https:\/\/petitekingdom.com\/shop\/maternity-rain-coat\/#primaryimage","url":"https:\/\/petitekingdom.com\/wp-content\/uploads\/2021\/09\/maternity-rain-coat-frugi.jpg","contentUrl":"https:\/\/petitekingdom.com\/wp-content\/uploads\/2021\/09\/maternity-rain-coat-frugi.jpg","width":1280,"height":1920,"caption":"Gr\u016btnie\u010du rudens lietus jaka - Frugi"},{"@type":"BreadcrumbList","@id":"https:\/\/petitekingdom.com\/shop\/maternity-rain-coat\/#breadcrumb","itemListElement":[{"@type":"ListItem","position":1,"name":"Home","item":"https:\/\/petitekingdom.com\/lv\/"},{"@type":"ListItem","position":2,"name":"Veikals","item":"https:\/\/petitekingdom.com\/lv\/veikals\/"},{"@type":"ListItem","position":3,"name":"Topo\u0161o m\u0101mi\u0146u v\u0113jjaka\/ lietus jaka"}]},{"@type":"WebSite","@id":"https:\/\/petitekingdom.com\/#website","url":"https:\/\/petitekingdom.com\/","name":"Petite Kingdom","description":"B\u0113rnu izt\u0113lei nav robe\u017eu","publisher":{"@id":"https:\/\/petitekingdom.com\/#organization"},"potentialAction":[{"@type":"SearchAction","target":{"@type":"EntryPoint","urlTemplate":"https:\/\/petitekingdom.com\/?s={search_term_string}"},"query-input":{"@type":"PropertyValueSpecification","valueRequired":true,"valueName":"search_term_string"}}],"inLanguage":"lv-LV"},{"@type":"Organization","@id":"https:\/\/petitekingdom.com\/#organization","name":"Petite Kingdom","url":"https:\/\/petitekingdom.com\/","logo":{"@type":"ImageObject","inLanguage":"lv-LV","@id":"https:\/\/petitekingdom.com\/#\/schema\/logo\/image\/","url":"https:\/\/petitekingdom.com\/wp-content\/uploads\/2021\/04\/PT_logo_blackPNG.png","contentUrl":"https:\/\/petitekingdom.com\/wp-content\/uploads\/2021\/04\/PT_logo_blackPNG.png","width":1158,"height":500,"caption":"Petite Kingdom"},"image":{"@id":"https:\/\/petitekingdom.com\/#\/schema\/logo\/image\/"},"sameAs":["https:\/\/www.facebook.com\/Petite-Kingdom-114272640862559","https:\/\/www.instagram.com\/petite_kingdom\/"]}]}},"_links":{"self":[{"href":"https:\/\/petitekingdom.com\/lv\/wp-json\/wp\/v2\/product\/11106"}],"collection":[{"href":"https:\/\/petitekingdom.com\/lv\/wp-json\/wp\/v2\/product"}],"about":[{"href":"https:\/\/petitekingdom.com\/lv\/wp-json\/wp\/v2\/types\/product"}],"wp:featuredmedia":[{"embeddable":true,"href":"https:\/\/petitekingdom.com\/lv\/wp-json\/wp\/v2\/media\/11084"}],"wp:attachment":[{"href":"https:\/\/petitekingdom.com\/lv\/wp-json\/wp\/v2\/media?parent=11106"}],"wp:term":[{"taxonomy":"product_cat","embeddable":true,"href":"https:\/\/petitekingdom.com\/lv\/wp-json\/wp\/v2\/product_cat?post=11106"},{"taxonomy":"product_tag","embeddable":true,"href":"https:\/\/petitekingdom.com\/lv\/wp-json\/wp\/v2\/product_tag?post=11106"},{"taxonomy":"product-material","embeddable":true,"href":"https:\/\/petitekingdom.com\/lv\/wp-json\/wp\/v2\/product-material?post=11106"},{"taxonomy":"product-type","embeddable":true,"href":"https:\/\/petitekingdom.com\/lv\/wp-json\/wp\/v2\/product-type?post=11106"},{"taxonomy":"designers","embeddable":true,"href":"https:\/\/petitekingdom.com\/lv\/wp-json\/wp\/v2\/designers?post=11106"}],"curies":[{"name":"wp","href":"https:\/\/api.w.org\/{rel}","templated":true}]}}