{"id":10895,"date":"2021-09-06T16:25:49","date_gmt":"2021-09-06T16:48:10","guid":{"rendered":"http:\/\/petitekingdom.com\/shop\/uncategorized\/siltas-zenu-bikses-ar-dubulto-oderi\/"},"modified":"2023-01-02T23:03:05","modified_gmt":"2023-01-02T21:03:05","slug":"siltas-zenu-bikses-ar-dubulto-oderi","status":"publish","type":"product","link":"https:\/\/petitekingdom.com\/lv\/veikals\/siltas-zenu-bikses-ar-dubulto-oderi\/","title":{"rendered":"Siltas z\u0113nu bikses ar dubulto oderi"},"content":{"rendered":"","protected":false},"excerpt":{"rendered":"<p>Siltas z\u0113nu bikses ar dubulto oderi no Frugi Fjorda za\u013c\u0101 kr\u0101s\u0101. Bik\u0161u jostasvieta ir ar elast\u012bgu gumiju un savelkama ar aukli\u0146u.Ra\u017eotas no m\u012bkstas organisk\u0101s kokvilnas ar dubulto oderi, biks\u0113m ce\u013cgalos ir uz\u0161\u016btas zilas zvaigzes.<\/p>\n<ul>\n<li>Organisk\u0101 kokvilna<\/li>\n<li>Odere: organisk\u0101 kokvilna<\/li>\n<li>Siltas un \u0113rtas<\/li>\n<li>Elast\u012bga jostavieta<\/li>\n<\/ul>\n","protected":false},"featured_media":10669,"template":"","meta":{"_acf_changed":false},"product_cat":[1180,1663,1185,1186,1187,1188,1189,1605,1607,1674],"product_tag":[],"product-material":[792],"product-type":[654,652],"designers":[671],"class_list":{"0":"post-10895","1":"product","2":"type-product","3":"status-publish","4":"has-post-thumbnail","6":"product_cat-zidainu-apgerbs","7":"product_cat-jaundzimuso-drebites","8":"product_cat-bikses-zidainiem","9":"product_cat-zidainu-bikses","10":"product_cat-zeni","11":"product_cat-zenu-bikses","12":"product_cat-bikses-zeniem","13":"product_cat-izpardosana","14":"product_cat-outlets","15":"product_cat-sezonas-izpardosana","16":"product-material-organiska-kokvilna","17":"product-type-bikses","18":"product-type-legingi","19":"designers-frugi-lv","21":"first","22":"instock","23":"sale","24":"taxable","25":"shipping-taxable","26":"purchasable","27":"product-type-variable"},"acf":[],"yoast_head":"<!-- This site is optimized with the Yoast SEO Premium plugin v23.7 (Yoast SEO v23.7) - https:\/\/yoast.com\/wordpress\/plugins\/seo\/ -->\n<title>Siltas z\u0113nu bikses ar dubulto oderi &#8226; Petite Kingdom<\/title>\n<meta name=\"description\" content=\"Siltas z\u0113nu bikses ar dubulto oderi no Frugi Fjorda za\u013c\u0101 kr\u0101s\u0101. Bik\u0161u jostasvieta ir ar elast\u012bgu gumiju un savelkama ar aukli\u0146u.\" \/>\n<meta name=\"robots\" content=\"index, follow, max-snippet:-1, max-image-preview:large, max-video-preview:-1\" \/>\n<link rel=\"canonical\" href=\"https:\/\/petitekingdom.com\/shop\/boys-warm-trousers\/\" \/>\n<meta property=\"og:locale\" content=\"lv_LV\" \/>\n<meta property=\"og:type\" content=\"article\" \/>\n<meta property=\"og:title\" content=\"Siltas z\u0113nu bikses ar dubulto oderi\" \/>\n<meta property=\"og:description\" content=\"Siltas z\u0113nu bikses ar dubulto oderi no Frugi Fjorda za\u013c\u0101 kr\u0101s\u0101. Bik\u0161u jostasvieta ir ar elast\u012bgu gumiju un savelkama ar aukli\u0146u.Ra\u017eotas no m\u012bkstas organisk\u0101s kokvilnas ar dubulto oderi, biks\u0113m ce\u013cgalos ir uz\u0161\u016btas zilas zvaigzes.   Organisk\u0101 kokvilna  Odere: organisk\u0101 kokvilna  Siltas un \u0113rtas  Elast\u012bga jostavieta\" \/>\n<meta property=\"og:url\" content=\"https:\/\/petitekingdom.com\/shop\/boys-warm-trousers\/\" \/>\n<meta property=\"og:site_name\" content=\"Petite Kingdom\" \/>\n<meta property=\"article:publisher\" content=\"https:\/\/www.facebook.com\/Petite-Kingdom-114272640862559\" \/>\n<meta property=\"article:modified_time\" content=\"2023-01-02T21:03:05+00:00\" \/>\n<meta property=\"og:image\" content=\"https:\/\/petitekingdom.com\/wp-content\/uploads\/2021\/09\/boys-warm-trousers-frugi.jpg\" \/>\n\t<meta property=\"og:image:width\" content=\"1280\" \/>\n\t<meta property=\"og:image:height\" content=\"1920\" \/>\n\t<meta property=\"og:image:type\" content=\"image\/jpeg\" \/>\n<meta name=\"twitter:card\" content=\"summary_large_image\" \/>\n<script type=\"application\/ld+json\" class=\"yoast-schema-graph\">{\"@context\":\"https:\/\/schema.org\",\"@graph\":[{\"@type\":\"WebPage\",\"@id\":\"https:\/\/petitekingdom.com\/shop\/boys-warm-trousers\/\",\"url\":\"https:\/\/petitekingdom.com\/shop\/boys-warm-trousers\/\",\"name\":\"Siltas z\u0113nu bikses ar dubulto oderi &#8226; Petite Kingdom\",\"isPartOf\":{\"@id\":\"https:\/\/petitekingdom.com\/#website\"},\"primaryImageOfPage\":{\"@id\":\"https:\/\/petitekingdom.com\/shop\/boys-warm-trousers\/#primaryimage\"},\"image\":{\"@id\":\"https:\/\/petitekingdom.com\/shop\/boys-warm-trousers\/#primaryimage\"},\"thumbnailUrl\":\"https:\/\/petitekingdom.com\/wp-content\/uploads\/2021\/09\/boys-warm-trousers-frugi.jpg\",\"datePublished\":\"2021-09-06T16:48:10+00:00\",\"dateModified\":\"2023-01-02T21:03:05+00:00\",\"description\":\"Siltas z\u0113nu bikses ar dubulto oderi no Frugi Fjorda za\u013c\u0101 kr\u0101s\u0101. Bik\u0161u jostasvieta ir ar elast\u012bgu gumiju un savelkama ar aukli\u0146u.\",\"breadcrumb\":{\"@id\":\"https:\/\/petitekingdom.com\/shop\/boys-warm-trousers\/#breadcrumb\"},\"inLanguage\":\"lv-LV\",\"potentialAction\":[{\"@type\":\"ReadAction\",\"target\":[\"https:\/\/petitekingdom.com\/shop\/boys-warm-trousers\/\"]}]},{\"@type\":\"ImageObject\",\"inLanguage\":\"lv-LV\",\"@id\":\"https:\/\/petitekingdom.com\/shop\/boys-warm-trousers\/#primaryimage\",\"url\":\"https:\/\/petitekingdom.com\/wp-content\/uploads\/2021\/09\/boys-warm-trousers-frugi.jpg\",\"contentUrl\":\"https:\/\/petitekingdom.com\/wp-content\/uploads\/2021\/09\/boys-warm-trousers-frugi.jpg\",\"width\":1280,\"height\":1920,\"caption\":\"Siltas z\u0113nu bikses ar dubulto oderi - Frugi\"},{\"@type\":\"BreadcrumbList\",\"@id\":\"https:\/\/petitekingdom.com\/shop\/boys-warm-trousers\/#breadcrumb\",\"itemListElement\":[{\"@type\":\"ListItem\",\"position\":1,\"name\":\"Home\",\"item\":\"https:\/\/petitekingdom.com\/lv\/\"},{\"@type\":\"ListItem\",\"position\":2,\"name\":\"Veikals\",\"item\":\"https:\/\/petitekingdom.com\/lv\/veikals\/\"},{\"@type\":\"ListItem\",\"position\":3,\"name\":\"Siltas z\u0113nu bikses ar dubulto oderi\"}]},{\"@type\":\"WebSite\",\"@id\":\"https:\/\/petitekingdom.com\/#website\",\"url\":\"https:\/\/petitekingdom.com\/\",\"name\":\"Petite Kingdom\",\"description\":\"B\u0113rnu izt\u0113lei nav robe\u017eu\",\"publisher\":{\"@id\":\"https:\/\/petitekingdom.com\/#organization\"},\"potentialAction\":[{\"@type\":\"SearchAction\",\"target\":{\"@type\":\"EntryPoint\",\"urlTemplate\":\"https:\/\/petitekingdom.com\/?s={search_term_string}\"},\"query-input\":{\"@type\":\"PropertyValueSpecification\",\"valueRequired\":true,\"valueName\":\"search_term_string\"}}],\"inLanguage\":\"lv-LV\"},{\"@type\":\"Organization\",\"@id\":\"https:\/\/petitekingdom.com\/#organization\",\"name\":\"Petite Kingdom\",\"url\":\"https:\/\/petitekingdom.com\/\",\"logo\":{\"@type\":\"ImageObject\",\"inLanguage\":\"lv-LV\",\"@id\":\"https:\/\/petitekingdom.com\/#\/schema\/logo\/image\/\",\"url\":\"https:\/\/petitekingdom.com\/wp-content\/uploads\/2021\/04\/PT_logo_blackPNG.png\",\"contentUrl\":\"https:\/\/petitekingdom.com\/wp-content\/uploads\/2021\/04\/PT_logo_blackPNG.png\",\"width\":1158,\"height\":500,\"caption\":\"Petite Kingdom\"},\"image\":{\"@id\":\"https:\/\/petitekingdom.com\/#\/schema\/logo\/image\/\"},\"sameAs\":[\"https:\/\/www.facebook.com\/Petite-Kingdom-114272640862559\",\"https:\/\/www.instagram.com\/petite_kingdom\/\"]}]}<\/script>\n<!-- \/ Yoast SEO Premium plugin. -->","yoast_head_json":{"title":"Siltas z\u0113nu bikses ar dubulto oderi &#8226; Petite Kingdom","description":"Siltas z\u0113nu bikses ar dubulto oderi no Frugi Fjorda za\u013c\u0101 kr\u0101s\u0101. Bik\u0161u jostasvieta ir ar elast\u012bgu gumiju un savelkama ar aukli\u0146u.","robots":{"index":"index","follow":"follow","max-snippet":"max-snippet:-1","max-image-preview":"max-image-preview:large","max-video-preview":"max-video-preview:-1"},"canonical":"https:\/\/petitekingdom.com\/shop\/boys-warm-trousers\/","og_locale":"lv_LV","og_type":"article","og_title":"Siltas z\u0113nu bikses ar dubulto oderi","og_description":"Siltas z\u0113nu bikses ar dubulto oderi no Frugi Fjorda za\u013c\u0101 kr\u0101s\u0101. Bik\u0161u jostasvieta ir ar elast\u012bgu gumiju un savelkama ar aukli\u0146u.Ra\u017eotas no m\u012bkstas organisk\u0101s kokvilnas ar dubulto oderi, biks\u0113m ce\u013cgalos ir uz\u0161\u016btas zilas zvaigzes.   Organisk\u0101 kokvilna  Odere: organisk\u0101 kokvilna  Siltas un \u0113rtas  Elast\u012bga jostavieta","og_url":"https:\/\/petitekingdom.com\/shop\/boys-warm-trousers\/","og_site_name":"Petite Kingdom","article_publisher":"https:\/\/www.facebook.com\/Petite-Kingdom-114272640862559","article_modified_time":"2023-01-02T21:03:05+00:00","og_image":[{"width":1280,"height":1920,"url":"https:\/\/petitekingdom.com\/wp-content\/uploads\/2021\/09\/boys-warm-trousers-frugi.jpg","type":"image\/jpeg"}],"twitter_card":"summary_large_image","schema":{"@context":"https:\/\/schema.org","@graph":[{"@type":"WebPage","@id":"https:\/\/petitekingdom.com\/shop\/boys-warm-trousers\/","url":"https:\/\/petitekingdom.com\/shop\/boys-warm-trousers\/","name":"Siltas z\u0113nu bikses ar dubulto oderi &#8226; Petite Kingdom","isPartOf":{"@id":"https:\/\/petitekingdom.com\/#website"},"primaryImageOfPage":{"@id":"https:\/\/petitekingdom.com\/shop\/boys-warm-trousers\/#primaryimage"},"image":{"@id":"https:\/\/petitekingdom.com\/shop\/boys-warm-trousers\/#primaryimage"},"thumbnailUrl":"https:\/\/petitekingdom.com\/wp-content\/uploads\/2021\/09\/boys-warm-trousers-frugi.jpg","datePublished":"2021-09-06T16:48:10+00:00","dateModified":"2023-01-02T21:03:05+00:00","description":"Siltas z\u0113nu bikses ar dubulto oderi no Frugi Fjorda za\u013c\u0101 kr\u0101s\u0101. Bik\u0161u jostasvieta ir ar elast\u012bgu gumiju un savelkama ar aukli\u0146u.","breadcrumb":{"@id":"https:\/\/petitekingdom.com\/shop\/boys-warm-trousers\/#breadcrumb"},"inLanguage":"lv-LV","potentialAction":[{"@type":"ReadAction","target":["https:\/\/petitekingdom.com\/shop\/boys-warm-trousers\/"]}]},{"@type":"ImageObject","inLanguage":"lv-LV","@id":"https:\/\/petitekingdom.com\/shop\/boys-warm-trousers\/#primaryimage","url":"https:\/\/petitekingdom.com\/wp-content\/uploads\/2021\/09\/boys-warm-trousers-frugi.jpg","contentUrl":"https:\/\/petitekingdom.com\/wp-content\/uploads\/2021\/09\/boys-warm-trousers-frugi.jpg","width":1280,"height":1920,"caption":"Siltas z\u0113nu bikses ar dubulto oderi - Frugi"},{"@type":"BreadcrumbList","@id":"https:\/\/petitekingdom.com\/shop\/boys-warm-trousers\/#breadcrumb","itemListElement":[{"@type":"ListItem","position":1,"name":"Home","item":"https:\/\/petitekingdom.com\/lv\/"},{"@type":"ListItem","position":2,"name":"Veikals","item":"https:\/\/petitekingdom.com\/lv\/veikals\/"},{"@type":"ListItem","position":3,"name":"Siltas z\u0113nu bikses ar dubulto oderi"}]},{"@type":"WebSite","@id":"https:\/\/petitekingdom.com\/#website","url":"https:\/\/petitekingdom.com\/","name":"Petite Kingdom","description":"B\u0113rnu izt\u0113lei nav robe\u017eu","publisher":{"@id":"https:\/\/petitekingdom.com\/#organization"},"potentialAction":[{"@type":"SearchAction","target":{"@type":"EntryPoint","urlTemplate":"https:\/\/petitekingdom.com\/?s={search_term_string}"},"query-input":{"@type":"PropertyValueSpecification","valueRequired":true,"valueName":"search_term_string"}}],"inLanguage":"lv-LV"},{"@type":"Organization","@id":"https:\/\/petitekingdom.com\/#organization","name":"Petite Kingdom","url":"https:\/\/petitekingdom.com\/","logo":{"@type":"ImageObject","inLanguage":"lv-LV","@id":"https:\/\/petitekingdom.com\/#\/schema\/logo\/image\/","url":"https:\/\/petitekingdom.com\/wp-content\/uploads\/2021\/04\/PT_logo_blackPNG.png","contentUrl":"https:\/\/petitekingdom.com\/wp-content\/uploads\/2021\/04\/PT_logo_blackPNG.png","width":1158,"height":500,"caption":"Petite Kingdom"},"image":{"@id":"https:\/\/petitekingdom.com\/#\/schema\/logo\/image\/"},"sameAs":["https:\/\/www.facebook.com\/Petite-Kingdom-114272640862559","https:\/\/www.instagram.com\/petite_kingdom\/"]}]}},"_links":{"self":[{"href":"https:\/\/petitekingdom.com\/lv\/wp-json\/wp\/v2\/product\/10895"}],"collection":[{"href":"https:\/\/petitekingdom.com\/lv\/wp-json\/wp\/v2\/product"}],"about":[{"href":"https:\/\/petitekingdom.com\/lv\/wp-json\/wp\/v2\/types\/product"}],"wp:featuredmedia":[{"embeddable":true,"href":"https:\/\/petitekingdom.com\/lv\/wp-json\/wp\/v2\/media\/10669"}],"wp:attachment":[{"href":"https:\/\/petitekingdom.com\/lv\/wp-json\/wp\/v2\/media?parent=10895"}],"wp:term":[{"taxonomy":"product_cat","embeddable":true,"href":"https:\/\/petitekingdom.com\/lv\/wp-json\/wp\/v2\/product_cat?post=10895"},{"taxonomy":"product_tag","embeddable":true,"href":"https:\/\/petitekingdom.com\/lv\/wp-json\/wp\/v2\/product_tag?post=10895"},{"taxonomy":"product-material","embeddable":true,"href":"https:\/\/petitekingdom.com\/lv\/wp-json\/wp\/v2\/product-material?post=10895"},{"taxonomy":"product-type","embeddable":true,"href":"https:\/\/petitekingdom.com\/lv\/wp-json\/wp\/v2\/product-type?post=10895"},{"taxonomy":"designers","embeddable":true,"href":"https:\/\/petitekingdom.com\/lv\/wp-json\/wp\/v2\/designers?post=10895"}],"curies":[{"name":"wp","href":"https:\/\/api.w.org\/{rel}","templated":true}]}}