{"id":25101,"date":"2022-03-14T21:43:50","date_gmt":"2022-03-14T19:43:50","guid":{"rendered":"https:\/\/petitekingdom.com\/?page_id=25101"},"modified":"2024-07-09T15:17:49","modified_gmt":"2024-07-09T12:17:49","slug":"musu-stasts","status":"publish","type":"page","link":"https:\/\/petitekingdom.com\/lv\/musu-stasts\/","title":{"rendered":"M\u016bsu st\u0101sts"},"content":{"rendered":"<div id=\"pk-dynamic-content-block_0d8d469b1b98fbed67d33a031550a444\" class=\"pk-dynamic-content pk-block\">\n                    <div class=\"row\">\n                <div class=\"column small-12\">\n                    <h2 class=\"pk-block__title pk-dynamic-content__title\">Kas m\u0113s esam?<\/h2>\n                <\/div>\n            <\/div>\n        \n        \n\n            \n                                                        <div class=\"row pk-dynamic-content__block\">\n                        <div class=\"column small-12\">\n                            <div class=\"pk-dynamic-content__text-block\">\n                                <p>Petite Kingdom ir b\u0113rnu pre\u010du multi-z\u012bmolu ap\u0123\u0113rbu veikals, kas pied\u0101v\u0101 b\u0113rniem un jaunie\u0161iem rota\u013clietas, ap\u0123\u0113rbus, apavus un aksesu\u0101rus vecuma posm\u0101 no 0-15 gadiem.<\/p>\n<p><strong>Petite Kingdom pied\u0101v\u0101 b\u0113rnu ap\u0123\u0113rbus 0-15 gadiem ar izt\u0113les bag\u0101t\u0101m aplik\u0101cij\u0101m un dizainiem. Tie izce\u013c b\u0113rna person\u012bbu un iedvesmo draugus!<\/strong><\/p>\n<p>Petite Kingdom v\u0113rt\u012bba ir b\u0113rni, kuri ir unik\u0101li un izt\u0113les bag\u0101ti. M\u0113s v\u0113lamies, lai katrs b\u0113rns j\u016btas \u012bpa\u0161s un paman\u0101ms n\u0113s\u0101jot savu izv\u0113l\u0113to ap\u0123\u0113rbu, iedvesmojot draugus un j\u016btoties labi starp saviem vienaud\u017eiem. Ticam, ka b\u0113rnu izt\u0113lei nav robe\u017eu, t\u0101d\u0113\u013c p\u0113c iesp\u0113jas rado\u0161\u0101k un ar lielu atbild\u012bbu esam atlas\u012bju\u0161i lab\u0101kos z\u012bmolus Eirop\u0101.<\/p>\n<p>M\u016bsu veikal\u0101 sastapsiet b\u0113rnu ap\u0123\u0113rbus, kas saukti par slow fashion ap\u0123\u0113rbiem. Tie ir limit\u0113tos daudzumos un at\u0161\u0137iras ar savu identit\u0101ti neskrienot paka\u013c citu z\u012bmolu dizainam. Veikal\u0101 ir vair\u0101k k\u0101 12 z\u012bmoli no Eiropas, kas ir r\u016bp\u012bgi atlas\u012bti un izv\u0113l\u0113ti. Katru sezonu atrodam skaist\u0101kos, aizraujo\u0161\u0101kos dizainerus, t\u0101d\u0113\u013c z\u012bmola da\u017e\u0101d\u012bba ir \u013coti main\u012bga.<\/p>\n                            <\/div>\n                        <\/div>\n                    <\/div>\n                    \n                \n\n            \n                                                        <style>\n                        .pk-dynamic-content__image-gallery-grid-image {\n                            height: 226px                        }\n\n                        @media (min-width: 720px) {\n                            .pk-dynamic-content__image-gallery-grid-image {\n                                height: 680px                            }\n                        }\n                    <\/style>\n\n                                            <div class=\"pk-dynamic-content__image-gallery-grid pk-dynamic-content__block\">\n                                                            <img decoding=\"async\" src=\"https:\/\/petitekingdom.com\/wp-content\/uploads\/2022\/03\/par-mum-petite-kingdom-1-1.jpg\" class=\"pk-dynamic-content__image-gallery-grid-image\" \/>\n                                                            <img decoding=\"async\" src=\"https:\/\/petitekingdom.com\/wp-content\/uploads\/2022\/03\/par-mums-petite-kingdom-2-1.jpg\" class=\"pk-dynamic-content__image-gallery-grid-image\" \/>\n                                                    <\/div>\n                    \n                \n\n            \n            <\/div><div id=\"pk-about-us-page-content-block_f5b4154294d68d22ecf1666f8a0e968e\" class=\"pk-about-us-page-content pk-block\">\n                    <div class=\"pk-about-us-page-content__top-row\">\n                <div class=\"row\">\n                    <div class=\"column small-12\">\n                        <h2 class=\"pk-about-us-page-content__top-row-title\">Viss s\u0101kas ar \u0123imeni<\/h2>\n                    <\/div>\n                    <div class=\"column small-12 medium-6\">\n                        <p>Petite Kingdom z\u012bmolu ir izveidojusi divu b\u0113rnu mamma no Latvijas- Agnese Baumane. Vi\u0146a saskat\u012bja nepiecie\u0161am\u012bbu Latvijas tirg\u016b izmain\u012bt b\u0113rnu ap\u0123\u0113rbu z\u012bmola pied\u0101v\u0101jumu. Lai gan ilgus gadus str\u0101d\u0101ja pieaugu\u0161o modes sektor\u0101, bija nov\u0113rojama tendence, ka draugi un pazi\u0146as dodas iepirkties uz cit\u0101m Eiropas valst\u012bm, jo nav atradu\u0161i priek\u0161 b\u0113rniem mekl\u0113to sav\u0101 zem\u0113.<\/p>\n<p>2021.gada pavasar\u012b, Agnese motiv\u0101cijas vad\u012bta, atv\u0113ra Petite Kingdom b\u0113rnu pre\u010du interneta veikalu ar m\u0113r\u0137i izmain\u012bt b\u0113rnu pre\u010du tirgu ar produkta izcil\u012bbu un pozit\u012bv\u0101m p\u0101rmai\u0146\u0101m sabiedr\u012bb\u0101, atbalstot b\u0113rnus no instit\u016bcij\u0101m. Uz\u0146\u0113mums ir \u0123imen\u0113m draudz\u012bgs un pre\u010du cenas ir pieejamas ikvienam b\u0113rnam!<\/p>\n                    <\/div>\n                    <div class=\"column small-12 medium-6\">\n                        <p>\u201cEsmu divu b\u0113rnu mamma un redzu cik man\u0101m meit\u0101m ir svar\u012bgi vilkt mugur\u0101 t\u0101s dr\u0113bes, kuras paspilgtina vi\u0146u identit\u0101ti un ir ar augstu kvalit\u0101ti. Ne velti b\u0113rna maz\u0101s roci\u0146as stiepjas skap\u012b p\u0113c iem\u012b\u013cot\u0101 krekli\u0146a vai biks\u0113m. Katram ap\u0123\u0113rbam ir j\u0101kalpo b\u0113rnam t\u0101, ka tas sp\u0113j iedot mazu da\u013ci\u0146u pa\u0161apzi\u0146as un lielu da\u013cu komforta un prieka. B\u0113rni v\u0113las ieder\u0113ties starp saviem vienaud\u017eiem un tikt saprastiem un pie\u0146emtiem. M\u016bsu vec\u0101ku uzdevums ir sadzird\u0113t b\u0113rnu un neuzspiest to, kas mums pat\u012bk, bet \u013caut vi\u0146iem pa\u0161iem izv\u0113l\u0113ties. B\u0113rni vai nu ieg\u016bst sev pa\u0161apzi\u0146u un priec\u0101jas par sav\u0101m dr\u0113b\u0113m, vai kautr\u0113jas un izvair\u0101s no citiem b\u0113rniem. \u0160is uz\u0146\u0113mums p\u0101rst\u0101v b\u0113rnu intereses, \u0161eit neatrad\u012bsiet nevienu produktu, kas ir izv\u0113l\u0113ts ar vieglpr\u0101t\u012bbu!\u201d<\/p>\n                    <\/div>\n                <\/div>\n            <\/div>\n\n        \n                    <div class=\"pk-about-us-page-content__middle-row\">\n                <div class=\"row expanded\">\n                    <div class=\"column small-12 medium-6 pk-about-us-page-content__middle-row-left-col\">\n                        <h2><strong>&#8220;Esmu vienm\u0113r aizdegusies par at\u0161\u0137ir\u012bgo, inovat\u012bvo un neparastiem dizainiem. Es ticu, ka b\u0113rnu izt\u0113lei nav robe\u017eu, t\u0101d\u0113\u013c b\u0113rniem ir gana tikai ar izciliem produktiem. M\u0113s ejam uz izcil\u012bbu!<\/strong>\u201d<\/h2>\n<p>A. Baumane<\/p>\n                    <\/div>\n                    <div class=\"column small-12 medium-6 pk-about-us-page-content__middle-row-right-col\">\n                                                    <img decoding=\"async\" class=\"pk-about-us-page-content__middle-row-image\" src=\"https:\/\/petitekingdom.com\/wp-content\/uploads\/2022\/03\/musu-stasts-petite-kingdom-32.jpg\" \/>\n                                            <\/div>\n                <\/div>\n            <\/div>\n\n        \n                    <div class=\"pk-about-us-page-content__bottom-row\">\n                <div class=\"row\">\n                    <div class=\"column small-12\">\n                        <h3><strong>Uz\u0146\u0113muma Filozofija<\/strong><\/h3>\n<p>M\u016bsu uz\u0146\u0113mums ietekm\u0113 pozit\u012bvi vidi, kur\u0101 atrodamies! Petite Kingdom sadarbojas ar Eiropas z\u012bmoliem, kas ir \u0113tiski un videi draudz\u012bgi.<\/p>\n<p>Tas noz\u012bm\u0113, ka atbalstam z\u012bmolus, kuri ierauga ar\u012b citus un vi\u0146u vajadz\u012bbas. Piem\u0113ram- ra\u017eo b\u0113rnu preces taj\u0101s valst\u012bs, kur nodro\u0161ina darba vietas viet\u0113jiem lauksaimniekiem, \u016bdeni, iztiku. Piedal\u0101s labo darbu atbalst\u012b\u0161an\u0101. Ir ekolo\u0123iski- videi draudz\u012bgi, b\u0113rnu pre\u010du ra\u017eo\u0161anas proces\u0101 nepies\u0101r\u0146ojot ekosist\u0113mu. M\u0113s esam par augsto pre\u010du kvalit\u0101ti un auduma organisko sast\u0101vu!<\/p>\n<p><strong><em>\u00a0Ja m\u0113s kaut ko \u0146emam, tad m\u0113s ar\u012b dodam atpaka\u013c. Par katru sara\u017eoto rota\u013clietu, ra\u017eot\u0101js iest\u0101da atpaka\u013c 1 koku. <\/em><\/strong><\/p>\n<p>Petite Kingdom priorit\u0101te ir b\u0113rni un vi\u0146u vec\u0101ki. Mums ir svar\u012bgi, ka mazie klienti aug kop\u0101 ar mums, t\u0101d\u0113\u013c veikal\u0101 sastapsiet ap\u0123\u0113rbus ar pagarin\u0101jumiem, ie\u0161uv\u012bt\u0113m, dubult\u0101 spiedpog\u0101m- kas noder\u0113s b\u0113rniem ilg\u0101ku laiku ap\u0123\u0113rbus n\u0113s\u0101jot.<\/p>\n<p><strong><em>B\u0113rni \u0101tri izaug no ap\u0123\u0113rba, m\u0113s vec\u0101kiem ietaup\u0101m r\u016bpes un finanses, lai b\u0113rnu ap\u0123\u0113rbs augtu l\u012bdzi ar b\u0113rnu, nevis atrastos uzglab\u0101\u0161anas kast\u0113- gar\u0101\u017ea. <\/em><\/strong><\/p>\n<p>Aicin\u0101m ikvienu ieskat\u012bties m\u016bsu m\u0101jaslapas bloga sada\u013c\u0101, kur iedvesmojam vec\u0101kus par produktiem, z\u012bmoliem un sniedzam noder\u012bgu inform\u0101ciju par tendenc\u0113m b\u0113rnu modes pasaul\u0113.<\/p>\n<h3><strong>Petite Kingdom V\u0113rt\u012bbas<\/strong><\/h3>\n<p>Ikviens veiktais pirkums internet\u0101, ir solis pret\u012b atbalstot b\u0113rna nama b\u0113rnus. M\u0113s sniedzam pal\u012bdz\u012bgu roku gan ar b\u0113rnu prec\u0113m, gan finansi\u0101li atbalstot profesion\u0101lu aukl\u012b\u0161u darbu, kas nodro\u0161ina b\u0113rnu apr\u016bpi un m\u012blest\u012bbas izr\u0101d\u012b\u0161anu b\u0113rnam. Vair\u0101k par iniciat\u012bvu varat uzzin\u0101t \u201cLielas R\u016bpes Par Mazajiem\u201d.<\/p>\n<h3><strong>Klientu Serviss<\/strong><\/h3>\n<p>Petite Kingdom m\u012bl savus klientus! Tie n\u0101k no visas pasaules, t\u0101d\u0113\u013c izmantojam tikai uzticam\u0101kos un dro\u0161\u0101kos pieg\u0101des kurjerus, lai nodro\u0161in\u0101tu, ka paci\u0146as pien\u0101k laik\u0101 un bez boj\u0101jumiem!<\/p>\n                    <\/div>\n                    <div class=\"column small-12\">\n                                                <img decoding=\"async\" src=\"https:\/\/petitekingdom.com\/wp-content\/uploads\/2022\/03\/Agnese_signature.svg\" class=\"pk-about-us-page-content__bottom-row-image\" \/>\n                                            <\/div>\n                <\/div>\n            <\/div>\n\n            <\/div>","protected":false},"excerpt":{"rendered":"","protected":false},"author":1,"featured_media":0,"parent":0,"menu_order":0,"comment_status":"closed","ping_status":"closed","template":"tpl-secondary.php","meta":{"_acf_changed":false,"footnotes":""},"class_list":["post-25101","page","type-page","status-publish","hentry"],"acf":[],"yoast_head":"<!-- This site is optimized with the Yoast SEO Premium plugin v23.7 (Yoast SEO v23.7) - https:\/\/yoast.com\/wordpress\/plugins\/seo\/ -->\n<title>M\u016bsu st\u0101sts &#8226; Petite Kingdom<\/title>\n<meta name=\"robots\" content=\"index, follow, max-snippet:-1, max-image-preview:large, max-video-preview:-1\" \/>\n<link rel=\"canonical\" href=\"https:\/\/petitekingdom.com\/our-story\/\" \/>\n<meta property=\"og:locale\" content=\"lv_LV\" \/>\n<meta property=\"og:type\" content=\"article\" \/>\n<meta property=\"og:title\" content=\"M\u016bsu st\u0101sts\" \/>\n<meta property=\"og:url\" content=\"https:\/\/petitekingdom.com\/our-story\/\" \/>\n<meta property=\"og:site_name\" content=\"Petite Kingdom\" \/>\n<meta property=\"article:publisher\" content=\"https:\/\/www.facebook.com\/Petite-Kingdom-114272640862559\" \/>\n<meta property=\"article:modified_time\" content=\"2024-07-09T12:17:49+00:00\" \/>\n<meta name=\"twitter:card\" content=\"summary_large_image\" \/>\n<script type=\"application\/ld+json\" class=\"yoast-schema-graph\">{\"@context\":\"https:\/\/schema.org\",\"@graph\":[{\"@type\":\"WebPage\",\"@id\":\"https:\/\/petitekingdom.com\/our-story\/\",\"url\":\"https:\/\/petitekingdom.com\/our-story\/\",\"name\":\"M\u016bsu st\u0101sts &#8226; Petite Kingdom\",\"isPartOf\":{\"@id\":\"https:\/\/petitekingdom.com\/#website\"},\"datePublished\":\"2022-03-14T19:43:50+00:00\",\"dateModified\":\"2024-07-09T12:17:49+00:00\",\"breadcrumb\":{\"@id\":\"https:\/\/petitekingdom.com\/our-story\/#breadcrumb\"},\"inLanguage\":\"lv-LV\",\"potentialAction\":[{\"@type\":\"ReadAction\",\"target\":[\"https:\/\/petitekingdom.com\/our-story\/\"]}]},{\"@type\":\"BreadcrumbList\",\"@id\":\"https:\/\/petitekingdom.com\/our-story\/#breadcrumb\",\"itemListElement\":[{\"@type\":\"ListItem\",\"position\":1,\"name\":\"Home\",\"item\":\"https:\/\/petitekingdom.com\/lv\/\"},{\"@type\":\"ListItem\",\"position\":2,\"name\":\"M\u016bsu st\u0101sts\"}]},{\"@type\":\"WebSite\",\"@id\":\"https:\/\/petitekingdom.com\/#website\",\"url\":\"https:\/\/petitekingdom.com\/\",\"name\":\"Petite Kingdom\",\"description\":\"B\u0113rnu izt\u0113lei nav robe\u017eu\",\"publisher\":{\"@id\":\"https:\/\/petitekingdom.com\/#organization\"},\"potentialAction\":[{\"@type\":\"SearchAction\",\"target\":{\"@type\":\"EntryPoint\",\"urlTemplate\":\"https:\/\/petitekingdom.com\/?s={search_term_string}\"},\"query-input\":{\"@type\":\"PropertyValueSpecification\",\"valueRequired\":true,\"valueName\":\"search_term_string\"}}],\"inLanguage\":\"lv-LV\"},{\"@type\":\"Organization\",\"@id\":\"https:\/\/petitekingdom.com\/#organization\",\"name\":\"Petite Kingdom\",\"url\":\"https:\/\/petitekingdom.com\/\",\"logo\":{\"@type\":\"ImageObject\",\"inLanguage\":\"lv-LV\",\"@id\":\"https:\/\/petitekingdom.com\/#\/schema\/logo\/image\/\",\"url\":\"https:\/\/petitekingdom.com\/wp-content\/uploads\/2021\/04\/PT_logo_blackPNG.png\",\"contentUrl\":\"https:\/\/petitekingdom.com\/wp-content\/uploads\/2021\/04\/PT_logo_blackPNG.png\",\"width\":1158,\"height\":500,\"caption\":\"Petite Kingdom\"},\"image\":{\"@id\":\"https:\/\/petitekingdom.com\/#\/schema\/logo\/image\/\"},\"sameAs\":[\"https:\/\/www.facebook.com\/Petite-Kingdom-114272640862559\",\"https:\/\/www.instagram.com\/petite_kingdom\/\"]}]}<\/script>\n<!-- \/ Yoast SEO Premium plugin. -->","yoast_head_json":{"title":"M\u016bsu st\u0101sts &#8226; Petite Kingdom","robots":{"index":"index","follow":"follow","max-snippet":"max-snippet:-1","max-image-preview":"max-image-preview:large","max-video-preview":"max-video-preview:-1"},"canonical":"https:\/\/petitekingdom.com\/our-story\/","og_locale":"lv_LV","og_type":"article","og_title":"M\u016bsu st\u0101sts","og_url":"https:\/\/petitekingdom.com\/our-story\/","og_site_name":"Petite Kingdom","article_publisher":"https:\/\/www.facebook.com\/Petite-Kingdom-114272640862559","article_modified_time":"2024-07-09T12:17:49+00:00","twitter_card":"summary_large_image","schema":{"@context":"https:\/\/schema.org","@graph":[{"@type":"WebPage","@id":"https:\/\/petitekingdom.com\/our-story\/","url":"https:\/\/petitekingdom.com\/our-story\/","name":"M\u016bsu st\u0101sts &#8226; Petite Kingdom","isPartOf":{"@id":"https:\/\/petitekingdom.com\/#website"},"datePublished":"2022-03-14T19:43:50+00:00","dateModified":"2024-07-09T12:17:49+00:00","breadcrumb":{"@id":"https:\/\/petitekingdom.com\/our-story\/#breadcrumb"},"inLanguage":"lv-LV","potentialAction":[{"@type":"ReadAction","target":["https:\/\/petitekingdom.com\/our-story\/"]}]},{"@type":"BreadcrumbList","@id":"https:\/\/petitekingdom.com\/our-story\/#breadcrumb","itemListElement":[{"@type":"ListItem","position":1,"name":"Home","item":"https:\/\/petitekingdom.com\/lv\/"},{"@type":"ListItem","position":2,"name":"M\u016bsu st\u0101sts"}]},{"@type":"WebSite","@id":"https:\/\/petitekingdom.com\/#website","url":"https:\/\/petitekingdom.com\/","name":"Petite Kingdom","description":"B\u0113rnu izt\u0113lei nav robe\u017eu","publisher":{"@id":"https:\/\/petitekingdom.com\/#organization"},"potentialAction":[{"@type":"SearchAction","target":{"@type":"EntryPoint","urlTemplate":"https:\/\/petitekingdom.com\/?s={search_term_string}"},"query-input":{"@type":"PropertyValueSpecification","valueRequired":true,"valueName":"search_term_string"}}],"inLanguage":"lv-LV"},{"@type":"Organization","@id":"https:\/\/petitekingdom.com\/#organization","name":"Petite Kingdom","url":"https:\/\/petitekingdom.com\/","logo":{"@type":"ImageObject","inLanguage":"lv-LV","@id":"https:\/\/petitekingdom.com\/#\/schema\/logo\/image\/","url":"https:\/\/petitekingdom.com\/wp-content\/uploads\/2021\/04\/PT_logo_blackPNG.png","contentUrl":"https:\/\/petitekingdom.com\/wp-content\/uploads\/2021\/04\/PT_logo_blackPNG.png","width":1158,"height":500,"caption":"Petite Kingdom"},"image":{"@id":"https:\/\/petitekingdom.com\/#\/schema\/logo\/image\/"},"sameAs":["https:\/\/www.facebook.com\/Petite-Kingdom-114272640862559","https:\/\/www.instagram.com\/petite_kingdom\/"]}]}},"_hostinger_reach_plugin_has_subscription_block":false,"_hostinger_reach_plugin_is_elementor":false,"_links":{"self":[{"href":"https:\/\/petitekingdom.com\/lv\/wp-json\/wp\/v2\/pages\/25101"}],"collection":[{"href":"https:\/\/petitekingdom.com\/lv\/wp-json\/wp\/v2\/pages"}],"about":[{"href":"https:\/\/petitekingdom.com\/lv\/wp-json\/wp\/v2\/types\/page"}],"author":[{"embeddable":true,"href":"https:\/\/petitekingdom.com\/lv\/wp-json\/wp\/v2\/users\/1"}],"replies":[{"embeddable":true,"href":"https:\/\/petitekingdom.com\/lv\/wp-json\/wp\/v2\/comments?post=25101"}],"version-history":[{"count":1,"href":"https:\/\/petitekingdom.com\/lv\/wp-json\/wp\/v2\/pages\/25101\/revisions"}],"predecessor-version":[{"id":53462,"href":"https:\/\/petitekingdom.com\/lv\/wp-json\/wp\/v2\/pages\/25101\/revisions\/53462"}],"wp:attachment":[{"href":"https:\/\/petitekingdom.com\/lv\/wp-json\/wp\/v2\/media?parent=25101"}],"curies":[{"name":"wp","href":"https:\/\/api.w.org\/{rel}","templated":true}]}}