{"id":21545,"date":"2021-12-02T01:04:17","date_gmt":"2021-12-01T22:04:17","guid":{"rendered":"http:\/\/petitekingdom.com\/velmju-saraksts-2\/"},"modified":"2021-12-02T01:04:21","modified_gmt":"2021-12-01T22:04:21","slug":"velmju-saraksts-2","status":"publish","type":"page","link":"https:\/\/petitekingdom.com\/lv\/velmju-saraksts-2\/","title":{"rendered":"V\u0113lmju saraksts"},"content":{"rendered":"\n\n\n\n<!-- WISHLIST TABLE -->\n<div class=\"row wishlist__table-container\">\n    <div class=\"column small-12\">\n        <table\n                class=\"shop_table cart wishlist_table wishlist_view traditional responsive   \"\n                data-pagination=\"no\" data-per-page=\"5\" data-page=\"1\"\n                data-id=\"\" data-token=\"\">\n\n            \n            <thead>\n            <tr>\n                <th class=\"product-thumbnail\"><\/th>\n\n                <th class=\"product-name\">\n                <span class=\"nobr\">\n                    Product name                <\/span>\n                <\/th>\n\n                                                        <th class=\"product-price\">\n                    <span class=\"nobr\">\n                        Unit price                    <\/span>\n                    <\/th>\n                \n                \n                                                        <th class=\"product-stock-status\">\n                    <span class=\"nobr\">\n                        Stock status                    <\/span>\n                    <\/th>\n                \n                                                        <th class=\"product-add-to-cart\">\n                    <span class=\"nobr\">\n                                            <\/span>\n                    <\/th>\n                \n                            <\/tr>\n            <\/thead>\n\n            <tbody class=\"wishlist-items-wrapper\">\n                            <tr>\n                    <td colspan=\"5\" class=\"wishlist-empty\">No products added to the wishlist<\/td>\n                <\/tr>\n                            <\/tbody>\n\n        <\/table>\n    <\/div>\n<\/div>\n\n\t<div class=\"yith_wcwl_wishlist_footer\">\n\t\t\n\n\t\t\n\n\t\t\n\t\t\t<\/div>\n\n\t<input type=\"hidden\" id=\"yith_wcwl_edit_wishlist\" name=\"yith_wcwl_edit_wishlist\" value=\"0cc920d7fd\" \/><input type=\"hidden\" name=\"_wp_http_referer\" value=\"\/lv\/wp-json\/wp\/v2\/pages\/21545\" \/>\t<input type=\"hidden\" value=\"\" name=\"wishlist_id\" id=\"wishlist_id\">\n\n\t\n<\/form>\n\n\n\n\n","protected":false},"excerpt":{"rendered":"","protected":false},"author":1,"featured_media":0,"parent":0,"menu_order":0,"comment_status":"closed","ping_status":"closed","template":"","meta":{"_acf_changed":false,"footnotes":""},"class_list":["post-21545","page","type-page","status-publish","hentry"],"acf":[],"yoast_head":"<!-- This site is optimized with the Yoast SEO Premium plugin v23.7 (Yoast SEO v27.5) - https:\/\/yoast.com\/product\/yoast-seo-premium-wordpress\/ -->\n<title>V\u0113lmju saraksts &#8226; Petite Kingdom<\/title>\n<meta name=\"robots\" content=\"index, follow, max-snippet:-1, max-image-preview:large, max-video-preview:-1\" \/>\n<link rel=\"canonical\" href=\"https:\/\/petitekingdom.com\/wishlist\/\" \/>\n<meta property=\"og:locale\" content=\"lv_LV\" \/>\n<meta property=\"og:type\" content=\"article\" \/>\n<meta property=\"og:title\" content=\"V\u0113lmju saraksts\" \/>\n<meta property=\"og:url\" content=\"https:\/\/petitekingdom.com\/wishlist\/\" \/>\n<meta property=\"og:site_name\" content=\"Petite Kingdom\" \/>\n<meta property=\"article:publisher\" content=\"https:\/\/www.facebook.com\/Petite-Kingdom-114272640862559\" \/>\n<meta property=\"article:modified_time\" content=\"2021-12-01T22:04:21+00:00\" \/>\n<meta name=\"twitter:card\" content=\"summary_large_image\" \/>\n<script type=\"application\/ld+json\" class=\"yoast-schema-graph\">{\"@context\":\"https:\\\/\\\/schema.org\",\"@graph\":[{\"@type\":\"WebPage\",\"@id\":\"https:\\\/\\\/petitekingdom.com\\\/wishlist\\\/\",\"url\":\"https:\\\/\\\/petitekingdom.com\\\/wishlist\\\/\",\"name\":\"V\u0113lmju saraksts &#8226; Petite Kingdom\",\"isPartOf\":{\"@id\":\"https:\\\/\\\/petitekingdom.com\\\/#website\"},\"datePublished\":\"2021-12-01T22:04:17+00:00\",\"dateModified\":\"2021-12-01T22:04:21+00:00\",\"breadcrumb\":{\"@id\":\"https:\\\/\\\/petitekingdom.com\\\/wishlist\\\/#breadcrumb\"},\"inLanguage\":\"lv-LV\",\"potentialAction\":[{\"@type\":\"ReadAction\",\"target\":[\"https:\\\/\\\/petitekingdom.com\\\/wishlist\\\/\"]}]},{\"@type\":\"BreadcrumbList\",\"@id\":\"https:\\\/\\\/petitekingdom.com\\\/wishlist\\\/#breadcrumb\",\"itemListElement\":[{\"@type\":\"ListItem\",\"position\":1,\"name\":\"Home\",\"item\":\"https:\\\/\\\/petitekingdom.com\\\/lv\\\/\"},{\"@type\":\"ListItem\",\"position\":2,\"name\":\"V\u0113lmju saraksts\"}]},{\"@type\":\"WebSite\",\"@id\":\"https:\\\/\\\/petitekingdom.com\\\/#website\",\"url\":\"https:\\\/\\\/petitekingdom.com\\\/\",\"name\":\"Petite Kingdom\",\"description\":\"B\u0113rnu izt\u0113lei nav robe\u017eu\",\"publisher\":{\"@id\":\"https:\\\/\\\/petitekingdom.com\\\/#organization\"},\"potentialAction\":[{\"@type\":\"SearchAction\",\"target\":{\"@type\":\"EntryPoint\",\"urlTemplate\":\"https:\\\/\\\/petitekingdom.com\\\/?s={search_term_string}\"},\"query-input\":{\"@type\":\"PropertyValueSpecification\",\"valueRequired\":true,\"valueName\":\"search_term_string\"}}],\"inLanguage\":\"lv-LV\"},{\"@type\":\"Organization\",\"@id\":\"https:\\\/\\\/petitekingdom.com\\\/#organization\",\"name\":\"Petite Kingdom\",\"url\":\"https:\\\/\\\/petitekingdom.com\\\/\",\"logo\":{\"@type\":\"ImageObject\",\"inLanguage\":\"lv-LV\",\"@id\":\"https:\\\/\\\/petitekingdom.com\\\/#\\\/schema\\\/logo\\\/image\\\/\",\"url\":\"https:\\\/\\\/petitekingdom.com\\\/wp-content\\\/uploads\\\/2021\\\/04\\\/PT_logo_blackPNG.png\",\"contentUrl\":\"https:\\\/\\\/petitekingdom.com\\\/wp-content\\\/uploads\\\/2021\\\/04\\\/PT_logo_blackPNG.png\",\"width\":1158,\"height\":500,\"caption\":\"Petite Kingdom\"},\"image\":{\"@id\":\"https:\\\/\\\/petitekingdom.com\\\/#\\\/schema\\\/logo\\\/image\\\/\"},\"sameAs\":[\"https:\\\/\\\/www.facebook.com\\\/Petite-Kingdom-114272640862559\",\"https:\\\/\\\/www.instagram.com\\\/petite_kingdom\\\/\"]}]}<\/script>\n<!-- \/ Yoast SEO Premium plugin. -->","yoast_head_json":{"title":"V\u0113lmju saraksts &#8226; Petite Kingdom","robots":{"index":"index","follow":"follow","max-snippet":"max-snippet:-1","max-image-preview":"max-image-preview:large","max-video-preview":"max-video-preview:-1"},"canonical":"https:\/\/petitekingdom.com\/wishlist\/","og_locale":"lv_LV","og_type":"article","og_title":"V\u0113lmju saraksts","og_url":"https:\/\/petitekingdom.com\/wishlist\/","og_site_name":"Petite Kingdom","article_publisher":"https:\/\/www.facebook.com\/Petite-Kingdom-114272640862559","article_modified_time":"2021-12-01T22:04:21+00:00","twitter_card":"summary_large_image","schema":{"@context":"https:\/\/schema.org","@graph":[{"@type":"WebPage","@id":"https:\/\/petitekingdom.com\/wishlist\/","url":"https:\/\/petitekingdom.com\/wishlist\/","name":"V\u0113lmju saraksts &#8226; Petite Kingdom","isPartOf":{"@id":"https:\/\/petitekingdom.com\/#website"},"datePublished":"2021-12-01T22:04:17+00:00","dateModified":"2021-12-01T22:04:21+00:00","breadcrumb":{"@id":"https:\/\/petitekingdom.com\/wishlist\/#breadcrumb"},"inLanguage":"lv-LV","potentialAction":[{"@type":"ReadAction","target":["https:\/\/petitekingdom.com\/wishlist\/"]}]},{"@type":"BreadcrumbList","@id":"https:\/\/petitekingdom.com\/wishlist\/#breadcrumb","itemListElement":[{"@type":"ListItem","position":1,"name":"Home","item":"https:\/\/petitekingdom.com\/lv\/"},{"@type":"ListItem","position":2,"name":"V\u0113lmju saraksts"}]},{"@type":"WebSite","@id":"https:\/\/petitekingdom.com\/#website","url":"https:\/\/petitekingdom.com\/","name":"Petite Kingdom","description":"B\u0113rnu izt\u0113lei nav robe\u017eu","publisher":{"@id":"https:\/\/petitekingdom.com\/#organization"},"potentialAction":[{"@type":"SearchAction","target":{"@type":"EntryPoint","urlTemplate":"https:\/\/petitekingdom.com\/?s={search_term_string}"},"query-input":{"@type":"PropertyValueSpecification","valueRequired":true,"valueName":"search_term_string"}}],"inLanguage":"lv-LV"},{"@type":"Organization","@id":"https:\/\/petitekingdom.com\/#organization","name":"Petite Kingdom","url":"https:\/\/petitekingdom.com\/","logo":{"@type":"ImageObject","inLanguage":"lv-LV","@id":"https:\/\/petitekingdom.com\/#\/schema\/logo\/image\/","url":"https:\/\/petitekingdom.com\/wp-content\/uploads\/2021\/04\/PT_logo_blackPNG.png","contentUrl":"https:\/\/petitekingdom.com\/wp-content\/uploads\/2021\/04\/PT_logo_blackPNG.png","width":1158,"height":500,"caption":"Petite Kingdom"},"image":{"@id":"https:\/\/petitekingdom.com\/#\/schema\/logo\/image\/"},"sameAs":["https:\/\/www.facebook.com\/Petite-Kingdom-114272640862559","https:\/\/www.instagram.com\/petite_kingdom\/"]}]}},"_hostinger_reach_plugin_has_subscription_block":false,"_hostinger_reach_plugin_is_elementor":false,"_links":{"self":[{"href":"https:\/\/petitekingdom.com\/lv\/wp-json\/wp\/v2\/pages\/21545","targetHints":{"allow":["GET"]}}],"collection":[{"href":"https:\/\/petitekingdom.com\/lv\/wp-json\/wp\/v2\/pages"}],"about":[{"href":"https:\/\/petitekingdom.com\/lv\/wp-json\/wp\/v2\/types\/page"}],"author":[{"embeddable":true,"href":"https:\/\/petitekingdom.com\/lv\/wp-json\/wp\/v2\/users\/1"}],"replies":[{"embeddable":true,"href":"https:\/\/petitekingdom.com\/lv\/wp-json\/wp\/v2\/comments?post=21545"}],"version-history":[{"count":0,"href":"https:\/\/petitekingdom.com\/lv\/wp-json\/wp\/v2\/pages\/21545\/revisions"}],"wp:attachment":[{"href":"https:\/\/petitekingdom.com\/lv\/wp-json\/wp\/v2\/media?parent=21545"}],"curies":[{"name":"wp","href":"https:\/\/api.w.org\/{rel}","templated":true}]}}